{"id":175,"date":"2022-07-06T12:26:39","date_gmt":"2022-07-06T11:26:39","guid":{"rendered":"http:\/\/therodnikband.com\/bdsm-seznamka\/"},"modified":"2022-07-06T12:26:39","modified_gmt":"2022-07-06T11:26:39","slug":"bdsm-seznamka","status":"publish","type":"page","link":"http:\/\/therodnikband.com\/cs\/bdsm-seznamka\/","title":{"rendered":"BDSM Seznamka"},"content":{"rendered":"<p>BDSM je sexu\u00e1ln\u00ed praktika, kter\u00e1 zahrnuje otroctv\u00ed, dominanci, pod\u0159\u00edzenost, sadismus, masochismus a dal\u0161\u00ed souvisej\u00edc\u00ed aktivity. Zat\u00edmco mnoho lid\u00ed si mysl\u00ed, \u017ee BDSM je jen o bolesti, ve skute\u010dnosti jde nad r\u00e1mec toho, v\u010detn\u011b pot\u011b\u0161en\u00ed a z\u00e1bavy. Existuj\u00ed r\u016fzn\u00e9 typy kinkster\u016f a ka\u017ed\u00fd typ v\u00fdst\u0159edn\u00edho jedince bude preferovat ur\u010dit\u00e9 feti\u0161e. N\u011bkte\u0159\u00ed lid\u00e9 maj\u00ed r\u00e1di sv\u00e1zan\u00e9, zat\u00edmco jin\u00ed si u\u017e\u00edvaj\u00ed v\u00fdprask.<\/p>\n<p>Nap\u0159\u00edklad dominantn\u00ed submisivn\u00ed by mohl cht\u00edt sv\u00e1zat sv\u00e9ho partnera a pak ho napl\u00e1cat. Pokud m\u00e1 r\u00e1d, kdy\u017e ho n\u011bkdo ovl\u00e1d\u00e1, pak by ho mohlo bavit ji sv\u00e1zat a pak nechat n\u011bkoho jin\u00e9ho, aby ji ovl\u00e1dl.<\/p>\n<p>N\u011bkte\u0159\u00ed lid\u00e9 d\u00e1vaj\u00ed p\u0159ednost drsn\u00e9 h\u0159e, zat\u00edmco jin\u00ed cht\u011bj\u00ed b\u00fdt jemn\u00ed a romanti\u010dt\u00ed. Samoz\u0159ejm\u011b, pokud si nejste jisti, jak\u00fd je v\u00e1\u0161 konkr\u00e9tn\u00ed feti\u0161, m\u011bli byste se pod\u00edvat na <a href=\"http:\/\/therodnikband.com\/cs\/prejedte-prstem-po-seznamovacich-aplikacich\/\">BDSM komunity online<\/a>. Uvid\u00edte, \u017ee existuje mnoho r\u016fzn\u00fdch typ\u016f lid\u00ed a m\u016f\u017eete se p\u0159ipojit k jak\u00e9mukoli typu komunity, kter\u00e1 v\u00e1s zaj\u00edm\u00e1.<\/p>\n<p><img loading=\"lazy\" class=\"aligncenter size-full wp-image-47\" src=\"http:\/\/therodnikband.com\/wp-content\/uploads\/2022\/07\/kink-dating.jpg\" alt=\"\" width=\"300\" height=\"200\"><\/p>\n<h2>Pro\u010d zkusit Kink Dating?<\/h2>\n<p>Je d\u016fle\u017eit\u00e9 si uv\u011bdomit, \u017ee ka\u017ed\u00fd m\u00e1 jin\u00e9 preference, pokud jde o to, do jak\u00e9ho druhu roleplaye by se cht\u011bl zapojit.<\/p>\n<p>N\u011bkte\u0159\u00ed lid\u00e9 d\u00e1vaj\u00ed p\u0159ednost submisivn\u00edmu a jin\u00ed dominantn\u00ed. N\u011bkte\u0159\u00ed lid\u00e9 se r\u00e1di obl\u00e9kaj\u00ed, zat\u00edmco jin\u00ed d\u00e1vaj\u00ed p\u0159ednost tomu, aby byli sami sebou. Je d\u016fle\u017eit\u00e9 si uv\u011bdomit, \u017ee bez ohledu na to, jak\u00fd druh roleplay v\u00e1s zaj\u00edm\u00e1, bezpe\u010dnost by m\u011bla b\u00fdt v\u017edy na prvn\u00edm m\u00edst\u011b. Nikdy nev\u00edte, co m\u016f\u017ee d\u011blat n\u011bkdo jin\u00fd, dokud nebudete m\u00edt mo\u017enost ho poznat.<\/p>\n<p>Pokud se n\u011bco c\u00edt\u00ed nep\u0159\u00edjemn\u011b, nem\u011bli byste <a href=\"http:\/\/therodnikband.com\/cs\/ebony-seznamka\/\">se do toho tla\u010dit<\/a>. M\u00edsto toho po\u010dkejte, a\u017e se budete c\u00edtit dostate\u010dn\u011b pohodln\u011b, abyste to zkusili znovu.<\/p>\n<h2>Pro\u010d vyzkou\u0161et FetLife?<\/h2>\n<p>FetLife je nejv\u011bt\u0161\u00ed bezplatn\u00e1 online seznamka pro v\u00fdst\u0159edn\u00ed singles a swingers. Je to nejobl\u00edben\u011bj\u0161\u00ed m\u00edsto pro lidi, kte\u0159\u00ed se zaj\u00edmaj\u00ed o BDSM a dal\u0161\u00ed alternativn\u00ed sexu\u00e1ln\u00ed praktiky. FetLife se stal de facto standardem pro hled\u00e1n\u00ed m\u00edstn\u00edch hern\u00edch partner\u016f a akc\u00ed. Web umo\u017e\u0148uje u\u017eivatel\u016fm zve\u0159ej\u0148ovat obr\u00e1zky, videa a popisy sv\u00fdch feti\u0161\u016f, z\u00e1jm\u016f a aktivit.<\/p>\n<p>U\u017eivatel\u00e9 mohou tak\u00e9 vytv\u00e1\u0159et skupiny, p\u0159ipojovat se k ud\u00e1lostem a p\u0159ipojovat se prost\u0159ednictv\u00edm soukrom\u00fdch zpr\u00e1v. FetLife tak\u00e9 nab\u00edz\u00ed mobiln\u00ed aplikaci pro za\u0159\u00edzen\u00ed Android a iOS.<\/p>\n<h2>FetLife alternativa?<\/h2>\n<p>Whiplrl je v\u00fdst\u0159edn\u00ed seznamka, kter\u00e1 m\u00e1 velkou u\u017eivatelskou z\u00e1kladnu. Umo\u017e\u0148uje v\u00e1m proch\u00e1zet stovky r\u016fzn\u00fdch feti\u0161\u016f, od za\u010d\u00e1te\u010dn\u00edk\u016f a\u017e po odborn\u00edky. M\u016f\u017eete vyhled\u00e1vat podle m\u00edsta a naj\u00edt dal\u0161\u00ed z\u00e1jemce o va\u0161e z\u00e1jmy. Tam jsou tak\u00e9 m\u00edstn\u00ed akce po cel\u00e9 zemi. Pokud hled\u00e1te n\u011bco konkr\u00e9tn\u00edho, m\u016f\u017eete si dokonce vytvo\u0159it vlastn\u00ed ud\u00e1lost.<\/p>\n","protected":false},"excerpt":{"rendered":"<p>BDSM je sexu\u00e1ln\u00ed praktika, kter\u00e1 zahrnuje otroctv\u00ed, dominanci, pod\u0159\u00edzenost, sadismus, masochismus a dal\u0161\u00ed souvisej\u00edc\u00ed aktivity. Zat\u00edmco mnoho lid\u00ed si mysl\u00ed, \u017ee BDSM je jen o bolesti, ve skute\u010dnosti jde nad r\u00e1mec toho, v\u010detn\u011b pot\u011b\u0161en\u00ed a z\u00e1bavy. Existuj\u00ed r\u016fzn\u00e9 typy kinkster\u016f a ka\u017ed\u00fd typ v\u00fdst\u0159edn\u00edho jedince bude preferovat ur\u010dit\u00e9 feti\u0161e. N\u011bkte\u0159\u00ed lid\u00e9 maj\u00ed r\u00e1di sv\u00e1zan\u00e9, zat\u00edmco &#8230; <a title=\"BDSM Seznamka\" class=\"read-more\" href=\"http:\/\/therodnikband.com\/cs\/bdsm-seznamka\/\" aria-label=\"V\u00edce na BDSM Seznamka\">\u010c\u00edst d\u00e1l<\/a><\/p>\n","protected":false},"author":1,"featured_media":0,"parent":0,"menu_order":0,"comment_status":"closed","ping_status":"closed","template":"","meta":[],"yoast_head":"<!-- This site is optimized with the Yoast SEO plugin v17.7.1 - https:\/\/yoast.com\/wordpress\/plugins\/seo\/ -->\n<title>BDSM Seznamka - Vyhled\u00e1va\u010d Fling<\/title>\n<meta name=\"robots\" content=\"index, follow, max-snippet:-1, max-image-preview:large, max-video-preview:-1\" \/>\n<link rel=\"canonical\" href=\"http:\/\/therodnikband.com\/cs\/bdsm-seznamka\/\" \/>\n<meta property=\"og:locale\" content=\"cs_CZ\" \/>\n<meta property=\"og:type\" content=\"article\" \/>\n<meta property=\"og:title\" content=\"BDSM Seznamka - Vyhled\u00e1va\u010d Fling\" \/>\n<meta property=\"og:description\" content=\"BDSM je sexu\u00e1ln\u00ed praktika, kter\u00e1 zahrnuje otroctv\u00ed, dominanci, pod\u0159\u00edzenost, sadismus, masochismus a dal\u0161\u00ed souvisej\u00edc\u00ed aktivity. Zat\u00edmco mnoho lid\u00ed si mysl\u00ed, \u017ee BDSM je jen o bolesti, ve skute\u010dnosti jde nad r\u00e1mec toho, v\u010detn\u011b pot\u011b\u0161en\u00ed a z\u00e1bavy. Existuj\u00ed r\u016fzn\u00e9 typy kinkster\u016f a ka\u017ed\u00fd typ v\u00fdst\u0159edn\u00edho jedince bude preferovat ur\u010dit\u00e9 feti\u0161e. N\u011bkte\u0159\u00ed lid\u00e9 maj\u00ed r\u00e1di sv\u00e1zan\u00e9, zat\u00edmco ... \u010c\u00edst d\u00e1l\" \/>\n<meta property=\"og:url\" content=\"http:\/\/therodnikband.com\/cs\/bdsm-seznamka\/\" \/>\n<meta property=\"og:site_name\" content=\"Vyhled\u00e1va\u010d Fling\" \/>\n<meta property=\"og:image\" content=\"http:\/\/therodnikband.com\/wp-content\/uploads\/2022\/07\/kink-dating.jpg\" \/>\n<meta name=\"twitter:card\" content=\"summary_large_image\" \/>\n<meta name=\"twitter:label1\" content=\"Odhadovan\u00e1 doba \u010dten\u00ed\" \/>\n\t<meta name=\"twitter:data1\" content=\"3 minuty\" \/>\n<script type=\"application\/ld+json\" class=\"yoast-schema-graph\">{\"@context\":\"https:\/\/schema.org\",\"@graph\":[{\"@type\":\"WebSite\",\"@id\":\"https:\/\/therodnikband.com\/#website\",\"url\":\"https:\/\/therodnikband.com\/\",\"name\":\"Vyhled\\u00e1va\\u010d Fling\",\"description\":\"Flirtov\\u00e1n\\u00ed, rand\\u011bn\\u00ed a hookup!\",\"potentialAction\":[{\"@type\":\"SearchAction\",\"target\":{\"@type\":\"EntryPoint\",\"urlTemplate\":\"https:\/\/therodnikband.com\/?s={search_term_string}\"},\"query-input\":\"required name=search_term_string\"}],\"inLanguage\":\"cs\"},{\"@type\":\"ImageObject\",\"@id\":\"http:\/\/therodnikband.com\/cs\/bdsm-seznamka\/#primaryimage\",\"inLanguage\":\"cs\",\"url\":\"http:\/\/therodnikband.com\/wp-content\/uploads\/2022\/07\/kink-dating.jpg\",\"contentUrl\":\"http:\/\/therodnikband.com\/wp-content\/uploads\/2022\/07\/kink-dating.jpg\",\"width\":300,\"height\":200},{\"@type\":\"WebPage\",\"@id\":\"http:\/\/therodnikband.com\/cs\/bdsm-seznamka\/#webpage\",\"url\":\"http:\/\/therodnikband.com\/cs\/bdsm-seznamka\/\",\"name\":\"BDSM Seznamka - Vyhled\\u00e1va\\u010d Fling\",\"isPartOf\":{\"@id\":\"https:\/\/therodnikband.com\/#website\"},\"primaryImageOfPage\":{\"@id\":\"http:\/\/therodnikband.com\/cs\/bdsm-seznamka\/#primaryimage\"},\"datePublished\":\"2022-07-06T11:26:39+00:00\",\"dateModified\":\"2022-07-06T11:26:39+00:00\",\"breadcrumb\":{\"@id\":\"http:\/\/therodnikband.com\/cs\/bdsm-seznamka\/#breadcrumb\"},\"inLanguage\":\"cs\",\"potentialAction\":[{\"@type\":\"ReadAction\",\"target\":[\"http:\/\/therodnikband.com\/cs\/bdsm-seznamka\/\"]}]},{\"@type\":\"BreadcrumbList\",\"@id\":\"http:\/\/therodnikband.com\/cs\/bdsm-seznamka\/#breadcrumb\",\"itemListElement\":[{\"@type\":\"ListItem\",\"position\":1,\"name\":\"Domov\",\"item\":\"http:\/\/therodnikband.com\/cs\/\"},{\"@type\":\"ListItem\",\"position\":2,\"name\":\"BDSM Seznamka\"}]}]}<\/script>\n<!-- \/ Yoast SEO plugin. -->","yoast_head_json":{"title":"BDSM Seznamka - Vyhled\u00e1va\u010d Fling","robots":{"index":"index","follow":"follow","max-snippet":"max-snippet:-1","max-image-preview":"max-image-preview:large","max-video-preview":"max-video-preview:-1"},"canonical":"http:\/\/therodnikband.com\/cs\/bdsm-seznamka\/","og_locale":"cs_CZ","og_type":"article","og_title":"BDSM Seznamka - Vyhled\u00e1va\u010d Fling","og_description":"BDSM je sexu\u00e1ln\u00ed praktika, kter\u00e1 zahrnuje otroctv\u00ed, dominanci, pod\u0159\u00edzenost, sadismus, masochismus a dal\u0161\u00ed souvisej\u00edc\u00ed aktivity. Zat\u00edmco mnoho lid\u00ed si mysl\u00ed, \u017ee BDSM je jen o bolesti, ve skute\u010dnosti jde nad r\u00e1mec toho, v\u010detn\u011b pot\u011b\u0161en\u00ed a z\u00e1bavy. Existuj\u00ed r\u016fzn\u00e9 typy kinkster\u016f a ka\u017ed\u00fd typ v\u00fdst\u0159edn\u00edho jedince bude preferovat ur\u010dit\u00e9 feti\u0161e. N\u011bkte\u0159\u00ed lid\u00e9 maj\u00ed r\u00e1di sv\u00e1zan\u00e9, zat\u00edmco ... \u010c\u00edst d\u00e1l","og_url":"http:\/\/therodnikband.com\/cs\/bdsm-seznamka\/","og_site_name":"Vyhled\u00e1va\u010d Fling","og_image":[{"url":"http:\/\/therodnikband.com\/wp-content\/uploads\/2022\/07\/kink-dating.jpg"}],"twitter_card":"summary_large_image","twitter_misc":{"Odhadovan\u00e1 doba \u010dten\u00ed":"3 minuty"},"schema":{"@context":"https:\/\/schema.org","@graph":[{"@type":"WebSite","@id":"https:\/\/therodnikband.com\/#website","url":"https:\/\/therodnikband.com\/","name":"Vyhled\u00e1va\u010d Fling","description":"Flirtov\u00e1n\u00ed, rand\u011bn\u00ed a hookup!","potentialAction":[{"@type":"SearchAction","target":{"@type":"EntryPoint","urlTemplate":"https:\/\/therodnikband.com\/?s={search_term_string}"},"query-input":"required name=search_term_string"}],"inLanguage":"cs"},{"@type":"ImageObject","@id":"http:\/\/therodnikband.com\/cs\/bdsm-seznamka\/#primaryimage","inLanguage":"cs","url":"http:\/\/therodnikband.com\/wp-content\/uploads\/2022\/07\/kink-dating.jpg","contentUrl":"http:\/\/therodnikband.com\/wp-content\/uploads\/2022\/07\/kink-dating.jpg","width":300,"height":200},{"@type":"WebPage","@id":"http:\/\/therodnikband.com\/cs\/bdsm-seznamka\/#webpage","url":"http:\/\/therodnikband.com\/cs\/bdsm-seznamka\/","name":"BDSM Seznamka - Vyhled\u00e1va\u010d Fling","isPartOf":{"@id":"https:\/\/therodnikband.com\/#website"},"primaryImageOfPage":{"@id":"http:\/\/therodnikband.com\/cs\/bdsm-seznamka\/#primaryimage"},"datePublished":"2022-07-06T11:26:39+00:00","dateModified":"2022-07-06T11:26:39+00:00","breadcrumb":{"@id":"http:\/\/therodnikband.com\/cs\/bdsm-seznamka\/#breadcrumb"},"inLanguage":"cs","potentialAction":[{"@type":"ReadAction","target":["http:\/\/therodnikband.com\/cs\/bdsm-seznamka\/"]}]},{"@type":"BreadcrumbList","@id":"http:\/\/therodnikband.com\/cs\/bdsm-seznamka\/#breadcrumb","itemListElement":[{"@type":"ListItem","position":1,"name":"Domov","item":"http:\/\/therodnikband.com\/cs\/"},{"@type":"ListItem","position":2,"name":"BDSM Seznamka"}]}]}},"_links":{"self":[{"href":"http:\/\/therodnikband.com\/cs\/wp-json\/wp\/v2\/pages\/175"}],"collection":[{"href":"http:\/\/therodnikband.com\/cs\/wp-json\/wp\/v2\/pages"}],"about":[{"href":"http:\/\/therodnikband.com\/cs\/wp-json\/wp\/v2\/types\/page"}],"author":[{"embeddable":true,"href":"http:\/\/therodnikband.com\/cs\/wp-json\/wp\/v2\/users\/1"}],"replies":[{"embeddable":true,"href":"http:\/\/therodnikband.com\/cs\/wp-json\/wp\/v2\/comments?post=175"}],"version-history":[{"count":0,"href":"http:\/\/therodnikband.com\/cs\/wp-json\/wp\/v2\/pages\/175\/revisions"}],"wp:attachment":[{"href":"http:\/\/therodnikband.com\/cs\/wp-json\/wp\/v2\/media?parent=175"}],"curies":[{"name":"wp","href":"https:\/\/api.w.org\/{rel}","templated":true}]}}