{"id":189,"date":"2022-07-06T12:22:01","date_gmt":"2022-07-06T11:22:01","guid":{"rendered":"http:\/\/therodnikband.com\/ebony-seznamka\/"},"modified":"2022-07-06T12:22:01","modified_gmt":"2022-07-06T11:22:01","slug":"ebony-seznamka","status":"publish","type":"page","link":"http:\/\/therodnikband.com\/cs\/ebony-seznamka\/","title":{"rendered":"Ebony Seznamka"},"content":{"rendered":"<p>Nejlep\u0161\u00ed seznamka pro nalezen\u00ed sv\u00e9 sp\u0159\u00edzn\u011bn\u00e9 du\u0161e. Seznamovac\u00ed str\u00e1nky jsou obvykle pln\u00e9 fale\u0161n\u00fdch profil\u016f a podvodn\u00edk\u016f. Tvrd\u011b jsme pracovali na vytvo\u0159en\u00ed up\u0159\u00edmn\u00e9 seznamovac\u00ed webov\u00e9 str\u00e1nky. Na\u0161\u00edm c\u00edlem je pomoci v\u00e1m naj\u00edt ten spr\u00e1vn\u00fd prot\u011bj\u0161ek. Najdete tis\u00edce aktivn\u00edch \u010dlen\u016f, kte\u0159\u00ed hledaj\u00ed l\u00e1sku.<\/p>\n<p>Mu\u017ei v\u0161ech etnik miluj\u00ed \u010derno\u0161sk\u00e9 <a href=\"http:\/\/therodnikband.com\/cs\/prejedte-prstem-po-seznamovacich-aplikacich\/\">seznamov\u00e1n\u00ed<\/a>. Nen\u00ed to \u017e\u00e1dn\u00e9 p\u0159ekvapen\u00ed, opravdu: \u010dern\u00e9 \u017eeny jsou kr\u00e1sn\u00e9, zak\u0159iven\u00e9 a maj\u00ed dokonal\u00fd postoj! Pokud jste unaveni ze stejn\u00fdch star\u00fdch sexu\u00e1ln\u00edch spojen\u00ed, budete se cht\u00edt spojit se sexy \u010dernou d\u00edvkou, ale naj\u00edt tyto partnery d\u016fsledn\u011b m\u016f\u017ee b\u00fdt t\u011b\u017ek\u00e9.<\/p>\n<h2>BlackSingles<\/h2>\n<p>BlackSingles.com je bezplatn\u00e1 online seznamovac\u00ed slu\u017eba ur\u010den\u00e1 speci\u00e1ln\u011b pro svobodn\u00e9 Afroameri\u010dany, kte\u0159\u00ed hledaj\u00ed l\u00e1sku. Black Singles je odhodl\u00e1na pom\u00e1hat na\u0161im \u010dlen\u016fm naj\u00edt pravou l\u00e1sku prost\u0159ednictv\u00edm na\u0161eho jedine\u010dn\u00e9ho syst\u00e9mu p\u00e1rov\u00e1n\u00ed. A\u0165 u\u017e hled\u00e1te p\u0159\u00e1telstv\u00ed, romantiku nebo man\u017eelstv\u00ed, pom\u016f\u017eeme v\u00e1m spojit se s kompatibiln\u00edmi z\u00e1pasy. Poskytujeme tak\u00e9 z\u00e1bavn\u00e9 soci\u00e1ln\u00ed prost\u0159ed\u00ed, kde m\u016f\u017eete sd\u00edlet fotografie, diskutovat o t\u00e9matech a sp\u0159\u00e1telit se s ostatn\u00edmi ve va\u0161em okol\u00ed. P\u0159idejte se k n\u00e1m je\u0161t\u011b dnes!<\/p>\n<h2>XXXBlackbook<\/h2>\n<p>XXXBlackbook je bezplatn\u00e1 seznamka, kter\u00e1 v\u00e1m umo\u017en\u00ed spojit se s dal\u0161\u00edmi <a href=\"http:\/\/therodnikband.com\/cs\/bdsm-seznamka\/\">m\u00edstn\u00edmi nezadan\u00fdmi<\/a> , kte\u0159\u00ed hledaj\u00ed diskr\u00e9tn\u00ed setk\u00e1n\u00ed. Str\u00e1nka nab\u00edz\u00ed jednoduch\u00fd u\u017eivatelsk\u00fd z\u00e1\u017eitek a rychl\u00fd proces registrace. U\u017eivatel\u00e9 mohou proch\u00e1zet profily \u010dlen\u016f a pos\u00edlat koketn\u00ed zpr\u00e1vy zdarma. \u010clenov\u00e9 mohou tak\u00e9 sledovat \u017eiv\u00e9 p\u0159enosy a \u00fa\u010dastnit se soukrom\u00fdch chatovac\u00edch m\u00edstnost\u00ed. Chcete-li naj\u00edt \u010dleny ve sv\u00e9 oblasti, zadejte svou polohu a vyberte typ vztahu, kter\u00fd v\u00e1s zaj\u00edm\u00e1. Pokud se chcete dnes ve\u010der polo\u017eit, XXXblackbook je skv\u011bl\u00fdm m\u00edstem pro za\u010d\u00e1tek!<\/p>\n<h2>\u010cern\u00ed lid\u00e9 se setk\u00e1vaj\u00ed<\/h2>\n<p>Black People Meet je bezplatn\u00e1 online soci\u00e1ln\u00ed s\u00ed\u0165 zam\u011b\u0159en\u00e1 na propojen\u00ed \u010dern\u00fdch singl\u016f. Byla spu\u0161t\u011bna v roce 2013 a od t\u00e9 doby p\u0159il\u00e1kala v\u00edce ne\u017e 1 milion \u010dlen\u016f. Tis\u00edce u\u017eivatel\u016f nav\u0161t\u011bvuj\u00ed web ka\u017ed\u00fd den, aby se setkali s nov\u00fdmi lidmi. M\u00e1 mnoho funkc\u00ed, kter\u00e9 v\u00e1m pomohou naj\u00edt l\u00e1sku. M\u016f\u017eete si vytvo\u0159it vlastn\u00ed profil, nahr\u00e1vat fotky, pos\u00edlat zpr\u00e1vy, zobrazovat dal\u0161\u00ed profily a p\u0159ipojovat se ke skupin\u00e1m. Pokud hled\u00e1te rande, m\u016f\u017eete tak\u00e9 proch\u00e1zet profily ostatn\u00edch. Registrace je zcela zdarma. Pokud v\u0161ak chcete s n\u011bk\u00fdm chatovat, budete muset zaplatit 5 dolar\u016f za m\u011bs\u00edc. Existuje spousta zp\u016fsob\u016f, jak komunikovat s ostatn\u00edmi \u010dleny. M\u016f\u017eete jim poslat textovou zpr\u00e1vu, zavolat jim nebo dokonce videochat. Aplikace je k dispozici pro za\u0159\u00edzen\u00ed iOS a Android.<\/p>\n","protected":false},"excerpt":{"rendered":"<p>Nejlep\u0161\u00ed seznamka pro nalezen\u00ed sv\u00e9 sp\u0159\u00edzn\u011bn\u00e9 du\u0161e. Seznamovac\u00ed str\u00e1nky jsou obvykle pln\u00e9 fale\u0161n\u00fdch profil\u016f a podvodn\u00edk\u016f. Tvrd\u011b jsme pracovali na vytvo\u0159en\u00ed up\u0159\u00edmn\u00e9 seznamovac\u00ed webov\u00e9 str\u00e1nky. Na\u0161\u00edm c\u00edlem je pomoci v\u00e1m naj\u00edt ten spr\u00e1vn\u00fd prot\u011bj\u0161ek. Najdete tis\u00edce aktivn\u00edch \u010dlen\u016f, kte\u0159\u00ed hledaj\u00ed l\u00e1sku. Mu\u017ei v\u0161ech etnik miluj\u00ed \u010derno\u0161sk\u00e9 seznamov\u00e1n\u00ed. Nen\u00ed to \u017e\u00e1dn\u00e9 p\u0159ekvapen\u00ed, opravdu: \u010dern\u00e9 \u017eeny jsou &#8230; <a title=\"Ebony Seznamka\" class=\"read-more\" href=\"http:\/\/therodnikband.com\/cs\/ebony-seznamka\/\" aria-label=\"V\u00edce na Ebony Seznamka\">\u010c\u00edst d\u00e1l<\/a><\/p>\n","protected":false},"author":1,"featured_media":0,"parent":0,"menu_order":0,"comment_status":"closed","ping_status":"closed","template":"","meta":[],"yoast_head":"<!-- This site is optimized with the Yoast SEO plugin v17.7.1 - https:\/\/yoast.com\/wordpress\/plugins\/seo\/ -->\n<title>Ebony Seznamka - Vyhled\u00e1va\u010d Fling<\/title>\n<meta name=\"robots\" content=\"index, follow, max-snippet:-1, max-image-preview:large, max-video-preview:-1\" \/>\n<link rel=\"canonical\" href=\"http:\/\/therodnikband.com\/cs\/ebony-seznamka\/\" \/>\n<meta property=\"og:locale\" content=\"cs_CZ\" \/>\n<meta property=\"og:type\" content=\"article\" \/>\n<meta property=\"og:title\" content=\"Ebony Seznamka - Vyhled\u00e1va\u010d Fling\" \/>\n<meta property=\"og:description\" content=\"Nejlep\u0161\u00ed seznamka pro nalezen\u00ed sv\u00e9 sp\u0159\u00edzn\u011bn\u00e9 du\u0161e. Seznamovac\u00ed str\u00e1nky jsou obvykle pln\u00e9 fale\u0161n\u00fdch profil\u016f a podvodn\u00edk\u016f. Tvrd\u011b jsme pracovali na vytvo\u0159en\u00ed up\u0159\u00edmn\u00e9 seznamovac\u00ed webov\u00e9 str\u00e1nky. Na\u0161\u00edm c\u00edlem je pomoci v\u00e1m naj\u00edt ten spr\u00e1vn\u00fd prot\u011bj\u0161ek. Najdete tis\u00edce aktivn\u00edch \u010dlen\u016f, kte\u0159\u00ed hledaj\u00ed l\u00e1sku. Mu\u017ei v\u0161ech etnik miluj\u00ed \u010derno\u0161sk\u00e9 seznamov\u00e1n\u00ed. Nen\u00ed to \u017e\u00e1dn\u00e9 p\u0159ekvapen\u00ed, opravdu: \u010dern\u00e9 \u017eeny jsou ... \u010c\u00edst d\u00e1l\" \/>\n<meta property=\"og:url\" content=\"http:\/\/therodnikband.com\/cs\/ebony-seznamka\/\" \/>\n<meta property=\"og:site_name\" content=\"Vyhled\u00e1va\u010d Fling\" \/>\n<meta name=\"twitter:card\" content=\"summary_large_image\" \/>\n<meta name=\"twitter:label1\" content=\"Odhadovan\u00e1 doba \u010dten\u00ed\" \/>\n\t<meta name=\"twitter:data1\" content=\"2 minuty\" \/>\n<script type=\"application\/ld+json\" class=\"yoast-schema-graph\">{\"@context\":\"https:\/\/schema.org\",\"@graph\":[{\"@type\":\"WebSite\",\"@id\":\"https:\/\/therodnikband.com\/#website\",\"url\":\"https:\/\/therodnikband.com\/\",\"name\":\"Vyhled\\u00e1va\\u010d Fling\",\"description\":\"Flirtov\\u00e1n\\u00ed, rand\\u011bn\\u00ed a hookup!\",\"potentialAction\":[{\"@type\":\"SearchAction\",\"target\":{\"@type\":\"EntryPoint\",\"urlTemplate\":\"https:\/\/therodnikband.com\/?s={search_term_string}\"},\"query-input\":\"required name=search_term_string\"}],\"inLanguage\":\"cs\"},{\"@type\":\"WebPage\",\"@id\":\"http:\/\/therodnikband.com\/cs\/ebony-seznamka\/#webpage\",\"url\":\"http:\/\/therodnikband.com\/cs\/ebony-seznamka\/\",\"name\":\"Ebony Seznamka - Vyhled\\u00e1va\\u010d Fling\",\"isPartOf\":{\"@id\":\"https:\/\/therodnikband.com\/#website\"},\"datePublished\":\"2022-07-06T11:22:01+00:00\",\"dateModified\":\"2022-07-06T11:22:01+00:00\",\"breadcrumb\":{\"@id\":\"http:\/\/therodnikband.com\/cs\/ebony-seznamka\/#breadcrumb\"},\"inLanguage\":\"cs\",\"potentialAction\":[{\"@type\":\"ReadAction\",\"target\":[\"http:\/\/therodnikband.com\/cs\/ebony-seznamka\/\"]}]},{\"@type\":\"BreadcrumbList\",\"@id\":\"http:\/\/therodnikband.com\/cs\/ebony-seznamka\/#breadcrumb\",\"itemListElement\":[{\"@type\":\"ListItem\",\"position\":1,\"name\":\"Domov\",\"item\":\"http:\/\/therodnikband.com\/cs\/\"},{\"@type\":\"ListItem\",\"position\":2,\"name\":\"Ebony Seznamka\"}]}]}<\/script>\n<!-- \/ Yoast SEO plugin. -->","yoast_head_json":{"title":"Ebony Seznamka - Vyhled\u00e1va\u010d Fling","robots":{"index":"index","follow":"follow","max-snippet":"max-snippet:-1","max-image-preview":"max-image-preview:large","max-video-preview":"max-video-preview:-1"},"canonical":"http:\/\/therodnikband.com\/cs\/ebony-seznamka\/","og_locale":"cs_CZ","og_type":"article","og_title":"Ebony Seznamka - Vyhled\u00e1va\u010d Fling","og_description":"Nejlep\u0161\u00ed seznamka pro nalezen\u00ed sv\u00e9 sp\u0159\u00edzn\u011bn\u00e9 du\u0161e. Seznamovac\u00ed str\u00e1nky jsou obvykle pln\u00e9 fale\u0161n\u00fdch profil\u016f a podvodn\u00edk\u016f. Tvrd\u011b jsme pracovali na vytvo\u0159en\u00ed up\u0159\u00edmn\u00e9 seznamovac\u00ed webov\u00e9 str\u00e1nky. Na\u0161\u00edm c\u00edlem je pomoci v\u00e1m naj\u00edt ten spr\u00e1vn\u00fd prot\u011bj\u0161ek. Najdete tis\u00edce aktivn\u00edch \u010dlen\u016f, kte\u0159\u00ed hledaj\u00ed l\u00e1sku. Mu\u017ei v\u0161ech etnik miluj\u00ed \u010derno\u0161sk\u00e9 seznamov\u00e1n\u00ed. Nen\u00ed to \u017e\u00e1dn\u00e9 p\u0159ekvapen\u00ed, opravdu: \u010dern\u00e9 \u017eeny jsou ... \u010c\u00edst d\u00e1l","og_url":"http:\/\/therodnikband.com\/cs\/ebony-seznamka\/","og_site_name":"Vyhled\u00e1va\u010d Fling","twitter_card":"summary_large_image","twitter_misc":{"Odhadovan\u00e1 doba \u010dten\u00ed":"2 minuty"},"schema":{"@context":"https:\/\/schema.org","@graph":[{"@type":"WebSite","@id":"https:\/\/therodnikband.com\/#website","url":"https:\/\/therodnikband.com\/","name":"Vyhled\u00e1va\u010d Fling","description":"Flirtov\u00e1n\u00ed, rand\u011bn\u00ed a hookup!","potentialAction":[{"@type":"SearchAction","target":{"@type":"EntryPoint","urlTemplate":"https:\/\/therodnikband.com\/?s={search_term_string}"},"query-input":"required name=search_term_string"}],"inLanguage":"cs"},{"@type":"WebPage","@id":"http:\/\/therodnikband.com\/cs\/ebony-seznamka\/#webpage","url":"http:\/\/therodnikband.com\/cs\/ebony-seznamka\/","name":"Ebony Seznamka - Vyhled\u00e1va\u010d Fling","isPartOf":{"@id":"https:\/\/therodnikband.com\/#website"},"datePublished":"2022-07-06T11:22:01+00:00","dateModified":"2022-07-06T11:22:01+00:00","breadcrumb":{"@id":"http:\/\/therodnikband.com\/cs\/ebony-seznamka\/#breadcrumb"},"inLanguage":"cs","potentialAction":[{"@type":"ReadAction","target":["http:\/\/therodnikband.com\/cs\/ebony-seznamka\/"]}]},{"@type":"BreadcrumbList","@id":"http:\/\/therodnikband.com\/cs\/ebony-seznamka\/#breadcrumb","itemListElement":[{"@type":"ListItem","position":1,"name":"Domov","item":"http:\/\/therodnikband.com\/cs\/"},{"@type":"ListItem","position":2,"name":"Ebony Seznamka"}]}]}},"_links":{"self":[{"href":"http:\/\/therodnikband.com\/cs\/wp-json\/wp\/v2\/pages\/189"}],"collection":[{"href":"http:\/\/therodnikband.com\/cs\/wp-json\/wp\/v2\/pages"}],"about":[{"href":"http:\/\/therodnikband.com\/cs\/wp-json\/wp\/v2\/types\/page"}],"author":[{"embeddable":true,"href":"http:\/\/therodnikband.com\/cs\/wp-json\/wp\/v2\/users\/1"}],"replies":[{"embeddable":true,"href":"http:\/\/therodnikband.com\/cs\/wp-json\/wp\/v2\/comments?post=189"}],"version-history":[{"count":0,"href":"http:\/\/therodnikband.com\/cs\/wp-json\/wp\/v2\/pages\/189\/revisions"}],"wp:attachment":[{"href":"http:\/\/therodnikband.com\/cs\/wp-json\/wp\/v2\/media?parent=189"}],"curies":[{"name":"wp","href":"https:\/\/api.w.org\/{rel}","templated":true}]}}