{"id":202,"date":"2022-07-06T12:11:34","date_gmt":"2022-07-06T11:11:34","guid":{"rendered":"http:\/\/therodnikband.com\/proc-pouzivat-aplikace-pro-pripojeni\/"},"modified":"2022-07-06T12:11:34","modified_gmt":"2022-07-06T11:11:34","slug":"proc-pouzivat-aplikace-pro-pripojeni","status":"publish","type":"page","link":"http:\/\/therodnikband.com\/cs\/proc-pouzivat-aplikace-pro-pripojeni\/","title":{"rendered":"Pro\u010d pou\u017e\u00edvat aplikace Pro p\u0159ipojen\u00ed?"},"content":{"rendered":"<p>P\u0159ipojovac\u00ed weby jsou webov\u00e9 str\u00e1nky, kde se \u010dlenov\u00e9 mohou setkat s ostatn\u00edmi, kte\u0159\u00ed sd\u00edlej\u00ed podobn\u00e9 z\u00e1jmy. Obvykle se mohou p\u0159ipojit zdarma a v\u011bt\u0161ina z nich nab\u00edz\u00ed n\u011bjakou formu placen\u00e9ho \u010dlenstv\u00ed.<\/p>\n<p><img loading=\"lazy\" class=\"aligncenter wp-image-40\" src=\"http:\/\/therodnikband.com\/wp-content\/uploads\/2022\/07\/sex-chat-websites-1024x681.jpeg\" alt=\"\" width=\"737\" height=\"490\" srcset=\"http:\/\/therodnikband.com\/wp-content\/uploads\/2022\/07\/sex-chat-websites-1024x681.jpeg 1024w, http:\/\/therodnikband.com\/wp-content\/uploads\/2022\/07\/sex-chat-websites-300x200.jpeg 300w, http:\/\/therodnikband.com\/wp-content\/uploads\/2022\/07\/sex-chat-websites-768x511.jpeg 768w, http:\/\/therodnikband.com\/wp-content\/uploads\/2022\/07\/sex-chat-websites-1536x1022.jpeg 1536w, http:\/\/therodnikband.com\/wp-content\/uploads\/2022\/07\/sex-chat-websites-2048x1363.jpeg 2048w\" sizes=\"(max-width: 737px) 100vw, 737px\" \/><\/p>\n<p>To je d\u016fvod, pro\u010d je d\u016fle\u017eit\u00e9 pochopit, co d\u011bl\u00e1 <a href=\"http:\/\/therodnikband.com\/cs\/jak-vybrat-spravnou-aplikaci-pro-pripojeni\/\">web u\u017eite\u010dn\u00fdm<\/a>. Zde jsou t\u0159i v\u011bci, kter\u00e9 je t\u0159eba vz\u00edt v \u00favahu p\u0159i hodnocen\u00ed webu p\u0159ipojen\u00ed:<\/p>\n<ul>\n<li>Cena: Je to zdarma nebo to stoj\u00ed pen\u00edze? Bezplatn\u00e9 str\u00e1nky pro p\u0159ipojen\u00ed jsou obvykle provozov\u00e1ny jednou osobou nebo malou skupinou lid\u00ed. Tyto str\u00e1nky maj\u00ed tendenci b\u00fdt velmi z\u00e1kladn\u00ed a nab\u00edzej\u00ed malou hodnotu. Placen\u00e9 str\u00e1nky s p\u0159ipojen\u00edm jsou v\u0161ak obvykle provozov\u00e1ny velk\u00fdmi spole\u010dnostmi, kter\u00e9 investovaly miliony dolar\u016f do reklamy a technologi\u00ed<\/li>\n<li>Nab\u00edzeno: Jak\u00e9 funkce web nab\u00edz\u00ed? Zahrnuje zas\u00edl\u00e1n\u00ed zpr\u00e1v, videochat nebo \u017eiv\u00e9 vys\u00edl\u00e1n\u00ed? Pot\u0159ebujete si vytvo\u0159it \u00fa\u010det nebo m\u016f\u017eete pou\u017e\u00edt sv\u00e9 p\u0159ihla\u0161ovac\u00ed \u00fadaje k Facebooku? Existuj\u00ed n\u011bjak\u00e9 zvl\u00e1\u0161tn\u00ed po\u017eadavky, jako jsou v\u011bkov\u00e1 omezen\u00ed?<\/li>\n<li>U\u017eivatelsk\u00e1 zku\u0161enost: Jak snadn\u00e9 je navigace na webu? M\u016f\u017eete snadno vyhled\u00e1vat \u010dleny na z\u00e1klad\u011b um\u00edst\u011bn\u00ed, pohlav\u00ed, etnick\u00e9ho p\u016fvodu nebo sexu\u00e1ln\u00ed orientace? M\u016f\u017eete proch\u00e1zet profily rychle a efektivn\u011b?<\/li>\n<\/ul>\n<h2>Na\u0161e tipy<\/h2>\n<p>Osobn\u00ed \u00fadaje jsou nejobl\u00edben\u011bj\u0161\u00edm typem <a href=\"http:\/\/therodnikband.com\/cs\/seznamovaci-aplikace-pro-dospele\/\">webu pro p\u0159ipojen\u00ed<\/a>. Lid\u00e9 je pou\u017e\u00edvaj\u00ed k nalezen\u00ed dat, p\u0159\u00e1tel a partner\u016f pro <a href=\"http:\/\/therodnikband.com\/cs\/je-bdsm-pro-vas\/\">p\u0159\u00edle\u017eitostn\u00fd sex<\/a>. Seznamovac\u00ed str\u00e1nky pro dosp\u011bl\u00e9 jsou podobn\u00e9 osobn\u00edm, s v\u00fdjimkou toho, \u017ee se staraj\u00ed konkr\u00e9tn\u011b o dosp\u011bl\u00e9, kte\u0159\u00ed hledaj\u00ed sex. Str\u00e1nky soci\u00e1ln\u00edch s\u00edt\u00ed se pou\u017e\u00edvaj\u00ed ke spojen\u00ed s lidmi, kter\u00e9 ji\u017e zn\u00e1te, a\u0165 u\u017e jsou to rodinn\u00ed p\u0159\u00edslu\u0161n\u00edci, p\u0159\u00e1tel\u00e9, spolupracovn\u00edci nebo spolu\u017e\u00e1ci. Online seznamovac\u00ed str\u00e1nky umo\u017e\u0148uj\u00ed u\u017eivatel\u016fm vyhled\u00e1vat potenci\u00e1ln\u00ed romantick\u00e9 partnery na z\u00e1klad\u011b konkr\u00e9tn\u00edch krit\u00e9ri\u00ed, jako je v\u011bk, um\u00edst\u011bn\u00ed, z\u00e1jmy atd.<\/p>\n<p>Ka\u017ed\u00fd typ m\u00edsta p\u0159ipojen\u00ed m\u00e1 sv\u00e9 vlastn\u00ed v\u00fdhody a nev\u00fdhody. Osobn\u00ed \u00fadaje jsou skv\u011bl\u00e9, proto\u017ee jsou zdarma, ale maj\u00ed tendenci b\u00fdt pln\u00e9 podvodn\u00edk\u016f a fale\u0161n\u00fdch profil\u016f. Seznamovac\u00ed str\u00e1nky pro dosp\u011bl\u00e9 jsou v\u00fdhodn\u00e9, proto\u017ee jsou diskr\u00e9tn\u00ed, ale \u010dasto p\u0159itahuj\u00ed creepy a dravce. Str\u00e1nky soci\u00e1ln\u00edch s\u00edt\u00ed jsou u\u017eite\u010dn\u00e9, proto\u017ee se snadno pou\u017e\u00edvaj\u00ed, ale postr\u00e1daj\u00ed mo\u017enosti ochrany osobn\u00edch \u00fadaj\u016f. Online seznamovac\u00ed str\u00e1nky jsou efektivn\u00ed, proto\u017ee nab\u00edzej\u00ed spoustu mo\u017enost\u00ed ochrany osobn\u00edch \u00fadaj\u016f, ale jsou drah\u00e9 a nemus\u00ed fungovat dob\u0159e pro ka\u017ed\u00e9ho.<\/p>\n","protected":false},"excerpt":{"rendered":"<p>P\u0159ipojovac\u00ed weby jsou webov\u00e9 str\u00e1nky, kde se \u010dlenov\u00e9 mohou setkat s ostatn\u00edmi, kte\u0159\u00ed sd\u00edlej\u00ed podobn\u00e9 z\u00e1jmy. Obvykle se mohou p\u0159ipojit zdarma a v\u011bt\u0161ina z nich nab\u00edz\u00ed n\u011bjakou formu placen\u00e9ho \u010dlenstv\u00ed. To je d\u016fvod, pro\u010d je d\u016fle\u017eit\u00e9 pochopit, co d\u011bl\u00e1 web u\u017eite\u010dn\u00fdm. Zde jsou t\u0159i v\u011bci, kter\u00e9 je t\u0159eba vz\u00edt v \u00favahu p\u0159i hodnocen\u00ed webu p\u0159ipojen\u00ed: &#8230; <a title=\"Pro\u010d pou\u017e\u00edvat aplikace Pro p\u0159ipojen\u00ed?\" class=\"read-more\" href=\"http:\/\/therodnikband.com\/cs\/proc-pouzivat-aplikace-pro-pripojeni\/\" aria-label=\"V\u00edce na Pro\u010d pou\u017e\u00edvat aplikace Pro p\u0159ipojen\u00ed?\">\u010c\u00edst d\u00e1l<\/a><\/p>\n","protected":false},"author":1,"featured_media":0,"parent":0,"menu_order":0,"comment_status":"closed","ping_status":"closed","template":"","meta":[],"yoast_head":"<!-- This site is optimized with the Yoast SEO plugin v17.7.1 - https:\/\/yoast.com\/wordpress\/plugins\/seo\/ -->\n<title>Pro\u010d pou\u017e\u00edvat aplikace Pro p\u0159ipojen\u00ed? - Vyhled\u00e1va\u010d Fling<\/title>\n<meta name=\"robots\" content=\"index, follow, max-snippet:-1, max-image-preview:large, max-video-preview:-1\" \/>\n<link rel=\"canonical\" href=\"http:\/\/therodnikband.com\/cs\/proc-pouzivat-aplikace-pro-pripojeni\/\" \/>\n<meta property=\"og:locale\" content=\"cs_CZ\" \/>\n<meta property=\"og:type\" content=\"article\" \/>\n<meta property=\"og:title\" content=\"Pro\u010d pou\u017e\u00edvat aplikace Pro p\u0159ipojen\u00ed? - Vyhled\u00e1va\u010d Fling\" \/>\n<meta property=\"og:description\" content=\"P\u0159ipojovac\u00ed weby jsou webov\u00e9 str\u00e1nky, kde se \u010dlenov\u00e9 mohou setkat s ostatn\u00edmi, kte\u0159\u00ed sd\u00edlej\u00ed podobn\u00e9 z\u00e1jmy. Obvykle se mohou p\u0159ipojit zdarma a v\u011bt\u0161ina z nich nab\u00edz\u00ed n\u011bjakou formu placen\u00e9ho \u010dlenstv\u00ed. To je d\u016fvod, pro\u010d je d\u016fle\u017eit\u00e9 pochopit, co d\u011bl\u00e1 web u\u017eite\u010dn\u00fdm. Zde jsou t\u0159i v\u011bci, kter\u00e9 je t\u0159eba vz\u00edt v \u00favahu p\u0159i hodnocen\u00ed webu p\u0159ipojen\u00ed: ... \u010c\u00edst d\u00e1l\" \/>\n<meta property=\"og:url\" content=\"http:\/\/therodnikband.com\/cs\/proc-pouzivat-aplikace-pro-pripojeni\/\" \/>\n<meta property=\"og:site_name\" content=\"Vyhled\u00e1va\u010d Fling\" \/>\n<meta property=\"og:image\" content=\"http:\/\/therodnikband.com\/wp-content\/uploads\/2022\/07\/sex-chat-websites-1024x681.jpeg\" \/>\n<meta name=\"twitter:card\" content=\"summary_large_image\" \/>\n<meta name=\"twitter:label1\" content=\"Odhadovan\u00e1 doba \u010dten\u00ed\" \/>\n\t<meta name=\"twitter:data1\" content=\"2 minuty\" \/>\n<script type=\"application\/ld+json\" class=\"yoast-schema-graph\">{\"@context\":\"https:\/\/schema.org\",\"@graph\":[{\"@type\":\"WebSite\",\"@id\":\"https:\/\/therodnikband.com\/#website\",\"url\":\"https:\/\/therodnikband.com\/\",\"name\":\"Vyhled\\u00e1va\\u010d Fling\",\"description\":\"Flirtov\\u00e1n\\u00ed, rand\\u011bn\\u00ed a hookup!\",\"potentialAction\":[{\"@type\":\"SearchAction\",\"target\":{\"@type\":\"EntryPoint\",\"urlTemplate\":\"https:\/\/therodnikband.com\/?s={search_term_string}\"},\"query-input\":\"required name=search_term_string\"}],\"inLanguage\":\"cs\"},{\"@type\":\"ImageObject\",\"@id\":\"http:\/\/therodnikband.com\/cs\/proc-pouzivat-aplikace-pro-pripojeni\/#primaryimage\",\"inLanguage\":\"cs\",\"url\":\"http:\/\/therodnikband.com\/wp-content\/uploads\/2022\/07\/sex-chat-websites.jpeg\",\"contentUrl\":\"http:\/\/therodnikband.com\/wp-content\/uploads\/2022\/07\/sex-chat-websites.jpeg\",\"width\":2254,\"height\":1500},{\"@type\":\"WebPage\",\"@id\":\"http:\/\/therodnikband.com\/cs\/proc-pouzivat-aplikace-pro-pripojeni\/#webpage\",\"url\":\"http:\/\/therodnikband.com\/cs\/proc-pouzivat-aplikace-pro-pripojeni\/\",\"name\":\"Pro\\u010d pou\\u017e\\u00edvat aplikace Pro p\\u0159ipojen\\u00ed? - Vyhled\\u00e1va\\u010d Fling\",\"isPartOf\":{\"@id\":\"https:\/\/therodnikband.com\/#website\"},\"primaryImageOfPage\":{\"@id\":\"http:\/\/therodnikband.com\/cs\/proc-pouzivat-aplikace-pro-pripojeni\/#primaryimage\"},\"datePublished\":\"2022-07-06T11:11:34+00:00\",\"dateModified\":\"2022-07-06T11:11:34+00:00\",\"breadcrumb\":{\"@id\":\"http:\/\/therodnikband.com\/cs\/proc-pouzivat-aplikace-pro-pripojeni\/#breadcrumb\"},\"inLanguage\":\"cs\",\"potentialAction\":[{\"@type\":\"ReadAction\",\"target\":[\"http:\/\/therodnikband.com\/cs\/proc-pouzivat-aplikace-pro-pripojeni\/\"]}]},{\"@type\":\"BreadcrumbList\",\"@id\":\"http:\/\/therodnikband.com\/cs\/proc-pouzivat-aplikace-pro-pripojeni\/#breadcrumb\",\"itemListElement\":[{\"@type\":\"ListItem\",\"position\":1,\"name\":\"Domov\",\"item\":\"http:\/\/therodnikband.com\/cs\/\"},{\"@type\":\"ListItem\",\"position\":2,\"name\":\"Pro\\u010d pou\\u017e\\u00edvat aplikace Pro p\\u0159ipojen\\u00ed?\"}]}]}<\/script>\n<!-- \/ Yoast SEO plugin. -->","yoast_head_json":{"title":"Pro\u010d pou\u017e\u00edvat aplikace Pro p\u0159ipojen\u00ed? - Vyhled\u00e1va\u010d Fling","robots":{"index":"index","follow":"follow","max-snippet":"max-snippet:-1","max-image-preview":"max-image-preview:large","max-video-preview":"max-video-preview:-1"},"canonical":"http:\/\/therodnikband.com\/cs\/proc-pouzivat-aplikace-pro-pripojeni\/","og_locale":"cs_CZ","og_type":"article","og_title":"Pro\u010d pou\u017e\u00edvat aplikace Pro p\u0159ipojen\u00ed? - Vyhled\u00e1va\u010d Fling","og_description":"P\u0159ipojovac\u00ed weby jsou webov\u00e9 str\u00e1nky, kde se \u010dlenov\u00e9 mohou setkat s ostatn\u00edmi, kte\u0159\u00ed sd\u00edlej\u00ed podobn\u00e9 z\u00e1jmy. Obvykle se mohou p\u0159ipojit zdarma a v\u011bt\u0161ina z nich nab\u00edz\u00ed n\u011bjakou formu placen\u00e9ho \u010dlenstv\u00ed. To je d\u016fvod, pro\u010d je d\u016fle\u017eit\u00e9 pochopit, co d\u011bl\u00e1 web u\u017eite\u010dn\u00fdm. Zde jsou t\u0159i v\u011bci, kter\u00e9 je t\u0159eba vz\u00edt v \u00favahu p\u0159i hodnocen\u00ed webu p\u0159ipojen\u00ed: ... \u010c\u00edst d\u00e1l","og_url":"http:\/\/therodnikband.com\/cs\/proc-pouzivat-aplikace-pro-pripojeni\/","og_site_name":"Vyhled\u00e1va\u010d Fling","og_image":[{"url":"http:\/\/therodnikband.com\/wp-content\/uploads\/2022\/07\/sex-chat-websites-1024x681.jpeg"}],"twitter_card":"summary_large_image","twitter_misc":{"Odhadovan\u00e1 doba \u010dten\u00ed":"2 minuty"},"schema":{"@context":"https:\/\/schema.org","@graph":[{"@type":"WebSite","@id":"https:\/\/therodnikband.com\/#website","url":"https:\/\/therodnikband.com\/","name":"Vyhled\u00e1va\u010d Fling","description":"Flirtov\u00e1n\u00ed, rand\u011bn\u00ed a hookup!","potentialAction":[{"@type":"SearchAction","target":{"@type":"EntryPoint","urlTemplate":"https:\/\/therodnikband.com\/?s={search_term_string}"},"query-input":"required name=search_term_string"}],"inLanguage":"cs"},{"@type":"ImageObject","@id":"http:\/\/therodnikband.com\/cs\/proc-pouzivat-aplikace-pro-pripojeni\/#primaryimage","inLanguage":"cs","url":"http:\/\/therodnikband.com\/wp-content\/uploads\/2022\/07\/sex-chat-websites.jpeg","contentUrl":"http:\/\/therodnikband.com\/wp-content\/uploads\/2022\/07\/sex-chat-websites.jpeg","width":2254,"height":1500},{"@type":"WebPage","@id":"http:\/\/therodnikband.com\/cs\/proc-pouzivat-aplikace-pro-pripojeni\/#webpage","url":"http:\/\/therodnikband.com\/cs\/proc-pouzivat-aplikace-pro-pripojeni\/","name":"Pro\u010d pou\u017e\u00edvat aplikace Pro p\u0159ipojen\u00ed? - Vyhled\u00e1va\u010d Fling","isPartOf":{"@id":"https:\/\/therodnikband.com\/#website"},"primaryImageOfPage":{"@id":"http:\/\/therodnikband.com\/cs\/proc-pouzivat-aplikace-pro-pripojeni\/#primaryimage"},"datePublished":"2022-07-06T11:11:34+00:00","dateModified":"2022-07-06T11:11:34+00:00","breadcrumb":{"@id":"http:\/\/therodnikband.com\/cs\/proc-pouzivat-aplikace-pro-pripojeni\/#breadcrumb"},"inLanguage":"cs","potentialAction":[{"@type":"ReadAction","target":["http:\/\/therodnikband.com\/cs\/proc-pouzivat-aplikace-pro-pripojeni\/"]}]},{"@type":"BreadcrumbList","@id":"http:\/\/therodnikband.com\/cs\/proc-pouzivat-aplikace-pro-pripojeni\/#breadcrumb","itemListElement":[{"@type":"ListItem","position":1,"name":"Domov","item":"http:\/\/therodnikband.com\/cs\/"},{"@type":"ListItem","position":2,"name":"Pro\u010d pou\u017e\u00edvat aplikace Pro p\u0159ipojen\u00ed?"}]}]}},"_links":{"self":[{"href":"http:\/\/therodnikband.com\/cs\/wp-json\/wp\/v2\/pages\/202"}],"collection":[{"href":"http:\/\/therodnikband.com\/cs\/wp-json\/wp\/v2\/pages"}],"about":[{"href":"http:\/\/therodnikband.com\/cs\/wp-json\/wp\/v2\/types\/page"}],"author":[{"embeddable":true,"href":"http:\/\/therodnikband.com\/cs\/wp-json\/wp\/v2\/users\/1"}],"replies":[{"embeddable":true,"href":"http:\/\/therodnikband.com\/cs\/wp-json\/wp\/v2\/comments?post=202"}],"version-history":[{"count":0,"href":"http:\/\/therodnikband.com\/cs\/wp-json\/wp\/v2\/pages\/202\/revisions"}],"wp:attachment":[{"href":"http:\/\/therodnikband.com\/cs\/wp-json\/wp\/v2\/media?parent=202"}],"curies":[{"name":"wp","href":"https:\/\/api.w.org\/{rel}","templated":true}]}}