{"id":213,"date":"2022-07-06T11:57:32","date_gmt":"2022-07-06T10:57:32","guid":{"rendered":"http:\/\/therodnikband.com\/najdete-seznamovaci-aplikace-ktere-pro-vas-pracuji\/"},"modified":"2022-07-12T11:50:59","modified_gmt":"2022-07-12T10:50:59","slug":"najdete-seznamovaci-aplikace-ktere-pro-vas-pracuji","status":"publish","type":"page","link":"http:\/\/therodnikband.com\/cs\/","title":{"rendered":"Najd\u011bte seznamovac\u00ed aplikace, kter\u00e9 pro v\u00e1s pracuj\u00ed"},"content":{"rendered":"<p>Naj\u00edt svou sp\u0159\u00edzn\u011bnou du\u0161i nen\u00ed nikdy snadn\u00e9 a existuje mnoho faktor\u016f, kter\u00e9 vedou k nalezen\u00ed n\u011bkoho zvl\u00e1\u0161tn\u00edho. Sestavili jsme seznam nejlep\u0161\u00edch seznamovac\u00edch web\u016f a aplikac\u00ed, kter\u00e9 v\u00e1m pomohou za\u010d\u00edt! A\u0165 u\u017e hled\u00e1te l\u00e1sku, p\u0159\u00e1telstv\u00ed, spole\u010dnost nebo n\u011bco \u00fapln\u011b jin\u00e9ho, n\u00e1\u0161 seznam v\u00e1m poskytne v\u0161echny informace, kter\u00e9 pot\u0159ebujete <a href=\"http:\/\/www.sexzoznamka.net\">Sexzoznamka.net<\/a>, abyste se dnes mohli setkat s nov\u00fdmi lidmi!<\/p>\n<p><img loading=\"lazy\" class=\"aligncenter wp-image-34\" src=\"http:\/\/therodnikband.com\/wp-content\/uploads\/2022\/07\/sex-guided-1024x679.jpeg\" alt=\"\" width=\"710\" height=\"471\" srcset=\"http:\/\/therodnikband.com\/wp-content\/uploads\/2022\/07\/sex-guided-1024x679.jpeg 1024w, http:\/\/therodnikband.com\/wp-content\/uploads\/2022\/07\/sex-guided-300x199.jpeg 300w, http:\/\/therodnikband.com\/wp-content\/uploads\/2022\/07\/sex-guided-768x509.jpeg 768w, http:\/\/therodnikband.com\/wp-content\/uploads\/2022\/07\/sex-guided-1536x1019.jpeg 1536w, http:\/\/therodnikband.com\/wp-content\/uploads\/2022\/07\/sex-guided-2048x1358.jpeg 2048w\" sizes=\"(max-width: 710px) 100vw, 710px\" \/><\/p>\n<h2>Jsou Seznamovac\u00ed aplikace pro v\u00e1s?<\/h2>\n<p>Seznamovac\u00ed aplikace jsou v dne\u0161n\u00ed dob\u011b jedn\u00edm z nejpopul\u00e1rn\u011bj\u0161\u00edch zp\u016fsob\u016f, jak se setkat s lidmi.<\/p>\n<p>Pokud v\u0161ak chcete optimalizovat prost\u0159ed\u00ed, m\u016f\u017ee b\u00fdt dobr\u00fd n\u00e1pad p\u0159istupovat k aplikac\u00edm z\u00e1m\u011brn\u011b, co\u017e znamen\u00e1, \u017ee se zaregistrujete do aplikac\u00ed, o kter\u00fdch si mysl\u00edte, \u017ee v\u00e1m poskytnou nejlep\u0161\u00ed \u0161ance na setk\u00e1n\u00ed s va\u0161\u00edm druhem lid\u00ed. Nebudete se jen registrovat do prvn\u00ed aplikace, kterou uvid\u00edte. Koneckonc\u016f, nechcete ztr\u00e1cet \u010das.<\/p>\n<p>Sestavili jsme seznam nejlep\u0161\u00edch seznamovac\u00edch aplikac\u00ed pro rok 2020 <a href=\"https:\/\/adultxxxdate.net\/cs\/porno-hry-bez-prihlaseni\/\">porno hry zdarma<\/a>, v z\u00e1vislosti na tom, co chcete z t\u00e9to zku\u0161enosti z\u00edskat.<\/p>\n<h3>Zmaten\u00e9 chov\u00e1n\u00ed<\/h3>\n<p>Bumble je aplikace, kter\u00e1 umo\u017e\u0148uje \u017een\u00e1m iniciovat a udr\u017eovat konverzace. Mu\u017ei maj\u00ed mo\u017enost odpov\u011bd\u011bt, ale nemohou iniciovat \u017e\u00e1dn\u00fd kontakt. Pom\u00e1h\u00e1 eliminovat pl\u00ed\u017een\u00ed online a na ulici. Funguje to tak\u00e9 dob\u0159e pro profesion\u00e1ly, kte\u0159\u00ed se cht\u011bj\u00ed setkat s n\u011bk\u00fdm nov\u00fdm. Je to zdarma, ale pokud chcete odemknout pokro\u010dil\u00e9 funkce, jako je odes\u00edl\u00e1n\u00ed mrknut\u00ed a lajk\u016f, mus\u00edte zaplatit $ 9.99 za m\u011bs\u00edc. K dispozici je bezplatn\u00e1 verze, kterou si m\u016f\u017eete nejprve vyzkou\u0161et. K z\u00e1pas\u016fm doch\u00e1z\u00ed ve 24hodinov\u00e9m cyklu, tak\u017ee m\u00e1te \u010das do druh\u00e9ho dne, abyste zah\u00e1jili konverzaci nebo odpov\u011bd\u011bli na zpr\u00e1vu.<\/p>\n<p>U\u017eivatel\u00e9 mohou p\u0159ejet\u00edm prstem doleva nebo doprava, aby n\u011bkoho jin\u00e9ho ozna\u010dili jako To se mi l\u00edb\u00ed nebo nel\u00edbilo, poslat jim zpr\u00e1vu a soukrom\u011b s nimi chatovat.<\/p>\n<p>V\u0161echny pl\u00e1ny str\u00e1nek, kter\u00e9 zahrnuj\u00ed neomezen\u00e9 kompatibiln\u00ed p\u0159ejet\u00ed singly a vypadaj\u00edc\u00ed chaty, pro a dlouhodob\u00e9 vztahy s u\u017eivateli.<\/p>\n<h3>Utk\u00e1n\u00ed<\/h3>\n<p>Pokud jste star\u0161\u00ed ne\u017e 30 let, Match je skv\u011bl\u00e1 volba pro nalezen\u00ed l\u00e1sky. Je zdarma se zaregistrovat a proch\u00e1zet profily, ale pokud m\u00e1te z\u00e1jem setkat se s n\u011bk\u00fdm zvl\u00e1\u0161tn\u00edm, budete muset zaplatit $ 29.99 za m\u011bs\u00edc nebo $ 39.99 za rok. M\u016f\u017eete si vybrat, zda chcete nejprve zobrazit fotografie, nebo p\u0159ej\u00edt p\u0159\u00edmo na zpr\u00e1vy. K dispozici je dokonce aplikace pro telefony Android a iOS.<\/p>\n<p>Str\u00e1nka m\u00e1 mnoho informac\u00ed o ka\u017ed\u00e9m \u010dlenovi, v\u010detn\u011b um\u00edst\u011bn\u00ed, z\u00e1jm\u016f, vzd\u011bl\u00e1n\u00ed, historie zam\u011bstn\u00e1n\u00ed, v\u00fd\u0161ky, hmotnosti, stavu kou\u0159en\u00ed, rodinn\u00e9ho stavu, po\u010dtu d\u011bt\u00ed a n\u00e1bo\u017eenstv\u00ed.<\/p>\n<p>U\u017eivatel\u00e9 mohou tak\u00e9 p\u0159id\u00e1vat p\u0159\u00e1tele a pos\u00edlat jim zpr\u00e1vy. Pokud si nejste jisti, jak\u00fd typ \u010dlov\u011bka hled\u00e1te, je zde sekce s n\u00e1zvem &#8222;Lid\u00e9, do kter\u00fdch jsem&#8220;, kter\u00e1 v\u00e1m uk\u00e1\u017ee dal\u0161\u00ed \u010dleny, kte\u0159\u00ed sd\u00edlej\u00ed podobn\u00fd vkus. Match nav\u00edc nab\u00edz\u00ed pr\u00e9miovou slu\u017ebu nazvanou &#8222;Match Plus&#8220;, kter\u00e1 zahrnuje n\u011bkolik dal\u0161\u00edch funkc\u00ed, jako je p\u0159\u00edstup k exkluzivn\u00edm ud\u00e1lostem a ve\u010d\u00edrk\u016fm.<\/p>\n<h3>Z\u00e1v\u011bs<\/h3>\n<p>Hinge je kompatibiln\u00ed se v\u0161emi hlavn\u00edmi platformami v\u010detn\u011b Android, iOS, Windows, MacOS, Linux a Chrome OS. Je k dispozici po cel\u00e9m sv\u011bt\u011b, co\u017e znamen\u00e1, \u017ee se m\u016f\u017eete spojit s n\u011bk\u00fdm kdekoli na sv\u011bt\u011b. Pant nevy\u017eaduje \u017e\u00e1dnou registraci ani p\u0159ihl\u00e1\u0161en\u00ed. Jedn\u00e1 se o aplikaci, kter\u00e1 umo\u017e\u0148uje u\u017eivatel\u016fm snadno naj\u00edt data na z\u00e1klad\u011b spole\u010dn\u00fdch z\u00e1jm\u016f.<\/p>\n<p>U\u017eivatel\u00e9 se mohou rozhodnout sd\u00edlet konkr\u00e9tn\u00ed informace o sob\u011b, jako jsou n\u00e1bo\u017eensk\u00e9 preference, politick\u00e9 n\u00e1zory a kon\u00ed\u010dky, a pot\u00e9 hledat ostatn\u00ed, kte\u0159\u00ed sd\u00edlej\u00ed podobn\u00e9 z\u00e1jmy.<\/p>\n<p>Jakmile se dva u\u017eivatel\u00e9 p\u0159ipoj\u00ed, mohou si za\u010d\u00edt vym\u011b\u0148ovat zpr\u00e1vy. Pokud se ob\u011b strany dohodnou, \u017ee se setkaj\u00ed na ur\u010dit\u00e9m m\u00edst\u011b, aplikace automaticky navrhne m\u00edsta setk\u00e1n\u00ed na z\u00e1klad\u011b spole\u010dn\u00e9ho z\u00e1jmu. Pant je skv\u011bl\u00e1 volba, pokud hled\u00e1te rychl\u00e9 p\u0159ipojen\u00ed nebo prost\u011b m\u00e1te z\u00e1jem naj\u00edt n\u011bkoho, s k\u00fdm byste mohli j\u00edt ven.<\/p>\n<h3>Troud<\/h3>\n<p>Tinder je aplikace pro hled\u00e1n\u00ed dat. Vytvo\u0159\u00edte si profil, p\u0159id\u00e1te obr\u00e1zky a nap\u00ed\u0161ete o sob\u011b kr\u00e1tk\u00fd \u017eivotopis. Pak m\u016f\u017eete prohled\u00e1vat profily ostatn\u00edch u\u017eivatel\u016f a hledat n\u011bkoho, s k\u00fdm byste cht\u011bli randit. Jakmile najdete n\u011bkoho, koho zaj\u00edm\u00e1te, p\u0159ejedete prstem doprava, pokud se v\u00e1m l\u00edb\u00ed, doleva, pokud ne. Pokud ob\u011b strany p\u0159ejedou prstem doprava, dostanete se do shody a m\u016f\u017eete za\u010d\u00edt chatovat!<\/p>\n<h2>Na kter\u00e9 aplikace bychom si m\u011bli d\u00e1vat pozor?<\/h2>\n<p>Dnes je k dispozici mnoho r\u016fzn\u00fdch typ\u016f seznamovac\u00edch aplikac\u00ed. N\u011bkter\u00e9 se zam\u011b\u0159uj\u00ed v\u00fdhradn\u011b na hled\u00e1n\u00ed l\u00e1sky, zat\u00edmco jin\u00e9 jsou navr\u017eeny tak, aby v\u00e1m pomohly z\u00edskat p\u0159\u00e1tele. Jin\u00e9 v\u00e1m umo\u017e\u0148uj\u00ed randit s v\u00edce lidmi najednou. Je\u0161t\u011b jin\u00ed jsou zam\u011b\u0159eni na setk\u00e1n\u00ed s n\u011bk\u00fdm, kdo sd\u00edl\u00ed podobn\u00e9 z\u00e1jmy. Existuj\u00ed dokonce aplikace, kter\u00e9 v\u00e1m umo\u017en\u00ed setkat se s lidmi v okol\u00ed.<\/p>\n<p>P\u0159ipojovac\u00ed weby jsou weby, kde se u\u017eivatel\u00e9 mohou setkat s ostatn\u00edmi, kte\u0159\u00ed sd\u00edlej\u00ed podobn\u00e9 z\u00e1jmy. Jsou skv\u011bl\u00e9, proto\u017ee v\u00e1m umo\u017e\u0148uj\u00ed naj\u00edt p\u0159esn\u011b to, co hled\u00e1te, a\u0165 u\u017e je to p\u0159\u00edle\u017eitostn\u00fd sex, vztah nebo jen n\u011bjak\u00e1 spole\u010dnost. Existuje mnoho str\u00e1nek pro p\u0159ipojen\u00ed, ale ne v\u0161echny stoj\u00ed za n\u00e1v\u0161t\u011bvu. N\u011bkter\u00e9 jsou p\u0159\u00edli\u0161 drah\u00e9, n\u011bkter\u00e9 jsou p\u0159\u00edli\u0161 komplikovan\u00e9 a n\u011bkter\u00e9 jsou prost\u011b nudn\u00e9.<\/p>\n<p>Pokud chcete naj\u00edt web pro p\u0159ipojen\u00ed, kter\u00fd nab\u00edz\u00ed tyto funkce a v\u00fdhody, zkuste pou\u017e\u00edt tento seznam nejlep\u0161\u00edch web\u016f pro p\u0159ipojen\u00ed. Webov\u00e9 str\u00e1nky s p\u0159ipojen\u00edm jsou online komunity, kde se \u010dlenov\u00e9 setk\u00e1vaj\u00ed p\u0159i p\u0159\u00edle\u017eitostn\u00fdch sexu\u00e1ln\u00edch setk\u00e1n\u00edch. Obvykle se mohou p\u0159ipojit a nab\u00edzej\u00ed mnoho v\u00fdhod, v\u010detn\u011b mo\u017enosti rychle a snadno naj\u00edt partnera.<\/p>\n","protected":false},"excerpt":{"rendered":"<p>Naj\u00edt svou sp\u0159\u00edzn\u011bnou du\u0161i nen\u00ed nikdy snadn\u00e9 a existuje mnoho faktor\u016f, kter\u00e9 vedou k nalezen\u00ed n\u011bkoho zvl\u00e1\u0161tn\u00edho. Sestavili jsme seznam nejlep\u0161\u00edch seznamovac\u00edch web\u016f a aplikac\u00ed, kter\u00e9 v\u00e1m pomohou za\u010d\u00edt! A\u0165 u\u017e hled\u00e1te l\u00e1sku, p\u0159\u00e1telstv\u00ed, spole\u010dnost nebo n\u011bco \u00fapln\u011b jin\u00e9ho, n\u00e1\u0161 seznam v\u00e1m poskytne v\u0161echny informace, kter\u00e9 pot\u0159ebujete Sexzoznamka.net, abyste se dnes mohli setkat s nov\u00fdmi &#8230; <a title=\"Najd\u011bte seznamovac\u00ed aplikace, kter\u00e9 pro v\u00e1s pracuj\u00ed\" class=\"read-more\" href=\"http:\/\/therodnikband.com\/cs\/\" aria-label=\"V\u00edce na Najd\u011bte seznamovac\u00ed aplikace, kter\u00e9 pro v\u00e1s pracuj\u00ed\">\u010c\u00edst d\u00e1l<\/a><\/p>\n","protected":false},"author":1,"featured_media":0,"parent":0,"menu_order":0,"comment_status":"closed","ping_status":"closed","template":"","meta":[],"yoast_head":"<!-- This site is optimized with the Yoast SEO plugin v17.7.1 - https:\/\/yoast.com\/wordpress\/plugins\/seo\/ -->\n<title>Najd\u011bte seznamovac\u00ed aplikace, kter\u00e9 pro v\u00e1s pracuj\u00ed - Vyhled\u00e1va\u010d Fling<\/title>\n<meta name=\"robots\" content=\"index, follow, max-snippet:-1, max-image-preview:large, max-video-preview:-1\" \/>\n<link rel=\"canonical\" href=\"http:\/\/therodnikband.com\/cs\/\" \/>\n<meta property=\"og:locale\" content=\"cs_CZ\" \/>\n<meta property=\"og:type\" content=\"article\" \/>\n<meta property=\"og:title\" content=\"Najd\u011bte seznamovac\u00ed aplikace, kter\u00e9 pro v\u00e1s pracuj\u00ed - Vyhled\u00e1va\u010d Fling\" \/>\n<meta property=\"og:description\" content=\"Naj\u00edt svou sp\u0159\u00edzn\u011bnou du\u0161i nen\u00ed nikdy snadn\u00e9 a existuje mnoho faktor\u016f, kter\u00e9 vedou k nalezen\u00ed n\u011bkoho zvl\u00e1\u0161tn\u00edho. Sestavili jsme seznam nejlep\u0161\u00edch seznamovac\u00edch web\u016f a aplikac\u00ed, kter\u00e9 v\u00e1m pomohou za\u010d\u00edt! A\u0165 u\u017e hled\u00e1te l\u00e1sku, p\u0159\u00e1telstv\u00ed, spole\u010dnost nebo n\u011bco \u00fapln\u011b jin\u00e9ho, n\u00e1\u0161 seznam v\u00e1m poskytne v\u0161echny informace, kter\u00e9 pot\u0159ebujete Sexzoznamka.net, abyste se dnes mohli setkat s nov\u00fdmi ... \u010c\u00edst d\u00e1l\" \/>\n<meta property=\"og:url\" content=\"http:\/\/therodnikband.com\/cs\/\" \/>\n<meta property=\"og:site_name\" content=\"Vyhled\u00e1va\u010d Fling\" \/>\n<meta property=\"article:modified_time\" content=\"2022-07-12T10:50:59+00:00\" \/>\n<meta property=\"og:image\" content=\"http:\/\/therodnikband.com\/wp-content\/uploads\/2022\/07\/sex-guided-1024x679.jpeg\" \/>\n<meta name=\"twitter:card\" content=\"summary_large_image\" \/>\n<meta name=\"twitter:label1\" content=\"Odhadovan\u00e1 doba \u010dten\u00ed\" \/>\n\t<meta name=\"twitter:data1\" content=\"5 minut\" \/>\n<script type=\"application\/ld+json\" class=\"yoast-schema-graph\">{\"@context\":\"https:\/\/schema.org\",\"@graph\":[{\"@type\":\"WebSite\",\"@id\":\"https:\/\/therodnikband.com\/#website\",\"url\":\"https:\/\/therodnikband.com\/\",\"name\":\"Vyhled\\u00e1va\\u010d Fling\",\"description\":\"Flirtov\\u00e1n\\u00ed, rand\\u011bn\\u00ed a hookup!\",\"potentialAction\":[{\"@type\":\"SearchAction\",\"target\":{\"@type\":\"EntryPoint\",\"urlTemplate\":\"https:\/\/therodnikband.com\/?s={search_term_string}\"},\"query-input\":\"required name=search_term_string\"}],\"inLanguage\":\"cs\"},{\"@type\":\"ImageObject\",\"@id\":\"http:\/\/therodnikband.com\/cs\/#primaryimage\",\"inLanguage\":\"cs\",\"url\":\"http:\/\/therodnikband.com\/wp-content\/uploads\/2022\/07\/sex-guided.jpeg\",\"contentUrl\":\"http:\/\/therodnikband.com\/wp-content\/uploads\/2022\/07\/sex-guided.jpeg\",\"width\":2262,\"height\":1500},{\"@type\":\"WebPage\",\"@id\":\"http:\/\/therodnikband.com\/cs\/#webpage\",\"url\":\"http:\/\/therodnikband.com\/cs\/\",\"name\":\"Najd\\u011bte seznamovac\\u00ed aplikace, kter\\u00e9 pro v\\u00e1s pracuj\\u00ed - Vyhled\\u00e1va\\u010d Fling\",\"isPartOf\":{\"@id\":\"https:\/\/therodnikband.com\/#website\"},\"primaryImageOfPage\":{\"@id\":\"http:\/\/therodnikband.com\/cs\/#primaryimage\"},\"datePublished\":\"2022-07-06T10:57:32+00:00\",\"dateModified\":\"2022-07-12T10:50:59+00:00\",\"breadcrumb\":{\"@id\":\"http:\/\/therodnikband.com\/cs\/#breadcrumb\"},\"inLanguage\":\"cs\",\"potentialAction\":[{\"@type\":\"ReadAction\",\"target\":[\"http:\/\/therodnikband.com\/cs\/\"]}]},{\"@type\":\"BreadcrumbList\",\"@id\":\"http:\/\/therodnikband.com\/cs\/#breadcrumb\",\"itemListElement\":[{\"@type\":\"ListItem\",\"position\":1,\"name\":\"Domov\",\"item\":\"http:\/\/therodnikband.com\/cs\/\"},{\"@type\":\"ListItem\",\"position\":2,\"name\":\"Najd\\u011bte seznamovac\\u00ed aplikace, kter\\u00e9 pro v\\u00e1s pracuj\\u00ed\"}]}]}<\/script>\n<!-- \/ Yoast SEO plugin. -->","yoast_head_json":{"title":"Najd\u011bte seznamovac\u00ed aplikace, kter\u00e9 pro v\u00e1s pracuj\u00ed - Vyhled\u00e1va\u010d Fling","robots":{"index":"index","follow":"follow","max-snippet":"max-snippet:-1","max-image-preview":"max-image-preview:large","max-video-preview":"max-video-preview:-1"},"canonical":"http:\/\/therodnikband.com\/cs\/","og_locale":"cs_CZ","og_type":"article","og_title":"Najd\u011bte seznamovac\u00ed aplikace, kter\u00e9 pro v\u00e1s pracuj\u00ed - Vyhled\u00e1va\u010d Fling","og_description":"Naj\u00edt svou sp\u0159\u00edzn\u011bnou du\u0161i nen\u00ed nikdy snadn\u00e9 a existuje mnoho faktor\u016f, kter\u00e9 vedou k nalezen\u00ed n\u011bkoho zvl\u00e1\u0161tn\u00edho. Sestavili jsme seznam nejlep\u0161\u00edch seznamovac\u00edch web\u016f a aplikac\u00ed, kter\u00e9 v\u00e1m pomohou za\u010d\u00edt! A\u0165 u\u017e hled\u00e1te l\u00e1sku, p\u0159\u00e1telstv\u00ed, spole\u010dnost nebo n\u011bco \u00fapln\u011b jin\u00e9ho, n\u00e1\u0161 seznam v\u00e1m poskytne v\u0161echny informace, kter\u00e9 pot\u0159ebujete Sexzoznamka.net, abyste se dnes mohli setkat s nov\u00fdmi ... \u010c\u00edst d\u00e1l","og_url":"http:\/\/therodnikband.com\/cs\/","og_site_name":"Vyhled\u00e1va\u010d Fling","article_modified_time":"2022-07-12T10:50:59+00:00","og_image":[{"url":"http:\/\/therodnikband.com\/wp-content\/uploads\/2022\/07\/sex-guided-1024x679.jpeg"}],"twitter_card":"summary_large_image","twitter_misc":{"Odhadovan\u00e1 doba \u010dten\u00ed":"5 minut"},"schema":{"@context":"https:\/\/schema.org","@graph":[{"@type":"WebSite","@id":"https:\/\/therodnikband.com\/#website","url":"https:\/\/therodnikband.com\/","name":"Vyhled\u00e1va\u010d Fling","description":"Flirtov\u00e1n\u00ed, rand\u011bn\u00ed a hookup!","potentialAction":[{"@type":"SearchAction","target":{"@type":"EntryPoint","urlTemplate":"https:\/\/therodnikband.com\/?s={search_term_string}"},"query-input":"required name=search_term_string"}],"inLanguage":"cs"},{"@type":"ImageObject","@id":"http:\/\/therodnikband.com\/cs\/#primaryimage","inLanguage":"cs","url":"http:\/\/therodnikband.com\/wp-content\/uploads\/2022\/07\/sex-guided.jpeg","contentUrl":"http:\/\/therodnikband.com\/wp-content\/uploads\/2022\/07\/sex-guided.jpeg","width":2262,"height":1500},{"@type":"WebPage","@id":"http:\/\/therodnikband.com\/cs\/#webpage","url":"http:\/\/therodnikband.com\/cs\/","name":"Najd\u011bte seznamovac\u00ed aplikace, kter\u00e9 pro v\u00e1s pracuj\u00ed - Vyhled\u00e1va\u010d Fling","isPartOf":{"@id":"https:\/\/therodnikband.com\/#website"},"primaryImageOfPage":{"@id":"http:\/\/therodnikband.com\/cs\/#primaryimage"},"datePublished":"2022-07-06T10:57:32+00:00","dateModified":"2022-07-12T10:50:59+00:00","breadcrumb":{"@id":"http:\/\/therodnikband.com\/cs\/#breadcrumb"},"inLanguage":"cs","potentialAction":[{"@type":"ReadAction","target":["http:\/\/therodnikband.com\/cs\/"]}]},{"@type":"BreadcrumbList","@id":"http:\/\/therodnikband.com\/cs\/#breadcrumb","itemListElement":[{"@type":"ListItem","position":1,"name":"Domov","item":"http:\/\/therodnikband.com\/cs\/"},{"@type":"ListItem","position":2,"name":"Najd\u011bte seznamovac\u00ed aplikace, kter\u00e9 pro v\u00e1s pracuj\u00ed"}]}]}},"_links":{"self":[{"href":"http:\/\/therodnikband.com\/cs\/wp-json\/wp\/v2\/pages\/213"}],"collection":[{"href":"http:\/\/therodnikband.com\/cs\/wp-json\/wp\/v2\/pages"}],"about":[{"href":"http:\/\/therodnikband.com\/cs\/wp-json\/wp\/v2\/types\/page"}],"author":[{"embeddable":true,"href":"http:\/\/therodnikband.com\/cs\/wp-json\/wp\/v2\/users\/1"}],"replies":[{"embeddable":true,"href":"http:\/\/therodnikband.com\/cs\/wp-json\/wp\/v2\/comments?post=213"}],"version-history":[{"count":1,"href":"http:\/\/therodnikband.com\/cs\/wp-json\/wp\/v2\/pages\/213\/revisions"}],"predecessor-version":[{"id":341,"href":"http:\/\/therodnikband.com\/cs\/wp-json\/wp\/v2\/pages\/213\/revisions\/341"}],"wp:attachment":[{"href":"http:\/\/therodnikband.com\/cs\/wp-json\/wp\/v2\/media?parent=213"}],"curies":[{"name":"wp","href":"https:\/\/api.w.org\/{rel}","templated":true}]}}