{"id":228,"date":"2022-07-06T12:17:13","date_gmt":"2022-07-06T11:17:13","guid":{"rendered":"http:\/\/therodnikband.com\/prejedte-prstem-po-seznamovacich-aplikacich\/"},"modified":"2022-07-06T12:17:13","modified_gmt":"2022-07-06T11:17:13","slug":"prejedte-prstem-po-seznamovacich-aplikacich","status":"publish","type":"page","link":"http:\/\/therodnikband.com\/cs\/prejedte-prstem-po-seznamovacich-aplikacich\/","title":{"rendered":"P\u0159eje\u010fte prstem po Seznamovac\u00edch aplikac\u00edch"},"content":{"rendered":"<p>Seznamovac\u00ed aplikace urazily od sv\u00fdch ran\u00fdch inkarnac\u00ed dlouhou cestu. Zat\u00edmco p\u00e1rov\u00e1n\u00ed pomoc\u00ed p\u0159ejet\u00ed prstem je st\u00e1le normou, mnoho z nich se m\u016f\u017ee pochlubit dal\u0161\u00edmi funkcemi, jako jsou dotazn\u00edky, chatovac\u00ed m\u00edstnosti nebo videohovory. N\u011bkte\u0159\u00ed dokonce zcela odstra\u0148uj\u00ed p\u0159ej\u00ed\u017ed\u011bn\u00ed prstem a nab\u00edzej\u00ed alternativy, jako je lajkov\u00e1n\u00ed n\u011b\u010d\u00ed fotografie nebo odesl\u00e1n\u00ed zpr\u00e1vy. Bez ohledu na to, datov\u00e1n\u00ed je v podstat\u011b v dlani va\u0161ich rukou.<\/p>\n<p>A\u0165 u\u017e se chcete s n\u011bk\u00fdm setkat n\u00e1hodn\u011b, nebo <a href=\"http:\/\/therodnikband.com\/cs\/ebony-seznamka\/\">v\u00e1\u017en\u00fd vztah<\/a> &#8211; na to existuje aplikace. Je v\u0161ak d\u016fle\u017eit\u00e9 vyzkou\u0161et n\u011bkolik, ne\u017e najdete spr\u00e1vn\u00e9 p\u0159izp\u016fsoben\u00ed. U\u0161et\u0159ili jsme v\u00e1m n\u011bjak\u00e9 hled\u00e1n\u00ed t\u00edm, \u017ee jsme shrom\u00e1\u017edili nejlep\u0161\u00ed seznamovac\u00ed aplikace pro Android, abyste se ujistili, \u017ee z\u00edsk\u00e1te nejlep\u0161\u00ed shodu pro va\u0161e pot\u0159eby.<\/p>\n<p><img loading=\"lazy\" class=\"aligncenter wp-image-43\" src=\"http:\/\/therodnikband.com\/wp-content\/uploads\/2022\/07\/best-dating-websites-1024x683.jpeg\" alt=\"\" width=\"630\" height=\"420\" srcset=\"http:\/\/therodnikband.com\/wp-content\/uploads\/2022\/07\/best-dating-websites-1024x683.jpeg 1024w, http:\/\/therodnikband.com\/wp-content\/uploads\/2022\/07\/best-dating-websites-300x200.jpeg 300w, http:\/\/therodnikband.com\/wp-content\/uploads\/2022\/07\/best-dating-websites-768x512.jpeg 768w, http:\/\/therodnikband.com\/wp-content\/uploads\/2022\/07\/best-dating-websites-1536x1024.jpeg 1536w, http:\/\/therodnikband.com\/wp-content\/uploads\/2022\/07\/best-dating-websites-2048x1365.jpeg 2048w\" sizes=\"(max-width: 630px) 100vw, 630px\" \/><\/p>\n<h2>K\u00e1va se setk\u00e1v\u00e1 s Bagelem<\/h2>\n<p>Coffee Meets Bagel je mobiln\u00ed aplikace, kter\u00e1 umo\u017e\u0148uje u\u017eivatel\u016fm setkat se s dal\u0161\u00edmi nezadan\u00fdmi v okol\u00ed. U\u017eivatel\u00e9 mohou proch\u00e1zet <a href=\"http:\/\/therodnikband.com\/cs\/bdsm-seznamka\/\">r\u016fzn\u00e9 kategorie<\/a>, v\u010detn\u011b v\u011bku, lokality, n\u00e1bo\u017eenstv\u00ed, vzd\u011bl\u00e1n\u00ed, povol\u00e1n\u00ed, rodinn\u00e9ho stavu a dal\u0161\u00edch. Jakmile najdete n\u011bkoho, kdo se v\u00e1m l\u00edb\u00ed, m\u016f\u017eete za\u010d\u00edt chatovat a pos\u00edlat zpr\u00e1vy. M\u016f\u017eete tak\u00e9 nastavit p\u0159edvolby, nap\u0159\u00edklad jak\u00fd typ data hled\u00e1te. Pokud se oba c\u00edt\u00edte dostate\u010dn\u011b pohodln\u011b, m\u016f\u017eete si pak domluvit rande s k\u00e1vou.<\/p>\n<h2>Zmaten\u00e9 chov\u00e1n\u00ed<\/h2>\n<p>Bumble tvrd\u00ed, \u017ee se li\u0161\u00ed od ostatn\u00edch seznamovac\u00edch aplikac\u00ed, proto\u017ee nevy\u017eaduje, aby u\u017eivatel\u00e9 p\u0159ejeli prstem doprava, aby se n\u011bkomu l\u00edbili. M\u00edsto toho jim jednodu\u0161e po\u0161lete zpr\u00e1vu. Pokud nemaj\u00ed z\u00e1jem, budou va\u0161e zpr\u00e1vy ignorovat. A pokud maj\u00ed z\u00e1jem, odpov\u00ed. M\u016f\u017eete tak\u00e9 p\u0159idat n\u011bkolik dal\u0161\u00edch dotyk\u016f, abyste zv\u00fd\u0161ili sv\u00e9 \u0161ance na z\u00edsk\u00e1n\u00ed odpov\u011bdi. Chcete-li podpo\u0159it spole\u010dn\u00fd z\u00e1jem, m\u016f\u017eete se rozhodnout sd\u00edlet svou fotku, ozna\u010dit svou polohu nebo zm\u00ednit n\u011bco o sv\u00e9 osobnosti.<\/p>\n<h2>JEJ\u00cd<\/h2>\n<p>HER je seznamovac\u00ed aplikace, kter\u00e1 spojuje u\u017eivatele prost\u0159ednictv\u00edm jednoduch\u00e9ho rozhran\u00ed. M\u016f\u017eete bu\u010f vyhledat n\u011bkoho v okol\u00ed, nebo proch\u00e1zet profily jin\u00fdch u\u017eivatel\u016f. Jakmile najdete svou shodu, m\u016f\u017eete chatovat nebo si vym\u011b\u0148ovat zpr\u00e1vy. Pokud m\u00e1te oba pocit, \u017ee se chcete l\u00e9pe poznat, m\u016f\u017eete za\u010d\u00edt chatovat.<\/p>\n<p>Pot\u00e9, co jste trochu mluvili, m\u016f\u017eete se rozhodnout, zda chcete pokra\u010dovat v mluven\u00ed. Pokud se v\u00e1m l\u00edb\u00ed to, co vid\u00edte, m\u016f\u017eete jim poslat &#8222;srdce&#8220; &#8211; pozitivn\u00ed znamen\u00ed, \u017ee si mysl\u00edte, \u017ee jsou dostate\u010dn\u011b roztomil\u00ed, aby \u0161li ven. Pokud tak neu\u010din\u00edte, m\u016f\u017eete ji nechat pr\u00e1zdnou.<\/p>\n<p>Kdy\u017e obdr\u017e\u00edte srdce, m\u016f\u017eete se rozhodnout odpov\u011bd\u011bt smajl\u00edkem, palcem nahoru, palcem dol\u016f, polibkem, p\u011bst\u00ed nebo v\u016fbec ni\u010d\u00edm.<\/p>\n<h2>Na\u0161e rady<\/h2>\n<p>Pokud hled\u00e1te seznamovac\u00ed aplikaci, kter\u00e1 nevy\u017eaduje \u010dlensk\u00fd poplatek, existuje spousta. Happn, Bumble a Tinder jsou jen n\u011bkter\u00e9 z nich. Ale pokud se v\u00e1m l\u00edb\u00ed my\u0161lenka platit za chat s n\u011bk\u00fdm, koho m\u00e1te r\u00e1di, pak Match m\u016f\u017ee b\u00fdt pro v\u00e1s to prav\u00e9.<\/p>\n","protected":false},"excerpt":{"rendered":"<p>Seznamovac\u00ed aplikace urazily od sv\u00fdch ran\u00fdch inkarnac\u00ed dlouhou cestu. Zat\u00edmco p\u00e1rov\u00e1n\u00ed pomoc\u00ed p\u0159ejet\u00ed prstem je st\u00e1le normou, mnoho z nich se m\u016f\u017ee pochlubit dal\u0161\u00edmi funkcemi, jako jsou dotazn\u00edky, chatovac\u00ed m\u00edstnosti nebo videohovory. N\u011bkte\u0159\u00ed dokonce zcela odstra\u0148uj\u00ed p\u0159ej\u00ed\u017ed\u011bn\u00ed prstem a nab\u00edzej\u00ed alternativy, jako je lajkov\u00e1n\u00ed n\u011b\u010d\u00ed fotografie nebo odesl\u00e1n\u00ed zpr\u00e1vy. Bez ohledu na to, datov\u00e1n\u00ed je &#8230; <a title=\"P\u0159eje\u010fte prstem po Seznamovac\u00edch aplikac\u00edch\" class=\"read-more\" href=\"http:\/\/therodnikband.com\/cs\/prejedte-prstem-po-seznamovacich-aplikacich\/\" aria-label=\"V\u00edce na P\u0159eje\u010fte prstem po Seznamovac\u00edch aplikac\u00edch\">\u010c\u00edst d\u00e1l<\/a><\/p>\n","protected":false},"author":1,"featured_media":0,"parent":0,"menu_order":0,"comment_status":"closed","ping_status":"closed","template":"","meta":[],"yoast_head":"<!-- This site is optimized with the Yoast SEO plugin v17.7.1 - https:\/\/yoast.com\/wordpress\/plugins\/seo\/ -->\n<title>P\u0159eje\u010fte prstem po Seznamovac\u00edch aplikac\u00edch - Vyhled\u00e1va\u010d Fling<\/title>\n<meta name=\"robots\" content=\"index, follow, max-snippet:-1, max-image-preview:large, max-video-preview:-1\" \/>\n<link rel=\"canonical\" href=\"http:\/\/therodnikband.com\/cs\/prejedte-prstem-po-seznamovacich-aplikacich\/\" \/>\n<meta property=\"og:locale\" content=\"cs_CZ\" \/>\n<meta property=\"og:type\" content=\"article\" \/>\n<meta property=\"og:title\" content=\"P\u0159eje\u010fte prstem po Seznamovac\u00edch aplikac\u00edch - Vyhled\u00e1va\u010d Fling\" \/>\n<meta property=\"og:description\" content=\"Seznamovac\u00ed aplikace urazily od sv\u00fdch ran\u00fdch inkarnac\u00ed dlouhou cestu. Zat\u00edmco p\u00e1rov\u00e1n\u00ed pomoc\u00ed p\u0159ejet\u00ed prstem je st\u00e1le normou, mnoho z nich se m\u016f\u017ee pochlubit dal\u0161\u00edmi funkcemi, jako jsou dotazn\u00edky, chatovac\u00ed m\u00edstnosti nebo videohovory. N\u011bkte\u0159\u00ed dokonce zcela odstra\u0148uj\u00ed p\u0159ej\u00ed\u017ed\u011bn\u00ed prstem a nab\u00edzej\u00ed alternativy, jako je lajkov\u00e1n\u00ed n\u011b\u010d\u00ed fotografie nebo odesl\u00e1n\u00ed zpr\u00e1vy. Bez ohledu na to, datov\u00e1n\u00ed je ... \u010c\u00edst d\u00e1l\" \/>\n<meta property=\"og:url\" content=\"http:\/\/therodnikband.com\/cs\/prejedte-prstem-po-seznamovacich-aplikacich\/\" \/>\n<meta property=\"og:site_name\" content=\"Vyhled\u00e1va\u010d Fling\" \/>\n<meta property=\"og:image\" content=\"http:\/\/therodnikband.com\/wp-content\/uploads\/2022\/07\/best-dating-websites-1024x683.jpeg\" \/>\n<meta name=\"twitter:card\" content=\"summary_large_image\" \/>\n<meta name=\"twitter:label1\" content=\"Odhadovan\u00e1 doba \u010dten\u00ed\" \/>\n\t<meta name=\"twitter:data1\" content=\"3 minuty\" \/>\n<script type=\"application\/ld+json\" class=\"yoast-schema-graph\">{\"@context\":\"https:\/\/schema.org\",\"@graph\":[{\"@type\":\"WebSite\",\"@id\":\"https:\/\/therodnikband.com\/#website\",\"url\":\"https:\/\/therodnikband.com\/\",\"name\":\"Vyhled\\u00e1va\\u010d Fling\",\"description\":\"Flirtov\\u00e1n\\u00ed, rand\\u011bn\\u00ed a hookup!\",\"potentialAction\":[{\"@type\":\"SearchAction\",\"target\":{\"@type\":\"EntryPoint\",\"urlTemplate\":\"https:\/\/therodnikband.com\/?s={search_term_string}\"},\"query-input\":\"required name=search_term_string\"}],\"inLanguage\":\"cs\"},{\"@type\":\"ImageObject\",\"@id\":\"http:\/\/therodnikband.com\/cs\/prejedte-prstem-po-seznamovacich-aplikacich\/#primaryimage\",\"inLanguage\":\"cs\",\"url\":\"http:\/\/therodnikband.com\/wp-content\/uploads\/2022\/07\/best-dating-websites.jpeg\",\"contentUrl\":\"http:\/\/therodnikband.com\/wp-content\/uploads\/2022\/07\/best-dating-websites.jpeg\",\"width\":2250,\"height\":1500},{\"@type\":\"WebPage\",\"@id\":\"http:\/\/therodnikband.com\/cs\/prejedte-prstem-po-seznamovacich-aplikacich\/#webpage\",\"url\":\"http:\/\/therodnikband.com\/cs\/prejedte-prstem-po-seznamovacich-aplikacich\/\",\"name\":\"P\\u0159eje\\u010fte prstem po Seznamovac\\u00edch aplikac\\u00edch - Vyhled\\u00e1va\\u010d Fling\",\"isPartOf\":{\"@id\":\"https:\/\/therodnikband.com\/#website\"},\"primaryImageOfPage\":{\"@id\":\"http:\/\/therodnikband.com\/cs\/prejedte-prstem-po-seznamovacich-aplikacich\/#primaryimage\"},\"datePublished\":\"2022-07-06T11:17:13+00:00\",\"dateModified\":\"2022-07-06T11:17:13+00:00\",\"breadcrumb\":{\"@id\":\"http:\/\/therodnikband.com\/cs\/prejedte-prstem-po-seznamovacich-aplikacich\/#breadcrumb\"},\"inLanguage\":\"cs\",\"potentialAction\":[{\"@type\":\"ReadAction\",\"target\":[\"http:\/\/therodnikband.com\/cs\/prejedte-prstem-po-seznamovacich-aplikacich\/\"]}]},{\"@type\":\"BreadcrumbList\",\"@id\":\"http:\/\/therodnikband.com\/cs\/prejedte-prstem-po-seznamovacich-aplikacich\/#breadcrumb\",\"itemListElement\":[{\"@type\":\"ListItem\",\"position\":1,\"name\":\"Domov\",\"item\":\"http:\/\/therodnikband.com\/cs\/\"},{\"@type\":\"ListItem\",\"position\":2,\"name\":\"P\\u0159eje\\u010fte prstem po Seznamovac\\u00edch aplikac\\u00edch\"}]}]}<\/script>\n<!-- \/ Yoast SEO plugin. -->","yoast_head_json":{"title":"P\u0159eje\u010fte prstem po Seznamovac\u00edch aplikac\u00edch - Vyhled\u00e1va\u010d Fling","robots":{"index":"index","follow":"follow","max-snippet":"max-snippet:-1","max-image-preview":"max-image-preview:large","max-video-preview":"max-video-preview:-1"},"canonical":"http:\/\/therodnikband.com\/cs\/prejedte-prstem-po-seznamovacich-aplikacich\/","og_locale":"cs_CZ","og_type":"article","og_title":"P\u0159eje\u010fte prstem po Seznamovac\u00edch aplikac\u00edch - Vyhled\u00e1va\u010d Fling","og_description":"Seznamovac\u00ed aplikace urazily od sv\u00fdch ran\u00fdch inkarnac\u00ed dlouhou cestu. Zat\u00edmco p\u00e1rov\u00e1n\u00ed pomoc\u00ed p\u0159ejet\u00ed prstem je st\u00e1le normou, mnoho z nich se m\u016f\u017ee pochlubit dal\u0161\u00edmi funkcemi, jako jsou dotazn\u00edky, chatovac\u00ed m\u00edstnosti nebo videohovory. N\u011bkte\u0159\u00ed dokonce zcela odstra\u0148uj\u00ed p\u0159ej\u00ed\u017ed\u011bn\u00ed prstem a nab\u00edzej\u00ed alternativy, jako je lajkov\u00e1n\u00ed n\u011b\u010d\u00ed fotografie nebo odesl\u00e1n\u00ed zpr\u00e1vy. Bez ohledu na to, datov\u00e1n\u00ed je ... \u010c\u00edst d\u00e1l","og_url":"http:\/\/therodnikband.com\/cs\/prejedte-prstem-po-seznamovacich-aplikacich\/","og_site_name":"Vyhled\u00e1va\u010d Fling","og_image":[{"url":"http:\/\/therodnikband.com\/wp-content\/uploads\/2022\/07\/best-dating-websites-1024x683.jpeg"}],"twitter_card":"summary_large_image","twitter_misc":{"Odhadovan\u00e1 doba \u010dten\u00ed":"3 minuty"},"schema":{"@context":"https:\/\/schema.org","@graph":[{"@type":"WebSite","@id":"https:\/\/therodnikband.com\/#website","url":"https:\/\/therodnikband.com\/","name":"Vyhled\u00e1va\u010d Fling","description":"Flirtov\u00e1n\u00ed, rand\u011bn\u00ed a hookup!","potentialAction":[{"@type":"SearchAction","target":{"@type":"EntryPoint","urlTemplate":"https:\/\/therodnikband.com\/?s={search_term_string}"},"query-input":"required name=search_term_string"}],"inLanguage":"cs"},{"@type":"ImageObject","@id":"http:\/\/therodnikband.com\/cs\/prejedte-prstem-po-seznamovacich-aplikacich\/#primaryimage","inLanguage":"cs","url":"http:\/\/therodnikband.com\/wp-content\/uploads\/2022\/07\/best-dating-websites.jpeg","contentUrl":"http:\/\/therodnikband.com\/wp-content\/uploads\/2022\/07\/best-dating-websites.jpeg","width":2250,"height":1500},{"@type":"WebPage","@id":"http:\/\/therodnikband.com\/cs\/prejedte-prstem-po-seznamovacich-aplikacich\/#webpage","url":"http:\/\/therodnikband.com\/cs\/prejedte-prstem-po-seznamovacich-aplikacich\/","name":"P\u0159eje\u010fte prstem po Seznamovac\u00edch aplikac\u00edch - Vyhled\u00e1va\u010d Fling","isPartOf":{"@id":"https:\/\/therodnikband.com\/#website"},"primaryImageOfPage":{"@id":"http:\/\/therodnikband.com\/cs\/prejedte-prstem-po-seznamovacich-aplikacich\/#primaryimage"},"datePublished":"2022-07-06T11:17:13+00:00","dateModified":"2022-07-06T11:17:13+00:00","breadcrumb":{"@id":"http:\/\/therodnikband.com\/cs\/prejedte-prstem-po-seznamovacich-aplikacich\/#breadcrumb"},"inLanguage":"cs","potentialAction":[{"@type":"ReadAction","target":["http:\/\/therodnikband.com\/cs\/prejedte-prstem-po-seznamovacich-aplikacich\/"]}]},{"@type":"BreadcrumbList","@id":"http:\/\/therodnikband.com\/cs\/prejedte-prstem-po-seznamovacich-aplikacich\/#breadcrumb","itemListElement":[{"@type":"ListItem","position":1,"name":"Domov","item":"http:\/\/therodnikband.com\/cs\/"},{"@type":"ListItem","position":2,"name":"P\u0159eje\u010fte prstem po Seznamovac\u00edch aplikac\u00edch"}]}]}},"_links":{"self":[{"href":"http:\/\/therodnikband.com\/cs\/wp-json\/wp\/v2\/pages\/228"}],"collection":[{"href":"http:\/\/therodnikband.com\/cs\/wp-json\/wp\/v2\/pages"}],"about":[{"href":"http:\/\/therodnikband.com\/cs\/wp-json\/wp\/v2\/types\/page"}],"author":[{"embeddable":true,"href":"http:\/\/therodnikband.com\/cs\/wp-json\/wp\/v2\/users\/1"}],"replies":[{"embeddable":true,"href":"http:\/\/therodnikband.com\/cs\/wp-json\/wp\/v2\/comments?post=228"}],"version-history":[{"count":0,"href":"http:\/\/therodnikband.com\/cs\/wp-json\/wp\/v2\/pages\/228\/revisions"}],"wp:attachment":[{"href":"http:\/\/therodnikband.com\/cs\/wp-json\/wp\/v2\/media?parent=228"}],"curies":[{"name":"wp","href":"https:\/\/api.w.org\/{rel}","templated":true}]}}