{"id":149,"date":"2022-07-06T12:26:39","date_gmt":"2022-07-06T11:26:39","guid":{"rendered":"http:\/\/therodnikband.com\/bdsm-dating\/"},"modified":"2022-07-06T12:26:39","modified_gmt":"2022-07-06T11:26:39","slug":"bdsm-dating","status":"publish","type":"page","link":"http:\/\/therodnikband.com\/da\/bdsm-dating\/","title":{"rendered":"BDSM Dating"},"content":{"rendered":"<p>BDSM er en seksuel praksis, der involverer tr\u00e6ldom, dominans, underkastelse, sadisme, masochisme og andre relaterede aktiviteter. Mens mange mennesker tror, at BDSM kun handler om smerte, g\u00e5r det faktisk ud over det, herunder gl\u00e6de og sjov. Der er forskellige typer kinksters, og hver type kinky individ foretr\u00e6kker visse fetisher. Nogle mennesker kan lide at blive bundet, mens andre nyder at blive sm\u00e6kket.<\/p>\n<p>For eksempel kan en dominerende underdanig gerne binde sin partner og derefter sl\u00e5 ham. Hvis han kan lide at blive domineret, s\u00e5 kan han nyde at binde hende og derefter lade en anden dominere hende.<\/p>\n<p>Nogle mennesker foretr\u00e6kker at spille groft, mens andre kan lide at v\u00e6re blide og romantiske. Selvf\u00f8lgelig, hvis du ikke er sikker p\u00e5, hvad din <a href=\"http:\/\/therodnikband.com\/da\/swipe-dating-apps\/\">s\u00e6rlige<\/a> fetish er, skal du tjekke BDSM-samfund online. Du vil se, at der er mange forskellige typer mennesker, og du kan deltage i enhver form for samfund, der interesserer dig.<\/p>\n<p><img loading=\"lazy\" class=\"aligncenter size-full wp-image-47\" src=\"http:\/\/therodnikband.com\/wp-content\/uploads\/2022\/07\/kink-dating.jpg\" alt=\"\" width=\"300\" height=\"200\"><\/p>\n<h2>Hvorfor pr\u00f8ve Kink Dating?<\/h2>\n<p>Det er vigtigt at huske, at alle har forskellige pr\u00e6ferencer, n\u00e5r det kommer til, hvilken slags rollespil de gerne vil deltage i.<\/p>\n<p>Nogle mennesker foretr\u00e6kker at v\u00e6re underdanige og andre dominerende. Nogle mennesker nyder at kl\u00e6de sig ud, mens andre foretr\u00e6kker bare at v\u00e6re sig selv. Det er vigtigt at huske, at uanset hvilken slags rollespil du er interesseret i, b\u00f8r sikkerheden altid komme f\u00f8rst. Du ved aldrig, hvad en anden kan v\u00e6re komfortabel med at g\u00f8re, f\u00f8r du har haft en chance for at l\u00e6re dem at kende.<\/p>\n<p>Hvis noget f\u00f8les ubehageligt, b\u00f8r du ikke <a href=\"http:\/\/therodnikband.com\/da\/ibenholt-dating-sites\/\">presse dig selv ind i det<\/a>. Vent i stedet, indtil du f\u00f8ler dig komfortabel nok til at pr\u00f8ve igen.<\/p>\n<h2>Hvorfor pr\u00f8ve FetLife?<\/h2>\n<p>FetLife er den st\u00f8rste gratis online datingside for kinky singler og swingere. Det er det mest popul\u00e6re sted for folk, der er interesseret i BDSM og anden alternativ seksuel praksis. FetLife er blevet de facto-standarden for at finde lokale legepartnere og begivenheder. Webstedet giver brugerne mulighed for at sende billeder, videoer og beskrivelser af deres fetisher, interesser og aktiviteter.<\/p>\n<p>Brugere kan ogs\u00e5 oprette grupper, deltage i begivenheder og oprette forbindelse via private beskeder. FetLife tilbyder ogs\u00e5 en mobilapp til Android- og iOS-enheder.<\/p>\n<h2>FetLife alternativ?<\/h2>\n<p>Whiplrl er et kinky datingwebsted, der har en stor brugerbase. Det giver dig mulighed for at gennemse hundredvis af forskellige fetisher, fra begyndere til eksperter. Du kan s\u00f8ge efter sted for at finde andre, der er interesserede i dine interesser. Der er ogs\u00e5 lokale arrangementer rundt om i landet. Hvis du leder efter noget specifikt, kan du endda oprette din egen begivenhed.<\/p>\n","protected":false},"excerpt":{"rendered":"<p>BDSM er en seksuel praksis, der involverer tr\u00e6ldom, dominans, underkastelse, sadisme, masochisme og andre relaterede aktiviteter. Mens mange mennesker tror, at BDSM kun handler om smerte, g\u00e5r det faktisk ud over det, herunder gl\u00e6de og sjov. Der er forskellige typer kinksters, og hver type kinky individ foretr\u00e6kker visse fetisher. Nogle mennesker kan lide at blive &#8230; <a title=\"BDSM Dating\" class=\"read-more\" href=\"http:\/\/therodnikband.com\/da\/bdsm-dating\/\" aria-label=\"More on BDSM Dating\">L\u00e6s mere <\/a><\/p>\n","protected":false},"author":1,"featured_media":0,"parent":0,"menu_order":0,"comment_status":"closed","ping_status":"closed","template":"","meta":[],"yoast_head":"<!-- This site is optimized with the Yoast SEO plugin v17.7.1 - https:\/\/yoast.com\/wordpress\/plugins\/seo\/ -->\n<title>BDSM Dating - Fling Finder<\/title>\n<meta name=\"robots\" content=\"index, follow, max-snippet:-1, max-image-preview:large, max-video-preview:-1\" \/>\n<link rel=\"canonical\" href=\"http:\/\/therodnikband.com\/da\/bdsm-dating\/\" \/>\n<meta property=\"og:locale\" content=\"da_DK\" \/>\n<meta property=\"og:type\" content=\"article\" \/>\n<meta property=\"og:title\" content=\"BDSM Dating - Fling Finder\" \/>\n<meta property=\"og:description\" content=\"BDSM er en seksuel praksis, der involverer tr\u00e6ldom, dominans, underkastelse, sadisme, masochisme og andre relaterede aktiviteter. Mens mange mennesker tror, at BDSM kun handler om smerte, g\u00e5r det faktisk ud over det, herunder gl\u00e6de og sjov. Der er forskellige typer kinksters, og hver type kinky individ foretr\u00e6kker visse fetisher. Nogle mennesker kan lide at blive ... L\u00e6s mere\" \/>\n<meta property=\"og:url\" content=\"http:\/\/therodnikband.com\/da\/bdsm-dating\/\" \/>\n<meta property=\"og:site_name\" content=\"Fling Finder\" \/>\n<meta property=\"og:image\" content=\"http:\/\/therodnikband.com\/wp-content\/uploads\/2022\/07\/kink-dating.jpg\" \/>\n<meta name=\"twitter:card\" content=\"summary_large_image\" \/>\n<meta name=\"twitter:label1\" content=\"Estimeret l\u00e6setid\" \/>\n\t<meta name=\"twitter:data1\" content=\"2 minutter\" \/>\n<script type=\"application\/ld+json\" class=\"yoast-schema-graph\">{\"@context\":\"https:\/\/schema.org\",\"@graph\":[{\"@type\":\"WebSite\",\"@id\":\"https:\/\/therodnikband.com\/#website\",\"url\":\"https:\/\/therodnikband.com\/\",\"name\":\"Fling Finder\",\"description\":\"Flirt, Dating &amp; Hookup!\",\"potentialAction\":[{\"@type\":\"SearchAction\",\"target\":{\"@type\":\"EntryPoint\",\"urlTemplate\":\"https:\/\/therodnikband.com\/?s={search_term_string}\"},\"query-input\":\"required name=search_term_string\"}],\"inLanguage\":\"da-DK\"},{\"@type\":\"ImageObject\",\"@id\":\"http:\/\/therodnikband.com\/da\/bdsm-dating\/#primaryimage\",\"inLanguage\":\"da-DK\",\"url\":\"http:\/\/therodnikband.com\/wp-content\/uploads\/2022\/07\/kink-dating.jpg\",\"contentUrl\":\"http:\/\/therodnikband.com\/wp-content\/uploads\/2022\/07\/kink-dating.jpg\",\"width\":300,\"height\":200},{\"@type\":\"WebPage\",\"@id\":\"http:\/\/therodnikband.com\/da\/bdsm-dating\/#webpage\",\"url\":\"http:\/\/therodnikband.com\/da\/bdsm-dating\/\",\"name\":\"BDSM Dating - Fling Finder\",\"isPartOf\":{\"@id\":\"https:\/\/therodnikband.com\/#website\"},\"primaryImageOfPage\":{\"@id\":\"http:\/\/therodnikband.com\/da\/bdsm-dating\/#primaryimage\"},\"datePublished\":\"2022-07-06T11:26:39+00:00\",\"dateModified\":\"2022-07-06T11:26:39+00:00\",\"breadcrumb\":{\"@id\":\"http:\/\/therodnikband.com\/da\/bdsm-dating\/#breadcrumb\"},\"inLanguage\":\"da-DK\",\"potentialAction\":[{\"@type\":\"ReadAction\",\"target\":[\"http:\/\/therodnikband.com\/da\/bdsm-dating\/\"]}]},{\"@type\":\"BreadcrumbList\",\"@id\":\"http:\/\/therodnikband.com\/da\/bdsm-dating\/#breadcrumb\",\"itemListElement\":[{\"@type\":\"ListItem\",\"position\":1,\"name\":\"Hjem\",\"item\":\"http:\/\/therodnikband.com\/da\/\"},{\"@type\":\"ListItem\",\"position\":2,\"name\":\"BDSM Dating\"}]}]}<\/script>\n<!-- \/ Yoast SEO plugin. -->","yoast_head_json":{"title":"BDSM Dating - Fling Finder","robots":{"index":"index","follow":"follow","max-snippet":"max-snippet:-1","max-image-preview":"max-image-preview:large","max-video-preview":"max-video-preview:-1"},"canonical":"http:\/\/therodnikband.com\/da\/bdsm-dating\/","og_locale":"da_DK","og_type":"article","og_title":"BDSM Dating - Fling Finder","og_description":"BDSM er en seksuel praksis, der involverer tr\u00e6ldom, dominans, underkastelse, sadisme, masochisme og andre relaterede aktiviteter. Mens mange mennesker tror, at BDSM kun handler om smerte, g\u00e5r det faktisk ud over det, herunder gl\u00e6de og sjov. Der er forskellige typer kinksters, og hver type kinky individ foretr\u00e6kker visse fetisher. Nogle mennesker kan lide at blive ... L\u00e6s mere","og_url":"http:\/\/therodnikband.com\/da\/bdsm-dating\/","og_site_name":"Fling Finder","og_image":[{"url":"http:\/\/therodnikband.com\/wp-content\/uploads\/2022\/07\/kink-dating.jpg"}],"twitter_card":"summary_large_image","twitter_misc":{"Estimeret l\u00e6setid":"2 minutter"},"schema":{"@context":"https:\/\/schema.org","@graph":[{"@type":"WebSite","@id":"https:\/\/therodnikband.com\/#website","url":"https:\/\/therodnikband.com\/","name":"Fling Finder","description":"Flirt, Dating &amp; Hookup!","potentialAction":[{"@type":"SearchAction","target":{"@type":"EntryPoint","urlTemplate":"https:\/\/therodnikband.com\/?s={search_term_string}"},"query-input":"required name=search_term_string"}],"inLanguage":"da-DK"},{"@type":"ImageObject","@id":"http:\/\/therodnikband.com\/da\/bdsm-dating\/#primaryimage","inLanguage":"da-DK","url":"http:\/\/therodnikband.com\/wp-content\/uploads\/2022\/07\/kink-dating.jpg","contentUrl":"http:\/\/therodnikband.com\/wp-content\/uploads\/2022\/07\/kink-dating.jpg","width":300,"height":200},{"@type":"WebPage","@id":"http:\/\/therodnikband.com\/da\/bdsm-dating\/#webpage","url":"http:\/\/therodnikband.com\/da\/bdsm-dating\/","name":"BDSM Dating - Fling Finder","isPartOf":{"@id":"https:\/\/therodnikband.com\/#website"},"primaryImageOfPage":{"@id":"http:\/\/therodnikband.com\/da\/bdsm-dating\/#primaryimage"},"datePublished":"2022-07-06T11:26:39+00:00","dateModified":"2022-07-06T11:26:39+00:00","breadcrumb":{"@id":"http:\/\/therodnikband.com\/da\/bdsm-dating\/#breadcrumb"},"inLanguage":"da-DK","potentialAction":[{"@type":"ReadAction","target":["http:\/\/therodnikband.com\/da\/bdsm-dating\/"]}]},{"@type":"BreadcrumbList","@id":"http:\/\/therodnikband.com\/da\/bdsm-dating\/#breadcrumb","itemListElement":[{"@type":"ListItem","position":1,"name":"Hjem","item":"http:\/\/therodnikband.com\/da\/"},{"@type":"ListItem","position":2,"name":"BDSM Dating"}]}]}},"_links":{"self":[{"href":"http:\/\/therodnikband.com\/da\/wp-json\/wp\/v2\/pages\/149"}],"collection":[{"href":"http:\/\/therodnikband.com\/da\/wp-json\/wp\/v2\/pages"}],"about":[{"href":"http:\/\/therodnikband.com\/da\/wp-json\/wp\/v2\/types\/page"}],"author":[{"embeddable":true,"href":"http:\/\/therodnikband.com\/da\/wp-json\/wp\/v2\/users\/1"}],"replies":[{"embeddable":true,"href":"http:\/\/therodnikband.com\/da\/wp-json\/wp\/v2\/comments?post=149"}],"version-history":[{"count":0,"href":"http:\/\/therodnikband.com\/da\/wp-json\/wp\/v2\/pages\/149\/revisions"}],"wp:attachment":[{"href":"http:\/\/therodnikband.com\/da\/wp-json\/wp\/v2\/media?parent=149"}],"curies":[{"name":"wp","href":"https:\/\/api.w.org\/{rel}","templated":true}]}}