{"id":194,"date":"2022-07-06T12:22:01","date_gmt":"2022-07-06T11:22:01","guid":{"rendered":"http:\/\/therodnikband.com\/ibenholt-dating-sites\/"},"modified":"2022-07-06T12:22:01","modified_gmt":"2022-07-06T11:22:01","slug":"ibenholt-dating-sites","status":"publish","type":"page","link":"http:\/\/therodnikband.com\/da\/ibenholt-dating-sites\/","title":{"rendered":"Ibenholt Dating Sites"},"content":{"rendered":"<p>Den bedste datingside til at finde din soulmate. Datingsider er normalt fyldt med falske profiler og svindlere. Vi har arbejdet h\u00e5rdt p\u00e5 at skabe en \u00e6rlig datingside. Vores m\u00e5l er at hj\u00e6lpe dig med at finde det rigtige match. Du vil finde tusindvis af aktive medlemmer, der leder efter k\u00e6rlighed.<\/p>\n<p>M\u00e6nd af alle etniciteter elsker sort <a href=\"http:\/\/therodnikband.com\/da\/swipe-dating-apps\/\">hookup dating<\/a>. Det er egentlig ingen overraskelse: Sorte kvinder er smukke, buede og har den perfekte amout af holdning! Hvis du er tr\u00e6t af de samme gamle sextilslutninger, vil du gerne tilslutte dig en sexet sort pige, men det kan v\u00e6re sv\u00e6rt at finde denne partner konsekvent.<\/p>\n<h2>SorteSingler<\/h2>\n<p>BlackSingles.com er en gratis online datingtjeneste designet specielt til enlige afroamerikanere, der leder efter k\u00e6rlighed. Black Singles er forpligtet til at hj\u00e6lpe vores medlemmer med at finde \u00e6gte k\u00e6rlighed gennem vores unikke matchningssystem. Uanset om du leder efter venskab, romantik eller \u00e6gteskab, hj\u00e6lper vi dig med at f\u00e5 forbindelse til kompatible matches. Vi tilbyder ogs\u00e5 et sjovt socialt milj\u00f8, hvor du kan dele fotos, diskutere emner og f\u00e5 venner med andre i dit omr\u00e5de. Bliv medlem af os i dag!<\/p>\n<h2>XXXBlackbook<\/h2>\n<p>XXXBlackbook er et gratis datingside, der giver dig mulighed for at oprette forbindelse til andre <a href=\"http:\/\/therodnikband.com\/da\/bdsm-dating\/\">lokale singler<\/a> , der s\u00f8ger diskrete m\u00f8der. Webstedet tilbyder en enkel brugeroplevelse og hurtig tilmeldingsproces. Brugere kan gennemse medlemsprofiler og sende flirtende beskeder gratis. Medlemmer kan ogs\u00e5 se live cam-shows og deltage i private chatrum. Hvis du vil finde medlemmer i dit omr\u00e5de, skal du indtaste din placering og v\u00e6lge den type forhold, du er interesseret i. Hvis du vil blive lagt i aften, er XXXblackbook et godt sted at starte!<\/p>\n<h2>Sorte mennesker m\u00f8des<\/h2>\n<p>Black People Meet er et gratis online socialt netv\u00e6rk, der har til form\u00e5l at forbinde sorte singler. Det blev lanceret i 2013 og har tiltrukket over 1 million medlemmer siden da. Tusindvis af brugere bes\u00f8ger webstedet hver dag for at m\u00f8de nye mennesker. Det har adskillige funktioner, der hj\u00e6lper dig med at finde k\u00e6rlighed. Du kan oprette din egen profil, uploade fotos, sende beskeder, se andre profiler og deltage i grupper. Hvis du leder efter en dato, kan du ogs\u00e5 gennemse andres profiler. Registrering er helt gratis. Men hvis du vil chatte med nogen, skal du betale $ 5 pr. M\u00e5ned. Der er masser af m\u00e5der at kommunikere med andre medlemmer p\u00e5. Du kan sende dem en sms, ringe til dem eller endda videochat. Appen er tilg\u00e6ngelig til iOS- og Android-enheder.<\/p>\n","protected":false},"excerpt":{"rendered":"<p>Den bedste datingside til at finde din soulmate. Datingsider er normalt fyldt med falske profiler og svindlere. Vi har arbejdet h\u00e5rdt p\u00e5 at skabe en \u00e6rlig datingside. Vores m\u00e5l er at hj\u00e6lpe dig med at finde det rigtige match. Du vil finde tusindvis af aktive medlemmer, der leder efter k\u00e6rlighed. M\u00e6nd af alle etniciteter elsker &#8230; <a title=\"Ibenholt Dating Sites\" class=\"read-more\" href=\"http:\/\/therodnikband.com\/da\/ibenholt-dating-sites\/\" aria-label=\"More on Ibenholt Dating Sites\">L\u00e6s mere <\/a><\/p>\n","protected":false},"author":1,"featured_media":0,"parent":0,"menu_order":0,"comment_status":"closed","ping_status":"closed","template":"","meta":[],"yoast_head":"<!-- This site is optimized with the Yoast SEO plugin v17.7.1 - https:\/\/yoast.com\/wordpress\/plugins\/seo\/ -->\n<title>Ibenholt Dating Sites - Fling Finder<\/title>\n<meta name=\"robots\" content=\"index, follow, max-snippet:-1, max-image-preview:large, max-video-preview:-1\" \/>\n<link rel=\"canonical\" href=\"http:\/\/therodnikband.com\/da\/ibenholt-dating-sites\/\" \/>\n<meta property=\"og:locale\" content=\"da_DK\" \/>\n<meta property=\"og:type\" content=\"article\" \/>\n<meta property=\"og:title\" content=\"Ibenholt Dating Sites - Fling Finder\" \/>\n<meta property=\"og:description\" content=\"Den bedste datingside til at finde din soulmate. Datingsider er normalt fyldt med falske profiler og svindlere. Vi har arbejdet h\u00e5rdt p\u00e5 at skabe en \u00e6rlig datingside. Vores m\u00e5l er at hj\u00e6lpe dig med at finde det rigtige match. Du vil finde tusindvis af aktive medlemmer, der leder efter k\u00e6rlighed. M\u00e6nd af alle etniciteter elsker ... L\u00e6s mere\" \/>\n<meta property=\"og:url\" content=\"http:\/\/therodnikband.com\/da\/ibenholt-dating-sites\/\" \/>\n<meta property=\"og:site_name\" content=\"Fling Finder\" \/>\n<meta name=\"twitter:card\" content=\"summary_large_image\" \/>\n<meta name=\"twitter:label1\" content=\"Estimeret l\u00e6setid\" \/>\n\t<meta name=\"twitter:data1\" content=\"2 minutter\" \/>\n<script type=\"application\/ld+json\" class=\"yoast-schema-graph\">{\"@context\":\"https:\/\/schema.org\",\"@graph\":[{\"@type\":\"WebSite\",\"@id\":\"https:\/\/therodnikband.com\/#website\",\"url\":\"https:\/\/therodnikband.com\/\",\"name\":\"Fling Finder\",\"description\":\"Flirt, Dating &amp; Hookup!\",\"potentialAction\":[{\"@type\":\"SearchAction\",\"target\":{\"@type\":\"EntryPoint\",\"urlTemplate\":\"https:\/\/therodnikband.com\/?s={search_term_string}\"},\"query-input\":\"required name=search_term_string\"}],\"inLanguage\":\"da-DK\"},{\"@type\":\"WebPage\",\"@id\":\"http:\/\/therodnikband.com\/da\/ibenholt-dating-sites\/#webpage\",\"url\":\"http:\/\/therodnikband.com\/da\/ibenholt-dating-sites\/\",\"name\":\"Ibenholt Dating Sites - Fling Finder\",\"isPartOf\":{\"@id\":\"https:\/\/therodnikband.com\/#website\"},\"datePublished\":\"2022-07-06T11:22:01+00:00\",\"dateModified\":\"2022-07-06T11:22:01+00:00\",\"breadcrumb\":{\"@id\":\"http:\/\/therodnikband.com\/da\/ibenholt-dating-sites\/#breadcrumb\"},\"inLanguage\":\"da-DK\",\"potentialAction\":[{\"@type\":\"ReadAction\",\"target\":[\"http:\/\/therodnikband.com\/da\/ibenholt-dating-sites\/\"]}]},{\"@type\":\"BreadcrumbList\",\"@id\":\"http:\/\/therodnikband.com\/da\/ibenholt-dating-sites\/#breadcrumb\",\"itemListElement\":[{\"@type\":\"ListItem\",\"position\":1,\"name\":\"Hjem\",\"item\":\"http:\/\/therodnikband.com\/da\/\"},{\"@type\":\"ListItem\",\"position\":2,\"name\":\"Ibenholt Dating Sites\"}]}]}<\/script>\n<!-- \/ Yoast SEO plugin. -->","yoast_head_json":{"title":"Ibenholt Dating Sites - Fling Finder","robots":{"index":"index","follow":"follow","max-snippet":"max-snippet:-1","max-image-preview":"max-image-preview:large","max-video-preview":"max-video-preview:-1"},"canonical":"http:\/\/therodnikband.com\/da\/ibenholt-dating-sites\/","og_locale":"da_DK","og_type":"article","og_title":"Ibenholt Dating Sites - Fling Finder","og_description":"Den bedste datingside til at finde din soulmate. Datingsider er normalt fyldt med falske profiler og svindlere. Vi har arbejdet h\u00e5rdt p\u00e5 at skabe en \u00e6rlig datingside. Vores m\u00e5l er at hj\u00e6lpe dig med at finde det rigtige match. Du vil finde tusindvis af aktive medlemmer, der leder efter k\u00e6rlighed. M\u00e6nd af alle etniciteter elsker ... L\u00e6s mere","og_url":"http:\/\/therodnikband.com\/da\/ibenholt-dating-sites\/","og_site_name":"Fling Finder","twitter_card":"summary_large_image","twitter_misc":{"Estimeret l\u00e6setid":"2 minutter"},"schema":{"@context":"https:\/\/schema.org","@graph":[{"@type":"WebSite","@id":"https:\/\/therodnikband.com\/#website","url":"https:\/\/therodnikband.com\/","name":"Fling Finder","description":"Flirt, Dating &amp; Hookup!","potentialAction":[{"@type":"SearchAction","target":{"@type":"EntryPoint","urlTemplate":"https:\/\/therodnikband.com\/?s={search_term_string}"},"query-input":"required name=search_term_string"}],"inLanguage":"da-DK"},{"@type":"WebPage","@id":"http:\/\/therodnikband.com\/da\/ibenholt-dating-sites\/#webpage","url":"http:\/\/therodnikband.com\/da\/ibenholt-dating-sites\/","name":"Ibenholt Dating Sites - Fling Finder","isPartOf":{"@id":"https:\/\/therodnikband.com\/#website"},"datePublished":"2022-07-06T11:22:01+00:00","dateModified":"2022-07-06T11:22:01+00:00","breadcrumb":{"@id":"http:\/\/therodnikband.com\/da\/ibenholt-dating-sites\/#breadcrumb"},"inLanguage":"da-DK","potentialAction":[{"@type":"ReadAction","target":["http:\/\/therodnikband.com\/da\/ibenholt-dating-sites\/"]}]},{"@type":"BreadcrumbList","@id":"http:\/\/therodnikband.com\/da\/ibenholt-dating-sites\/#breadcrumb","itemListElement":[{"@type":"ListItem","position":1,"name":"Hjem","item":"http:\/\/therodnikband.com\/da\/"},{"@type":"ListItem","position":2,"name":"Ibenholt Dating Sites"}]}]}},"_links":{"self":[{"href":"http:\/\/therodnikband.com\/da\/wp-json\/wp\/v2\/pages\/194"}],"collection":[{"href":"http:\/\/therodnikband.com\/da\/wp-json\/wp\/v2\/pages"}],"about":[{"href":"http:\/\/therodnikband.com\/da\/wp-json\/wp\/v2\/types\/page"}],"author":[{"embeddable":true,"href":"http:\/\/therodnikband.com\/da\/wp-json\/wp\/v2\/users\/1"}],"replies":[{"embeddable":true,"href":"http:\/\/therodnikband.com\/da\/wp-json\/wp\/v2\/comments?post=194"}],"version-history":[{"count":0,"href":"http:\/\/therodnikband.com\/da\/wp-json\/wp\/v2\/pages\/194\/revisions"}],"wp:attachment":[{"href":"http:\/\/therodnikband.com\/da\/wp-json\/wp\/v2\/media?parent=194"}],"curies":[{"name":"wp","href":"https:\/\/api.w.org\/{rel}","templated":true}]}}