{"id":203,"date":"2022-07-06T12:17:13","date_gmt":"2022-07-06T11:17:13","guid":{"rendered":"http:\/\/therodnikband.com\/swipe-dating-apps\/"},"modified":"2022-07-06T12:17:13","modified_gmt":"2022-07-06T11:17:13","slug":"swipe-dating-apps","status":"publish","type":"page","link":"http:\/\/therodnikband.com\/da\/swipe-dating-apps\/","title":{"rendered":"Swipe Dating Apps"},"content":{"rendered":"<p>Dating apps er kommet langt siden deres tidlige inkarnationer. Mens matchning via swiping stadig er normen, kan mange prale af yderligere funktioner s\u00e5som sp\u00f8rgeskemaer, chatrum eller videoopkald. Nogle fjerner endda helt med at stryge og tilbyder alternativer som at lide en persons foto eller sende dem en besked. Uanset hvad er dating i det v\u00e6sentlige i din h\u00e5ndflade.<\/p>\n<p>Uanset om du \u00f8nsker at m\u00f8de nogen tilf\u00e6ldigt eller et <a href=\"http:\/\/therodnikband.com\/da\/ibenholt-dating-sites\/\">seri\u00f8st forhold<\/a> &#8211; der er en app til det. Det er dog vigtigt at pr\u00f8ve et par stykker, f\u00f8r du finder den rigtige pasform. Vi har sparet dig for at s\u00f8ge ved at samle de bedste datingapps til Android og s\u00f8rge for, at du f\u00e5r det bedste match til dine behov.<\/p>\n<p><img loading=\"lazy\" class=\"aligncenter wp-image-43\" src=\"http:\/\/therodnikband.com\/wp-content\/uploads\/2022\/07\/best-dating-websites-1024x683.jpeg\" alt=\"\" width=\"630\" height=\"420\" srcset=\"http:\/\/therodnikband.com\/wp-content\/uploads\/2022\/07\/best-dating-websites-1024x683.jpeg 1024w, http:\/\/therodnikband.com\/wp-content\/uploads\/2022\/07\/best-dating-websites-300x200.jpeg 300w, http:\/\/therodnikband.com\/wp-content\/uploads\/2022\/07\/best-dating-websites-768x512.jpeg 768w, http:\/\/therodnikband.com\/wp-content\/uploads\/2022\/07\/best-dating-websites-1536x1024.jpeg 1536w, http:\/\/therodnikband.com\/wp-content\/uploads\/2022\/07\/best-dating-websites-2048x1365.jpeg 2048w\" sizes=\"(max-width: 630px) 100vw, 630px\" \/><\/p>\n<h2>Kaffe m\u00f8der bagel<\/h2>\n<p>Coffee Meets Bagel er en mobilapp, der giver brugerne mulighed for at m\u00f8de andre singler i n\u00e6rheden. Brugere kan gennemse <a href=\"http:\/\/therodnikband.com\/da\/bdsm-dating\/\">forskellige kategorier<\/a>, herunder alder, placering, religion, uddannelse, erhverv, forholdsstatus og mere. N\u00e5r du har fundet nogen, du kan lide, kan du begynde at chatte og sende beskeder. Du kan ogs\u00e5 indstille dine pr\u00e6ferencer, f.eks. hvilken type dato du leder efter. Hvis I begge f\u00f8ler jer godt tilpas nok, kan I derefter arrangere en kaffedate.<\/p>\n<h2>Bumble<\/h2>\n<p>Bumble h\u00e6vder at v\u00e6re anderledes end andre datingapps, fordi det ikke kr\u00e6ver, at brugerne stryger til h\u00f8jre for at kunne lide nogen. I stedet sender du dem blot en besked. Hvis de ikke er interesserede, ignorerer de dine beskeder. Og hvis de er interesserede, svarer de. Du kan ogs\u00e5 tilf\u00f8je et par ekstra detaljer for at \u00f8ge dine chancer for at f\u00e5 et svar. For at fremme gensidig interesse kan du v\u00e6lge at dele et billede af dig selv, tagge din placering eller n\u00e6vne noget om din personlighed.<\/p>\n<h2>HENDES<\/h2>\n<p>HER er en datingapp, der forbinder brugerne via en simpel gr\u00e6nseflade. Du kan enten s\u00f8ge efter nogen i n\u00e6rheden eller gennemse profiler for andre brugere. N\u00e5r du har fundet dit match, kan du chatte eller udveksle beskeder. Hvis I begge har lyst til at l\u00e6re hinanden bedre at kende, kan I begynde at chatte.<\/p>\n<p>N\u00e5r du har talt lidt, kan du beslutte, om du vil forts\u00e6tte med at tale. Hvis du kan lide det, du ser, kan du sende dem et &#8220;hjerte&#8221; &#8211; et positivt tegn p\u00e5, at du synes, de er s\u00f8de nok til at g\u00e5 ud med. Hvis du ikke g\u00f8r det, kan du lade det v\u00e6re tomt.<\/p>\n<p>N\u00e5r du modtager et hjerte, kan du v\u00e6lge at svare med et smilende ansigt, en tommelfinger op, en tommelfinger ned, et kys, en fist bump eller slet ingenting.<\/p>\n<h2>Vores R\u00e5dgivning<\/h2>\n<p>Hvis du leder efter en datingapp, der ikke kr\u00e6ver et medlemsgebyr, er der masser derude. Happn, Bumble og Tinder er blot nogle f\u00e5 af dem. Men hvis du kan lide ideen om at betale for at chatte med nogen, du har lyst til, s\u00e5 kan Match v\u00e6re det rigtige for dig.<\/p>\n","protected":false},"excerpt":{"rendered":"<p>Dating apps er kommet langt siden deres tidlige inkarnationer. Mens matchning via swiping stadig er normen, kan mange prale af yderligere funktioner s\u00e5som sp\u00f8rgeskemaer, chatrum eller videoopkald. Nogle fjerner endda helt med at stryge og tilbyder alternativer som at lide en persons foto eller sende dem en besked. Uanset hvad er dating i det v\u00e6sentlige &#8230; <a title=\"Swipe Dating Apps\" class=\"read-more\" href=\"http:\/\/therodnikband.com\/da\/swipe-dating-apps\/\" aria-label=\"More on Swipe Dating Apps\">L\u00e6s mere <\/a><\/p>\n","protected":false},"author":1,"featured_media":0,"parent":0,"menu_order":0,"comment_status":"closed","ping_status":"closed","template":"","meta":[],"yoast_head":"<!-- This site is optimized with the Yoast SEO plugin v17.7.1 - https:\/\/yoast.com\/wordpress\/plugins\/seo\/ -->\n<title>Swipe Dating Apps - Fling Finder<\/title>\n<meta name=\"robots\" content=\"index, follow, max-snippet:-1, max-image-preview:large, max-video-preview:-1\" \/>\n<link rel=\"canonical\" href=\"http:\/\/therodnikband.com\/da\/swipe-dating-apps\/\" \/>\n<meta property=\"og:locale\" content=\"da_DK\" \/>\n<meta property=\"og:type\" content=\"article\" \/>\n<meta property=\"og:title\" content=\"Swipe Dating Apps - Fling Finder\" \/>\n<meta property=\"og:description\" content=\"Dating apps er kommet langt siden deres tidlige inkarnationer. Mens matchning via swiping stadig er normen, kan mange prale af yderligere funktioner s\u00e5som sp\u00f8rgeskemaer, chatrum eller videoopkald. Nogle fjerner endda helt med at stryge og tilbyder alternativer som at lide en persons foto eller sende dem en besked. Uanset hvad er dating i det v\u00e6sentlige ... L\u00e6s mere\" \/>\n<meta property=\"og:url\" content=\"http:\/\/therodnikband.com\/da\/swipe-dating-apps\/\" \/>\n<meta property=\"og:site_name\" content=\"Fling Finder\" \/>\n<meta property=\"og:image\" content=\"http:\/\/therodnikband.com\/wp-content\/uploads\/2022\/07\/best-dating-websites-1024x683.jpeg\" \/>\n<meta name=\"twitter:card\" content=\"summary_large_image\" \/>\n<meta name=\"twitter:label1\" content=\"Estimeret l\u00e6setid\" \/>\n\t<meta name=\"twitter:data1\" content=\"3 minutter\" \/>\n<script type=\"application\/ld+json\" class=\"yoast-schema-graph\">{\"@context\":\"https:\/\/schema.org\",\"@graph\":[{\"@type\":\"WebSite\",\"@id\":\"https:\/\/therodnikband.com\/#website\",\"url\":\"https:\/\/therodnikband.com\/\",\"name\":\"Fling Finder\",\"description\":\"Flirt, Dating &amp; Hookup!\",\"potentialAction\":[{\"@type\":\"SearchAction\",\"target\":{\"@type\":\"EntryPoint\",\"urlTemplate\":\"https:\/\/therodnikband.com\/?s={search_term_string}\"},\"query-input\":\"required name=search_term_string\"}],\"inLanguage\":\"da-DK\"},{\"@type\":\"ImageObject\",\"@id\":\"http:\/\/therodnikband.com\/da\/swipe-dating-apps\/#primaryimage\",\"inLanguage\":\"da-DK\",\"url\":\"http:\/\/therodnikband.com\/wp-content\/uploads\/2022\/07\/best-dating-websites.jpeg\",\"contentUrl\":\"http:\/\/therodnikband.com\/wp-content\/uploads\/2022\/07\/best-dating-websites.jpeg\",\"width\":2250,\"height\":1500},{\"@type\":\"WebPage\",\"@id\":\"http:\/\/therodnikband.com\/da\/swipe-dating-apps\/#webpage\",\"url\":\"http:\/\/therodnikband.com\/da\/swipe-dating-apps\/\",\"name\":\"Swipe Dating Apps - Fling Finder\",\"isPartOf\":{\"@id\":\"https:\/\/therodnikband.com\/#website\"},\"primaryImageOfPage\":{\"@id\":\"http:\/\/therodnikband.com\/da\/swipe-dating-apps\/#primaryimage\"},\"datePublished\":\"2022-07-06T11:17:13+00:00\",\"dateModified\":\"2022-07-06T11:17:13+00:00\",\"breadcrumb\":{\"@id\":\"http:\/\/therodnikband.com\/da\/swipe-dating-apps\/#breadcrumb\"},\"inLanguage\":\"da-DK\",\"potentialAction\":[{\"@type\":\"ReadAction\",\"target\":[\"http:\/\/therodnikband.com\/da\/swipe-dating-apps\/\"]}]},{\"@type\":\"BreadcrumbList\",\"@id\":\"http:\/\/therodnikband.com\/da\/swipe-dating-apps\/#breadcrumb\",\"itemListElement\":[{\"@type\":\"ListItem\",\"position\":1,\"name\":\"Hjem\",\"item\":\"http:\/\/therodnikband.com\/da\/\"},{\"@type\":\"ListItem\",\"position\":2,\"name\":\"Swipe Dating Apps\"}]}]}<\/script>\n<!-- \/ Yoast SEO plugin. -->","yoast_head_json":{"title":"Swipe Dating Apps - Fling Finder","robots":{"index":"index","follow":"follow","max-snippet":"max-snippet:-1","max-image-preview":"max-image-preview:large","max-video-preview":"max-video-preview:-1"},"canonical":"http:\/\/therodnikband.com\/da\/swipe-dating-apps\/","og_locale":"da_DK","og_type":"article","og_title":"Swipe Dating Apps - Fling Finder","og_description":"Dating apps er kommet langt siden deres tidlige inkarnationer. Mens matchning via swiping stadig er normen, kan mange prale af yderligere funktioner s\u00e5som sp\u00f8rgeskemaer, chatrum eller videoopkald. Nogle fjerner endda helt med at stryge og tilbyder alternativer som at lide en persons foto eller sende dem en besked. Uanset hvad er dating i det v\u00e6sentlige ... L\u00e6s mere","og_url":"http:\/\/therodnikband.com\/da\/swipe-dating-apps\/","og_site_name":"Fling Finder","og_image":[{"url":"http:\/\/therodnikband.com\/wp-content\/uploads\/2022\/07\/best-dating-websites-1024x683.jpeg"}],"twitter_card":"summary_large_image","twitter_misc":{"Estimeret l\u00e6setid":"3 minutter"},"schema":{"@context":"https:\/\/schema.org","@graph":[{"@type":"WebSite","@id":"https:\/\/therodnikband.com\/#website","url":"https:\/\/therodnikband.com\/","name":"Fling Finder","description":"Flirt, Dating &amp; Hookup!","potentialAction":[{"@type":"SearchAction","target":{"@type":"EntryPoint","urlTemplate":"https:\/\/therodnikband.com\/?s={search_term_string}"},"query-input":"required name=search_term_string"}],"inLanguage":"da-DK"},{"@type":"ImageObject","@id":"http:\/\/therodnikband.com\/da\/swipe-dating-apps\/#primaryimage","inLanguage":"da-DK","url":"http:\/\/therodnikband.com\/wp-content\/uploads\/2022\/07\/best-dating-websites.jpeg","contentUrl":"http:\/\/therodnikband.com\/wp-content\/uploads\/2022\/07\/best-dating-websites.jpeg","width":2250,"height":1500},{"@type":"WebPage","@id":"http:\/\/therodnikband.com\/da\/swipe-dating-apps\/#webpage","url":"http:\/\/therodnikband.com\/da\/swipe-dating-apps\/","name":"Swipe Dating Apps - Fling Finder","isPartOf":{"@id":"https:\/\/therodnikband.com\/#website"},"primaryImageOfPage":{"@id":"http:\/\/therodnikband.com\/da\/swipe-dating-apps\/#primaryimage"},"datePublished":"2022-07-06T11:17:13+00:00","dateModified":"2022-07-06T11:17:13+00:00","breadcrumb":{"@id":"http:\/\/therodnikband.com\/da\/swipe-dating-apps\/#breadcrumb"},"inLanguage":"da-DK","potentialAction":[{"@type":"ReadAction","target":["http:\/\/therodnikband.com\/da\/swipe-dating-apps\/"]}]},{"@type":"BreadcrumbList","@id":"http:\/\/therodnikband.com\/da\/swipe-dating-apps\/#breadcrumb","itemListElement":[{"@type":"ListItem","position":1,"name":"Hjem","item":"http:\/\/therodnikband.com\/da\/"},{"@type":"ListItem","position":2,"name":"Swipe Dating Apps"}]}]}},"_links":{"self":[{"href":"http:\/\/therodnikband.com\/da\/wp-json\/wp\/v2\/pages\/203"}],"collection":[{"href":"http:\/\/therodnikband.com\/da\/wp-json\/wp\/v2\/pages"}],"about":[{"href":"http:\/\/therodnikband.com\/da\/wp-json\/wp\/v2\/types\/page"}],"author":[{"embeddable":true,"href":"http:\/\/therodnikband.com\/da\/wp-json\/wp\/v2\/users\/1"}],"replies":[{"embeddable":true,"href":"http:\/\/therodnikband.com\/da\/wp-json\/wp\/v2\/comments?post=203"}],"version-history":[{"count":0,"href":"http:\/\/therodnikband.com\/da\/wp-json\/wp\/v2\/pages\/203\/revisions"}],"wp:attachment":[{"href":"http:\/\/therodnikband.com\/da\/wp-json\/wp\/v2\/media?parent=203"}],"curies":[{"name":"wp","href":"https:\/\/api.w.org\/{rel}","templated":true}]}}