{"id":209,"date":"2022-07-06T12:11:34","date_gmt":"2022-07-06T11:11:34","guid":{"rendered":"http:\/\/therodnikband.com\/hvorfor-bruge-tilslutningsapps\/"},"modified":"2022-07-06T12:11:34","modified_gmt":"2022-07-06T11:11:34","slug":"hvorfor-bruge-tilslutningsapps","status":"publish","type":"page","link":"http:\/\/therodnikband.com\/da\/hvorfor-bruge-tilslutningsapps\/","title":{"rendered":"Hvorfor bruge tilslutningsapps?"},"content":{"rendered":"<p>Tilslutningswebsteder er websteder, hvor medlemmer kan m\u00f8de andre, der deler lignende interesser. De er normalt gratis at deltage, og de fleste tilbyder en form for betalt medlemskabsmulighed.<\/p>\n<p><img loading=\"lazy\" class=\"aligncenter wp-image-40\" src=\"http:\/\/therodnikband.com\/wp-content\/uploads\/2022\/07\/sex-chat-websites-1024x681.jpeg\" alt=\"\" width=\"737\" height=\"490\" srcset=\"http:\/\/therodnikband.com\/wp-content\/uploads\/2022\/07\/sex-chat-websites-1024x681.jpeg 1024w, http:\/\/therodnikband.com\/wp-content\/uploads\/2022\/07\/sex-chat-websites-300x200.jpeg 300w, http:\/\/therodnikband.com\/wp-content\/uploads\/2022\/07\/sex-chat-websites-768x511.jpeg 768w, http:\/\/therodnikband.com\/wp-content\/uploads\/2022\/07\/sex-chat-websites-1536x1022.jpeg 1536w, http:\/\/therodnikband.com\/wp-content\/uploads\/2022\/07\/sex-chat-websites-2048x1363.jpeg 2048w\" sizes=\"(max-width: 737px) 100vw, 737px\" \/><\/p>\n<p>Derfor er det vigtigt at forst\u00e5, hvad der g\u00f8r et <a href=\"http:\/\/therodnikband.com\/da\/saadan-vaelges-den-rigtige-tilslutningsapp\/\">websted umagen v\u00e6rd<\/a>. Her er tre ting, du skal overveje, n\u00e5r du evaluerer et tilslutningssted:<\/p>\n<ul>\n<li>Omkostninger: Er det gratis, eller koster det penge? Gratis tilslutningssider drives normalt af en enkelt person eller en lille gruppe mennesker. Disse websteder har tendens til at v\u00e6re meget grundl\u00e6ggende og tilbyder ringe v\u00e6rdi. Betalte tilslutningssider drives dog typisk af store virksomheder, der har investeret millioner af dollars i reklame og teknologi<\/li>\n<li>Funktioner: Hvilke funktioner tilbyder webstedet? Omfatter det beskeder, videochat eller livestreaming? Har du brug for at oprette en konto, eller kan du bruge dit Facebook-login? Er der s\u00e6rlige krav, s\u00e5som aldersbegr\u00e6nsninger?<\/li>\n<li>Brugeroplevelse: Hvor let er det at navigere p\u00e5 webstedet? Kan du nemt s\u00f8ge efter medlemmer baseret p\u00e5 placering, k\u00f8n, etnicitet eller seksuel orientering? Kan du gennemse profiler hurtigt og effektivt?<\/li>\n<\/ul>\n<h2>Vores tips<\/h2>\n<p>Kontakts er den mest popul\u00e6re type <a href=\"http:\/\/therodnikband.com\/da\/modne-dating-apps\/\">tilslutningssted<\/a>. Folk bruger dem til at finde datoer, venner og partnere til <a href=\"http:\/\/therodnikband.com\/da\/er-bdsm-noget-for-dig\/\">afslappet sex<\/a>. Datingsider for voksne ligner kontaktpersonligheder, bortset fra at de henvender sig specifikt til voksne, der leder efter sex. Sociale netv\u00e6rkssider bruges til at oprette forbindelse til folk, du allerede kender, uanset om disse mennesker er familiemedlemmer, venner, kolleger eller klassekammerater. Online datingsider giver brugerne mulighed for at s\u00f8ge efter potentielle romantiske partnere baseret p\u00e5 specifikke kriterier, s\u00e5som alder, placering, interesser osv.<\/p>\n<p>Hver type tilslutningssted har sine egne fordele og ulemper. Kontaktoplysninger er gode, fordi de er gratis, men de har tendens til at v\u00e6re fyldt med svindlere og falske profiler. Datingsider for voksne er praktiske, fordi de er diskrete, men de tiltr\u00e6kker ofte kryb og rovdyr. Sociale netv\u00e6rkssider er nyttige, fordi de er nemme at bruge, men de mangler privatlivsmuligheder. Online datingsider er effektive, fordi de tilbyder masser af privatlivsmuligheder, men de er dyre og fungerer muligvis ikke godt for alle.<\/p>\n","protected":false},"excerpt":{"rendered":"<p>Tilslutningswebsteder er websteder, hvor medlemmer kan m\u00f8de andre, der deler lignende interesser. De er normalt gratis at deltage, og de fleste tilbyder en form for betalt medlemskabsmulighed. Derfor er det vigtigt at forst\u00e5, hvad der g\u00f8r et websted umagen v\u00e6rd. Her er tre ting, du skal overveje, n\u00e5r du evaluerer et tilslutningssted: Omkostninger: Er det &#8230; <a title=\"Hvorfor bruge tilslutningsapps?\" class=\"read-more\" href=\"http:\/\/therodnikband.com\/da\/hvorfor-bruge-tilslutningsapps\/\" aria-label=\"More on Hvorfor bruge tilslutningsapps?\">L\u00e6s mere <\/a><\/p>\n","protected":false},"author":1,"featured_media":0,"parent":0,"menu_order":0,"comment_status":"closed","ping_status":"closed","template":"","meta":[],"yoast_head":"<!-- This site is optimized with the Yoast SEO plugin v17.7.1 - https:\/\/yoast.com\/wordpress\/plugins\/seo\/ -->\n<title>Hvorfor bruge tilslutningsapps? - Fling Finder<\/title>\n<meta name=\"robots\" content=\"index, follow, max-snippet:-1, max-image-preview:large, max-video-preview:-1\" \/>\n<link rel=\"canonical\" href=\"http:\/\/therodnikband.com\/da\/hvorfor-bruge-tilslutningsapps\/\" \/>\n<meta property=\"og:locale\" content=\"da_DK\" \/>\n<meta property=\"og:type\" content=\"article\" \/>\n<meta property=\"og:title\" content=\"Hvorfor bruge tilslutningsapps? - Fling Finder\" \/>\n<meta property=\"og:description\" content=\"Tilslutningswebsteder er websteder, hvor medlemmer kan m\u00f8de andre, der deler lignende interesser. De er normalt gratis at deltage, og de fleste tilbyder en form for betalt medlemskabsmulighed. Derfor er det vigtigt at forst\u00e5, hvad der g\u00f8r et websted umagen v\u00e6rd. Her er tre ting, du skal overveje, n\u00e5r du evaluerer et tilslutningssted: Omkostninger: Er det ... L\u00e6s mere\" \/>\n<meta property=\"og:url\" content=\"http:\/\/therodnikband.com\/da\/hvorfor-bruge-tilslutningsapps\/\" \/>\n<meta property=\"og:site_name\" content=\"Fling Finder\" \/>\n<meta property=\"og:image\" content=\"http:\/\/therodnikband.com\/wp-content\/uploads\/2022\/07\/sex-chat-websites-1024x681.jpeg\" \/>\n<meta name=\"twitter:card\" content=\"summary_large_image\" \/>\n<meta name=\"twitter:label1\" content=\"Estimeret l\u00e6setid\" \/>\n\t<meta name=\"twitter:data1\" content=\"2 minutter\" \/>\n<script type=\"application\/ld+json\" class=\"yoast-schema-graph\">{\"@context\":\"https:\/\/schema.org\",\"@graph\":[{\"@type\":\"WebSite\",\"@id\":\"https:\/\/therodnikband.com\/#website\",\"url\":\"https:\/\/therodnikband.com\/\",\"name\":\"Fling Finder\",\"description\":\"Flirt, Dating &amp; Hookup!\",\"potentialAction\":[{\"@type\":\"SearchAction\",\"target\":{\"@type\":\"EntryPoint\",\"urlTemplate\":\"https:\/\/therodnikband.com\/?s={search_term_string}\"},\"query-input\":\"required name=search_term_string\"}],\"inLanguage\":\"da-DK\"},{\"@type\":\"ImageObject\",\"@id\":\"http:\/\/therodnikband.com\/da\/hvorfor-bruge-tilslutningsapps\/#primaryimage\",\"inLanguage\":\"da-DK\",\"url\":\"http:\/\/therodnikband.com\/wp-content\/uploads\/2022\/07\/sex-chat-websites.jpeg\",\"contentUrl\":\"http:\/\/therodnikband.com\/wp-content\/uploads\/2022\/07\/sex-chat-websites.jpeg\",\"width\":2254,\"height\":1500},{\"@type\":\"WebPage\",\"@id\":\"http:\/\/therodnikband.com\/da\/hvorfor-bruge-tilslutningsapps\/#webpage\",\"url\":\"http:\/\/therodnikband.com\/da\/hvorfor-bruge-tilslutningsapps\/\",\"name\":\"Hvorfor bruge tilslutningsapps? - Fling Finder\",\"isPartOf\":{\"@id\":\"https:\/\/therodnikband.com\/#website\"},\"primaryImageOfPage\":{\"@id\":\"http:\/\/therodnikband.com\/da\/hvorfor-bruge-tilslutningsapps\/#primaryimage\"},\"datePublished\":\"2022-07-06T11:11:34+00:00\",\"dateModified\":\"2022-07-06T11:11:34+00:00\",\"breadcrumb\":{\"@id\":\"http:\/\/therodnikband.com\/da\/hvorfor-bruge-tilslutningsapps\/#breadcrumb\"},\"inLanguage\":\"da-DK\",\"potentialAction\":[{\"@type\":\"ReadAction\",\"target\":[\"http:\/\/therodnikband.com\/da\/hvorfor-bruge-tilslutningsapps\/\"]}]},{\"@type\":\"BreadcrumbList\",\"@id\":\"http:\/\/therodnikband.com\/da\/hvorfor-bruge-tilslutningsapps\/#breadcrumb\",\"itemListElement\":[{\"@type\":\"ListItem\",\"position\":1,\"name\":\"Hjem\",\"item\":\"http:\/\/therodnikband.com\/da\/\"},{\"@type\":\"ListItem\",\"position\":2,\"name\":\"Hvorfor bruge tilslutningsapps?\"}]}]}<\/script>\n<!-- \/ Yoast SEO plugin. -->","yoast_head_json":{"title":"Hvorfor bruge tilslutningsapps? - Fling Finder","robots":{"index":"index","follow":"follow","max-snippet":"max-snippet:-1","max-image-preview":"max-image-preview:large","max-video-preview":"max-video-preview:-1"},"canonical":"http:\/\/therodnikband.com\/da\/hvorfor-bruge-tilslutningsapps\/","og_locale":"da_DK","og_type":"article","og_title":"Hvorfor bruge tilslutningsapps? - Fling Finder","og_description":"Tilslutningswebsteder er websteder, hvor medlemmer kan m\u00f8de andre, der deler lignende interesser. De er normalt gratis at deltage, og de fleste tilbyder en form for betalt medlemskabsmulighed. Derfor er det vigtigt at forst\u00e5, hvad der g\u00f8r et websted umagen v\u00e6rd. Her er tre ting, du skal overveje, n\u00e5r du evaluerer et tilslutningssted: Omkostninger: Er det ... L\u00e6s mere","og_url":"http:\/\/therodnikband.com\/da\/hvorfor-bruge-tilslutningsapps\/","og_site_name":"Fling Finder","og_image":[{"url":"http:\/\/therodnikband.com\/wp-content\/uploads\/2022\/07\/sex-chat-websites-1024x681.jpeg"}],"twitter_card":"summary_large_image","twitter_misc":{"Estimeret l\u00e6setid":"2 minutter"},"schema":{"@context":"https:\/\/schema.org","@graph":[{"@type":"WebSite","@id":"https:\/\/therodnikband.com\/#website","url":"https:\/\/therodnikband.com\/","name":"Fling Finder","description":"Flirt, Dating &amp; Hookup!","potentialAction":[{"@type":"SearchAction","target":{"@type":"EntryPoint","urlTemplate":"https:\/\/therodnikband.com\/?s={search_term_string}"},"query-input":"required name=search_term_string"}],"inLanguage":"da-DK"},{"@type":"ImageObject","@id":"http:\/\/therodnikband.com\/da\/hvorfor-bruge-tilslutningsapps\/#primaryimage","inLanguage":"da-DK","url":"http:\/\/therodnikband.com\/wp-content\/uploads\/2022\/07\/sex-chat-websites.jpeg","contentUrl":"http:\/\/therodnikband.com\/wp-content\/uploads\/2022\/07\/sex-chat-websites.jpeg","width":2254,"height":1500},{"@type":"WebPage","@id":"http:\/\/therodnikband.com\/da\/hvorfor-bruge-tilslutningsapps\/#webpage","url":"http:\/\/therodnikband.com\/da\/hvorfor-bruge-tilslutningsapps\/","name":"Hvorfor bruge tilslutningsapps? - Fling Finder","isPartOf":{"@id":"https:\/\/therodnikband.com\/#website"},"primaryImageOfPage":{"@id":"http:\/\/therodnikband.com\/da\/hvorfor-bruge-tilslutningsapps\/#primaryimage"},"datePublished":"2022-07-06T11:11:34+00:00","dateModified":"2022-07-06T11:11:34+00:00","breadcrumb":{"@id":"http:\/\/therodnikband.com\/da\/hvorfor-bruge-tilslutningsapps\/#breadcrumb"},"inLanguage":"da-DK","potentialAction":[{"@type":"ReadAction","target":["http:\/\/therodnikband.com\/da\/hvorfor-bruge-tilslutningsapps\/"]}]},{"@type":"BreadcrumbList","@id":"http:\/\/therodnikband.com\/da\/hvorfor-bruge-tilslutningsapps\/#breadcrumb","itemListElement":[{"@type":"ListItem","position":1,"name":"Hjem","item":"http:\/\/therodnikband.com\/da\/"},{"@type":"ListItem","position":2,"name":"Hvorfor bruge tilslutningsapps?"}]}]}},"_links":{"self":[{"href":"http:\/\/therodnikband.com\/da\/wp-json\/wp\/v2\/pages\/209"}],"collection":[{"href":"http:\/\/therodnikband.com\/da\/wp-json\/wp\/v2\/pages"}],"about":[{"href":"http:\/\/therodnikband.com\/da\/wp-json\/wp\/v2\/types\/page"}],"author":[{"embeddable":true,"href":"http:\/\/therodnikband.com\/da\/wp-json\/wp\/v2\/users\/1"}],"replies":[{"embeddable":true,"href":"http:\/\/therodnikband.com\/da\/wp-json\/wp\/v2\/comments?post=209"}],"version-history":[{"count":0,"href":"http:\/\/therodnikband.com\/da\/wp-json\/wp\/v2\/pages\/209\/revisions"}],"wp:attachment":[{"href":"http:\/\/therodnikband.com\/da\/wp-json\/wp\/v2\/media?parent=209"}],"curies":[{"name":"wp","href":"https:\/\/api.w.org\/{rel}","templated":true}]}}