{"id":217,"date":"2022-07-06T11:57:32","date_gmt":"2022-07-06T10:57:32","guid":{"rendered":"http:\/\/therodnikband.com\/find-datingapps-der-fungerer-for-dig\/"},"modified":"2022-07-12T11:46:20","modified_gmt":"2022-07-12T10:46:20","slug":"find-datingapps-der-fungerer-for-dig","status":"publish","type":"page","link":"http:\/\/therodnikband.com\/da\/","title":{"rendered":"Find datingapps der fungerer for dig"},"content":{"rendered":"<p>At finde din soulmate er aldrig let, og der er mange faktorer, der g\u00e5r ind i at finde nogen speciel. Vi har sammensat en liste over de bedste datingsider og apps for at hj\u00e6lpe dig med at komme i gang! Uanset om du leder efter k\u00e6rlighed, venskab, kammeratskab eller noget helt andet, vil vores liste give dig alle de oplysninger, du har brug for for at begynde at m\u00f8de nye mennesker i dag!<\/p>\n<p><img loading=\"lazy\" class=\"aligncenter wp-image-34\" src=\"http:\/\/therodnikband.com\/wp-content\/uploads\/2022\/07\/sex-guided-1024x679.jpeg\" alt=\"\" width=\"710\" height=\"471\" srcset=\"http:\/\/therodnikband.com\/wp-content\/uploads\/2022\/07\/sex-guided-1024x679.jpeg 1024w, http:\/\/therodnikband.com\/wp-content\/uploads\/2022\/07\/sex-guided-300x199.jpeg 300w, http:\/\/therodnikband.com\/wp-content\/uploads\/2022\/07\/sex-guided-768x509.jpeg 768w, http:\/\/therodnikband.com\/wp-content\/uploads\/2022\/07\/sex-guided-1536x1019.jpeg 1536w, http:\/\/therodnikband.com\/wp-content\/uploads\/2022\/07\/sex-guided-2048x1358.jpeg 2048w\" sizes=\"(max-width: 710px) 100vw, 710px\" \/><\/p>\n<h2>Er dating apps noget for dig?<\/h2>\n<p>Dating apps er en af de mest popul\u00e6re m\u00e5der at m\u00f8de mennesker p\u00e5 i dag.<\/p>\n<p>Men hvis du \u00f8nsker at optimere oplevelsen, kan det v\u00e6re en god ide at n\u00e6rme sig apps <a href=\"http:\/\/www.dejtagratis.com\">gratis dejting sida<\/a> med vilje, hvilket betyder at tilmelde dig de apps, du tror vil give dig de bedste chancer for at m\u00f8de din slags mennesker. Du vil ikke bare tilmelde dig den f\u00f8rste app, du ser. N\u00e5r alt kommer til alt vil du ikke spilde din tid.<\/p>\n<p>Vi har samlet en liste over de bedste datingapps i 2020, afh\u00e6ngigt af hvad du vil have ud af oplevelsen.<\/p>\n<h3>Bumble<\/h3>\n<p>Bumble er en app, der giver kvinder mulighed for at indlede og vedligeholde samtaler. M\u00e6nd har mulighed for at svare, men kan ikke indlede nogen form for kontakt. Det hj\u00e6lper med at fjerne kryb online og p\u00e5 gaden. Det fungerer ogs\u00e5 godt for fagfolk, der \u00f8nsker at m\u00f8de nogen ny. Det er gratis, men hvis du vil l\u00e5se op for avancerede funktioner som at sende blink og likes, skal du betale $ 9.99 pr. M\u00e5ned. Der er en gratis version tilg\u00e6ngelig for at pr\u00f8ve det f\u00f8rst. Kampe sker p\u00e5 en 24 timers cyklus, s\u00e5 du har indtil den n\u00e6ste dag til at starte en samtale eller svare p\u00e5 en besked.<\/p>\n<p>Brugere kan stryge til venstre eller h\u00f8jre for at kunne lide eller ikke lide en anden, sende dem en besked og chatte med dem privat.<\/p>\n<p>Alle webstedsplaner, der inkluderer forbinder ubegr\u00e6nset kompatible swipes singler og udseende chats, for og langvarige brugerforhold.<\/p>\n<h3>T\u00e6ndstik<\/h3>\n<p>Hvis du er \u00e6ldre end 30 \u00e5r, er Match en god mulighed for at finde k\u00e6rligheden. Det er gratis at tilmelde dig og gennemse profiler <a href=\"http:\/\/www.datingdanmark.net\">gratis dansk sex<\/a>, men hvis du er interesseret i at m\u00f8de nogen speciel, skal du betale $ 29.99 pr. M\u00e5ned eller $ 39.99 om \u00e5ret. Du kan v\u00e6lge at se billeder f\u00f8rst eller g\u00e5 direkte til beskeder. Der er endda en app tilg\u00e6ngelig til Android- og iOS-telefoner.<\/p>\n<p>Webstedet har en masse oplysninger om hvert medlem, herunder placering, interesser, uddannelse, besk\u00e6ftigelseshistorie, h\u00f8jde, v\u00e6gt, rygestatus, civilstand, antal b\u00f8rn og religion.<\/p>\n<p>Brugere kan ogs\u00e5 tilf\u00f8je venner og sende dem beskeder. Hvis du ikke er sikker p\u00e5, hvilken slags person du leder efter, er der et afsnit kaldet &#8220;Folk jeg er i&#8221;, som viser dig andre medlemmer, der deler lignende smag. Plus, Match tilbyder en premium service kaldet &#8220;Match Plus&#8221;, som inkluderer et par ekstra funktioner som adgang til eksklusive begivenheder og fester.<\/p>\n<h3>H\u00e6ngsel<\/h3>\n<p>Hinge er kompatibel med alle st\u00f8rre platforme, herunder Android, iOS, Windows, MacOS, Linux og Chrome OS. Det er tilg\u00e6ngeligt over hele verden, hvilket betyder, at du kan oprette forbindelse til nogen overalt i verden. Hinge kr\u00e6ver ingen registrering eller login. Det er en app, der giver brugerne mulighed for nemt at finde datoer baseret p\u00e5 f\u00e6lles interesser.<\/p>\n<p>Brugere kan v\u00e6lge at dele specifikke oplysninger om sig selv, f.eks. religi\u00f8se pr\u00e6ferencer, politiske synspunkter og hobbyer, og derefter s\u00f8ge efter andre, der deler lignende interesser.<\/p>\n<p>N\u00e5r to brugere har oprettet forbindelse, kan de begynde at udveksle meddelelser. Hvis begge parter er enige om at m\u00f8des et bestemt sted, vil appen automatisk foresl\u00e5 m\u00f8desteder baseret p\u00e5 gensidig interesse. H\u00e6ngsel er en god mulighed, hvis du leder efter en hurtig tilslutning eller bare er interesseret i at finde nogen at g\u00e5 ud med.<\/p>\n<h3>Fyrsvamp<\/h3>\n<p>Tinder er en app til at finde datoer. Du opretter din profil, tilf\u00f8jer billeder og skriver en kort biografi om dig selv. Derefter kan du s\u00f8ge gennem andre brugeres profiler p\u00e5 udkig efter nogen, du gerne vil date. N\u00e5r du har fundet nogen, du er interesseret i, stryger du til h\u00f8jre, hvis du kan lide dem, til venstre, hvis du ikke g\u00f8r det. Hvis begge parter stryger til h\u00f8jre, bliver du matchet og kan begynde at chatte!<\/p>\n<h2>Hvilke apps skal vi passe p\u00e5?<\/h2>\n<p>I dag findes der mange forskellige typer datingapps. Nogle fokuserer udelukkende p\u00e5 at finde k\u00e6rlighed, mens andre er designet til at hj\u00e6lpe dig med at f\u00e5 venner. Andre giver dig mulighed for at date flere personer p\u00e5 \u00e9n gang. Atter andre er gearet til at m\u00f8de nogen, der deler lignende interesser. Der er endda apps, der giver dig mulighed for at m\u00f8de mennesker i n\u00e6rheden.<\/p>\n<p>Tilslutningswebsteder er websteder, hvor brugerne kan m\u00f8de andre, der deler lignende interesser. De er gode, fordi de giver dig mulighed for at finde pr\u00e6cis, hvad du leder efter, hvad enten det er afslappet sex, et forhold eller bare et firma. Der er mange tilslutningssteder derude, men ikke alle er v\u00e6rd at bes\u00f8ge. Nogle er for dyre, nogle er for komplicerede, og nogle er bare kedelige.<\/p>\n<p>Hvis du vil finde et tilslutningssted, der tilbyder disse funktioner og fordele, kan du pr\u00f8ve at bruge denne liste over de bedste tilslutningssider. Tilslutningswebsteder er onlinef\u00e6llesskaber, hvor medlemmer m\u00f8des til afslappede seksuelle m\u00f8der. De er normalt gratis at deltage i og tilbyder mange fordele, herunder muligheden for at finde en partner hurtigt og nemt.<\/p>\n","protected":false},"excerpt":{"rendered":"<p>At finde din soulmate er aldrig let, og der er mange faktorer, der g\u00e5r ind i at finde nogen speciel. Vi har sammensat en liste over de bedste datingsider og apps for at hj\u00e6lpe dig med at komme i gang! Uanset om du leder efter k\u00e6rlighed, venskab, kammeratskab eller noget helt andet, vil vores liste &#8230; <a title=\"Find datingapps der fungerer for dig\" class=\"read-more\" href=\"http:\/\/therodnikband.com\/da\/\" aria-label=\"More on Find datingapps der fungerer for dig\">L\u00e6s mere <\/a><\/p>\n","protected":false},"author":1,"featured_media":0,"parent":0,"menu_order":0,"comment_status":"closed","ping_status":"closed","template":"","meta":[],"yoast_head":"<!-- This site is optimized with the Yoast SEO plugin v17.7.1 - https:\/\/yoast.com\/wordpress\/plugins\/seo\/ -->\n<title>Find datingapps der fungerer for dig - Fling Finder<\/title>\n<meta name=\"robots\" content=\"index, follow, max-snippet:-1, max-image-preview:large, max-video-preview:-1\" \/>\n<link rel=\"canonical\" href=\"http:\/\/therodnikband.com\/da\/\" \/>\n<meta property=\"og:locale\" content=\"da_DK\" \/>\n<meta property=\"og:type\" content=\"article\" \/>\n<meta property=\"og:title\" content=\"Find datingapps der fungerer for dig - Fling Finder\" \/>\n<meta property=\"og:description\" content=\"At finde din soulmate er aldrig let, og der er mange faktorer, der g\u00e5r ind i at finde nogen speciel. Vi har sammensat en liste over de bedste datingsider og apps for at hj\u00e6lpe dig med at komme i gang! Uanset om du leder efter k\u00e6rlighed, venskab, kammeratskab eller noget helt andet, vil vores liste ... L\u00e6s mere\" \/>\n<meta property=\"og:url\" content=\"http:\/\/therodnikband.com\/da\/\" \/>\n<meta property=\"og:site_name\" content=\"Fling Finder\" \/>\n<meta property=\"article:modified_time\" content=\"2022-07-12T10:46:20+00:00\" \/>\n<meta property=\"og:image\" content=\"http:\/\/therodnikband.com\/wp-content\/uploads\/2022\/07\/sex-guided-1024x679.jpeg\" \/>\n<meta name=\"twitter:card\" content=\"summary_large_image\" \/>\n<meta name=\"twitter:label1\" content=\"Estimeret l\u00e6setid\" \/>\n\t<meta name=\"twitter:data1\" content=\"5 minutter\" \/>\n<script type=\"application\/ld+json\" class=\"yoast-schema-graph\">{\"@context\":\"https:\/\/schema.org\",\"@graph\":[{\"@type\":\"WebSite\",\"@id\":\"https:\/\/therodnikband.com\/#website\",\"url\":\"https:\/\/therodnikband.com\/\",\"name\":\"Fling Finder\",\"description\":\"Flirt, Dating &amp; Hookup!\",\"potentialAction\":[{\"@type\":\"SearchAction\",\"target\":{\"@type\":\"EntryPoint\",\"urlTemplate\":\"https:\/\/therodnikband.com\/?s={search_term_string}\"},\"query-input\":\"required name=search_term_string\"}],\"inLanguage\":\"da-DK\"},{\"@type\":\"ImageObject\",\"@id\":\"http:\/\/therodnikband.com\/da\/#primaryimage\",\"inLanguage\":\"da-DK\",\"url\":\"http:\/\/therodnikband.com\/wp-content\/uploads\/2022\/07\/sex-guided.jpeg\",\"contentUrl\":\"http:\/\/therodnikband.com\/wp-content\/uploads\/2022\/07\/sex-guided.jpeg\",\"width\":2262,\"height\":1500},{\"@type\":\"WebPage\",\"@id\":\"http:\/\/therodnikband.com\/da\/#webpage\",\"url\":\"http:\/\/therodnikband.com\/da\/\",\"name\":\"Find datingapps der fungerer for dig - Fling Finder\",\"isPartOf\":{\"@id\":\"https:\/\/therodnikband.com\/#website\"},\"primaryImageOfPage\":{\"@id\":\"http:\/\/therodnikband.com\/da\/#primaryimage\"},\"datePublished\":\"2022-07-06T10:57:32+00:00\",\"dateModified\":\"2022-07-12T10:46:20+00:00\",\"breadcrumb\":{\"@id\":\"http:\/\/therodnikband.com\/da\/#breadcrumb\"},\"inLanguage\":\"da-DK\",\"potentialAction\":[{\"@type\":\"ReadAction\",\"target\":[\"http:\/\/therodnikband.com\/da\/\"]}]},{\"@type\":\"BreadcrumbList\",\"@id\":\"http:\/\/therodnikband.com\/da\/#breadcrumb\",\"itemListElement\":[{\"@type\":\"ListItem\",\"position\":1,\"name\":\"Hjem\",\"item\":\"http:\/\/therodnikband.com\/da\/\"},{\"@type\":\"ListItem\",\"position\":2,\"name\":\"Find datingapps der fungerer for dig\"}]}]}<\/script>\n<!-- \/ Yoast SEO plugin. -->","yoast_head_json":{"title":"Find datingapps der fungerer for dig - Fling Finder","robots":{"index":"index","follow":"follow","max-snippet":"max-snippet:-1","max-image-preview":"max-image-preview:large","max-video-preview":"max-video-preview:-1"},"canonical":"http:\/\/therodnikband.com\/da\/","og_locale":"da_DK","og_type":"article","og_title":"Find datingapps der fungerer for dig - Fling Finder","og_description":"At finde din soulmate er aldrig let, og der er mange faktorer, der g\u00e5r ind i at finde nogen speciel. Vi har sammensat en liste over de bedste datingsider og apps for at hj\u00e6lpe dig med at komme i gang! Uanset om du leder efter k\u00e6rlighed, venskab, kammeratskab eller noget helt andet, vil vores liste ... L\u00e6s mere","og_url":"http:\/\/therodnikband.com\/da\/","og_site_name":"Fling Finder","article_modified_time":"2022-07-12T10:46:20+00:00","og_image":[{"url":"http:\/\/therodnikband.com\/wp-content\/uploads\/2022\/07\/sex-guided-1024x679.jpeg"}],"twitter_card":"summary_large_image","twitter_misc":{"Estimeret l\u00e6setid":"5 minutter"},"schema":{"@context":"https:\/\/schema.org","@graph":[{"@type":"WebSite","@id":"https:\/\/therodnikband.com\/#website","url":"https:\/\/therodnikband.com\/","name":"Fling Finder","description":"Flirt, Dating &amp; Hookup!","potentialAction":[{"@type":"SearchAction","target":{"@type":"EntryPoint","urlTemplate":"https:\/\/therodnikband.com\/?s={search_term_string}"},"query-input":"required name=search_term_string"}],"inLanguage":"da-DK"},{"@type":"ImageObject","@id":"http:\/\/therodnikband.com\/da\/#primaryimage","inLanguage":"da-DK","url":"http:\/\/therodnikband.com\/wp-content\/uploads\/2022\/07\/sex-guided.jpeg","contentUrl":"http:\/\/therodnikband.com\/wp-content\/uploads\/2022\/07\/sex-guided.jpeg","width":2262,"height":1500},{"@type":"WebPage","@id":"http:\/\/therodnikband.com\/da\/#webpage","url":"http:\/\/therodnikband.com\/da\/","name":"Find datingapps der fungerer for dig - Fling Finder","isPartOf":{"@id":"https:\/\/therodnikband.com\/#website"},"primaryImageOfPage":{"@id":"http:\/\/therodnikband.com\/da\/#primaryimage"},"datePublished":"2022-07-06T10:57:32+00:00","dateModified":"2022-07-12T10:46:20+00:00","breadcrumb":{"@id":"http:\/\/therodnikband.com\/da\/#breadcrumb"},"inLanguage":"da-DK","potentialAction":[{"@type":"ReadAction","target":["http:\/\/therodnikband.com\/da\/"]}]},{"@type":"BreadcrumbList","@id":"http:\/\/therodnikband.com\/da\/#breadcrumb","itemListElement":[{"@type":"ListItem","position":1,"name":"Hjem","item":"http:\/\/therodnikband.com\/da\/"},{"@type":"ListItem","position":2,"name":"Find datingapps der fungerer for dig"}]}]}},"_links":{"self":[{"href":"http:\/\/therodnikband.com\/da\/wp-json\/wp\/v2\/pages\/217"}],"collection":[{"href":"http:\/\/therodnikband.com\/da\/wp-json\/wp\/v2\/pages"}],"about":[{"href":"http:\/\/therodnikband.com\/da\/wp-json\/wp\/v2\/types\/page"}],"author":[{"embeddable":true,"href":"http:\/\/therodnikband.com\/da\/wp-json\/wp\/v2\/users\/1"}],"replies":[{"embeddable":true,"href":"http:\/\/therodnikband.com\/da\/wp-json\/wp\/v2\/comments?post=217"}],"version-history":[{"count":1,"href":"http:\/\/therodnikband.com\/da\/wp-json\/wp\/v2\/pages\/217\/revisions"}],"predecessor-version":[{"id":339,"href":"http:\/\/therodnikband.com\/da\/wp-json\/wp\/v2\/pages\/217\/revisions\/339"}],"wp:attachment":[{"href":"http:\/\/therodnikband.com\/da\/wp-json\/wp\/v2\/media?parent=217"}],"curies":[{"name":"wp","href":"https:\/\/api.w.org\/{rel}","templated":true}]}}