{"id":182,"date":"2022-07-06T12:22:01","date_gmt":"2022-07-06T11:22:01","guid":{"rendered":"http:\/\/therodnikband.com\/ebenholz-dating-sites\/"},"modified":"2022-07-20T18:19:57","modified_gmt":"2022-07-20T17:19:57","slug":"ebenholz-dating-sites","status":"publish","type":"page","link":"http:\/\/therodnikband.com\/de\/ebenholz-dating-sites\/","title":{"rendered":"Ebenholz-Dating-Sites"},"content":{"rendered":"<p>Die beste Dating-Site, um Ihren Seelenverwandten zu finden. Dating-Sites sind in der Regel mit gef\u00e4lschten <a href=\"https:\/\/wank.io\/de\/fussfetisch-dating\/\">fetisch dating app<\/a> Profilen und Betr\u00fcgern gef\u00fcllt. Wir haben hart daran gearbeitet, eine ehrliche Dating-Website zu erstellen. Unser Ziel ist es, Ihnen zu helfen, die richtige \u00dcbereinstimmung zu finden. Sie werden Tausende von aktiven Mitgliedern finden, die nach Liebe suchen.<\/p>\n<p>M\u00e4nner aller Ethnien lieben schwarzes <a href=\"http:\/\/therodnikband.com\/de\/swipe-dating-apps\/\">Hookup-Dating<\/a>. Es ist keine \u00dcberraschung, wirklich: Schwarze Frauen sind sch\u00f6n, geschwungen und haben die perfekte Haltung! Wenn Sie die gleichen alten Sex-Verbindungen satt haben, sollten Sie sich mit einem sexy schwarzen M\u00e4dchen treffen, aber es kann schwierig sein, diese Partner konsequent zu finden.<\/p>\n<h2>SchwarzeSingles<\/h2>\n<p>BlackSingles.com ist ein kostenloser Online-Dating-Service, der speziell f\u00fcr alleinstehende Afroamerikaner auf der Suche nach Liebe entwickelt wurde. Black Singles ist bestrebt, unseren Mitgliedern zu helfen, wahre Liebe durch unser einzigartiges Matching-System zu finden. Egal, ob Sie nach Freundschaft, Romantik oder Ehe suchen, wir helfen Ihnen und <a href=\"https:\/\/www.nsa-hookup.net\/de\/kostenlose-dating-sites-keine-versteckten-gebuehren\/\">kostenlose dating sites<\/a>, sich mit kompatiblen \u00dcbereinstimmungen zu verbinden. Wir bieten auch eine unterhaltsame soziale Umgebung, in der Sie Fotos teilen, Themen diskutieren und sich mit anderen in Ihrer N\u00e4he anfreunden k\u00f6nnen. Kommen Sie noch heute zu uns!<\/p>\n<h2>XXXBlackbook<\/h2>\n<p>XXXBlackbook ist eine kostenlose Dating-Site, mit der Sie sich mit anderen <a href=\"http:\/\/therodnikband.com\/de\/bdsm-datierung\/\">lokalen Singles verbinden k\u00f6nnen, die diskrete Begegnungen<\/a> suchen. Die Website bietet eine einfache Benutzererfahrung und einen schnellen Anmeldeprozess. Benutzer k\u00f6nnen Mitgliederprofile durchsuchen und flirtende Nachrichten kostenlos senden. Mitglieder k\u00f6nnen auch Live-Cam-Shows ansehen und an privaten Chatrooms teilnehmen. Um Mitglieder in Ihrer N\u00e4he zu finden, geben Sie Ihren Standort ein und w\u00e4hlen Sie die Art der Beziehung aus, an der Sie interessiert sind. Wenn Sie heute Abend gelegt werden m\u00f6chten, ist XXXblackbook ein gro\u00dfartiger Ausgangspunkt!<\/p>\n<h2>Schwarze Menschen treffen sich<\/h2>\n<p>Black People Meet ist ein kostenloses soziales Online-Netzwerk, das darauf abzielt, schwarze Singles zu <a href=\"https:\/\/www.jerkoffforme.com\/de\/kostenlose-cam-2-cam\/\">kostenlose cam2cam<\/a>. Es wurde 2013 ins Leben gerufen und hat seitdem \u00fcber 1 Million Mitglieder angezogen. Tausende von Benutzern besuchen die Website jeden Tag, um neue Leute kennenzulernen. Es hat zahlreiche Funktionen, die Ihnen helfen, Liebe zu finden. Sie k\u00f6nnen Ihr eigenes Profil erstellen, Fotos hochladen, Nachrichten senden, andere Profile anzeigen und Gruppen beitreten. Wenn Sie nach einem Datum suchen, k\u00f6nnen Sie auch die Profile anderer durchsuchen. Die Registrierung ist v\u00f6llig kostenlos. Wenn Sie jedoch mit jemandem chatten m\u00f6chten, m\u00fcssen Sie $ 5 pro Monat bezahlen. Es gibt viele M\u00f6glichkeiten, mit anderen Mitgliedern zu kommunizieren. Sie k\u00f6nnen ihnen eine SMS senden, sie anrufen oder sogar einen Video-Chat f\u00fchren. Die App ist f\u00fcr iOS- und Android-Ger\u00e4te verf\u00fcgbar.<\/p>\n","protected":false},"excerpt":{"rendered":"<p>Die beste Dating-Site, um Ihren Seelenverwandten zu finden. Dating-Sites sind in der Regel mit gef\u00e4lschten fetisch dating app Profilen und Betr\u00fcgern gef\u00fcllt. Wir haben hart daran gearbeitet, eine ehrliche Dating-Website zu erstellen. Unser Ziel ist es, Ihnen zu helfen, die richtige \u00dcbereinstimmung zu finden. Sie werden Tausende von aktiven Mitgliedern finden, die nach Liebe suchen. &#8230; <a title=\"Ebenholz-Dating-Sites\" class=\"read-more\" href=\"http:\/\/therodnikband.com\/de\/ebenholz-dating-sites\/\" aria-label=\"Mehr dazu unter Ebenholz-Dating-Sites\">Weiterlesen<\/a><\/p>\n","protected":false},"author":1,"featured_media":0,"parent":0,"menu_order":0,"comment_status":"closed","ping_status":"closed","template":"","meta":[],"yoast_head":"<!-- This site is optimized with the Yoast SEO plugin v17.7.1 - https:\/\/yoast.com\/wordpress\/plugins\/seo\/ -->\n<title>Ebenholz-Dating-Sites - Fling-Finder<\/title>\n<meta name=\"robots\" content=\"index, follow, max-snippet:-1, max-image-preview:large, max-video-preview:-1\" \/>\n<link rel=\"canonical\" href=\"http:\/\/therodnikband.com\/de\/ebenholz-dating-sites\/\" \/>\n<meta property=\"og:locale\" content=\"de_DE\" \/>\n<meta property=\"og:type\" content=\"article\" \/>\n<meta property=\"og:title\" content=\"Ebenholz-Dating-Sites - Fling-Finder\" \/>\n<meta property=\"og:description\" content=\"Die beste Dating-Site, um Ihren Seelenverwandten zu finden. Dating-Sites sind in der Regel mit gef\u00e4lschten fetisch dating app Profilen und Betr\u00fcgern gef\u00fcllt. Wir haben hart daran gearbeitet, eine ehrliche Dating-Website zu erstellen. Unser Ziel ist es, Ihnen zu helfen, die richtige \u00dcbereinstimmung zu finden. Sie werden Tausende von aktiven Mitgliedern finden, die nach Liebe suchen. ... Weiterlesen\" \/>\n<meta property=\"og:url\" content=\"http:\/\/therodnikband.com\/de\/ebenholz-dating-sites\/\" \/>\n<meta property=\"og:site_name\" content=\"Fling-Finder\" \/>\n<meta property=\"article:modified_time\" content=\"2022-07-20T17:19:57+00:00\" \/>\n<meta name=\"twitter:card\" content=\"summary_large_image\" \/>\n<meta name=\"twitter:label1\" content=\"Gesch\u00e4tzte Lesezeit\" \/>\n\t<meta name=\"twitter:data1\" content=\"2\u00a0Minuten\" \/>\n<script type=\"application\/ld+json\" class=\"yoast-schema-graph\">{\"@context\":\"https:\/\/schema.org\",\"@graph\":[{\"@type\":\"WebSite\",\"@id\":\"https:\/\/therodnikband.com\/#website\",\"url\":\"https:\/\/therodnikband.com\/\",\"name\":\"Fling-Finder\",\"description\":\"Flirt, Dating &amp; Hookup!\",\"potentialAction\":[{\"@type\":\"SearchAction\",\"target\":{\"@type\":\"EntryPoint\",\"urlTemplate\":\"https:\/\/therodnikband.com\/?s={search_term_string}\"},\"query-input\":\"required name=search_term_string\"}],\"inLanguage\":\"de\"},{\"@type\":\"WebPage\",\"@id\":\"http:\/\/therodnikband.com\/de\/ebenholz-dating-sites\/#webpage\",\"url\":\"http:\/\/therodnikband.com\/de\/ebenholz-dating-sites\/\",\"name\":\"Ebenholz-Dating-Sites - Fling-Finder\",\"isPartOf\":{\"@id\":\"https:\/\/therodnikband.com\/#website\"},\"datePublished\":\"2022-07-06T11:22:01+00:00\",\"dateModified\":\"2022-07-20T17:19:57+00:00\",\"breadcrumb\":{\"@id\":\"http:\/\/therodnikband.com\/de\/ebenholz-dating-sites\/#breadcrumb\"},\"inLanguage\":\"de\",\"potentialAction\":[{\"@type\":\"ReadAction\",\"target\":[\"http:\/\/therodnikband.com\/de\/ebenholz-dating-sites\/\"]}]},{\"@type\":\"BreadcrumbList\",\"@id\":\"http:\/\/therodnikband.com\/de\/ebenholz-dating-sites\/#breadcrumb\",\"itemListElement\":[{\"@type\":\"ListItem\",\"position\":1,\"name\":\"Heim\",\"item\":\"http:\/\/therodnikband.com\/de\/\"},{\"@type\":\"ListItem\",\"position\":2,\"name\":\"Ebenholz-Dating-Sites\"}]}]}<\/script>\n<!-- \/ Yoast SEO plugin. -->","yoast_head_json":{"title":"Ebenholz-Dating-Sites - Fling-Finder","robots":{"index":"index","follow":"follow","max-snippet":"max-snippet:-1","max-image-preview":"max-image-preview:large","max-video-preview":"max-video-preview:-1"},"canonical":"http:\/\/therodnikband.com\/de\/ebenholz-dating-sites\/","og_locale":"de_DE","og_type":"article","og_title":"Ebenholz-Dating-Sites - Fling-Finder","og_description":"Die beste Dating-Site, um Ihren Seelenverwandten zu finden. Dating-Sites sind in der Regel mit gef\u00e4lschten fetisch dating app Profilen und Betr\u00fcgern gef\u00fcllt. Wir haben hart daran gearbeitet, eine ehrliche Dating-Website zu erstellen. Unser Ziel ist es, Ihnen zu helfen, die richtige \u00dcbereinstimmung zu finden. Sie werden Tausende von aktiven Mitgliedern finden, die nach Liebe suchen. ... Weiterlesen","og_url":"http:\/\/therodnikband.com\/de\/ebenholz-dating-sites\/","og_site_name":"Fling-Finder","article_modified_time":"2022-07-20T17:19:57+00:00","twitter_card":"summary_large_image","twitter_misc":{"Gesch\u00e4tzte Lesezeit":"2\u00a0Minuten"},"schema":{"@context":"https:\/\/schema.org","@graph":[{"@type":"WebSite","@id":"https:\/\/therodnikband.com\/#website","url":"https:\/\/therodnikband.com\/","name":"Fling-Finder","description":"Flirt, Dating &amp; Hookup!","potentialAction":[{"@type":"SearchAction","target":{"@type":"EntryPoint","urlTemplate":"https:\/\/therodnikband.com\/?s={search_term_string}"},"query-input":"required name=search_term_string"}],"inLanguage":"de"},{"@type":"WebPage","@id":"http:\/\/therodnikband.com\/de\/ebenholz-dating-sites\/#webpage","url":"http:\/\/therodnikband.com\/de\/ebenholz-dating-sites\/","name":"Ebenholz-Dating-Sites - Fling-Finder","isPartOf":{"@id":"https:\/\/therodnikband.com\/#website"},"datePublished":"2022-07-06T11:22:01+00:00","dateModified":"2022-07-20T17:19:57+00:00","breadcrumb":{"@id":"http:\/\/therodnikband.com\/de\/ebenholz-dating-sites\/#breadcrumb"},"inLanguage":"de","potentialAction":[{"@type":"ReadAction","target":["http:\/\/therodnikband.com\/de\/ebenholz-dating-sites\/"]}]},{"@type":"BreadcrumbList","@id":"http:\/\/therodnikband.com\/de\/ebenholz-dating-sites\/#breadcrumb","itemListElement":[{"@type":"ListItem","position":1,"name":"Heim","item":"http:\/\/therodnikband.com\/de\/"},{"@type":"ListItem","position":2,"name":"Ebenholz-Dating-Sites"}]}]}},"_links":{"self":[{"href":"http:\/\/therodnikband.com\/de\/wp-json\/wp\/v2\/pages\/182"}],"collection":[{"href":"http:\/\/therodnikband.com\/de\/wp-json\/wp\/v2\/pages"}],"about":[{"href":"http:\/\/therodnikband.com\/de\/wp-json\/wp\/v2\/types\/page"}],"author":[{"embeddable":true,"href":"http:\/\/therodnikband.com\/de\/wp-json\/wp\/v2\/users\/1"}],"replies":[{"embeddable":true,"href":"http:\/\/therodnikband.com\/de\/wp-json\/wp\/v2\/comments?post=182"}],"version-history":[{"count":1,"href":"http:\/\/therodnikband.com\/de\/wp-json\/wp\/v2\/pages\/182\/revisions"}],"predecessor-version":[{"id":347,"href":"http:\/\/therodnikband.com\/de\/wp-json\/wp\/v2\/pages\/182\/revisions\/347"}],"wp:attachment":[{"href":"http:\/\/therodnikband.com\/de\/wp-json\/wp\/v2\/media?parent=182"}],"curies":[{"name":"wp","href":"https:\/\/api.w.org\/{rel}","templated":true}]}}