{"id":188,"date":"2022-07-06T12:26:39","date_gmt":"2022-07-06T11:26:39","guid":{"rendered":"http:\/\/therodnikband.com\/bdsm-datierung\/"},"modified":"2022-07-06T12:26:39","modified_gmt":"2022-07-06T11:26:39","slug":"bdsm-datierung","status":"publish","type":"page","link":"http:\/\/therodnikband.com\/de\/bdsm-datierung\/","title":{"rendered":"BDSM-Datierung"},"content":{"rendered":"<p>BDSM ist eine sexuelle Praxis, die Bondage, Dominanz, Unterwerfung, Sadismus, Masochismus und andere damit verbundene Aktivit\u00e4ten beinhaltet. W\u00e4hrend viele Leute denken, dass es bei BDSM nur um Schmerz geht, geht es tats\u00e4chlich dar\u00fcber hinaus, einschlie\u00dflich Vergn\u00fcgen und Spa\u00df. Es gibt verschiedene Arten von Kinkstern, und jede Art von kinky Individuum wird bestimmte Fetische bevorzugen. Manche Menschen m\u00f6gen es, gefesselt zu sein, w\u00e4hrend andere es genie\u00dfen, geschlagen zu werden.<\/p>\n<p>Zum Beispiel k\u00f6nnte ein dominanter Unterw\u00fcrfiger seinen Partner fesseln und ihn dann schlagen. Wenn er es mag, dominiert zu werden, dann k\u00f6nnte er es genie\u00dfen, sie zu fesseln und sie dann von jemand anderem dominieren zu lassen.<\/p>\n<p>Manche Menschen ziehen es vor, rau zu spielen, w\u00e4hrend andere gerne sanft und romantisch sind. Nat\u00fcrlich, wenn Sie nicht sicher sind, was Ihr spezieller Fetisch ist, dann sollten Sie <a href=\"http:\/\/therodnikband.com\/de\/swipe-dating-apps\/\">BDSM-Communities online<\/a> \u00fcberpr\u00fcfen. Sie werden sehen, dass es viele verschiedene Arten von Menschen gibt, und Sie k\u00f6nnen jeder Art von Gemeinschaft beitreten, die Sie interessiert.<\/p>\n<p><img loading=\"lazy\" class=\"aligncenter size-full wp-image-47\" src=\"http:\/\/therodnikband.com\/wp-content\/uploads\/2022\/07\/kink-dating.jpg\" alt=\"\" width=\"300\" height=\"200\"><\/p>\n<h2>Warum Kink Dating ausprobieren?<\/h2>\n<p>Es ist wichtig, sich daran zu erinnern, dass jeder andere Vorlieben hat, wenn es darum geht, welche Art von Rollenspiel er sich engagieren m\u00f6chte.<\/p>\n<p>Manche Menschen ziehen es vor, unterw\u00fcrfig und andere dominant zu sein. Manche Menschen genie\u00dfen es, sich zu verkleiden, w\u00e4hrend andere es vorziehen, einfach sie selbst zu sein. Es ist wichtig, sich daran zu erinnern, dass, egal f\u00fcr welche Art von Rollenspiel Sie sich interessieren, die Sicherheit immer an erster Stelle stehen sollte. Du wei\u00dft nie, was jemand anderes gerne tut, bis du die Chance hattest, sie kennenzulernen.<\/p>\n<p>Wenn sich etwas unangenehm anf\u00fchlt, solltest du <a href=\"http:\/\/therodnikband.com\/de\/ebenholz-dating-sites\/\">dich nicht hineindr\u00e4ngen<\/a>. Warten Sie stattdessen, bis Sie sich wohl genug f\u00fchlen, um es erneut zu versuchen.<\/p>\n<h2>Warum FetLife ausprobieren?<\/h2>\n<p>FetLife ist die gr\u00f6\u00dfte kostenlose Online-Dating-Site f\u00fcr kinky Singles und Swinger. Es ist der beliebteste Ort f\u00fcr Menschen, die sich f\u00fcr BDSM und andere alternative Sexualpraktiken interessieren. FetLife ist zum De-facto-Standard f\u00fcr die Suche nach lokalen Spielpartnern und Events geworden. Die Website erm\u00f6glicht es Benutzern, Bilder, Videos und Beschreibungen ihrer Fetische, Interessen und Aktivit\u00e4ten zu ver\u00f6ffentlichen.<\/p>\n<p>Benutzer k\u00f6nnen auch Gruppen erstellen, Ereignissen beitreten und \u00fcber private Nachrichten eine Verbindung herstellen. FetLife bietet auch eine mobile App f\u00fcr Android- und iOS-Ger\u00e4te an.<\/p>\n<h2>FetLife Alternative?<\/h2>\n<p>Whiplrl ist eine versaute Dating-Website, die eine gro\u00dfe Nutzerbasis hat. Es erm\u00f6glicht Ihnen, durch Hunderte von verschiedenen Fetischen zu st\u00f6bern, vom Anf\u00e4nger bis zum Experten. Sie k\u00f6nnen nach Standort suchen, um andere zu finden, die an Ihren Interessen interessiert sind. Es gibt auch lokale Veranstaltungen im ganzen Land. Wenn Sie nach etwas Bestimmtem suchen, k\u00f6nnen Sie sogar Ihre eigene Veranstaltung erstellen.<\/p>\n","protected":false},"excerpt":{"rendered":"<p>BDSM ist eine sexuelle Praxis, die Bondage, Dominanz, Unterwerfung, Sadismus, Masochismus und andere damit verbundene Aktivit\u00e4ten beinhaltet. W\u00e4hrend viele Leute denken, dass es bei BDSM nur um Schmerz geht, geht es tats\u00e4chlich dar\u00fcber hinaus, einschlie\u00dflich Vergn\u00fcgen und Spa\u00df. Es gibt verschiedene Arten von Kinkstern, und jede Art von kinky Individuum wird bestimmte Fetische bevorzugen. Manche &#8230; <a title=\"BDSM-Datierung\" class=\"read-more\" href=\"http:\/\/therodnikband.com\/de\/bdsm-datierung\/\" aria-label=\"Mehr dazu unter BDSM-Datierung\">Weiterlesen<\/a><\/p>\n","protected":false},"author":1,"featured_media":0,"parent":0,"menu_order":0,"comment_status":"closed","ping_status":"closed","template":"","meta":[],"yoast_head":"<!-- This site is optimized with the Yoast SEO plugin v17.7.1 - https:\/\/yoast.com\/wordpress\/plugins\/seo\/ -->\n<title>BDSM-Datierung - Fling-Finder<\/title>\n<meta name=\"robots\" content=\"index, follow, max-snippet:-1, max-image-preview:large, max-video-preview:-1\" \/>\n<link rel=\"canonical\" href=\"http:\/\/therodnikband.com\/de\/bdsm-datierung\/\" \/>\n<meta property=\"og:locale\" content=\"de_DE\" \/>\n<meta property=\"og:type\" content=\"article\" \/>\n<meta property=\"og:title\" content=\"BDSM-Datierung - Fling-Finder\" \/>\n<meta property=\"og:description\" content=\"BDSM ist eine sexuelle Praxis, die Bondage, Dominanz, Unterwerfung, Sadismus, Masochismus und andere damit verbundene Aktivit\u00e4ten beinhaltet. W\u00e4hrend viele Leute denken, dass es bei BDSM nur um Schmerz geht, geht es tats\u00e4chlich dar\u00fcber hinaus, einschlie\u00dflich Vergn\u00fcgen und Spa\u00df. Es gibt verschiedene Arten von Kinkstern, und jede Art von kinky Individuum wird bestimmte Fetische bevorzugen. Manche ... Weiterlesen\" \/>\n<meta property=\"og:url\" content=\"http:\/\/therodnikband.com\/de\/bdsm-datierung\/\" \/>\n<meta property=\"og:site_name\" content=\"Fling-Finder\" \/>\n<meta property=\"og:image\" content=\"http:\/\/therodnikband.com\/wp-content\/uploads\/2022\/07\/kink-dating.jpg\" \/>\n<meta name=\"twitter:card\" content=\"summary_large_image\" \/>\n<meta name=\"twitter:label1\" content=\"Gesch\u00e4tzte Lesezeit\" \/>\n\t<meta name=\"twitter:data1\" content=\"2\u00a0Minuten\" \/>\n<script type=\"application\/ld+json\" class=\"yoast-schema-graph\">{\"@context\":\"https:\/\/schema.org\",\"@graph\":[{\"@type\":\"WebSite\",\"@id\":\"https:\/\/therodnikband.com\/#website\",\"url\":\"https:\/\/therodnikband.com\/\",\"name\":\"Fling-Finder\",\"description\":\"Flirt, Dating &amp; Hookup!\",\"potentialAction\":[{\"@type\":\"SearchAction\",\"target\":{\"@type\":\"EntryPoint\",\"urlTemplate\":\"https:\/\/therodnikband.com\/?s={search_term_string}\"},\"query-input\":\"required name=search_term_string\"}],\"inLanguage\":\"de\"},{\"@type\":\"ImageObject\",\"@id\":\"http:\/\/therodnikband.com\/de\/bdsm-datierung\/#primaryimage\",\"inLanguage\":\"de\",\"url\":\"http:\/\/therodnikband.com\/wp-content\/uploads\/2022\/07\/kink-dating.jpg\",\"contentUrl\":\"http:\/\/therodnikband.com\/wp-content\/uploads\/2022\/07\/kink-dating.jpg\",\"width\":300,\"height\":200},{\"@type\":\"WebPage\",\"@id\":\"http:\/\/therodnikband.com\/de\/bdsm-datierung\/#webpage\",\"url\":\"http:\/\/therodnikband.com\/de\/bdsm-datierung\/\",\"name\":\"BDSM-Datierung - Fling-Finder\",\"isPartOf\":{\"@id\":\"https:\/\/therodnikband.com\/#website\"},\"primaryImageOfPage\":{\"@id\":\"http:\/\/therodnikband.com\/de\/bdsm-datierung\/#primaryimage\"},\"datePublished\":\"2022-07-06T11:26:39+00:00\",\"dateModified\":\"2022-07-06T11:26:39+00:00\",\"breadcrumb\":{\"@id\":\"http:\/\/therodnikband.com\/de\/bdsm-datierung\/#breadcrumb\"},\"inLanguage\":\"de\",\"potentialAction\":[{\"@type\":\"ReadAction\",\"target\":[\"http:\/\/therodnikband.com\/de\/bdsm-datierung\/\"]}]},{\"@type\":\"BreadcrumbList\",\"@id\":\"http:\/\/therodnikband.com\/de\/bdsm-datierung\/#breadcrumb\",\"itemListElement\":[{\"@type\":\"ListItem\",\"position\":1,\"name\":\"Heim\",\"item\":\"http:\/\/therodnikband.com\/de\/\"},{\"@type\":\"ListItem\",\"position\":2,\"name\":\"BDSM-Datierung\"}]}]}<\/script>\n<!-- \/ Yoast SEO plugin. -->","yoast_head_json":{"title":"BDSM-Datierung - Fling-Finder","robots":{"index":"index","follow":"follow","max-snippet":"max-snippet:-1","max-image-preview":"max-image-preview:large","max-video-preview":"max-video-preview:-1"},"canonical":"http:\/\/therodnikband.com\/de\/bdsm-datierung\/","og_locale":"de_DE","og_type":"article","og_title":"BDSM-Datierung - Fling-Finder","og_description":"BDSM ist eine sexuelle Praxis, die Bondage, Dominanz, Unterwerfung, Sadismus, Masochismus und andere damit verbundene Aktivit\u00e4ten beinhaltet. W\u00e4hrend viele Leute denken, dass es bei BDSM nur um Schmerz geht, geht es tats\u00e4chlich dar\u00fcber hinaus, einschlie\u00dflich Vergn\u00fcgen und Spa\u00df. Es gibt verschiedene Arten von Kinkstern, und jede Art von kinky Individuum wird bestimmte Fetische bevorzugen. Manche ... Weiterlesen","og_url":"http:\/\/therodnikband.com\/de\/bdsm-datierung\/","og_site_name":"Fling-Finder","og_image":[{"url":"http:\/\/therodnikband.com\/wp-content\/uploads\/2022\/07\/kink-dating.jpg"}],"twitter_card":"summary_large_image","twitter_misc":{"Gesch\u00e4tzte Lesezeit":"2\u00a0Minuten"},"schema":{"@context":"https:\/\/schema.org","@graph":[{"@type":"WebSite","@id":"https:\/\/therodnikband.com\/#website","url":"https:\/\/therodnikband.com\/","name":"Fling-Finder","description":"Flirt, Dating &amp; Hookup!","potentialAction":[{"@type":"SearchAction","target":{"@type":"EntryPoint","urlTemplate":"https:\/\/therodnikband.com\/?s={search_term_string}"},"query-input":"required name=search_term_string"}],"inLanguage":"de"},{"@type":"ImageObject","@id":"http:\/\/therodnikband.com\/de\/bdsm-datierung\/#primaryimage","inLanguage":"de","url":"http:\/\/therodnikband.com\/wp-content\/uploads\/2022\/07\/kink-dating.jpg","contentUrl":"http:\/\/therodnikband.com\/wp-content\/uploads\/2022\/07\/kink-dating.jpg","width":300,"height":200},{"@type":"WebPage","@id":"http:\/\/therodnikband.com\/de\/bdsm-datierung\/#webpage","url":"http:\/\/therodnikband.com\/de\/bdsm-datierung\/","name":"BDSM-Datierung - Fling-Finder","isPartOf":{"@id":"https:\/\/therodnikband.com\/#website"},"primaryImageOfPage":{"@id":"http:\/\/therodnikband.com\/de\/bdsm-datierung\/#primaryimage"},"datePublished":"2022-07-06T11:26:39+00:00","dateModified":"2022-07-06T11:26:39+00:00","breadcrumb":{"@id":"http:\/\/therodnikband.com\/de\/bdsm-datierung\/#breadcrumb"},"inLanguage":"de","potentialAction":[{"@type":"ReadAction","target":["http:\/\/therodnikband.com\/de\/bdsm-datierung\/"]}]},{"@type":"BreadcrumbList","@id":"http:\/\/therodnikband.com\/de\/bdsm-datierung\/#breadcrumb","itemListElement":[{"@type":"ListItem","position":1,"name":"Heim","item":"http:\/\/therodnikband.com\/de\/"},{"@type":"ListItem","position":2,"name":"BDSM-Datierung"}]}]}},"_links":{"self":[{"href":"http:\/\/therodnikband.com\/de\/wp-json\/wp\/v2\/pages\/188"}],"collection":[{"href":"http:\/\/therodnikband.com\/de\/wp-json\/wp\/v2\/pages"}],"about":[{"href":"http:\/\/therodnikband.com\/de\/wp-json\/wp\/v2\/types\/page"}],"author":[{"embeddable":true,"href":"http:\/\/therodnikband.com\/de\/wp-json\/wp\/v2\/users\/1"}],"replies":[{"embeddable":true,"href":"http:\/\/therodnikband.com\/de\/wp-json\/wp\/v2\/comments?post=188"}],"version-history":[{"count":0,"href":"http:\/\/therodnikband.com\/de\/wp-json\/wp\/v2\/pages\/188\/revisions"}],"wp:attachment":[{"href":"http:\/\/therodnikband.com\/de\/wp-json\/wp\/v2\/media?parent=188"}],"curies":[{"name":"wp","href":"https:\/\/api.w.org\/{rel}","templated":true}]}}