{"id":204,"date":"2022-07-06T12:11:34","date_gmt":"2022-07-06T11:11:34","guid":{"rendered":"http:\/\/therodnikband.com\/warum-hookup-apps-verwenden\/"},"modified":"2022-07-20T18:21:14","modified_gmt":"2022-07-20T17:21:14","slug":"warum-hookup-apps-verwenden","status":"publish","type":"page","link":"http:\/\/therodnikband.com\/de\/warum-hookup-apps-verwenden\/","title":{"rendered":"Warum Hookup-Apps verwenden?"},"content":{"rendered":"<p>Hookup-Sites sind Websites, auf denen Mitglieder andere treffen k\u00f6nnen, die \u00e4hnliche Interessen teilen. Sie sind in der Regel kostenlos beizutreten, und <a href=\"https:\/\/www.sextchat.net\/de\/cam-roulette-fuer-erwachsene\/\">sex roulette chat<\/a> die meisten bieten eine Form der kostenpflichtigen Mitgliedschaftsoption.<\/p>\n<p><img loading=\"lazy\" class=\"aligncenter wp-image-40\" src=\"http:\/\/therodnikband.com\/wp-content\/uploads\/2022\/07\/sex-chat-websites-1024x681.jpeg\" alt=\"\" width=\"737\" height=\"490\" srcset=\"http:\/\/therodnikband.com\/wp-content\/uploads\/2022\/07\/sex-chat-websites-1024x681.jpeg 1024w, http:\/\/therodnikband.com\/wp-content\/uploads\/2022\/07\/sex-chat-websites-300x200.jpeg 300w, http:\/\/therodnikband.com\/wp-content\/uploads\/2022\/07\/sex-chat-websites-768x511.jpeg 768w, http:\/\/therodnikband.com\/wp-content\/uploads\/2022\/07\/sex-chat-websites-1536x1022.jpeg 1536w, http:\/\/therodnikband.com\/wp-content\/uploads\/2022\/07\/sex-chat-websites-2048x1363.jpeg 2048w\" sizes=\"(max-width: 737px) 100vw, 737px\" \/><\/p>\n<p>Deshalb ist es wichtig zu verstehen, was eine <a href=\"http:\/\/therodnikband.com\/de\/so-waehlen-sie-die-richtige-hookup-app-aus\/\">Website lohnenswert<\/a> macht. Hier sind drei Dinge, die bei der Bewertung einer Hookup-Site zu beachten sind:<\/p>\n<ul>\n<li>Kosten: Ist es kostenlos oder kostet es Geld? Kostenlose Hookup-Sites werden in der Regel von einer einzelnen Person oder einer kleinen Gruppe von Personen betrieben. Diese Seiten sind in der Regel sehr einfach und bieten wenig Wert. Kostenpflichtige Hookup-Sites werden jedoch in der Regel von gro\u00dfen Unternehmen betrieben auf <a href=\"http:\/\/www.jerkoffforme.com\/de\/bdsm-cams\/\">BDSM webcams<\/a>, die Millionen von Dollar in Werbung und Technologie investiert haben.<\/li>\n<li>Funktionen: Welche Funktionen bietet die Website? Beinhaltet es Messaging, Video-Chat oder Live-Streaming? M\u00fcssen Sie ein Konto erstellen oder k\u00f6nnen Sie Ihr Facebook-Login verwenden? Gibt es spezielle Anforderungen, wie z.B. Altersbeschr\u00e4nkungen?<\/li>\n<li>Benutzererfahrung: Wie einfach ist es, auf der Website zu navigieren? K\u00f6nnen Sie ganz einfach nach Mitgliedern suchen, basierend auf Standort, Geschlecht, ethnischer Zugeh\u00f6rigkeit oder sexueller Orientierung? K\u00f6nnen Sie Profile schnell und effizient durchsuchen?<\/li>\n<\/ul>\n<h2>Unsere Tipps<\/h2>\n<p>Personals sind die beliebteste Art von <a href=\"http:\/\/therodnikband.com\/de\/ausgereifte-dating-apps\/\">Hookup-Site<\/a>. Menschen benutzen sie, um Dates, Freunde und Partner f\u00fcr <a href=\"http:\/\/therodnikband.com\/de\/ist-bdsm-genau-das-richtige-fuer-sie\/\">Gelegenheitssex<\/a> zu finden. Dating-Sites f\u00fcr Erwachsene \u00e4hneln Kontaktanzeigen, mit der Ausnahme, dass sie sich speziell an Erwachsene richten, die nach Sex suchen. Social-Networking-Sites werden verwendet, um sich mit Personen zu verbinden, die Sie bereits kennen, unabh\u00e4ngig davon, ob es sich bei diesen Personen um Familienmitglieder, Freunde, Kollegen oder Klassenkameraden handelt. Online-Dating-Sites erm\u00f6glichen es Benutzern, nach bestimmten Kriterien wie Alter, Standort, Interessen usw. nach potenziellen romantischen Partnern zu suchen.<\/p>\n<p>Jede Art von <a href=\"http:\/\/www.nosignupporngames.net\/de\/\">sexsimulator ohne kreditkarte<\/a> hat ihre eigenen Vor- und Nachteile. Kontaktanzeigen sind gro\u00dfartig, weil sie kostenlos sind, aber sie neigen dazu, mit Betr\u00fcgern und gef\u00e4lschten Profilen gef\u00fcllt zu sein. Dating-Sites f\u00fcr Erwachsene sind praktisch, weil sie diskret sind, aber sie ziehen oft Grusel und Raubtiere an. Social-Networking-Sites sind n\u00fctzlich, weil sie einfach zu bedienen sind, aber es fehlen ihnen Datenschutzoptionen. Online-Dating-Sites sind effektiv, weil sie viele Datenschutzoptionen bieten, aber sie sind teuer und funktionieren m\u00f6glicherweise nicht f\u00fcr jeden gut.<\/p>\n","protected":false},"excerpt":{"rendered":"<p>Hookup-Sites sind Websites, auf denen Mitglieder andere treffen k\u00f6nnen, die \u00e4hnliche Interessen teilen. Sie sind in der Regel kostenlos beizutreten, und sex roulette chat die meisten bieten eine Form der kostenpflichtigen Mitgliedschaftsoption. Deshalb ist es wichtig zu verstehen, was eine Website lohnenswert macht. Hier sind drei Dinge, die bei der Bewertung einer Hookup-Site zu beachten &#8230; <a title=\"Warum Hookup-Apps verwenden?\" class=\"read-more\" href=\"http:\/\/therodnikband.com\/de\/warum-hookup-apps-verwenden\/\" aria-label=\"Mehr dazu unter Warum Hookup-Apps verwenden?\">Weiterlesen<\/a><\/p>\n","protected":false},"author":1,"featured_media":0,"parent":0,"menu_order":0,"comment_status":"closed","ping_status":"closed","template":"","meta":[],"yoast_head":"<!-- This site is optimized with the Yoast SEO plugin v17.7.1 - https:\/\/yoast.com\/wordpress\/plugins\/seo\/ -->\n<title>Warum Hookup-Apps verwenden? - Fling-Finder<\/title>\n<meta name=\"robots\" content=\"index, follow, max-snippet:-1, max-image-preview:large, max-video-preview:-1\" \/>\n<link rel=\"canonical\" href=\"http:\/\/therodnikband.com\/de\/warum-hookup-apps-verwenden\/\" \/>\n<meta property=\"og:locale\" content=\"de_DE\" \/>\n<meta property=\"og:type\" content=\"article\" \/>\n<meta property=\"og:title\" content=\"Warum Hookup-Apps verwenden? - Fling-Finder\" \/>\n<meta property=\"og:description\" content=\"Hookup-Sites sind Websites, auf denen Mitglieder andere treffen k\u00f6nnen, die \u00e4hnliche Interessen teilen. Sie sind in der Regel kostenlos beizutreten, und sex roulette chat die meisten bieten eine Form der kostenpflichtigen Mitgliedschaftsoption. Deshalb ist es wichtig zu verstehen, was eine Website lohnenswert macht. Hier sind drei Dinge, die bei der Bewertung einer Hookup-Site zu beachten ... Weiterlesen\" \/>\n<meta property=\"og:url\" content=\"http:\/\/therodnikband.com\/de\/warum-hookup-apps-verwenden\/\" \/>\n<meta property=\"og:site_name\" content=\"Fling-Finder\" \/>\n<meta property=\"article:modified_time\" content=\"2022-07-20T17:21:14+00:00\" \/>\n<meta property=\"og:image\" content=\"http:\/\/therodnikband.com\/wp-content\/uploads\/2022\/07\/sex-chat-websites-1024x681.jpeg\" \/>\n<meta name=\"twitter:card\" content=\"summary_large_image\" \/>\n<meta name=\"twitter:label1\" content=\"Gesch\u00e4tzte Lesezeit\" \/>\n\t<meta name=\"twitter:data1\" content=\"2\u00a0Minuten\" \/>\n<script type=\"application\/ld+json\" class=\"yoast-schema-graph\">{\"@context\":\"https:\/\/schema.org\",\"@graph\":[{\"@type\":\"WebSite\",\"@id\":\"https:\/\/therodnikband.com\/#website\",\"url\":\"https:\/\/therodnikband.com\/\",\"name\":\"Fling-Finder\",\"description\":\"Flirt, Dating &amp; Hookup!\",\"potentialAction\":[{\"@type\":\"SearchAction\",\"target\":{\"@type\":\"EntryPoint\",\"urlTemplate\":\"https:\/\/therodnikband.com\/?s={search_term_string}\"},\"query-input\":\"required name=search_term_string\"}],\"inLanguage\":\"de\"},{\"@type\":\"ImageObject\",\"@id\":\"http:\/\/therodnikband.com\/de\/warum-hookup-apps-verwenden\/#primaryimage\",\"inLanguage\":\"de\",\"url\":\"http:\/\/therodnikband.com\/wp-content\/uploads\/2022\/07\/sex-chat-websites.jpeg\",\"contentUrl\":\"http:\/\/therodnikband.com\/wp-content\/uploads\/2022\/07\/sex-chat-websites.jpeg\",\"width\":2254,\"height\":1500},{\"@type\":\"WebPage\",\"@id\":\"http:\/\/therodnikband.com\/de\/warum-hookup-apps-verwenden\/#webpage\",\"url\":\"http:\/\/therodnikband.com\/de\/warum-hookup-apps-verwenden\/\",\"name\":\"Warum Hookup-Apps verwenden? - Fling-Finder\",\"isPartOf\":{\"@id\":\"https:\/\/therodnikband.com\/#website\"},\"primaryImageOfPage\":{\"@id\":\"http:\/\/therodnikband.com\/de\/warum-hookup-apps-verwenden\/#primaryimage\"},\"datePublished\":\"2022-07-06T11:11:34+00:00\",\"dateModified\":\"2022-07-20T17:21:14+00:00\",\"breadcrumb\":{\"@id\":\"http:\/\/therodnikband.com\/de\/warum-hookup-apps-verwenden\/#breadcrumb\"},\"inLanguage\":\"de\",\"potentialAction\":[{\"@type\":\"ReadAction\",\"target\":[\"http:\/\/therodnikband.com\/de\/warum-hookup-apps-verwenden\/\"]}]},{\"@type\":\"BreadcrumbList\",\"@id\":\"http:\/\/therodnikband.com\/de\/warum-hookup-apps-verwenden\/#breadcrumb\",\"itemListElement\":[{\"@type\":\"ListItem\",\"position\":1,\"name\":\"Heim\",\"item\":\"http:\/\/therodnikband.com\/de\/\"},{\"@type\":\"ListItem\",\"position\":2,\"name\":\"Warum Hookup-Apps verwenden?\"}]}]}<\/script>\n<!-- \/ Yoast SEO plugin. -->","yoast_head_json":{"title":"Warum Hookup-Apps verwenden? - Fling-Finder","robots":{"index":"index","follow":"follow","max-snippet":"max-snippet:-1","max-image-preview":"max-image-preview:large","max-video-preview":"max-video-preview:-1"},"canonical":"http:\/\/therodnikband.com\/de\/warum-hookup-apps-verwenden\/","og_locale":"de_DE","og_type":"article","og_title":"Warum Hookup-Apps verwenden? - Fling-Finder","og_description":"Hookup-Sites sind Websites, auf denen Mitglieder andere treffen k\u00f6nnen, die \u00e4hnliche Interessen teilen. Sie sind in der Regel kostenlos beizutreten, und sex roulette chat die meisten bieten eine Form der kostenpflichtigen Mitgliedschaftsoption. Deshalb ist es wichtig zu verstehen, was eine Website lohnenswert macht. Hier sind drei Dinge, die bei der Bewertung einer Hookup-Site zu beachten ... Weiterlesen","og_url":"http:\/\/therodnikband.com\/de\/warum-hookup-apps-verwenden\/","og_site_name":"Fling-Finder","article_modified_time":"2022-07-20T17:21:14+00:00","og_image":[{"url":"http:\/\/therodnikband.com\/wp-content\/uploads\/2022\/07\/sex-chat-websites-1024x681.jpeg"}],"twitter_card":"summary_large_image","twitter_misc":{"Gesch\u00e4tzte Lesezeit":"2\u00a0Minuten"},"schema":{"@context":"https:\/\/schema.org","@graph":[{"@type":"WebSite","@id":"https:\/\/therodnikband.com\/#website","url":"https:\/\/therodnikband.com\/","name":"Fling-Finder","description":"Flirt, Dating &amp; Hookup!","potentialAction":[{"@type":"SearchAction","target":{"@type":"EntryPoint","urlTemplate":"https:\/\/therodnikband.com\/?s={search_term_string}"},"query-input":"required name=search_term_string"}],"inLanguage":"de"},{"@type":"ImageObject","@id":"http:\/\/therodnikband.com\/de\/warum-hookup-apps-verwenden\/#primaryimage","inLanguage":"de","url":"http:\/\/therodnikband.com\/wp-content\/uploads\/2022\/07\/sex-chat-websites.jpeg","contentUrl":"http:\/\/therodnikband.com\/wp-content\/uploads\/2022\/07\/sex-chat-websites.jpeg","width":2254,"height":1500},{"@type":"WebPage","@id":"http:\/\/therodnikband.com\/de\/warum-hookup-apps-verwenden\/#webpage","url":"http:\/\/therodnikband.com\/de\/warum-hookup-apps-verwenden\/","name":"Warum Hookup-Apps verwenden? - Fling-Finder","isPartOf":{"@id":"https:\/\/therodnikband.com\/#website"},"primaryImageOfPage":{"@id":"http:\/\/therodnikband.com\/de\/warum-hookup-apps-verwenden\/#primaryimage"},"datePublished":"2022-07-06T11:11:34+00:00","dateModified":"2022-07-20T17:21:14+00:00","breadcrumb":{"@id":"http:\/\/therodnikband.com\/de\/warum-hookup-apps-verwenden\/#breadcrumb"},"inLanguage":"de","potentialAction":[{"@type":"ReadAction","target":["http:\/\/therodnikband.com\/de\/warum-hookup-apps-verwenden\/"]}]},{"@type":"BreadcrumbList","@id":"http:\/\/therodnikband.com\/de\/warum-hookup-apps-verwenden\/#breadcrumb","itemListElement":[{"@type":"ListItem","position":1,"name":"Heim","item":"http:\/\/therodnikband.com\/de\/"},{"@type":"ListItem","position":2,"name":"Warum Hookup-Apps verwenden?"}]}]}},"_links":{"self":[{"href":"http:\/\/therodnikband.com\/de\/wp-json\/wp\/v2\/pages\/204"}],"collection":[{"href":"http:\/\/therodnikband.com\/de\/wp-json\/wp\/v2\/pages"}],"about":[{"href":"http:\/\/therodnikband.com\/de\/wp-json\/wp\/v2\/types\/page"}],"author":[{"embeddable":true,"href":"http:\/\/therodnikband.com\/de\/wp-json\/wp\/v2\/users\/1"}],"replies":[{"embeddable":true,"href":"http:\/\/therodnikband.com\/de\/wp-json\/wp\/v2\/comments?post=204"}],"version-history":[{"count":1,"href":"http:\/\/therodnikband.com\/de\/wp-json\/wp\/v2\/pages\/204\/revisions"}],"predecessor-version":[{"id":348,"href":"http:\/\/therodnikband.com\/de\/wp-json\/wp\/v2\/pages\/204\/revisions\/348"}],"wp:attachment":[{"href":"http:\/\/therodnikband.com\/de\/wp-json\/wp\/v2\/media?parent=204"}],"curies":[{"name":"wp","href":"https:\/\/api.w.org\/{rel}","templated":true}]}}