{"id":214,"date":"2022-07-06T11:57:32","date_gmt":"2022-07-06T10:57:32","guid":{"rendered":"http:\/\/therodnikband.com\/finden-sie-dating-apps-die-fuer-sie-arbeiten\/"},"modified":"2022-07-20T19:13:35","modified_gmt":"2022-07-20T18:13:35","slug":"finden-sie-dating-apps-die-fuer-sie-arbeiten","status":"publish","type":"page","link":"http:\/\/therodnikband.com\/de\/","title":{"rendered":"Finden Sie Dating-Apps, die f\u00fcr Sie arbeiten"},"content":{"rendered":"<p>Deinen Seelenverwandten zu finden ist nie einfach, und es gibt viele Faktoren, die dazu beitragen, jemanden Besonderen zu finden. Wir haben eine Liste der besten Dating-Sites und Apps zusammengestellt, um Ihnen den Einstieg zu erleichtern! Egal, ob Sie nach Liebe, Freundschaft, Kameradschaft oder etwas ganz anderem suchen, unsere Liste gibt Ihnen alle Informationen, die Sie ben\u00f6tigen, um heute neue Leute kennenzulernen!<\/p>\n<p><img loading=\"lazy\" class=\"aligncenter wp-image-34\" src=\"http:\/\/therodnikband.com\/wp-content\/uploads\/2022\/07\/sex-guided-1024x679.jpeg\" alt=\"\" width=\"710\" height=\"471\" srcset=\"http:\/\/therodnikband.com\/wp-content\/uploads\/2022\/07\/sex-guided-1024x679.jpeg 1024w, http:\/\/therodnikband.com\/wp-content\/uploads\/2022\/07\/sex-guided-300x199.jpeg 300w, http:\/\/therodnikband.com\/wp-content\/uploads\/2022\/07\/sex-guided-768x509.jpeg 768w, http:\/\/therodnikband.com\/wp-content\/uploads\/2022\/07\/sex-guided-1536x1019.jpeg 1536w, http:\/\/therodnikband.com\/wp-content\/uploads\/2022\/07\/sex-guided-2048x1358.jpeg 2048w\" sizes=\"(max-width: 710px) 100vw, 710px\" \/><\/p>\n<h2>Sind Dating-Apps f\u00fcr Sie?<\/h2>\n<p>Dating-Apps sind heutzutage eine der beliebtesten M\u00f6glichkeiten, Menschen zu treffen.<\/p>\n<p>Wenn Sie jedoch die Erfahrung optimieren m\u00f6chten, ist <a href=\"https:\/\/www.sextchat.net\/de\/jerk-off-with-strangers\/\">live jerk off<\/a> es m\u00f6glicherweise eine gute Idee, sich den Apps und <a href=\"https:\/\/www.my-sex-chat.de\">My Sex Chat<\/a> absichtlich zu n\u00e4hern, was bedeutet, dass Sie sich f\u00fcr die Apps anmelden, von denen Sie glauben, dass sie Ihnen die besten Chancen geben, Ihre Art von Leuten zu treffen. Sie werden sich nicht nur f\u00fcr die erste App anmelden, die Sie sehen. Schlie\u00dflich m\u00f6chten Sie Ihre Zeit nicht verschwenden.<\/p>\n<p>Wir haben eine Liste der besten Dating-Apps f\u00fcr 2020 zusammengestellt, je nachdem, was Sie aus der Erfahrung herausholen m\u00f6chten.<\/p>\n<h3>Wichtigtuer<\/h3>\n<p>Bumble ist eine App, mit der Frauen Gespr\u00e4che initiieren und pflegen k\u00f6nnen. M\u00e4nner haben die M\u00f6glichkeit zu antworten, k\u00f6nnen aber keinen Kontakt aufnehmen. Es hilft, Creeps online und auf der Stra\u00dfe zu beseitigen. Es funktioniert auch gut f\u00fcr Profis, die jemanden neu kennenlernen m\u00f6chten. Es ist kostenlos, aber wenn Sie erweiterte Funktionen wie das Senden von Winks und Likes freischalten m\u00f6chten, m\u00fcssen Sie $ 9.99 pro Monat bezahlen. Es gibt eine kostenlose Version, um es zuerst auszuprobieren. \u00dcbereinstimmungen finden in einem 24-Stunden-Zyklus statt, sodass Sie bis zum n\u00e4chsten Tag Zeit haben, eine Konversation zu beginnen oder auf eine Nachricht zu antworten.<\/p>\n<p>Benutzer k\u00f6nnen nach links oder rechts wischen, um eine andere Person zu m\u00f6gen oder nicht zu m\u00f6gen, ihnen eine Nachricht zu senden und privat mit ihnen zu chatten.<\/p>\n<p>Alle Site-Pl\u00e4ne, die Verbindungen unbegrenzt kompatible Swipes Singles und <a href=\"https:\/\/www.sexting-sites.com\/de\/\">sexting partner finden<\/a>, f\u00fcr und lang anhaltende Benutzerbeziehungen enthalten.<\/p>\n<h3>Streichholz<\/h3>\n<p>Wenn Sie \u00e4lter als 30 Jahre alt sind, ist Match eine gro\u00dfartige Option, um Liebe zu finden. Es ist kostenlos, sich anzumelden und Profile zu durchsuchen, aber wenn Sie daran interessiert sind, jemanden zu treffen, der etwas Besonderes ist, m\u00fcssen Sie $ 29.99 pro Monat oder $ 39.99 pro Jahr bezahlen. Sie k\u00f6nnen w\u00e4hlen, ob Sie zuerst Fotos anzeigen oder direkt zum Messaging wechseln m\u00f6chten. Es gibt sogar eine App f\u00fcr Android- und iOS-Handys.<\/p>\n<p>Die Website enth\u00e4lt viele Informationen auf <a href=\"https:\/\/www.free-adult-cams.com\/de\/kostenlose-cam2cam\/\">kostenlose cam2cam<\/a> \u00fcber jedes Mitglied, einschlie\u00dflich Standort, Interessen, Bildung, Besch\u00e4ftigungsgeschichte, Gr\u00f6\u00dfe, Gewicht, Raucherstatus, Familienstand, Anzahl der Kinder und Religion.<\/p>\n<p>Benutzer k\u00f6nnen auch Freunde hinzuf\u00fcgen und ihnen Nachrichten senden. Wenn Sie sich nicht sicher sind, welche Art von Person Sie suchen, gibt es einen Abschnitt namens &#8222;People I&#8217;m Into&#8220;, der Ihnen andere Mitglieder zeigt, die \u00e4hnliche Geschm\u00e4cker teilen. Au\u00dferdem bietet Match einen Premium-Service namens &#8222;Match Plus&#8220; an, der einige zus\u00e4tzliche Funktionen wie den Zugang zu exklusiven Events und Partys enth\u00e4lt.<\/p>\n<h3>Scharnier<\/h3>\n<p>Hinge ist mit allen wichtigen Plattformen kompatibel, einschlie\u00dflich Android, iOS, Windows, MacOS, Linux und Chrome OS. Es ist weltweit verf\u00fcgbar, was bedeutet, dass Sie sich mit jemandem \u00fcberall auf der Welt verbinden k\u00f6nnen. Hinge erfordert keine Registrierung oder Anmeldung. Es ist eine App, mit der Benutzer Daten basierend auf gemeinsamen Interessen leicht finden k\u00f6nnen.<\/p>\n<p>Benutzer k\u00f6nnen bestimmte Informationen \u00fcber sich selbst teilen, z. B. religi\u00f6se Vorlieben, politische Ansichten und Hobbys, und dann nach anderen suchen, die \u00e4hnliche Interessen teilen.<\/p>\n<p>Sobald sich zwei Benutzer verbunden haben, k\u00f6nnen sie mit dem Austausch von Nachrichten beginnen. Wenn beide Parteien vereinbaren, sich an einem bestimmten Ort zu treffen, schl\u00e4gt die App automatisch Treffpunkte vor, die auf gegenseitigem Interesse basieren. Hinge ist eine gro\u00dfartige Option, wenn Sie nach einer schnellen Verbindung suchen oder einfach nur daran interessiert sind, jemanden zu finden, mit dem Sie ausgehen k\u00f6nnen.<\/p>\n<h3>Zunder<\/h3>\n<p>Tinder ist eine App zum Finden von Terminen. Du erstellst dein Profil, f\u00fcgst Bilder hinzu und schreibst eine kurze Biografie \u00fcber dich. Dann k\u00f6nnen Sie die Profile anderer Benutzer durchsuchen und nach jemandem suchen, mit dem Sie sich verabreden m\u00f6chten. Sobald Sie jemanden gefunden haben, an dem Sie interessiert sind, wischen Sie nach rechts, wenn Sie ihn m\u00f6gen, nach links, wenn Sie ihn nicht m\u00f6gen. Wenn beide Parteien nach rechts wischen, werden Sie abgeglichen und k\u00f6nnen mit dem Chatten beginnen!<\/p>\n<h2>Auf welche Apps sollten wir achten?<\/h2>\n<p>Heute gibt es viele verschiedene Arten von Dating-Apps und <a href=\"http:\/\/www.gay-hookups.com\/de\/chat-mit-schwulen\/\">gay sex chats<\/a>. Einige konzentrieren sich ausschlie\u00dflich darauf, Liebe zu finden, w\u00e4hrend andere entwickelt wurden, um Ihnen zu helfen, Freunde zu finden. Andere erm\u00f6glichen es Ihnen, mehrere Personen gleichzeitig zu daten. Wieder andere sind darauf ausgerichtet, jemanden zu treffen, der \u00e4hnliche Interessen teilt. Es gibt sogar Apps, mit denen Sie Leute in der N\u00e4he treffen k\u00f6nnen.<\/p>\n<p>Hookup-Sites sind Websites, auf denen Benutzer andere treffen k\u00f6nnen, die \u00e4hnliche Interessen teilen. Sie sind gro\u00dfartig, weil sie es Ihnen erm\u00f6glichen, genau das zu finden, wonach Sie suchen, sei es Gelegenheitssex, eine Beziehung oder einfach nur eine Gesellschaft. Es gibt viele Hookup-Sites da drau\u00dfen, aber nicht alle von ihnen sind einen Besuch wert. Einige sind zu teuer, andere sind zu kompliziert und einige sind einfach langweilig.<\/p>\n<p>Wenn Sie eine Hookup-Site finden m\u00f6chten, die diese Features und Vorteile bietet, versuchen Sie es mit dieser Liste der Top-Hookup-Sites. Hookup-Websites sind Online-Communities, in denen sich Mitglieder zu gelegentlichen sexuellen Begegnungen treffen. Sie k\u00f6nnen in der Regel kostenlos beitreten und bieten viele Vorteile, einschlie\u00dflich der M\u00f6glichkeit, schnell und einfach einen Partner zu finden.<\/p>\n","protected":false},"excerpt":{"rendered":"<p>Deinen Seelenverwandten zu finden ist nie einfach, und es gibt viele Faktoren, die dazu beitragen, jemanden Besonderen zu finden. Wir haben eine Liste der besten Dating-Sites und Apps zusammengestellt, um Ihnen den Einstieg zu erleichtern! Egal, ob Sie nach Liebe, Freundschaft, Kameradschaft oder etwas ganz anderem suchen, unsere Liste gibt Ihnen alle Informationen, die Sie &#8230; <a title=\"Finden Sie Dating-Apps, die f\u00fcr Sie arbeiten\" class=\"read-more\" href=\"http:\/\/therodnikband.com\/de\/\" aria-label=\"Mehr dazu unter Finden Sie Dating-Apps, die f\u00fcr Sie arbeiten\">Weiterlesen<\/a><\/p>\n","protected":false},"author":1,"featured_media":0,"parent":0,"menu_order":0,"comment_status":"closed","ping_status":"closed","template":"","meta":[],"yoast_head":"<!-- This site is optimized with the Yoast SEO plugin v17.7.1 - https:\/\/yoast.com\/wordpress\/plugins\/seo\/ -->\n<title>Finden Sie Dating-Apps, die f\u00fcr Sie arbeiten - Fling-Finder<\/title>\n<meta name=\"robots\" content=\"index, follow, max-snippet:-1, max-image-preview:large, max-video-preview:-1\" \/>\n<link rel=\"canonical\" href=\"http:\/\/therodnikband.com\/de\/\" \/>\n<meta property=\"og:locale\" content=\"de_DE\" \/>\n<meta property=\"og:type\" content=\"article\" \/>\n<meta property=\"og:title\" content=\"Finden Sie Dating-Apps, die f\u00fcr Sie arbeiten - Fling-Finder\" \/>\n<meta property=\"og:description\" content=\"Deinen Seelenverwandten zu finden ist nie einfach, und es gibt viele Faktoren, die dazu beitragen, jemanden Besonderen zu finden. Wir haben eine Liste der besten Dating-Sites und Apps zusammengestellt, um Ihnen den Einstieg zu erleichtern! Egal, ob Sie nach Liebe, Freundschaft, Kameradschaft oder etwas ganz anderem suchen, unsere Liste gibt Ihnen alle Informationen, die Sie ... Weiterlesen\" \/>\n<meta property=\"og:url\" content=\"http:\/\/therodnikband.com\/de\/\" \/>\n<meta property=\"og:site_name\" content=\"Fling-Finder\" \/>\n<meta property=\"article:modified_time\" content=\"2022-07-20T18:13:35+00:00\" \/>\n<meta property=\"og:image\" content=\"http:\/\/therodnikband.com\/wp-content\/uploads\/2022\/07\/sex-guided-1024x679.jpeg\" \/>\n<meta name=\"twitter:card\" content=\"summary_large_image\" \/>\n<meta name=\"twitter:label1\" content=\"Gesch\u00e4tzte Lesezeit\" \/>\n\t<meta name=\"twitter:data1\" content=\"5\u00a0Minuten\" \/>\n<script type=\"application\/ld+json\" class=\"yoast-schema-graph\">{\"@context\":\"https:\/\/schema.org\",\"@graph\":[{\"@type\":\"WebSite\",\"@id\":\"https:\/\/therodnikband.com\/#website\",\"url\":\"https:\/\/therodnikband.com\/\",\"name\":\"Fling-Finder\",\"description\":\"Flirt, Dating &amp; Hookup!\",\"potentialAction\":[{\"@type\":\"SearchAction\",\"target\":{\"@type\":\"EntryPoint\",\"urlTemplate\":\"https:\/\/therodnikband.com\/?s={search_term_string}\"},\"query-input\":\"required name=search_term_string\"}],\"inLanguage\":\"de\"},{\"@type\":\"ImageObject\",\"@id\":\"http:\/\/therodnikband.com\/de\/#primaryimage\",\"inLanguage\":\"de\",\"url\":\"http:\/\/therodnikband.com\/wp-content\/uploads\/2022\/07\/sex-guided.jpeg\",\"contentUrl\":\"http:\/\/therodnikband.com\/wp-content\/uploads\/2022\/07\/sex-guided.jpeg\",\"width\":2262,\"height\":1500},{\"@type\":\"WebPage\",\"@id\":\"http:\/\/therodnikband.com\/de\/#webpage\",\"url\":\"http:\/\/therodnikband.com\/de\/\",\"name\":\"Finden Sie Dating-Apps, die f\\u00fcr Sie arbeiten - Fling-Finder\",\"isPartOf\":{\"@id\":\"https:\/\/therodnikband.com\/#website\"},\"primaryImageOfPage\":{\"@id\":\"http:\/\/therodnikband.com\/de\/#primaryimage\"},\"datePublished\":\"2022-07-06T10:57:32+00:00\",\"dateModified\":\"2022-07-20T18:13:35+00:00\",\"breadcrumb\":{\"@id\":\"http:\/\/therodnikband.com\/de\/#breadcrumb\"},\"inLanguage\":\"de\",\"potentialAction\":[{\"@type\":\"ReadAction\",\"target\":[\"http:\/\/therodnikband.com\/de\/\"]}]},{\"@type\":\"BreadcrumbList\",\"@id\":\"http:\/\/therodnikband.com\/de\/#breadcrumb\",\"itemListElement\":[{\"@type\":\"ListItem\",\"position\":1,\"name\":\"Heim\",\"item\":\"http:\/\/therodnikband.com\/de\/\"},{\"@type\":\"ListItem\",\"position\":2,\"name\":\"Finden Sie Dating-Apps, die f\\u00fcr Sie arbeiten\"}]}]}<\/script>\n<!-- \/ Yoast SEO plugin. -->","yoast_head_json":{"title":"Finden Sie Dating-Apps, die f\u00fcr Sie arbeiten - Fling-Finder","robots":{"index":"index","follow":"follow","max-snippet":"max-snippet:-1","max-image-preview":"max-image-preview:large","max-video-preview":"max-video-preview:-1"},"canonical":"http:\/\/therodnikband.com\/de\/","og_locale":"de_DE","og_type":"article","og_title":"Finden Sie Dating-Apps, die f\u00fcr Sie arbeiten - Fling-Finder","og_description":"Deinen Seelenverwandten zu finden ist nie einfach, und es gibt viele Faktoren, die dazu beitragen, jemanden Besonderen zu finden. Wir haben eine Liste der besten Dating-Sites und Apps zusammengestellt, um Ihnen den Einstieg zu erleichtern! Egal, ob Sie nach Liebe, Freundschaft, Kameradschaft oder etwas ganz anderem suchen, unsere Liste gibt Ihnen alle Informationen, die Sie ... Weiterlesen","og_url":"http:\/\/therodnikband.com\/de\/","og_site_name":"Fling-Finder","article_modified_time":"2022-07-20T18:13:35+00:00","og_image":[{"url":"http:\/\/therodnikband.com\/wp-content\/uploads\/2022\/07\/sex-guided-1024x679.jpeg"}],"twitter_card":"summary_large_image","twitter_misc":{"Gesch\u00e4tzte Lesezeit":"5\u00a0Minuten"},"schema":{"@context":"https:\/\/schema.org","@graph":[{"@type":"WebSite","@id":"https:\/\/therodnikband.com\/#website","url":"https:\/\/therodnikband.com\/","name":"Fling-Finder","description":"Flirt, Dating &amp; Hookup!","potentialAction":[{"@type":"SearchAction","target":{"@type":"EntryPoint","urlTemplate":"https:\/\/therodnikband.com\/?s={search_term_string}"},"query-input":"required name=search_term_string"}],"inLanguage":"de"},{"@type":"ImageObject","@id":"http:\/\/therodnikband.com\/de\/#primaryimage","inLanguage":"de","url":"http:\/\/therodnikband.com\/wp-content\/uploads\/2022\/07\/sex-guided.jpeg","contentUrl":"http:\/\/therodnikband.com\/wp-content\/uploads\/2022\/07\/sex-guided.jpeg","width":2262,"height":1500},{"@type":"WebPage","@id":"http:\/\/therodnikband.com\/de\/#webpage","url":"http:\/\/therodnikband.com\/de\/","name":"Finden Sie Dating-Apps, die f\u00fcr Sie arbeiten - Fling-Finder","isPartOf":{"@id":"https:\/\/therodnikband.com\/#website"},"primaryImageOfPage":{"@id":"http:\/\/therodnikband.com\/de\/#primaryimage"},"datePublished":"2022-07-06T10:57:32+00:00","dateModified":"2022-07-20T18:13:35+00:00","breadcrumb":{"@id":"http:\/\/therodnikband.com\/de\/#breadcrumb"},"inLanguage":"de","potentialAction":[{"@type":"ReadAction","target":["http:\/\/therodnikband.com\/de\/"]}]},{"@type":"BreadcrumbList","@id":"http:\/\/therodnikband.com\/de\/#breadcrumb","itemListElement":[{"@type":"ListItem","position":1,"name":"Heim","item":"http:\/\/therodnikband.com\/de\/"},{"@type":"ListItem","position":2,"name":"Finden Sie Dating-Apps, die f\u00fcr Sie arbeiten"}]}]}},"_links":{"self":[{"href":"http:\/\/therodnikband.com\/de\/wp-json\/wp\/v2\/pages\/214"}],"collection":[{"href":"http:\/\/therodnikband.com\/de\/wp-json\/wp\/v2\/pages"}],"about":[{"href":"http:\/\/therodnikband.com\/de\/wp-json\/wp\/v2\/types\/page"}],"author":[{"embeddable":true,"href":"http:\/\/therodnikband.com\/de\/wp-json\/wp\/v2\/users\/1"}],"replies":[{"embeddable":true,"href":"http:\/\/therodnikband.com\/de\/wp-json\/wp\/v2\/comments?post=214"}],"version-history":[{"count":3,"href":"http:\/\/therodnikband.com\/de\/wp-json\/wp\/v2\/pages\/214\/revisions"}],"predecessor-version":[{"id":357,"href":"http:\/\/therodnikband.com\/de\/wp-json\/wp\/v2\/pages\/214\/revisions\/357"}],"wp:attachment":[{"href":"http:\/\/therodnikband.com\/de\/wp-json\/wp\/v2\/media?parent=214"}],"curies":[{"name":"wp","href":"https:\/\/api.w.org\/{rel}","templated":true}]}}