{"id":233,"date":"2022-07-06T12:17:13","date_gmt":"2022-07-06T11:17:13","guid":{"rendered":"http:\/\/therodnikband.com\/swipe-dating-apps\/"},"modified":"2022-07-06T12:17:13","modified_gmt":"2022-07-06T11:17:13","slug":"swipe-dating-apps","status":"publish","type":"page","link":"http:\/\/therodnikband.com\/de\/swipe-dating-apps\/","title":{"rendered":"Swipe Dating-Apps"},"content":{"rendered":"<p>Dating-Apps haben seit ihren fr\u00fchen Inkarnationen einen langen Weg zur\u00fcckgelegt. W\u00e4hrend das Matching per Wischen immer noch die Norm ist, verf\u00fcgen viele \u00fcber zus\u00e4tzliche Funktionen wie Frageb\u00f6gen, Chatrooms oder Videoanrufe. Einige verzichten sogar ganz auf das Wischen und bieten Alternativen an, z. B. das Foto von jemandem zu m\u00f6gen oder ihm eine Nachricht zu senden. Unabh\u00e4ngig davon liegt das Dating im Wesentlichen in Ihrer Handfl\u00e4che.<\/p>\n<p>Egal, ob Sie jemanden zuf\u00e4llig oder eine <a href=\"http:\/\/therodnikband.com\/de\/ebenholz-dating-sites\/\">ernsthafte Beziehung<\/a> treffen m\u00f6chten &#8211; daf\u00fcr gibt es eine App. Es ist jedoch wichtig, ein paar auszuprobieren, bevor Sie die richtige Passform finden. Wir haben Ihnen die Suche erspart, indem wir die besten Dating-Apps f\u00fcr Android gesammelt haben, um sicherzustellen, dass Sie die beste \u00dcbereinstimmung f\u00fcr Ihre Bed\u00fcrfnisse erhalten.<\/p>\n<p><img loading=\"lazy\" class=\"aligncenter wp-image-43\" src=\"http:\/\/therodnikband.com\/wp-content\/uploads\/2022\/07\/best-dating-websites-1024x683.jpeg\" alt=\"\" width=\"630\" height=\"420\" srcset=\"http:\/\/therodnikband.com\/wp-content\/uploads\/2022\/07\/best-dating-websites-1024x683.jpeg 1024w, http:\/\/therodnikband.com\/wp-content\/uploads\/2022\/07\/best-dating-websites-300x200.jpeg 300w, http:\/\/therodnikband.com\/wp-content\/uploads\/2022\/07\/best-dating-websites-768x512.jpeg 768w, http:\/\/therodnikband.com\/wp-content\/uploads\/2022\/07\/best-dating-websites-1536x1024.jpeg 1536w, http:\/\/therodnikband.com\/wp-content\/uploads\/2022\/07\/best-dating-websites-2048x1365.jpeg 2048w\" sizes=\"(max-width: 630px) 100vw, 630px\" \/><\/p>\n<h2>Kaffee trifft Bagel<\/h2>\n<p>Coffee Meets Bagel ist eine mobile App, mit der Benutzer andere Singles in der N\u00e4he treffen k\u00f6nnen. Benutzer k\u00f6nnen <a href=\"http:\/\/therodnikband.com\/de\/bdsm-datierung\/\">verschiedene Kategorien<\/a> durchsuchen, darunter Alter, Standort, Religion, Bildung, Beruf, Beziehungsstatus und mehr. Sobald Sie jemanden gefunden haben, den Sie m\u00f6gen, k\u00f6nnen Sie mit dem Chatten und Messaging beginnen. Sie k\u00f6nnen auch Ihre Einstellungen festlegen, z. B. welche Art von Datum Sie suchen. Wenn Sie sich beide wohl genug f\u00fchlen, k\u00f6nnen Sie dann ein Kaffee-Date vereinbaren.<\/p>\n<h2>Wichtigtuer<\/h2>\n<p>Bumble behauptet, sich von anderen Dating-Apps zu unterscheiden, weil es nicht erfordert, dass Benutzer nach rechts wischen, um jemanden zu m\u00f6gen. Stattdessen senden Sie ihnen einfach eine Nachricht. Wenn sie nicht interessiert sind, ignorieren sie Ihre Nachrichten. Und wenn sie interessiert sind, werden sie antworten. Sie k\u00f6nnen auch ein paar zus\u00e4tzliche Details hinzuf\u00fcgen, um Ihre Chancen auf eine Antwort zu erh\u00f6hen. Um das gegenseitige Interesse zu f\u00f6rdern, k\u00f6nnen Sie ein Foto von sich selbst teilen, Ihren Standort markieren oder etwas \u00fcber Ihre Pers\u00f6nlichkeit erw\u00e4hnen.<\/p>\n<h2>IHR<\/h2>\n<p>HER ist eine Dating-App, die Benutzer \u00fcber eine einfache Benutzeroberfl\u00e4che verbindet. Sie k\u00f6nnen entweder nach jemandem in der N\u00e4he suchen oder Profile anderer Benutzer durchsuchen. Sobald Sie Ihre \u00dcbereinstimmung gefunden haben, k\u00f6nnen Sie chatten oder Nachrichten austauschen. Wenn Sie beide Lust haben, sich besser kennenzulernen, k\u00f6nnen Sie mit dem Chatten beginnen.<\/p>\n<p>Nachdem Sie sich ein wenig unterhalten haben, k\u00f6nnen Sie entscheiden, ob Sie weitersprechen m\u00f6chten. Wenn Ihnen gef\u00e4llt, was Sie sehen, k\u00f6nnen Sie ihnen ein &#8222;Herz&#8220; schicken &#8211; ein positives Zeichen, dass Sie denken, dass sie s\u00fc\u00df genug sind, um mit ihnen auszugehen. Wenn Sie dies nicht tun, k\u00f6nnen Sie es leer lassen.<\/p>\n<p>Wenn Sie ein Herz erhalten, k\u00f6nnen Sie w\u00e4hlen, ob Sie mit einem Smiley, einem Daumen nach oben, einem Daumen nach unten, einem Kuss, einem Fauststo\u00df oder gar nichts antworten m\u00f6chten.<\/p>\n<h2>Unser Rat<\/h2>\n<p>Wenn Sie nach einer Dating-App suchen, f\u00fcr die kein Mitgliedsbeitrag erforderlich ist, gibt es viele da drau\u00dfen. Happn, Bumble und Tinder sind nur einige davon. Aber wenn Sie die Idee m\u00f6gen, daf\u00fcr zu bezahlen, mit jemandem zu chatten, den Sie m\u00f6gen, dann k\u00f6nnte Match das Richtige f\u00fcr Sie sein.<\/p>\n","protected":false},"excerpt":{"rendered":"<p>Dating-Apps haben seit ihren fr\u00fchen Inkarnationen einen langen Weg zur\u00fcckgelegt. W\u00e4hrend das Matching per Wischen immer noch die Norm ist, verf\u00fcgen viele \u00fcber zus\u00e4tzliche Funktionen wie Frageb\u00f6gen, Chatrooms oder Videoanrufe. Einige verzichten sogar ganz auf das Wischen und bieten Alternativen an, z. B. das Foto von jemandem zu m\u00f6gen oder ihm eine Nachricht zu senden. &#8230; <a title=\"Swipe Dating-Apps\" class=\"read-more\" href=\"http:\/\/therodnikband.com\/de\/swipe-dating-apps\/\" aria-label=\"Mehr dazu unter Swipe Dating-Apps\">Weiterlesen<\/a><\/p>\n","protected":false},"author":1,"featured_media":0,"parent":0,"menu_order":0,"comment_status":"closed","ping_status":"closed","template":"","meta":[],"yoast_head":"<!-- This site is optimized with the Yoast SEO plugin v17.7.1 - https:\/\/yoast.com\/wordpress\/plugins\/seo\/ -->\n<title>Swipe Dating-Apps - Fling-Finder<\/title>\n<meta name=\"robots\" content=\"index, follow, max-snippet:-1, max-image-preview:large, max-video-preview:-1\" \/>\n<link rel=\"canonical\" href=\"http:\/\/therodnikband.com\/de\/swipe-dating-apps\/\" \/>\n<meta property=\"og:locale\" content=\"de_DE\" \/>\n<meta property=\"og:type\" content=\"article\" \/>\n<meta property=\"og:title\" content=\"Swipe Dating-Apps - Fling-Finder\" \/>\n<meta property=\"og:description\" content=\"Dating-Apps haben seit ihren fr\u00fchen Inkarnationen einen langen Weg zur\u00fcckgelegt. W\u00e4hrend das Matching per Wischen immer noch die Norm ist, verf\u00fcgen viele \u00fcber zus\u00e4tzliche Funktionen wie Frageb\u00f6gen, Chatrooms oder Videoanrufe. Einige verzichten sogar ganz auf das Wischen und bieten Alternativen an, z. B. das Foto von jemandem zu m\u00f6gen oder ihm eine Nachricht zu senden. ... Weiterlesen\" \/>\n<meta property=\"og:url\" content=\"http:\/\/therodnikband.com\/de\/swipe-dating-apps\/\" \/>\n<meta property=\"og:site_name\" content=\"Fling-Finder\" \/>\n<meta property=\"og:image\" content=\"http:\/\/therodnikband.com\/wp-content\/uploads\/2022\/07\/best-dating-websites-1024x683.jpeg\" \/>\n<meta name=\"twitter:card\" content=\"summary_large_image\" \/>\n<meta name=\"twitter:label1\" content=\"Gesch\u00e4tzte Lesezeit\" \/>\n\t<meta name=\"twitter:data1\" content=\"3\u00a0Minuten\" \/>\n<script type=\"application\/ld+json\" class=\"yoast-schema-graph\">{\"@context\":\"https:\/\/schema.org\",\"@graph\":[{\"@type\":\"WebSite\",\"@id\":\"https:\/\/therodnikband.com\/#website\",\"url\":\"https:\/\/therodnikband.com\/\",\"name\":\"Fling-Finder\",\"description\":\"Flirt, Dating &amp; Hookup!\",\"potentialAction\":[{\"@type\":\"SearchAction\",\"target\":{\"@type\":\"EntryPoint\",\"urlTemplate\":\"https:\/\/therodnikband.com\/?s={search_term_string}\"},\"query-input\":\"required name=search_term_string\"}],\"inLanguage\":\"de\"},{\"@type\":\"ImageObject\",\"@id\":\"http:\/\/therodnikband.com\/de\/swipe-dating-apps\/#primaryimage\",\"inLanguage\":\"de\",\"url\":\"http:\/\/therodnikband.com\/wp-content\/uploads\/2022\/07\/best-dating-websites.jpeg\",\"contentUrl\":\"http:\/\/therodnikband.com\/wp-content\/uploads\/2022\/07\/best-dating-websites.jpeg\",\"width\":2250,\"height\":1500},{\"@type\":\"WebPage\",\"@id\":\"http:\/\/therodnikband.com\/de\/swipe-dating-apps\/#webpage\",\"url\":\"http:\/\/therodnikband.com\/de\/swipe-dating-apps\/\",\"name\":\"Swipe Dating-Apps - Fling-Finder\",\"isPartOf\":{\"@id\":\"https:\/\/therodnikband.com\/#website\"},\"primaryImageOfPage\":{\"@id\":\"http:\/\/therodnikband.com\/de\/swipe-dating-apps\/#primaryimage\"},\"datePublished\":\"2022-07-06T11:17:13+00:00\",\"dateModified\":\"2022-07-06T11:17:13+00:00\",\"breadcrumb\":{\"@id\":\"http:\/\/therodnikband.com\/de\/swipe-dating-apps\/#breadcrumb\"},\"inLanguage\":\"de\",\"potentialAction\":[{\"@type\":\"ReadAction\",\"target\":[\"http:\/\/therodnikband.com\/de\/swipe-dating-apps\/\"]}]},{\"@type\":\"BreadcrumbList\",\"@id\":\"http:\/\/therodnikband.com\/de\/swipe-dating-apps\/#breadcrumb\",\"itemListElement\":[{\"@type\":\"ListItem\",\"position\":1,\"name\":\"Heim\",\"item\":\"http:\/\/therodnikband.com\/de\/\"},{\"@type\":\"ListItem\",\"position\":2,\"name\":\"Swipe Dating-Apps\"}]}]}<\/script>\n<!-- \/ Yoast SEO plugin. -->","yoast_head_json":{"title":"Swipe Dating-Apps - Fling-Finder","robots":{"index":"index","follow":"follow","max-snippet":"max-snippet:-1","max-image-preview":"max-image-preview:large","max-video-preview":"max-video-preview:-1"},"canonical":"http:\/\/therodnikband.com\/de\/swipe-dating-apps\/","og_locale":"de_DE","og_type":"article","og_title":"Swipe Dating-Apps - Fling-Finder","og_description":"Dating-Apps haben seit ihren fr\u00fchen Inkarnationen einen langen Weg zur\u00fcckgelegt. W\u00e4hrend das Matching per Wischen immer noch die Norm ist, verf\u00fcgen viele \u00fcber zus\u00e4tzliche Funktionen wie Frageb\u00f6gen, Chatrooms oder Videoanrufe. Einige verzichten sogar ganz auf das Wischen und bieten Alternativen an, z. B. das Foto von jemandem zu m\u00f6gen oder ihm eine Nachricht zu senden. ... Weiterlesen","og_url":"http:\/\/therodnikband.com\/de\/swipe-dating-apps\/","og_site_name":"Fling-Finder","og_image":[{"url":"http:\/\/therodnikband.com\/wp-content\/uploads\/2022\/07\/best-dating-websites-1024x683.jpeg"}],"twitter_card":"summary_large_image","twitter_misc":{"Gesch\u00e4tzte Lesezeit":"3\u00a0Minuten"},"schema":{"@context":"https:\/\/schema.org","@graph":[{"@type":"WebSite","@id":"https:\/\/therodnikband.com\/#website","url":"https:\/\/therodnikband.com\/","name":"Fling-Finder","description":"Flirt, Dating &amp; Hookup!","potentialAction":[{"@type":"SearchAction","target":{"@type":"EntryPoint","urlTemplate":"https:\/\/therodnikband.com\/?s={search_term_string}"},"query-input":"required name=search_term_string"}],"inLanguage":"de"},{"@type":"ImageObject","@id":"http:\/\/therodnikband.com\/de\/swipe-dating-apps\/#primaryimage","inLanguage":"de","url":"http:\/\/therodnikband.com\/wp-content\/uploads\/2022\/07\/best-dating-websites.jpeg","contentUrl":"http:\/\/therodnikband.com\/wp-content\/uploads\/2022\/07\/best-dating-websites.jpeg","width":2250,"height":1500},{"@type":"WebPage","@id":"http:\/\/therodnikband.com\/de\/swipe-dating-apps\/#webpage","url":"http:\/\/therodnikband.com\/de\/swipe-dating-apps\/","name":"Swipe Dating-Apps - Fling-Finder","isPartOf":{"@id":"https:\/\/therodnikband.com\/#website"},"primaryImageOfPage":{"@id":"http:\/\/therodnikband.com\/de\/swipe-dating-apps\/#primaryimage"},"datePublished":"2022-07-06T11:17:13+00:00","dateModified":"2022-07-06T11:17:13+00:00","breadcrumb":{"@id":"http:\/\/therodnikband.com\/de\/swipe-dating-apps\/#breadcrumb"},"inLanguage":"de","potentialAction":[{"@type":"ReadAction","target":["http:\/\/therodnikband.com\/de\/swipe-dating-apps\/"]}]},{"@type":"BreadcrumbList","@id":"http:\/\/therodnikband.com\/de\/swipe-dating-apps\/#breadcrumb","itemListElement":[{"@type":"ListItem","position":1,"name":"Heim","item":"http:\/\/therodnikband.com\/de\/"},{"@type":"ListItem","position":2,"name":"Swipe Dating-Apps"}]}]}},"_links":{"self":[{"href":"http:\/\/therodnikband.com\/de\/wp-json\/wp\/v2\/pages\/233"}],"collection":[{"href":"http:\/\/therodnikband.com\/de\/wp-json\/wp\/v2\/pages"}],"about":[{"href":"http:\/\/therodnikband.com\/de\/wp-json\/wp\/v2\/types\/page"}],"author":[{"embeddable":true,"href":"http:\/\/therodnikband.com\/de\/wp-json\/wp\/v2\/users\/1"}],"replies":[{"embeddable":true,"href":"http:\/\/therodnikband.com\/de\/wp-json\/wp\/v2\/comments?post=233"}],"version-history":[{"count":0,"href":"http:\/\/therodnikband.com\/de\/wp-json\/wp\/v2\/pages\/233\/revisions"}],"wp:attachment":[{"href":"http:\/\/therodnikband.com\/de\/wp-json\/wp\/v2\/media?parent=233"}],"curies":[{"name":"wp","href":"https:\/\/api.w.org\/{rel}","templated":true}]}}