{"id":198,"date":"2022-07-06T12:26:39","date_gmt":"2022-07-06T11:26:39","guid":{"rendered":"http:\/\/therodnikband.com\/citas-bdsm\/"},"modified":"2022-07-06T12:26:39","modified_gmt":"2022-07-06T11:26:39","slug":"citas-bdsm","status":"publish","type":"page","link":"http:\/\/therodnikband.com\/es\/citas-bdsm\/","title":{"rendered":"Citas BDSM"},"content":{"rendered":"<p>BDSM es una pr\u00e1ctica sexual que implica esclavitud, dominaci\u00f3n, sumisi\u00f3n, sadismo, masoquismo y otras actividades relacionadas. Si bien muchas personas piensan que el BDSM se trata solo de dolor, en realidad va m\u00e1s all\u00e1 de eso, incluido el placer y la diversi\u00f3n. Hay diferentes tipos de kinksters, y cada tipo de individuo pervertido preferir\u00e1 ciertos fetiches. A algunas personas les gusta estar atadas, mientras que a otras les gusta ser azotadas.<\/p>\n<p>Por ejemplo, a un sumiso dominante le gustar\u00eda atar a su pareja y luego azotarlo. Si le gusta ser dominado, entonces podr\u00eda disfrutar at\u00e1ndola y luego dejar que alguien m\u00e1s la domine.<\/p>\n<p>Algunas personas prefieren jugar rudo, mientras que a otras les gusta ser gentiles y rom\u00e1nticas. Por supuesto, si no est\u00e1 seguro de cu\u00e1l es su fetiche en particular, entonces debe consultar <a href=\"http:\/\/therodnikband.com\/es\/desliza-las-aplicaciones-de-citas\/\">las comunidades<\/a> BDSM en l\u00ednea. Ver\u00e1s que hay muchos tipos diferentes de personas, y puedes unirte a cualquier tipo de comunidad que te interese.<\/p>\n<p><img loading=\"lazy\" class=\"aligncenter size-full wp-image-47\" src=\"http:\/\/therodnikband.com\/wp-content\/uploads\/2022\/07\/kink-dating.jpg\" alt=\"\" width=\"300\" height=\"200\"><\/p>\n<h2>\u00bfPor qu\u00e9 probar Kink Dating?<\/h2>\n<p>Es importante recordar que todos tienen diferentes preferencias cuando se trata de qu\u00e9 tipo de juego de roles les gustar\u00eda participar.<\/p>\n<p>Algunas personas prefieren ser sumisas y otras dominantes. Algunas personas disfrutan disfraz\u00e1ndose, mientras que otras prefieren ser ellas mismas. Es importante recordar que no importa qu\u00e9 tipo de juego de roles te interese, la seguridad siempre debe ser lo primero. Nunca se sabe lo que otra persona puede sentirse c\u00f3moda haciendo hasta que haya tenido la oportunidad de conocerla.<\/p>\n<p>Si algo se siente inc\u00f3modo, no <a href=\"http:\/\/therodnikband.com\/es\/sitios-de-citas-de-ebano\/\">debes esforzarte en ello<\/a>. En su lugar, espere hasta que se sienta lo suficientemente c\u00f3modo como para intentarlo de nuevo.<\/p>\n<h2>\u00bfPor qu\u00e9 probar FetLife?<\/h2>\n<p>FetLife es el sitio de citas en l\u00ednea gratuito m\u00e1s grande para solteros y swingers pervertidos. Es el lugar m\u00e1s popular para las personas interesadas en BDSM y otras pr\u00e1cticas sexuales alternativas. FetLife se ha convertido en el est\u00e1ndar de facto para encontrar socios y eventos de juego locales. El sitio permite a los usuarios publicar fotos, videos y descripciones de sus fetiches, intereses y actividades.<\/p>\n<p>Los usuarios tambi\u00e9n pueden crear grupos, unirse a eventos y conectarse a trav\u00e9s de mensajes privados. FetLife tambi\u00e9n ofrece una aplicaci\u00f3n m\u00f3vil para dispositivos Android e iOS.<\/p>\n<h2>\u00bfAlternativa a FetLife?<\/h2>\n<p>Whiplrl es un sitio web de citas pervertido que tiene una gran base de usuarios. Le permite navegar a trav\u00e9s de cientos de fetiches diferentes, desde principiantes hasta expertos. Puede buscar por ubicaci\u00f3n para encontrar a otras personas interesadas en sus intereses. Tambi\u00e9n hay eventos locales en todo el pa\u00eds. Si est\u00e1s buscando algo espec\u00edfico, incluso puedes crear tu propio evento.<\/p>\n","protected":false},"excerpt":{"rendered":"<p>BDSM es una pr\u00e1ctica sexual que implica esclavitud, dominaci\u00f3n, sumisi\u00f3n, sadismo, masoquismo y otras actividades relacionadas. Si bien muchas personas piensan que el BDSM se trata solo de dolor, en realidad va m\u00e1s all\u00e1 de eso, incluido el placer y la diversi\u00f3n. Hay diferentes tipos de kinksters, y cada tipo de individuo pervertido preferir\u00e1 ciertos &#8230; <a title=\"Citas BDSM\" class=\"read-more\" href=\"http:\/\/therodnikband.com\/es\/citas-bdsm\/\" aria-label=\"M\u00e1s en Citas BDSM\">Leer m\u00e1s<\/a><\/p>\n","protected":false},"author":1,"featured_media":0,"parent":0,"menu_order":0,"comment_status":"closed","ping_status":"closed","template":"","meta":[],"yoast_head":"<!-- This site is optimized with the Yoast SEO plugin v17.7.1 - https:\/\/yoast.com\/wordpress\/plugins\/seo\/ -->\n<title>Citas BDSM - Buscador de fling<\/title>\n<meta name=\"robots\" content=\"index, follow, max-snippet:-1, max-image-preview:large, max-video-preview:-1\" \/>\n<link rel=\"canonical\" href=\"http:\/\/therodnikband.com\/es\/citas-bdsm\/\" \/>\n<meta property=\"og:locale\" content=\"es_ES\" \/>\n<meta property=\"og:type\" content=\"article\" \/>\n<meta property=\"og:title\" content=\"Citas BDSM - Buscador de fling\" \/>\n<meta property=\"og:description\" content=\"BDSM es una pr\u00e1ctica sexual que implica esclavitud, dominaci\u00f3n, sumisi\u00f3n, sadismo, masoquismo y otras actividades relacionadas. Si bien muchas personas piensan que el BDSM se trata solo de dolor, en realidad va m\u00e1s all\u00e1 de eso, incluido el placer y la diversi\u00f3n. Hay diferentes tipos de kinksters, y cada tipo de individuo pervertido preferir\u00e1 ciertos ... Leer m\u00e1s\" \/>\n<meta property=\"og:url\" content=\"http:\/\/therodnikband.com\/es\/citas-bdsm\/\" \/>\n<meta property=\"og:site_name\" content=\"Buscador de fling\" \/>\n<meta property=\"og:image\" content=\"http:\/\/therodnikband.com\/wp-content\/uploads\/2022\/07\/kink-dating.jpg\" \/>\n<meta name=\"twitter:card\" content=\"summary_large_image\" \/>\n<meta name=\"twitter:label1\" content=\"Tiempo de lectura\" \/>\n\t<meta name=\"twitter:data1\" content=\"2 minutos\" \/>\n<script type=\"application\/ld+json\" class=\"yoast-schema-graph\">{\"@context\":\"https:\/\/schema.org\",\"@graph\":[{\"@type\":\"WebSite\",\"@id\":\"https:\/\/therodnikband.com\/#website\",\"url\":\"https:\/\/therodnikband.com\/\",\"name\":\"Buscador de fling\",\"description\":\"\\u00a1Coqueteo, citas y conexi\\u00f3n!\",\"potentialAction\":[{\"@type\":\"SearchAction\",\"target\":{\"@type\":\"EntryPoint\",\"urlTemplate\":\"https:\/\/therodnikband.com\/?s={search_term_string}\"},\"query-input\":\"required name=search_term_string\"}],\"inLanguage\":\"es\"},{\"@type\":\"ImageObject\",\"@id\":\"http:\/\/therodnikband.com\/es\/citas-bdsm\/#primaryimage\",\"inLanguage\":\"es\",\"url\":\"http:\/\/therodnikband.com\/wp-content\/uploads\/2022\/07\/kink-dating.jpg\",\"contentUrl\":\"http:\/\/therodnikband.com\/wp-content\/uploads\/2022\/07\/kink-dating.jpg\",\"width\":300,\"height\":200},{\"@type\":\"WebPage\",\"@id\":\"http:\/\/therodnikband.com\/es\/citas-bdsm\/#webpage\",\"url\":\"http:\/\/therodnikband.com\/es\/citas-bdsm\/\",\"name\":\"Citas BDSM - Buscador de fling\",\"isPartOf\":{\"@id\":\"https:\/\/therodnikband.com\/#website\"},\"primaryImageOfPage\":{\"@id\":\"http:\/\/therodnikband.com\/es\/citas-bdsm\/#primaryimage\"},\"datePublished\":\"2022-07-06T11:26:39+00:00\",\"dateModified\":\"2022-07-06T11:26:39+00:00\",\"breadcrumb\":{\"@id\":\"http:\/\/therodnikband.com\/es\/citas-bdsm\/#breadcrumb\"},\"inLanguage\":\"es\",\"potentialAction\":[{\"@type\":\"ReadAction\",\"target\":[\"http:\/\/therodnikband.com\/es\/citas-bdsm\/\"]}]},{\"@type\":\"BreadcrumbList\",\"@id\":\"http:\/\/therodnikband.com\/es\/citas-bdsm\/#breadcrumb\",\"itemListElement\":[{\"@type\":\"ListItem\",\"position\":1,\"name\":\"Hogar\",\"item\":\"http:\/\/therodnikband.com\/es\/\"},{\"@type\":\"ListItem\",\"position\":2,\"name\":\"Citas BDSM\"}]}]}<\/script>\n<!-- \/ Yoast SEO plugin. -->","yoast_head_json":{"title":"Citas BDSM - Buscador de fling","robots":{"index":"index","follow":"follow","max-snippet":"max-snippet:-1","max-image-preview":"max-image-preview:large","max-video-preview":"max-video-preview:-1"},"canonical":"http:\/\/therodnikband.com\/es\/citas-bdsm\/","og_locale":"es_ES","og_type":"article","og_title":"Citas BDSM - Buscador de fling","og_description":"BDSM es una pr\u00e1ctica sexual que implica esclavitud, dominaci\u00f3n, sumisi\u00f3n, sadismo, masoquismo y otras actividades relacionadas. Si bien muchas personas piensan que el BDSM se trata solo de dolor, en realidad va m\u00e1s all\u00e1 de eso, incluido el placer y la diversi\u00f3n. Hay diferentes tipos de kinksters, y cada tipo de individuo pervertido preferir\u00e1 ciertos ... Leer m\u00e1s","og_url":"http:\/\/therodnikband.com\/es\/citas-bdsm\/","og_site_name":"Buscador de fling","og_image":[{"url":"http:\/\/therodnikband.com\/wp-content\/uploads\/2022\/07\/kink-dating.jpg"}],"twitter_card":"summary_large_image","twitter_misc":{"Tiempo de lectura":"2 minutos"},"schema":{"@context":"https:\/\/schema.org","@graph":[{"@type":"WebSite","@id":"https:\/\/therodnikband.com\/#website","url":"https:\/\/therodnikband.com\/","name":"Buscador de fling","description":"\u00a1Coqueteo, citas y conexi\u00f3n!","potentialAction":[{"@type":"SearchAction","target":{"@type":"EntryPoint","urlTemplate":"https:\/\/therodnikband.com\/?s={search_term_string}"},"query-input":"required name=search_term_string"}],"inLanguage":"es"},{"@type":"ImageObject","@id":"http:\/\/therodnikband.com\/es\/citas-bdsm\/#primaryimage","inLanguage":"es","url":"http:\/\/therodnikband.com\/wp-content\/uploads\/2022\/07\/kink-dating.jpg","contentUrl":"http:\/\/therodnikband.com\/wp-content\/uploads\/2022\/07\/kink-dating.jpg","width":300,"height":200},{"@type":"WebPage","@id":"http:\/\/therodnikband.com\/es\/citas-bdsm\/#webpage","url":"http:\/\/therodnikband.com\/es\/citas-bdsm\/","name":"Citas BDSM - Buscador de fling","isPartOf":{"@id":"https:\/\/therodnikband.com\/#website"},"primaryImageOfPage":{"@id":"http:\/\/therodnikband.com\/es\/citas-bdsm\/#primaryimage"},"datePublished":"2022-07-06T11:26:39+00:00","dateModified":"2022-07-06T11:26:39+00:00","breadcrumb":{"@id":"http:\/\/therodnikband.com\/es\/citas-bdsm\/#breadcrumb"},"inLanguage":"es","potentialAction":[{"@type":"ReadAction","target":["http:\/\/therodnikband.com\/es\/citas-bdsm\/"]}]},{"@type":"BreadcrumbList","@id":"http:\/\/therodnikband.com\/es\/citas-bdsm\/#breadcrumb","itemListElement":[{"@type":"ListItem","position":1,"name":"Hogar","item":"http:\/\/therodnikband.com\/es\/"},{"@type":"ListItem","position":2,"name":"Citas BDSM"}]}]}},"_links":{"self":[{"href":"http:\/\/therodnikband.com\/es\/wp-json\/wp\/v2\/pages\/198"}],"collection":[{"href":"http:\/\/therodnikband.com\/es\/wp-json\/wp\/v2\/pages"}],"about":[{"href":"http:\/\/therodnikband.com\/es\/wp-json\/wp\/v2\/types\/page"}],"author":[{"embeddable":true,"href":"http:\/\/therodnikband.com\/es\/wp-json\/wp\/v2\/users\/1"}],"replies":[{"embeddable":true,"href":"http:\/\/therodnikband.com\/es\/wp-json\/wp\/v2\/comments?post=198"}],"version-history":[{"count":0,"href":"http:\/\/therodnikband.com\/es\/wp-json\/wp\/v2\/pages\/198\/revisions"}],"wp:attachment":[{"href":"http:\/\/therodnikband.com\/es\/wp-json\/wp\/v2\/media?parent=198"}],"curies":[{"name":"wp","href":"https:\/\/api.w.org\/{rel}","templated":true}]}}