{"id":210,"date":"2022-07-06T12:17:13","date_gmt":"2022-07-06T11:17:13","guid":{"rendered":"http:\/\/therodnikband.com\/desliza-las-aplicaciones-de-citas\/"},"modified":"2022-07-06T12:17:13","modified_gmt":"2022-07-06T11:17:13","slug":"desliza-las-aplicaciones-de-citas","status":"publish","type":"page","link":"http:\/\/therodnikband.com\/es\/desliza-las-aplicaciones-de-citas\/","title":{"rendered":"Desliza las aplicaciones de citas"},"content":{"rendered":"<p>Las aplicaciones de citas han recorrido un largo camino desde sus primeras encarnaciones. Si bien la coincidencia a trav\u00e9s del deslizamiento sigue siendo la norma, muchos cuentan con caracter\u00edsticas adicionales como cuestionarios, salas de chat o videollamadas. Algunos incluso eliminan por completo el deslizamiento, ofreciendo alternativas como que les guste la foto de alguien o enviarles un mensaje. De todos modos, las citas est\u00e1n esencialmente en la palma de tus manos.<\/p>\n<p>Ya sea que est\u00e9 buscando conocer a alguien casualmente o una <a href=\"http:\/\/therodnikband.com\/es\/sitios-de-citas-de-ebano\/\">relaci\u00f3n seria<\/a> , hay una aplicaci\u00f3n para eso. Sin embargo, es importante probar algunos antes de encontrar el ajuste adecuado. Le hemos ahorrado algunas b\u00fasquedas al recopilar las mejores aplicaciones de citas para Android, asegur\u00e1ndonos de que obtenga la mejor opci\u00f3n para sus necesidades.<\/p>\n<p><img loading=\"lazy\" class=\"aligncenter wp-image-43\" src=\"http:\/\/therodnikband.com\/wp-content\/uploads\/2022\/07\/best-dating-websites-1024x683.jpeg\" alt=\"\" width=\"630\" height=\"420\" srcset=\"http:\/\/therodnikband.com\/wp-content\/uploads\/2022\/07\/best-dating-websites-1024x683.jpeg 1024w, http:\/\/therodnikband.com\/wp-content\/uploads\/2022\/07\/best-dating-websites-300x200.jpeg 300w, http:\/\/therodnikband.com\/wp-content\/uploads\/2022\/07\/best-dating-websites-768x512.jpeg 768w, http:\/\/therodnikband.com\/wp-content\/uploads\/2022\/07\/best-dating-websites-1536x1024.jpeg 1536w, http:\/\/therodnikband.com\/wp-content\/uploads\/2022\/07\/best-dating-websites-2048x1365.jpeg 2048w\" sizes=\"(max-width: 630px) 100vw, 630px\" \/><\/p>\n<h2>El caf\u00e9 se encuentra con el bagel<\/h2>\n<p>Coffee Meets Bagel es una aplicaci\u00f3n m\u00f3vil que permite a los usuarios conocer a otros solteros cercanos. Los usuarios pueden navegar a <a href=\"http:\/\/therodnikband.com\/es\/citas-bdsm\/\">trav\u00e9s de diferentes categor\u00edas<\/a>, incluyendo edad, ubicaci\u00f3n, religi\u00f3n, educaci\u00f3n, ocupaci\u00f3n, estado civil y m\u00e1s. Una vez que encuentre a alguien que le guste, puede comenzar a chatear y enviar mensajes. Tambi\u00e9n puede establecer sus preferencias, como el tipo de fecha que est\u00e1 buscando. Si ambos se sienten lo suficientemente c\u00f3modos, pueden organizar una cita de caf\u00e9.<\/p>\n<h2>Bumble<\/h2>\n<p>Bumble afirma ser diferente de otras aplicaciones de citas porque no requiere que los usuarios deslicen hacia la derecha para que alguien les guste. En su lugar, simplemente env\u00edales un mensaje. Si no est\u00e1n interesados, ignorar\u00e1n tus mensajes. Y si est\u00e1n interesados, responder\u00e1n. Tambi\u00e9n puede agregar algunos toques adicionales para aumentar sus posibilidades de obtener una respuesta. Para fomentar el inter\u00e9s mutuo, puede optar por compartir una foto suya, etiquetar su ubicaci\u00f3n o mencionar algo sobre su personalidad.<\/p>\n<h2>SU<\/h2>\n<p>HER es una aplicaci\u00f3n de citas que conecta a los usuarios a trav\u00e9s de una interfaz simple. Puede buscar a alguien cercano o navegar por los perfiles de otros usuarios. Una vez que hayas encontrado a tu pareja, puedes chatear o intercambiar mensajes. Si ambos tienen ganas de conocerse mejor, pueden comenzar a chatear.<\/p>\n<p>Despu\u00e9s de haber hablado un poco, puedes decidir si quieres seguir hablando. Si te gusta lo que ves, puedes enviarles un \u00abcoraz\u00f3n\u00bb, una se\u00f1al positiva de que crees que son lo suficientemente lindos como para salir. Si no lo haces, puedes dejarlo en blanco.<\/p>\n<p>Cuando recibes un coraz\u00f3n, puedes elegir responder con una cara sonriente, un pulgar hacia arriba, un pulgar hacia abajo, un beso, un golpe de pu\u00f1o o nada en absoluto.<\/p>\n<h2>Nuestros Consejos<\/h2>\n<p>Si est\u00e1 buscando una aplicaci\u00f3n de citas que no requiera una tarifa de membres\u00eda, hay muchas por ah\u00ed. Happn, Bumble y Tinder son solo algunos de ellos. Pero si te gusta la idea de pagar para chatear con alguien que te apetezca, entonces Match podr\u00eda ser adecuado para ti.<\/p>\n","protected":false},"excerpt":{"rendered":"<p>Las aplicaciones de citas han recorrido un largo camino desde sus primeras encarnaciones. Si bien la coincidencia a trav\u00e9s del deslizamiento sigue siendo la norma, muchos cuentan con caracter\u00edsticas adicionales como cuestionarios, salas de chat o videollamadas. Algunos incluso eliminan por completo el deslizamiento, ofreciendo alternativas como que les guste la foto de alguien o &#8230; <a title=\"Desliza las aplicaciones de citas\" class=\"read-more\" href=\"http:\/\/therodnikband.com\/es\/desliza-las-aplicaciones-de-citas\/\" aria-label=\"M\u00e1s en Desliza las aplicaciones de citas\">Leer m\u00e1s<\/a><\/p>\n","protected":false},"author":1,"featured_media":0,"parent":0,"menu_order":0,"comment_status":"closed","ping_status":"closed","template":"","meta":[],"yoast_head":"<!-- This site is optimized with the Yoast SEO plugin v17.7.1 - https:\/\/yoast.com\/wordpress\/plugins\/seo\/ -->\n<title>Desliza las aplicaciones de citas - Buscador de fling<\/title>\n<meta name=\"robots\" content=\"index, follow, max-snippet:-1, max-image-preview:large, max-video-preview:-1\" \/>\n<link rel=\"canonical\" href=\"http:\/\/therodnikband.com\/es\/desliza-las-aplicaciones-de-citas\/\" \/>\n<meta property=\"og:locale\" content=\"es_ES\" \/>\n<meta property=\"og:type\" content=\"article\" \/>\n<meta property=\"og:title\" content=\"Desliza las aplicaciones de citas - Buscador de fling\" \/>\n<meta property=\"og:description\" content=\"Las aplicaciones de citas han recorrido un largo camino desde sus primeras encarnaciones. Si bien la coincidencia a trav\u00e9s del deslizamiento sigue siendo la norma, muchos cuentan con caracter\u00edsticas adicionales como cuestionarios, salas de chat o videollamadas. Algunos incluso eliminan por completo el deslizamiento, ofreciendo alternativas como que les guste la foto de alguien o ... Leer m\u00e1s\" \/>\n<meta property=\"og:url\" content=\"http:\/\/therodnikband.com\/es\/desliza-las-aplicaciones-de-citas\/\" \/>\n<meta property=\"og:site_name\" content=\"Buscador de fling\" \/>\n<meta property=\"og:image\" content=\"http:\/\/therodnikband.com\/wp-content\/uploads\/2022\/07\/best-dating-websites-1024x683.jpeg\" \/>\n<meta name=\"twitter:card\" content=\"summary_large_image\" \/>\n<meta name=\"twitter:label1\" content=\"Tiempo de lectura\" \/>\n\t<meta name=\"twitter:data1\" content=\"3 minutos\" \/>\n<script type=\"application\/ld+json\" class=\"yoast-schema-graph\">{\"@context\":\"https:\/\/schema.org\",\"@graph\":[{\"@type\":\"WebSite\",\"@id\":\"https:\/\/therodnikband.com\/#website\",\"url\":\"https:\/\/therodnikband.com\/\",\"name\":\"Buscador de fling\",\"description\":\"\\u00a1Coqueteo, citas y conexi\\u00f3n!\",\"potentialAction\":[{\"@type\":\"SearchAction\",\"target\":{\"@type\":\"EntryPoint\",\"urlTemplate\":\"https:\/\/therodnikband.com\/?s={search_term_string}\"},\"query-input\":\"required name=search_term_string\"}],\"inLanguage\":\"es\"},{\"@type\":\"ImageObject\",\"@id\":\"http:\/\/therodnikband.com\/es\/desliza-las-aplicaciones-de-citas\/#primaryimage\",\"inLanguage\":\"es\",\"url\":\"http:\/\/therodnikband.com\/wp-content\/uploads\/2022\/07\/best-dating-websites.jpeg\",\"contentUrl\":\"http:\/\/therodnikband.com\/wp-content\/uploads\/2022\/07\/best-dating-websites.jpeg\",\"width\":2250,\"height\":1500},{\"@type\":\"WebPage\",\"@id\":\"http:\/\/therodnikband.com\/es\/desliza-las-aplicaciones-de-citas\/#webpage\",\"url\":\"http:\/\/therodnikband.com\/es\/desliza-las-aplicaciones-de-citas\/\",\"name\":\"Desliza las aplicaciones de citas - Buscador de fling\",\"isPartOf\":{\"@id\":\"https:\/\/therodnikband.com\/#website\"},\"primaryImageOfPage\":{\"@id\":\"http:\/\/therodnikband.com\/es\/desliza-las-aplicaciones-de-citas\/#primaryimage\"},\"datePublished\":\"2022-07-06T11:17:13+00:00\",\"dateModified\":\"2022-07-06T11:17:13+00:00\",\"breadcrumb\":{\"@id\":\"http:\/\/therodnikband.com\/es\/desliza-las-aplicaciones-de-citas\/#breadcrumb\"},\"inLanguage\":\"es\",\"potentialAction\":[{\"@type\":\"ReadAction\",\"target\":[\"http:\/\/therodnikband.com\/es\/desliza-las-aplicaciones-de-citas\/\"]}]},{\"@type\":\"BreadcrumbList\",\"@id\":\"http:\/\/therodnikband.com\/es\/desliza-las-aplicaciones-de-citas\/#breadcrumb\",\"itemListElement\":[{\"@type\":\"ListItem\",\"position\":1,\"name\":\"Hogar\",\"item\":\"http:\/\/therodnikband.com\/es\/\"},{\"@type\":\"ListItem\",\"position\":2,\"name\":\"Desliza las aplicaciones de citas\"}]}]}<\/script>\n<!-- \/ Yoast SEO plugin. -->","yoast_head_json":{"title":"Desliza las aplicaciones de citas - Buscador de fling","robots":{"index":"index","follow":"follow","max-snippet":"max-snippet:-1","max-image-preview":"max-image-preview:large","max-video-preview":"max-video-preview:-1"},"canonical":"http:\/\/therodnikband.com\/es\/desliza-las-aplicaciones-de-citas\/","og_locale":"es_ES","og_type":"article","og_title":"Desliza las aplicaciones de citas - Buscador de fling","og_description":"Las aplicaciones de citas han recorrido un largo camino desde sus primeras encarnaciones. Si bien la coincidencia a trav\u00e9s del deslizamiento sigue siendo la norma, muchos cuentan con caracter\u00edsticas adicionales como cuestionarios, salas de chat o videollamadas. Algunos incluso eliminan por completo el deslizamiento, ofreciendo alternativas como que les guste la foto de alguien o ... Leer m\u00e1s","og_url":"http:\/\/therodnikband.com\/es\/desliza-las-aplicaciones-de-citas\/","og_site_name":"Buscador de fling","og_image":[{"url":"http:\/\/therodnikband.com\/wp-content\/uploads\/2022\/07\/best-dating-websites-1024x683.jpeg"}],"twitter_card":"summary_large_image","twitter_misc":{"Tiempo de lectura":"3 minutos"},"schema":{"@context":"https:\/\/schema.org","@graph":[{"@type":"WebSite","@id":"https:\/\/therodnikband.com\/#website","url":"https:\/\/therodnikband.com\/","name":"Buscador de fling","description":"\u00a1Coqueteo, citas y conexi\u00f3n!","potentialAction":[{"@type":"SearchAction","target":{"@type":"EntryPoint","urlTemplate":"https:\/\/therodnikband.com\/?s={search_term_string}"},"query-input":"required name=search_term_string"}],"inLanguage":"es"},{"@type":"ImageObject","@id":"http:\/\/therodnikband.com\/es\/desliza-las-aplicaciones-de-citas\/#primaryimage","inLanguage":"es","url":"http:\/\/therodnikband.com\/wp-content\/uploads\/2022\/07\/best-dating-websites.jpeg","contentUrl":"http:\/\/therodnikband.com\/wp-content\/uploads\/2022\/07\/best-dating-websites.jpeg","width":2250,"height":1500},{"@type":"WebPage","@id":"http:\/\/therodnikband.com\/es\/desliza-las-aplicaciones-de-citas\/#webpage","url":"http:\/\/therodnikband.com\/es\/desliza-las-aplicaciones-de-citas\/","name":"Desliza las aplicaciones de citas - Buscador de fling","isPartOf":{"@id":"https:\/\/therodnikband.com\/#website"},"primaryImageOfPage":{"@id":"http:\/\/therodnikband.com\/es\/desliza-las-aplicaciones-de-citas\/#primaryimage"},"datePublished":"2022-07-06T11:17:13+00:00","dateModified":"2022-07-06T11:17:13+00:00","breadcrumb":{"@id":"http:\/\/therodnikband.com\/es\/desliza-las-aplicaciones-de-citas\/#breadcrumb"},"inLanguage":"es","potentialAction":[{"@type":"ReadAction","target":["http:\/\/therodnikband.com\/es\/desliza-las-aplicaciones-de-citas\/"]}]},{"@type":"BreadcrumbList","@id":"http:\/\/therodnikband.com\/es\/desliza-las-aplicaciones-de-citas\/#breadcrumb","itemListElement":[{"@type":"ListItem","position":1,"name":"Hogar","item":"http:\/\/therodnikband.com\/es\/"},{"@type":"ListItem","position":2,"name":"Desliza las aplicaciones de citas"}]}]}},"_links":{"self":[{"href":"http:\/\/therodnikband.com\/es\/wp-json\/wp\/v2\/pages\/210"}],"collection":[{"href":"http:\/\/therodnikband.com\/es\/wp-json\/wp\/v2\/pages"}],"about":[{"href":"http:\/\/therodnikband.com\/es\/wp-json\/wp\/v2\/types\/page"}],"author":[{"embeddable":true,"href":"http:\/\/therodnikband.com\/es\/wp-json\/wp\/v2\/users\/1"}],"replies":[{"embeddable":true,"href":"http:\/\/therodnikband.com\/es\/wp-json\/wp\/v2\/comments?post=210"}],"version-history":[{"count":0,"href":"http:\/\/therodnikband.com\/es\/wp-json\/wp\/v2\/pages\/210\/revisions"}],"wp:attachment":[{"href":"http:\/\/therodnikband.com\/es\/wp-json\/wp\/v2\/media?parent=210"}],"curies":[{"name":"wp","href":"https:\/\/api.w.org\/{rel}","templated":true}]}}