{"id":223,"date":"2022-07-06T12:11:34","date_gmt":"2022-07-06T11:11:34","guid":{"rendered":"http:\/\/therodnikband.com\/por-que-usar-aplicaciones-de-conexion\/"},"modified":"2022-07-06T12:11:34","modified_gmt":"2022-07-06T11:11:34","slug":"por-que-usar-aplicaciones-de-conexion","status":"publish","type":"page","link":"http:\/\/therodnikband.com\/es\/por-que-usar-aplicaciones-de-conexion\/","title":{"rendered":"\u00bfPor qu\u00e9 usar aplicaciones de conexi\u00f3n?"},"content":{"rendered":"<p>Los sitios de conexi\u00f3n son sitios web donde los miembros pueden conocer a otros que comparten intereses similares. Por lo general, son gratuitos para unirse, y la mayor\u00eda ofrece alg\u00fan tipo de opci\u00f3n de membres\u00eda paga.<\/p>\n<p><img loading=\"lazy\" class=\"aligncenter wp-image-40\" src=\"http:\/\/therodnikband.com\/wp-content\/uploads\/2022\/07\/sex-chat-websites-1024x681.jpeg\" alt=\"\" width=\"737\" height=\"490\" srcset=\"http:\/\/therodnikband.com\/wp-content\/uploads\/2022\/07\/sex-chat-websites-1024x681.jpeg 1024w, http:\/\/therodnikband.com\/wp-content\/uploads\/2022\/07\/sex-chat-websites-300x200.jpeg 300w, http:\/\/therodnikband.com\/wp-content\/uploads\/2022\/07\/sex-chat-websites-768x511.jpeg 768w, http:\/\/therodnikband.com\/wp-content\/uploads\/2022\/07\/sex-chat-websites-1536x1022.jpeg 1536w, http:\/\/therodnikband.com\/wp-content\/uploads\/2022\/07\/sex-chat-websites-2048x1363.jpeg 2048w\" sizes=\"(max-width: 737px) 100vw, 737px\" \/><\/p>\n<p>Es por eso que es importante entender qu\u00e9 hace que un <a href=\"http:\/\/therodnikband.com\/es\/como-elegir-la-aplicacion-de-conexion-correcta\/\">sitio valga la pena<\/a>. Aqu\u00ed hay tres cosas a considerar al evaluar un sitio de conexi\u00f3n:<\/p>\n<ul>\n<li>Costo: \u00bfEs gratis o cuesta dinero? Los sitios de conexi\u00f3n gratuitos generalmente son administrados por una sola persona o un peque\u00f1o grupo de personas. Estos sitios tienden a ser muy b\u00e1sicos y ofrecen poco valor. Sin embargo, los sitios de conexi\u00f3n pagados suelen ser administrados por grandes empresas que han invertido millones de d\u00f3lares en publicidad y tecnolog\u00eda.<\/li>\n<li>Caracter\u00edsticas: \u00bfQu\u00e9 caracter\u00edsticas ofrece el sitio? \u00bfIncluye mensajer\u00eda, chat de video o transmisi\u00f3n en vivo? \u00bfNecesita crear una cuenta o puede usar su inicio de sesi\u00f3n de Facebook? \u00bfHay alg\u00fan requisito especial, como restricciones de edad?<\/li>\n<li>Experiencia del usuario: \u00bfQu\u00e9 tan f\u00e1cil es navegar por el sitio? \u00bfPuede buscar f\u00e1cilmente miembros seg\u00fan la ubicaci\u00f3n, el g\u00e9nero, el origen \u00e9tnico o la orientaci\u00f3n sexual? \u00bfPuede navegar por los perfiles de forma r\u00e1pida y eficiente?<\/li>\n<\/ul>\n<h2>Nuestros Consejos<\/h2>\n<p>Los personales son el tipo m\u00e1s popular de <a href=\"http:\/\/therodnikband.com\/es\/aplicaciones-de-citas-para-adultos\/\">sitio de conexi\u00f3n<\/a>. La gente los usa para encontrar citas, amigos y parejas para <a href=\"http:\/\/therodnikband.com\/es\/es-bdsm-para-ti\/\">el sexo casual<\/a>. Los sitios de citas para adultos son similares a los personales, excepto que atienden espec\u00edficamente a adultos que buscan sexo. Los sitios de redes sociales se utilizan para conectarse con personas que ya conoce, ya sean miembros de la familia, amigos, compa\u00f1eros de trabajo o compa\u00f1eros de clase. Los sitios de citas en l\u00ednea permiten a los usuarios buscar posibles parejas rom\u00e1nticas en funci\u00f3n de criterios espec\u00edficos, como la edad, la ubicaci\u00f3n, los intereses, etc.<\/p>\n<p>Cada tipo de sitio de conexi\u00f3n tiene sus propias ventajas y desventajas. Los personales son geniales porque son gratuitos, pero tienden a estar llenos de estafadores y perfiles falsos. Los sitios de citas para adultos son convenientes porque son discretos, pero a menudo atraen a rastreros y depredadores. Los sitios de redes sociales son \u00fatiles porque son f\u00e1ciles de usar, pero carecen de opciones de privacidad. Los sitios de citas en l\u00ednea son efectivos porque ofrecen muchas opciones de privacidad, pero son caros y pueden no funcionar bien para todos.<\/p>\n","protected":false},"excerpt":{"rendered":"<p>Los sitios de conexi\u00f3n son sitios web donde los miembros pueden conocer a otros que comparten intereses similares. Por lo general, son gratuitos para unirse, y la mayor\u00eda ofrece alg\u00fan tipo de opci\u00f3n de membres\u00eda paga. Es por eso que es importante entender qu\u00e9 hace que un sitio valga la pena. Aqu\u00ed hay tres cosas &#8230; <a title=\"\u00bfPor qu\u00e9 usar aplicaciones de conexi\u00f3n?\" class=\"read-more\" href=\"http:\/\/therodnikband.com\/es\/por-que-usar-aplicaciones-de-conexion\/\" aria-label=\"M\u00e1s en \u00bfPor qu\u00e9 usar aplicaciones de conexi\u00f3n?\">Leer m\u00e1s<\/a><\/p>\n","protected":false},"author":1,"featured_media":0,"parent":0,"menu_order":0,"comment_status":"closed","ping_status":"closed","template":"","meta":[],"yoast_head":"<!-- This site is optimized with the Yoast SEO plugin v17.7.1 - https:\/\/yoast.com\/wordpress\/plugins\/seo\/ -->\n<title>\u00bfPor qu\u00e9 usar aplicaciones de conexi\u00f3n? - Buscador de fling<\/title>\n<meta name=\"robots\" content=\"index, follow, max-snippet:-1, max-image-preview:large, max-video-preview:-1\" \/>\n<link rel=\"canonical\" href=\"http:\/\/therodnikband.com\/es\/por-que-usar-aplicaciones-de-conexion\/\" \/>\n<meta property=\"og:locale\" content=\"es_ES\" \/>\n<meta property=\"og:type\" content=\"article\" \/>\n<meta property=\"og:title\" content=\"\u00bfPor qu\u00e9 usar aplicaciones de conexi\u00f3n? - Buscador de fling\" \/>\n<meta property=\"og:description\" content=\"Los sitios de conexi\u00f3n son sitios web donde los miembros pueden conocer a otros que comparten intereses similares. Por lo general, son gratuitos para unirse, y la mayor\u00eda ofrece alg\u00fan tipo de opci\u00f3n de membres\u00eda paga. Es por eso que es importante entender qu\u00e9 hace que un sitio valga la pena. Aqu\u00ed hay tres cosas ... Leer m\u00e1s\" \/>\n<meta property=\"og:url\" content=\"http:\/\/therodnikband.com\/es\/por-que-usar-aplicaciones-de-conexion\/\" \/>\n<meta property=\"og:site_name\" content=\"Buscador de fling\" \/>\n<meta property=\"og:image\" content=\"http:\/\/therodnikband.com\/wp-content\/uploads\/2022\/07\/sex-chat-websites-1024x681.jpeg\" \/>\n<meta name=\"twitter:card\" content=\"summary_large_image\" \/>\n<meta name=\"twitter:label1\" content=\"Tiempo de lectura\" \/>\n\t<meta name=\"twitter:data1\" content=\"2 minutos\" \/>\n<script type=\"application\/ld+json\" class=\"yoast-schema-graph\">{\"@context\":\"https:\/\/schema.org\",\"@graph\":[{\"@type\":\"WebSite\",\"@id\":\"https:\/\/therodnikband.com\/#website\",\"url\":\"https:\/\/therodnikband.com\/\",\"name\":\"Buscador de fling\",\"description\":\"\\u00a1Coqueteo, citas y conexi\\u00f3n!\",\"potentialAction\":[{\"@type\":\"SearchAction\",\"target\":{\"@type\":\"EntryPoint\",\"urlTemplate\":\"https:\/\/therodnikband.com\/?s={search_term_string}\"},\"query-input\":\"required name=search_term_string\"}],\"inLanguage\":\"es\"},{\"@type\":\"ImageObject\",\"@id\":\"http:\/\/therodnikband.com\/es\/por-que-usar-aplicaciones-de-conexion\/#primaryimage\",\"inLanguage\":\"es\",\"url\":\"http:\/\/therodnikband.com\/wp-content\/uploads\/2022\/07\/sex-chat-websites.jpeg\",\"contentUrl\":\"http:\/\/therodnikband.com\/wp-content\/uploads\/2022\/07\/sex-chat-websites.jpeg\",\"width\":2254,\"height\":1500},{\"@type\":\"WebPage\",\"@id\":\"http:\/\/therodnikband.com\/es\/por-que-usar-aplicaciones-de-conexion\/#webpage\",\"url\":\"http:\/\/therodnikband.com\/es\/por-que-usar-aplicaciones-de-conexion\/\",\"name\":\"\\u00bfPor qu\\u00e9 usar aplicaciones de conexi\\u00f3n? - Buscador de fling\",\"isPartOf\":{\"@id\":\"https:\/\/therodnikband.com\/#website\"},\"primaryImageOfPage\":{\"@id\":\"http:\/\/therodnikband.com\/es\/por-que-usar-aplicaciones-de-conexion\/#primaryimage\"},\"datePublished\":\"2022-07-06T11:11:34+00:00\",\"dateModified\":\"2022-07-06T11:11:34+00:00\",\"breadcrumb\":{\"@id\":\"http:\/\/therodnikband.com\/es\/por-que-usar-aplicaciones-de-conexion\/#breadcrumb\"},\"inLanguage\":\"es\",\"potentialAction\":[{\"@type\":\"ReadAction\",\"target\":[\"http:\/\/therodnikband.com\/es\/por-que-usar-aplicaciones-de-conexion\/\"]}]},{\"@type\":\"BreadcrumbList\",\"@id\":\"http:\/\/therodnikband.com\/es\/por-que-usar-aplicaciones-de-conexion\/#breadcrumb\",\"itemListElement\":[{\"@type\":\"ListItem\",\"position\":1,\"name\":\"Hogar\",\"item\":\"http:\/\/therodnikband.com\/es\/\"},{\"@type\":\"ListItem\",\"position\":2,\"name\":\"\\u00bfPor qu\\u00e9 usar aplicaciones de conexi\\u00f3n?\"}]}]}<\/script>\n<!-- \/ Yoast SEO plugin. -->","yoast_head_json":{"title":"\u00bfPor qu\u00e9 usar aplicaciones de conexi\u00f3n? - Buscador de fling","robots":{"index":"index","follow":"follow","max-snippet":"max-snippet:-1","max-image-preview":"max-image-preview:large","max-video-preview":"max-video-preview:-1"},"canonical":"http:\/\/therodnikband.com\/es\/por-que-usar-aplicaciones-de-conexion\/","og_locale":"es_ES","og_type":"article","og_title":"\u00bfPor qu\u00e9 usar aplicaciones de conexi\u00f3n? - Buscador de fling","og_description":"Los sitios de conexi\u00f3n son sitios web donde los miembros pueden conocer a otros que comparten intereses similares. Por lo general, son gratuitos para unirse, y la mayor\u00eda ofrece alg\u00fan tipo de opci\u00f3n de membres\u00eda paga. Es por eso que es importante entender qu\u00e9 hace que un sitio valga la pena. Aqu\u00ed hay tres cosas ... Leer m\u00e1s","og_url":"http:\/\/therodnikband.com\/es\/por-que-usar-aplicaciones-de-conexion\/","og_site_name":"Buscador de fling","og_image":[{"url":"http:\/\/therodnikband.com\/wp-content\/uploads\/2022\/07\/sex-chat-websites-1024x681.jpeg"}],"twitter_card":"summary_large_image","twitter_misc":{"Tiempo de lectura":"2 minutos"},"schema":{"@context":"https:\/\/schema.org","@graph":[{"@type":"WebSite","@id":"https:\/\/therodnikband.com\/#website","url":"https:\/\/therodnikband.com\/","name":"Buscador de fling","description":"\u00a1Coqueteo, citas y conexi\u00f3n!","potentialAction":[{"@type":"SearchAction","target":{"@type":"EntryPoint","urlTemplate":"https:\/\/therodnikband.com\/?s={search_term_string}"},"query-input":"required name=search_term_string"}],"inLanguage":"es"},{"@type":"ImageObject","@id":"http:\/\/therodnikband.com\/es\/por-que-usar-aplicaciones-de-conexion\/#primaryimage","inLanguage":"es","url":"http:\/\/therodnikband.com\/wp-content\/uploads\/2022\/07\/sex-chat-websites.jpeg","contentUrl":"http:\/\/therodnikband.com\/wp-content\/uploads\/2022\/07\/sex-chat-websites.jpeg","width":2254,"height":1500},{"@type":"WebPage","@id":"http:\/\/therodnikband.com\/es\/por-que-usar-aplicaciones-de-conexion\/#webpage","url":"http:\/\/therodnikband.com\/es\/por-que-usar-aplicaciones-de-conexion\/","name":"\u00bfPor qu\u00e9 usar aplicaciones de conexi\u00f3n? - Buscador de fling","isPartOf":{"@id":"https:\/\/therodnikband.com\/#website"},"primaryImageOfPage":{"@id":"http:\/\/therodnikband.com\/es\/por-que-usar-aplicaciones-de-conexion\/#primaryimage"},"datePublished":"2022-07-06T11:11:34+00:00","dateModified":"2022-07-06T11:11:34+00:00","breadcrumb":{"@id":"http:\/\/therodnikband.com\/es\/por-que-usar-aplicaciones-de-conexion\/#breadcrumb"},"inLanguage":"es","potentialAction":[{"@type":"ReadAction","target":["http:\/\/therodnikband.com\/es\/por-que-usar-aplicaciones-de-conexion\/"]}]},{"@type":"BreadcrumbList","@id":"http:\/\/therodnikband.com\/es\/por-que-usar-aplicaciones-de-conexion\/#breadcrumb","itemListElement":[{"@type":"ListItem","position":1,"name":"Hogar","item":"http:\/\/therodnikband.com\/es\/"},{"@type":"ListItem","position":2,"name":"\u00bfPor qu\u00e9 usar aplicaciones de conexi\u00f3n?"}]}]}},"_links":{"self":[{"href":"http:\/\/therodnikband.com\/es\/wp-json\/wp\/v2\/pages\/223"}],"collection":[{"href":"http:\/\/therodnikband.com\/es\/wp-json\/wp\/v2\/pages"}],"about":[{"href":"http:\/\/therodnikband.com\/es\/wp-json\/wp\/v2\/types\/page"}],"author":[{"embeddable":true,"href":"http:\/\/therodnikband.com\/es\/wp-json\/wp\/v2\/users\/1"}],"replies":[{"embeddable":true,"href":"http:\/\/therodnikband.com\/es\/wp-json\/wp\/v2\/comments?post=223"}],"version-history":[{"count":0,"href":"http:\/\/therodnikband.com\/es\/wp-json\/wp\/v2\/pages\/223\/revisions"}],"wp:attachment":[{"href":"http:\/\/therodnikband.com\/es\/wp-json\/wp\/v2\/media?parent=223"}],"curies":[{"name":"wp","href":"https:\/\/api.w.org\/{rel}","templated":true}]}}