{"id":156,"date":"2022-07-06T12:26:39","date_gmt":"2022-07-06T11:26:39","guid":{"rendered":"http:\/\/therodnikband.com\/bdsm-treffit\/"},"modified":"2022-07-06T12:26:39","modified_gmt":"2022-07-06T11:26:39","slug":"bdsm-treffit","status":"publish","type":"page","link":"http:\/\/therodnikband.com\/fi\/bdsm-treffit\/","title":{"rendered":"BDSM-treffit"},"content":{"rendered":"<p>BDSM on seksuaalinen k\u00e4yt\u00e4nt\u00f6, johon liittyy orjuutta, m\u00e4\u00e4r\u00e4\u00e4v\u00e4\u00e4 asemaa, alistumista, sadismia, masokismia ja muuta siihen liittyv\u00e4\u00e4 toimintaa. Vaikka monet ihmiset ajattelevat, ett\u00e4 BDSM on vain kipua, se itse asiassa ylitt\u00e4\u00e4 sen, mukaan lukien ilo ja hauskanpito. Kinkstereit\u00e4 on erilaisia, ja jokainen kinky-yksil\u00f6tyyppi suosii tiettyj\u00e4 fetissej\u00e4. Jotkut ihmiset haluavat olla sidottuja, kun taas toiset nauttivat piiskaamisesta.<\/p>\n<p>Esimerkiksi hallitseva alistuva saattaa haluta sitoa kumppaninsa ja sitten piiskaa h\u00e4nt\u00e4. Jos h\u00e4n haluaa olla hallitseva, h\u00e4n saattaa nauttia h\u00e4nen sitomisestaan ja antaa sitten jonkun muun hallita h\u00e4nt\u00e4.<\/p>\n<p>Jotkut ihmiset haluavat pelata karkeasti, kun taas toiset haluavat olla lempeit\u00e4 ja romanttisia. Tietenkin, jos et ole varma, mik\u00e4 on erityinen fetissi, sinun tulee tarkistaa <a href=\"http:\/\/therodnikband.com\/fi\/pyyhkaise-treffisovellukset\/\">BDSM-yhteis\u00f6t verkossa<\/a>. N\u00e4et, ett\u00e4 on olemassa monia erilaisia ihmisi\u00e4, ja voit liitty\u00e4 mink\u00e4 tahansa tyyppiseen sinua kiinnostavaan yhteis\u00f6\u00f6n.<\/p>\n<p><img loading=\"lazy\" class=\"aligncenter size-full wp-image-47\" src=\"http:\/\/therodnikband.com\/wp-content\/uploads\/2022\/07\/kink-dating.jpg\" alt=\"\" width=\"300\" height=\"200\"><\/p>\n<h2>Miksi kokeilla Kink Datingia?<\/h2>\n<p>On t\u00e4rke\u00e4\u00e4 muistaa, ett\u00e4 jokaisella on erilaiset mieltymykset, kun on kyse siit\u00e4, millaista roolipeli\u00e4 he haluaisivat harrastaa.<\/p>\n<p>Jotkut ihmiset haluavat olla alistuvia ja toiset hallitsevia. Jotkut ihmiset nauttivat pukeutumisesta, kun taas toiset haluavat olla vain oma itsens\u00e4. On t\u00e4rke\u00e4\u00e4 muistaa, ett\u00e4 riippumatta siit\u00e4, millaisesta roolipelist\u00e4 olet kiinnostunut, turvallisuuden tulisi aina olla etusijalla. Et koskaan tied\u00e4, mit\u00e4 joku muu voi olla mukava tehd\u00e4, ennen kuin sinulla on ollut mahdollisuus tutustua heihin.<\/p>\n<p>Jos jokin tuntuu ep\u00e4mukavalta, sinun ei pit\u00e4isi <a href=\"http:\/\/therodnikband.com\/fi\/ebony-treffisivustot\/\">ty\u00f6nt\u00e4\u00e4 itse\u00e4si siihen<\/a>. Odota sen sijaan, kunnes tunnet olosi tarpeeksi mukavaksi yritt\u00e4\u00e4ksesi uudelleen.<\/p>\n<h2>Miksi kokeilla FetLifea?<\/h2>\n<p>FetLife on suurin ilmainen online-treffisivusto perversseille sinkuille ja swingereille. Se on suosituin paikka ihmisille, jotka ovat kiinnostuneita BDSM: st\u00e4 ja muista vaihtoehtoisista seksuaalisista k\u00e4yt\u00e4nn\u00f6ist\u00e4. FetLifesta on tullut de facto standardi paikallisten leikkikumppaneiden ja tapahtumien l\u00f6yt\u00e4misess\u00e4. Sivuston avulla k\u00e4ytt\u00e4j\u00e4t voivat l\u00e4hett\u00e4\u00e4 kuvia, videoita ja kuvauksia fetisseist\u00e4\u00e4n, kiinnostuksen kohteistaan ja aktiviteeteistaan.<\/p>\n<p>K\u00e4ytt\u00e4j\u00e4t voivat my\u00f6s luoda ryhmi\u00e4, liitty\u00e4 tapahtumiin ja muodostaa yhteyden yksityisviestien kautta. FetLife tarjoaa my\u00f6s mobiilisovelluksen Android- ja iOS-laitteille.<\/p>\n<h2>FetLife-vaihtoehto?<\/h2>\n<p>Whiplrl on perverssi treffisivusto, jolla on suuri k\u00e4ytt\u00e4j\u00e4kunta. Sen avulla voit selata satoja erilaisia fetissej\u00e4 aloittelijoista asiantuntijoihin. Voit etsi\u00e4 sijainnin mukaan muita kiinnostuksen kohteistasi kiinnostuneita. On my\u00f6s paikallisia tapahtumia ymp\u00e4ri maata. Jos etsit jotain erityist\u00e4, voit jopa luoda oman tapahtuman.<\/p>\n","protected":false},"excerpt":{"rendered":"<p>BDSM on seksuaalinen k\u00e4yt\u00e4nt\u00f6, johon liittyy orjuutta, m\u00e4\u00e4r\u00e4\u00e4v\u00e4\u00e4 asemaa, alistumista, sadismia, masokismia ja muuta siihen liittyv\u00e4\u00e4 toimintaa. Vaikka monet ihmiset ajattelevat, ett\u00e4 BDSM on vain kipua, se itse asiassa ylitt\u00e4\u00e4 sen, mukaan lukien ilo ja hauskanpito. Kinkstereit\u00e4 on erilaisia, ja jokainen kinky-yksil\u00f6tyyppi suosii tiettyj\u00e4 fetissej\u00e4. Jotkut ihmiset haluavat olla sidottuja, kun taas toiset nauttivat piiskaamisesta. &#8230; <a title=\"BDSM-treffit\" class=\"read-more\" href=\"http:\/\/therodnikband.com\/fi\/bdsm-treffit\/\" aria-label=\"Lis\u00e4\u00e4 BDSM-treffit\">Lue lis\u00e4\u00e4<\/a><\/p>\n","protected":false},"author":1,"featured_media":0,"parent":0,"menu_order":0,"comment_status":"closed","ping_status":"closed","template":"","meta":[],"yoast_head":"<!-- This site is optimized with the Yoast SEO plugin v17.7.1 - https:\/\/yoast.com\/wordpress\/plugins\/seo\/ -->\n<title>BDSM-treffit - Fling-etsij\u00e4<\/title>\n<meta name=\"robots\" content=\"index, follow, max-snippet:-1, max-image-preview:large, max-video-preview:-1\" \/>\n<link rel=\"canonical\" href=\"http:\/\/therodnikband.com\/fi\/bdsm-treffit\/\" \/>\n<meta property=\"og:locale\" content=\"fi_FI\" \/>\n<meta property=\"og:type\" content=\"article\" \/>\n<meta property=\"og:title\" content=\"BDSM-treffit - Fling-etsij\u00e4\" \/>\n<meta property=\"og:description\" content=\"BDSM on seksuaalinen k\u00e4yt\u00e4nt\u00f6, johon liittyy orjuutta, m\u00e4\u00e4r\u00e4\u00e4v\u00e4\u00e4 asemaa, alistumista, sadismia, masokismia ja muuta siihen liittyv\u00e4\u00e4 toimintaa. Vaikka monet ihmiset ajattelevat, ett\u00e4 BDSM on vain kipua, se itse asiassa ylitt\u00e4\u00e4 sen, mukaan lukien ilo ja hauskanpito. Kinkstereit\u00e4 on erilaisia, ja jokainen kinky-yksil\u00f6tyyppi suosii tiettyj\u00e4 fetissej\u00e4. Jotkut ihmiset haluavat olla sidottuja, kun taas toiset nauttivat piiskaamisesta. ... Lue lis\u00e4\u00e4\" \/>\n<meta property=\"og:url\" content=\"http:\/\/therodnikband.com\/fi\/bdsm-treffit\/\" \/>\n<meta property=\"og:site_name\" content=\"Fling-etsij\u00e4\" \/>\n<meta property=\"og:image\" content=\"http:\/\/therodnikband.com\/wp-content\/uploads\/2022\/07\/kink-dating.jpg\" \/>\n<meta name=\"twitter:card\" content=\"summary_large_image\" \/>\n<meta name=\"twitter:label1\" content=\"Arvioitu lukuaika\" \/>\n\t<meta name=\"twitter:data1\" content=\"2 minuuttia\" \/>\n<script type=\"application\/ld+json\" class=\"yoast-schema-graph\">{\"@context\":\"https:\/\/schema.org\",\"@graph\":[{\"@type\":\"WebSite\",\"@id\":\"https:\/\/therodnikband.com\/#website\",\"url\":\"https:\/\/therodnikband.com\/\",\"name\":\"Fling-etsij\\u00e4\",\"description\":\"Flirttaile, seurustelu ja seurustelu!\",\"potentialAction\":[{\"@type\":\"SearchAction\",\"target\":{\"@type\":\"EntryPoint\",\"urlTemplate\":\"https:\/\/therodnikband.com\/?s={search_term_string}\"},\"query-input\":\"required name=search_term_string\"}],\"inLanguage\":\"fi\"},{\"@type\":\"ImageObject\",\"@id\":\"http:\/\/therodnikband.com\/fi\/bdsm-treffit\/#primaryimage\",\"inLanguage\":\"fi\",\"url\":\"http:\/\/therodnikband.com\/wp-content\/uploads\/2022\/07\/kink-dating.jpg\",\"contentUrl\":\"http:\/\/therodnikband.com\/wp-content\/uploads\/2022\/07\/kink-dating.jpg\",\"width\":300,\"height\":200},{\"@type\":\"WebPage\",\"@id\":\"http:\/\/therodnikband.com\/fi\/bdsm-treffit\/#webpage\",\"url\":\"http:\/\/therodnikband.com\/fi\/bdsm-treffit\/\",\"name\":\"BDSM-treffit - Fling-etsij\\u00e4\",\"isPartOf\":{\"@id\":\"https:\/\/therodnikband.com\/#website\"},\"primaryImageOfPage\":{\"@id\":\"http:\/\/therodnikband.com\/fi\/bdsm-treffit\/#primaryimage\"},\"datePublished\":\"2022-07-06T11:26:39+00:00\",\"dateModified\":\"2022-07-06T11:26:39+00:00\",\"breadcrumb\":{\"@id\":\"http:\/\/therodnikband.com\/fi\/bdsm-treffit\/#breadcrumb\"},\"inLanguage\":\"fi\",\"potentialAction\":[{\"@type\":\"ReadAction\",\"target\":[\"http:\/\/therodnikband.com\/fi\/bdsm-treffit\/\"]}]},{\"@type\":\"BreadcrumbList\",\"@id\":\"http:\/\/therodnikband.com\/fi\/bdsm-treffit\/#breadcrumb\",\"itemListElement\":[{\"@type\":\"ListItem\",\"position\":1,\"name\":\"Koti\",\"item\":\"https:\/\/therodnikband.com\/fi\/\"},{\"@type\":\"ListItem\",\"position\":2,\"name\":\"BDSM-treffit\"}]}]}<\/script>\n<!-- \/ Yoast SEO plugin. -->","yoast_head_json":{"title":"BDSM-treffit - Fling-etsij\u00e4","robots":{"index":"index","follow":"follow","max-snippet":"max-snippet:-1","max-image-preview":"max-image-preview:large","max-video-preview":"max-video-preview:-1"},"canonical":"http:\/\/therodnikband.com\/fi\/bdsm-treffit\/","og_locale":"fi_FI","og_type":"article","og_title":"BDSM-treffit - Fling-etsij\u00e4","og_description":"BDSM on seksuaalinen k\u00e4yt\u00e4nt\u00f6, johon liittyy orjuutta, m\u00e4\u00e4r\u00e4\u00e4v\u00e4\u00e4 asemaa, alistumista, sadismia, masokismia ja muuta siihen liittyv\u00e4\u00e4 toimintaa. Vaikka monet ihmiset ajattelevat, ett\u00e4 BDSM on vain kipua, se itse asiassa ylitt\u00e4\u00e4 sen, mukaan lukien ilo ja hauskanpito. Kinkstereit\u00e4 on erilaisia, ja jokainen kinky-yksil\u00f6tyyppi suosii tiettyj\u00e4 fetissej\u00e4. Jotkut ihmiset haluavat olla sidottuja, kun taas toiset nauttivat piiskaamisesta. ... Lue lis\u00e4\u00e4","og_url":"http:\/\/therodnikband.com\/fi\/bdsm-treffit\/","og_site_name":"Fling-etsij\u00e4","og_image":[{"url":"http:\/\/therodnikband.com\/wp-content\/uploads\/2022\/07\/kink-dating.jpg"}],"twitter_card":"summary_large_image","twitter_misc":{"Arvioitu lukuaika":"2 minuuttia"},"schema":{"@context":"https:\/\/schema.org","@graph":[{"@type":"WebSite","@id":"https:\/\/therodnikband.com\/#website","url":"https:\/\/therodnikband.com\/","name":"Fling-etsij\u00e4","description":"Flirttaile, seurustelu ja seurustelu!","potentialAction":[{"@type":"SearchAction","target":{"@type":"EntryPoint","urlTemplate":"https:\/\/therodnikband.com\/?s={search_term_string}"},"query-input":"required name=search_term_string"}],"inLanguage":"fi"},{"@type":"ImageObject","@id":"http:\/\/therodnikband.com\/fi\/bdsm-treffit\/#primaryimage","inLanguage":"fi","url":"http:\/\/therodnikband.com\/wp-content\/uploads\/2022\/07\/kink-dating.jpg","contentUrl":"http:\/\/therodnikband.com\/wp-content\/uploads\/2022\/07\/kink-dating.jpg","width":300,"height":200},{"@type":"WebPage","@id":"http:\/\/therodnikband.com\/fi\/bdsm-treffit\/#webpage","url":"http:\/\/therodnikband.com\/fi\/bdsm-treffit\/","name":"BDSM-treffit - Fling-etsij\u00e4","isPartOf":{"@id":"https:\/\/therodnikband.com\/#website"},"primaryImageOfPage":{"@id":"http:\/\/therodnikband.com\/fi\/bdsm-treffit\/#primaryimage"},"datePublished":"2022-07-06T11:26:39+00:00","dateModified":"2022-07-06T11:26:39+00:00","breadcrumb":{"@id":"http:\/\/therodnikband.com\/fi\/bdsm-treffit\/#breadcrumb"},"inLanguage":"fi","potentialAction":[{"@type":"ReadAction","target":["http:\/\/therodnikband.com\/fi\/bdsm-treffit\/"]}]},{"@type":"BreadcrumbList","@id":"http:\/\/therodnikband.com\/fi\/bdsm-treffit\/#breadcrumb","itemListElement":[{"@type":"ListItem","position":1,"name":"Koti","item":"https:\/\/therodnikband.com\/fi\/"},{"@type":"ListItem","position":2,"name":"BDSM-treffit"}]}]}},"_links":{"self":[{"href":"http:\/\/therodnikband.com\/fi\/wp-json\/wp\/v2\/pages\/156"}],"collection":[{"href":"http:\/\/therodnikband.com\/fi\/wp-json\/wp\/v2\/pages"}],"about":[{"href":"http:\/\/therodnikband.com\/fi\/wp-json\/wp\/v2\/types\/page"}],"author":[{"embeddable":true,"href":"http:\/\/therodnikband.com\/fi\/wp-json\/wp\/v2\/users\/1"}],"replies":[{"embeddable":true,"href":"http:\/\/therodnikband.com\/fi\/wp-json\/wp\/v2\/comments?post=156"}],"version-history":[{"count":0,"href":"http:\/\/therodnikband.com\/fi\/wp-json\/wp\/v2\/pages\/156\/revisions"}],"wp:attachment":[{"href":"http:\/\/therodnikband.com\/fi\/wp-json\/wp\/v2\/media?parent=156"}],"curies":[{"name":"wp","href":"https:\/\/api.w.org\/{rel}","templated":true}]}}