{"id":200,"date":"2022-07-06T12:22:01","date_gmt":"2022-07-06T11:22:01","guid":{"rendered":"http:\/\/therodnikband.com\/ebony-treffisivustot\/"},"modified":"2022-07-06T12:22:01","modified_gmt":"2022-07-06T11:22:01","slug":"ebony-treffisivustot","status":"publish","type":"page","link":"http:\/\/therodnikband.com\/fi\/ebony-treffisivustot\/","title":{"rendered":"Ebony-treffisivustot"},"content":{"rendered":"<p>Paras treffisivusto sielunkumppanisi l\u00f6yt\u00e4miseen. Treffisivustot ovat yleens\u00e4 t\u00e4ynn\u00e4 v\u00e4\u00e4rennettyj\u00e4 profiileja ja huijareita. Olemme tehneet kovasti t\u00f6it\u00e4 luodaksemme rehellisen treffisivuston. Tavoitteenamme on auttaa sinua l\u00f6yt\u00e4m\u00e4\u00e4n oikea ottelu. L\u00f6yd\u00e4t tuhansia aktiivisia j\u00e4seni\u00e4, jotka etsiv\u00e4t rakkautta.<\/p>\n<p>Kaikkien etnisten ryhmien miehet rakastavat mustaa <a href=\"http:\/\/therodnikband.com\/fi\/pyyhkaise-treffisovellukset\/\">seurustelua<\/a>. Se ei todellakaan ole yll\u00e4tys: mustat naiset ovat kauniita, kaarevia ja heill\u00e4 on t\u00e4ydellinen asenne! Jos olet kyll\u00e4stynyt samoihin vanhoihin seksikytkent\u00f6ihin, sinun kannattaa olla yhteydess\u00e4 seksikk\u00e4\u00e4seen mustaan tytt\u00f6\u00f6n, mutta n\u00e4iden kumppanien l\u00f6yt\u00e4minen jatkuvasti voi olla vaikeaa.<\/p>\n<h2>Mustat singlet<\/h2>\n<p>BlackSingles.com on ilmainen online-treffipalvelu, joka on suunniteltu erityisesti yksitt\u00e4isille afroamerikkalaisille, jotka etsiv\u00e4t rakkautta. Black Singles on sitoutunut auttamaan j\u00e4seni\u00e4mme l\u00f6yt\u00e4m\u00e4\u00e4n todellisen rakkauden ainutlaatuisen sovitusj\u00e4rjestelm\u00e4mme avulla. Etsitp\u00e4 sitten yst\u00e4vyytt\u00e4, romantiikkaa tai avioliittoa, autamme sinua muodostamaan yhteyden yhteensopiviin otteluihin. Tarjoamme my\u00f6s hauskan sosiaalisen ymp\u00e4rist\u00f6n, jossa voit jakaa valokuvia, keskustella aiheista ja yst\u00e4vysty\u00e4 muiden kanssa alueellasi. Tule mukaan jo t\u00e4n\u00e4\u00e4n!<\/p>\n<h2>XXXBlackbook<\/h2>\n<p>XXXBlackbook on ilmainen treffisivusto, jonka avulla voit olla yhteydess\u00e4 muihin <a href=\"http:\/\/therodnikband.com\/fi\/bdsm-treffit\/\">paikallisiin sinkkuihin, jotka<\/a> etsiv\u00e4t huomaamattomia kohtaamisia. Sivusto tarjoaa yksinkertaisen k\u00e4ytt\u00f6kokemuksen ja nopean rekister\u00f6itymisprosessin. K\u00e4ytt\u00e4j\u00e4t voivat selata j\u00e4senprofiileja ja l\u00e4hett\u00e4\u00e4 flirttailevia viestej\u00e4 ilmaiseksi. J\u00e4senet voivat my\u00f6s katsella suoria cam-esityksi\u00e4 ja osallistua yksityisiin chat-huoneisiin. Jos haluat l\u00f6yt\u00e4\u00e4 j\u00e4seni\u00e4 alueeltasi, kirjoita sijaintisi ja valitse kiinnostavan suhteen tyyppi. Jos haluat rentoutua t\u00e4n\u00e4 iltana, XXXblackbook on loistava paikka aloittaa!<\/p>\n<h2>Mustat ihmiset tapaavat<\/h2>\n<p>Black People Meet on ilmainen online-sosiaalinen verkosto, jonka tarkoituksena on yhdist\u00e4\u00e4 mustat sinkut. Se lanseerattiin vuonna 2013, ja sen j\u00e4lkeen se on houkutellut yli 1 miljoonaa j\u00e4sent\u00e4. Tuhannet k\u00e4ytt\u00e4j\u00e4t vierailevat sivustolla joka p\u00e4iv\u00e4 tapaamaan uusia ihmisi\u00e4. Siin\u00e4 on lukuisia ominaisuuksia, jotka auttavat sinua l\u00f6yt\u00e4m\u00e4\u00e4n rakkauden. Voit luoda oman profiilin, ladata valokuvia, l\u00e4hett\u00e4\u00e4 viestej\u00e4, tarkastella muita profiileja ja liitty\u00e4 ryhmiin. Jos etsit p\u00e4iv\u00e4m\u00e4\u00e4r\u00e4\u00e4, voit my\u00f6s selata muiden profiileja. Rekister\u00f6ityminen on t\u00e4ysin ilmaista. Jos kuitenkin haluat keskustella jonkun kanssa, sinun on maksettava 5 dollaria kuukaudessa. On monia tapoja kommunikoida muiden j\u00e4senten kanssa. Voit l\u00e4hett\u00e4\u00e4 heille tekstiviestin, soittaa heille tai jopa videokeskustelua. Sovellus on saatavana iOS- ja Android-laitteille.<\/p>\n","protected":false},"excerpt":{"rendered":"<p>Paras treffisivusto sielunkumppanisi l\u00f6yt\u00e4miseen. Treffisivustot ovat yleens\u00e4 t\u00e4ynn\u00e4 v\u00e4\u00e4rennettyj\u00e4 profiileja ja huijareita. Olemme tehneet kovasti t\u00f6it\u00e4 luodaksemme rehellisen treffisivuston. Tavoitteenamme on auttaa sinua l\u00f6yt\u00e4m\u00e4\u00e4n oikea ottelu. L\u00f6yd\u00e4t tuhansia aktiivisia j\u00e4seni\u00e4, jotka etsiv\u00e4t rakkautta. Kaikkien etnisten ryhmien miehet rakastavat mustaa seurustelua. Se ei todellakaan ole yll\u00e4tys: mustat naiset ovat kauniita, kaarevia ja heill\u00e4 on t\u00e4ydellinen asenne! &#8230; <a title=\"Ebony-treffisivustot\" class=\"read-more\" href=\"http:\/\/therodnikband.com\/fi\/ebony-treffisivustot\/\" aria-label=\"Lis\u00e4\u00e4 Ebony-treffisivustot\">Lue lis\u00e4\u00e4<\/a><\/p>\n","protected":false},"author":1,"featured_media":0,"parent":0,"menu_order":0,"comment_status":"closed","ping_status":"closed","template":"","meta":[],"yoast_head":"<!-- This site is optimized with the Yoast SEO plugin v17.7.1 - https:\/\/yoast.com\/wordpress\/plugins\/seo\/ -->\n<title>Ebony-treffisivustot - Fling-etsij\u00e4<\/title>\n<meta name=\"robots\" content=\"index, follow, max-snippet:-1, max-image-preview:large, max-video-preview:-1\" \/>\n<link rel=\"canonical\" href=\"http:\/\/therodnikband.com\/fi\/ebony-treffisivustot\/\" \/>\n<meta property=\"og:locale\" content=\"fi_FI\" \/>\n<meta property=\"og:type\" content=\"article\" \/>\n<meta property=\"og:title\" content=\"Ebony-treffisivustot - Fling-etsij\u00e4\" \/>\n<meta property=\"og:description\" content=\"Paras treffisivusto sielunkumppanisi l\u00f6yt\u00e4miseen. Treffisivustot ovat yleens\u00e4 t\u00e4ynn\u00e4 v\u00e4\u00e4rennettyj\u00e4 profiileja ja huijareita. Olemme tehneet kovasti t\u00f6it\u00e4 luodaksemme rehellisen treffisivuston. Tavoitteenamme on auttaa sinua l\u00f6yt\u00e4m\u00e4\u00e4n oikea ottelu. L\u00f6yd\u00e4t tuhansia aktiivisia j\u00e4seni\u00e4, jotka etsiv\u00e4t rakkautta. Kaikkien etnisten ryhmien miehet rakastavat mustaa seurustelua. Se ei todellakaan ole yll\u00e4tys: mustat naiset ovat kauniita, kaarevia ja heill\u00e4 on t\u00e4ydellinen asenne! ... Lue lis\u00e4\u00e4\" \/>\n<meta property=\"og:url\" content=\"http:\/\/therodnikband.com\/fi\/ebony-treffisivustot\/\" \/>\n<meta property=\"og:site_name\" content=\"Fling-etsij\u00e4\" \/>\n<meta name=\"twitter:card\" content=\"summary_large_image\" \/>\n<meta name=\"twitter:label1\" content=\"Arvioitu lukuaika\" \/>\n\t<meta name=\"twitter:data1\" content=\"2 minuuttia\" \/>\n<script type=\"application\/ld+json\" class=\"yoast-schema-graph\">{\"@context\":\"https:\/\/schema.org\",\"@graph\":[{\"@type\":\"WebSite\",\"@id\":\"https:\/\/therodnikband.com\/#website\",\"url\":\"https:\/\/therodnikband.com\/\",\"name\":\"Fling-etsij\\u00e4\",\"description\":\"Flirttaile, seurustelu ja seurustelu!\",\"potentialAction\":[{\"@type\":\"SearchAction\",\"target\":{\"@type\":\"EntryPoint\",\"urlTemplate\":\"https:\/\/therodnikband.com\/?s={search_term_string}\"},\"query-input\":\"required name=search_term_string\"}],\"inLanguage\":\"fi\"},{\"@type\":\"WebPage\",\"@id\":\"http:\/\/therodnikband.com\/fi\/ebony-treffisivustot\/#webpage\",\"url\":\"http:\/\/therodnikband.com\/fi\/ebony-treffisivustot\/\",\"name\":\"Ebony-treffisivustot - Fling-etsij\\u00e4\",\"isPartOf\":{\"@id\":\"https:\/\/therodnikband.com\/#website\"},\"datePublished\":\"2022-07-06T11:22:01+00:00\",\"dateModified\":\"2022-07-06T11:22:01+00:00\",\"breadcrumb\":{\"@id\":\"http:\/\/therodnikband.com\/fi\/ebony-treffisivustot\/#breadcrumb\"},\"inLanguage\":\"fi\",\"potentialAction\":[{\"@type\":\"ReadAction\",\"target\":[\"http:\/\/therodnikband.com\/fi\/ebony-treffisivustot\/\"]}]},{\"@type\":\"BreadcrumbList\",\"@id\":\"http:\/\/therodnikband.com\/fi\/ebony-treffisivustot\/#breadcrumb\",\"itemListElement\":[{\"@type\":\"ListItem\",\"position\":1,\"name\":\"Koti\",\"item\":\"https:\/\/therodnikband.com\/fi\/\"},{\"@type\":\"ListItem\",\"position\":2,\"name\":\"Ebony-treffisivustot\"}]}]}<\/script>\n<!-- \/ Yoast SEO plugin. -->","yoast_head_json":{"title":"Ebony-treffisivustot - Fling-etsij\u00e4","robots":{"index":"index","follow":"follow","max-snippet":"max-snippet:-1","max-image-preview":"max-image-preview:large","max-video-preview":"max-video-preview:-1"},"canonical":"http:\/\/therodnikband.com\/fi\/ebony-treffisivustot\/","og_locale":"fi_FI","og_type":"article","og_title":"Ebony-treffisivustot - Fling-etsij\u00e4","og_description":"Paras treffisivusto sielunkumppanisi l\u00f6yt\u00e4miseen. Treffisivustot ovat yleens\u00e4 t\u00e4ynn\u00e4 v\u00e4\u00e4rennettyj\u00e4 profiileja ja huijareita. Olemme tehneet kovasti t\u00f6it\u00e4 luodaksemme rehellisen treffisivuston. Tavoitteenamme on auttaa sinua l\u00f6yt\u00e4m\u00e4\u00e4n oikea ottelu. L\u00f6yd\u00e4t tuhansia aktiivisia j\u00e4seni\u00e4, jotka etsiv\u00e4t rakkautta. Kaikkien etnisten ryhmien miehet rakastavat mustaa seurustelua. Se ei todellakaan ole yll\u00e4tys: mustat naiset ovat kauniita, kaarevia ja heill\u00e4 on t\u00e4ydellinen asenne! ... Lue lis\u00e4\u00e4","og_url":"http:\/\/therodnikband.com\/fi\/ebony-treffisivustot\/","og_site_name":"Fling-etsij\u00e4","twitter_card":"summary_large_image","twitter_misc":{"Arvioitu lukuaika":"2 minuuttia"},"schema":{"@context":"https:\/\/schema.org","@graph":[{"@type":"WebSite","@id":"https:\/\/therodnikband.com\/#website","url":"https:\/\/therodnikband.com\/","name":"Fling-etsij\u00e4","description":"Flirttaile, seurustelu ja seurustelu!","potentialAction":[{"@type":"SearchAction","target":{"@type":"EntryPoint","urlTemplate":"https:\/\/therodnikband.com\/?s={search_term_string}"},"query-input":"required name=search_term_string"}],"inLanguage":"fi"},{"@type":"WebPage","@id":"http:\/\/therodnikband.com\/fi\/ebony-treffisivustot\/#webpage","url":"http:\/\/therodnikband.com\/fi\/ebony-treffisivustot\/","name":"Ebony-treffisivustot - Fling-etsij\u00e4","isPartOf":{"@id":"https:\/\/therodnikband.com\/#website"},"datePublished":"2022-07-06T11:22:01+00:00","dateModified":"2022-07-06T11:22:01+00:00","breadcrumb":{"@id":"http:\/\/therodnikband.com\/fi\/ebony-treffisivustot\/#breadcrumb"},"inLanguage":"fi","potentialAction":[{"@type":"ReadAction","target":["http:\/\/therodnikband.com\/fi\/ebony-treffisivustot\/"]}]},{"@type":"BreadcrumbList","@id":"http:\/\/therodnikband.com\/fi\/ebony-treffisivustot\/#breadcrumb","itemListElement":[{"@type":"ListItem","position":1,"name":"Koti","item":"https:\/\/therodnikband.com\/fi\/"},{"@type":"ListItem","position":2,"name":"Ebony-treffisivustot"}]}]}},"_links":{"self":[{"href":"http:\/\/therodnikband.com\/fi\/wp-json\/wp\/v2\/pages\/200"}],"collection":[{"href":"http:\/\/therodnikband.com\/fi\/wp-json\/wp\/v2\/pages"}],"about":[{"href":"http:\/\/therodnikband.com\/fi\/wp-json\/wp\/v2\/types\/page"}],"author":[{"embeddable":true,"href":"http:\/\/therodnikband.com\/fi\/wp-json\/wp\/v2\/users\/1"}],"replies":[{"embeddable":true,"href":"http:\/\/therodnikband.com\/fi\/wp-json\/wp\/v2\/comments?post=200"}],"version-history":[{"count":0,"href":"http:\/\/therodnikband.com\/fi\/wp-json\/wp\/v2\/pages\/200\/revisions"}],"wp:attachment":[{"href":"http:\/\/therodnikband.com\/fi\/wp-json\/wp\/v2\/media?parent=200"}],"curies":[{"name":"wp","href":"https:\/\/api.w.org\/{rel}","templated":true}]}}