{"id":205,"date":"2022-07-06T12:17:13","date_gmt":"2022-07-06T11:17:13","guid":{"rendered":"http:\/\/therodnikband.com\/pyyhkaise-treffisovellukset\/"},"modified":"2022-07-06T12:17:13","modified_gmt":"2022-07-06T11:17:13","slug":"pyyhkaise-treffisovellukset","status":"publish","type":"page","link":"http:\/\/therodnikband.com\/fi\/pyyhkaise-treffisovellukset\/","title":{"rendered":"Pyyhk\u00e4ise treffisovellukset"},"content":{"rendered":"<p>Treffisovellukset ovat kulkeneet pitki\u00e4 matkoja varhaisten inkarnaatioidensa j\u00e4lkeen. Vaikka vastaavuus pyyhk\u00e4isyn kautta on edelleen normi, monissa on lis\u00e4ominaisuuksia, kuten kyselylomakkeita, chat-huoneita tai videopuheluita. Jotkut jopa luopuvat kokonaan pyyhk\u00e4isyst\u00e4 ja tarjoavat vaihtoehtoja, kuten jonkun valokuvasta tykk\u00e4\u00e4misen tai viestin l\u00e4hett\u00e4misen. Siit\u00e4 huolimatta treffit ovat pohjimmiltaan k\u00e4mmenell\u00e4si.<\/p>\n<p>Halusitpa sitten tavata jonkun rennosti tai <a href=\"http:\/\/therodnikband.com\/fi\/ebony-treffisivustot\/\">vakavan suhteen<\/a> &#8211; siihen on sovellus. On kuitenkin t\u00e4rke\u00e4\u00e4 kokeilla muutamaa ennen oikean istuvuuden l\u00f6yt\u00e4mist\u00e4. Olemme s\u00e4\u00e4st\u00e4neet sinut hauilta ker\u00e4\u00e4m\u00e4ll\u00e4 parhaat treffisovellukset Androidille ja varmistamalla, ett\u00e4 saat parhaan vastineen tarpeisiisi.<\/p>\n<p><img loading=\"lazy\" class=\"aligncenter wp-image-43\" src=\"http:\/\/therodnikband.com\/wp-content\/uploads\/2022\/07\/best-dating-websites-1024x683.jpeg\" alt=\"\" width=\"630\" height=\"420\" srcset=\"http:\/\/therodnikband.com\/wp-content\/uploads\/2022\/07\/best-dating-websites-1024x683.jpeg 1024w, http:\/\/therodnikband.com\/wp-content\/uploads\/2022\/07\/best-dating-websites-300x200.jpeg 300w, http:\/\/therodnikband.com\/wp-content\/uploads\/2022\/07\/best-dating-websites-768x512.jpeg 768w, http:\/\/therodnikband.com\/wp-content\/uploads\/2022\/07\/best-dating-websites-1536x1024.jpeg 1536w, http:\/\/therodnikband.com\/wp-content\/uploads\/2022\/07\/best-dating-websites-2048x1365.jpeg 2048w\" sizes=\"(max-width: 630px) 100vw, 630px\" \/><\/p>\n<h2>Kahvi kohtaa Bagelin<\/h2>\n<p>Coffee Meets Bagel on mobiilisovellus, jonka avulla k\u00e4ytt\u00e4j\u00e4t voivat tavata muita l\u00e4hell\u00e4 olevia sinkkuja. K\u00e4ytt\u00e4j\u00e4t voivat selata <a href=\"http:\/\/therodnikband.com\/fi\/bdsm-treffit\/\">eri luokkia<\/a>, kuten ik\u00e4\u00e4, sijaintia, uskontoa, koulutusta, ammattia, parisuhteen tilaa ja paljon muuta. Kun l\u00f6yd\u00e4t jonkun, josta pid\u00e4t, voit aloittaa keskustelun ja viestittelyn. Voit my\u00f6s m\u00e4\u00e4ritt\u00e4\u00e4 asetuksesi, kuten etsim\u00e4si p\u00e4iv\u00e4m\u00e4\u00e4r\u00e4tyypin. Jos molemmat tuntevat olosi tarpeeksi mukavaksi, voit sitten j\u00e4rjest\u00e4\u00e4 kahvitreffit.<\/p>\n<h2>\u00c4nkytt\u00e4\u00e4<\/h2>\n<p>Bumble v\u00e4itt\u00e4\u00e4 olevansa erilainen kuin muut treffisovellukset, koska se ei vaadi k\u00e4ytt\u00e4ji\u00e4 pyyhk\u00e4isem\u00e4\u00e4n oikealle tyk\u00e4t\u00e4kseen jostakin. Sen sijaan l\u00e4het\u00e4t heille vain viestin. Jos he eiv\u00e4t ole kiinnostuneita, he j\u00e4tt\u00e4v\u00e4t viestisi huomiotta. Ja jos he ovat kiinnostuneita, he vastaavat. Voit my\u00f6s lis\u00e4t\u00e4 muutaman ylim\u00e4\u00e4r\u00e4isen kosketuksen lis\u00e4t\u00e4ksesi mahdollisuuksiasi saada vastaus. Yhteisen kiinnostuksen her\u00e4tt\u00e4miseksi voit halutessasi jakaa kuvan itsest\u00e4si, merkit\u00e4 sijaintisi tai mainita jotain persoonallisuudestasi.<\/p>\n<h2>H\u00c4NEN<\/h2>\n<p>HER on treffisovellus, joka yhdist\u00e4\u00e4 k\u00e4ytt\u00e4j\u00e4t yksinkertaisen k\u00e4ytt\u00f6liittym\u00e4n kautta. Voit joko etsi\u00e4 jotakuta l\u00e4helt\u00e4 tai selata muiden k\u00e4ytt\u00e4jien profiileja. Kun olet l\u00f6yt\u00e4nyt osumasi, voit keskustella tai vaihtaa viestej\u00e4. Jos molemmat haluavat tutustua toisiinsa paremmin, voit aloittaa keskustelun.<\/p>\n<p>Kun olet puhunut v\u00e4h\u00e4n aikaa, voit p\u00e4\u00e4tt\u00e4\u00e4, haluatko jatkaa puhumista. Jos pid\u00e4t n\u00e4kem\u00e4st\u00e4si, voit l\u00e4hett\u00e4\u00e4 heille &#8221;syd\u00e4men&#8221; &#8211; positiivisen merkin, jonka kanssa luulet heid\u00e4n olevan tarpeeksi s\u00f6p\u00f6j\u00e4 menn\u00e4kseen ulos. Jos et, voit j\u00e4tt\u00e4\u00e4 sen tyhj\u00e4ksi.<\/p>\n<p>Kun saat syd\u00e4men, voit halutessasi vastata hymi\u00f6ll\u00e4, peukalolla yl\u00f6sp\u00e4in, peukalolla alas, suudelmalla, nyrkiniskulla tai ei mill\u00e4\u00e4n tavalla.<\/p>\n<h2>Neuvomme<\/h2>\n<p>Jos etsit treffisovellusta, joka ei vaadi j\u00e4senmaksua, siell\u00e4 on paljon. Happn, Bumble ja Tinder ovat vain muutamia niist\u00e4. Mutta jos pid\u00e4t ajatuksesta maksaa jutella jonkun kanssa, josta pid\u00e4t, Match saattaa olla oikea sinulle.<\/p>\n","protected":false},"excerpt":{"rendered":"<p>Treffisovellukset ovat kulkeneet pitki\u00e4 matkoja varhaisten inkarnaatioidensa j\u00e4lkeen. Vaikka vastaavuus pyyhk\u00e4isyn kautta on edelleen normi, monissa on lis\u00e4ominaisuuksia, kuten kyselylomakkeita, chat-huoneita tai videopuheluita. Jotkut jopa luopuvat kokonaan pyyhk\u00e4isyst\u00e4 ja tarjoavat vaihtoehtoja, kuten jonkun valokuvasta tykk\u00e4\u00e4misen tai viestin l\u00e4hett\u00e4misen. Siit\u00e4 huolimatta treffit ovat pohjimmiltaan k\u00e4mmenell\u00e4si. Halusitpa sitten tavata jonkun rennosti tai vakavan suhteen &#8211; siihen on &#8230; <a title=\"Pyyhk\u00e4ise treffisovellukset\" class=\"read-more\" href=\"http:\/\/therodnikband.com\/fi\/pyyhkaise-treffisovellukset\/\" aria-label=\"Lis\u00e4\u00e4 Pyyhk\u00e4ise treffisovellukset\">Lue lis\u00e4\u00e4<\/a><\/p>\n","protected":false},"author":1,"featured_media":0,"parent":0,"menu_order":0,"comment_status":"closed","ping_status":"closed","template":"","meta":[],"yoast_head":"<!-- This site is optimized with the Yoast SEO plugin v17.7.1 - https:\/\/yoast.com\/wordpress\/plugins\/seo\/ -->\n<title>Pyyhk\u00e4ise treffisovellukset - Fling-etsij\u00e4<\/title>\n<meta name=\"robots\" content=\"index, follow, max-snippet:-1, max-image-preview:large, max-video-preview:-1\" \/>\n<link rel=\"canonical\" href=\"http:\/\/therodnikband.com\/fi\/pyyhkaise-treffisovellukset\/\" \/>\n<meta property=\"og:locale\" content=\"fi_FI\" \/>\n<meta property=\"og:type\" content=\"article\" \/>\n<meta property=\"og:title\" content=\"Pyyhk\u00e4ise treffisovellukset - Fling-etsij\u00e4\" \/>\n<meta property=\"og:description\" content=\"Treffisovellukset ovat kulkeneet pitki\u00e4 matkoja varhaisten inkarnaatioidensa j\u00e4lkeen. Vaikka vastaavuus pyyhk\u00e4isyn kautta on edelleen normi, monissa on lis\u00e4ominaisuuksia, kuten kyselylomakkeita, chat-huoneita tai videopuheluita. Jotkut jopa luopuvat kokonaan pyyhk\u00e4isyst\u00e4 ja tarjoavat vaihtoehtoja, kuten jonkun valokuvasta tykk\u00e4\u00e4misen tai viestin l\u00e4hett\u00e4misen. Siit\u00e4 huolimatta treffit ovat pohjimmiltaan k\u00e4mmenell\u00e4si. Halusitpa sitten tavata jonkun rennosti tai vakavan suhteen &#8211; siihen on ... Lue lis\u00e4\u00e4\" \/>\n<meta property=\"og:url\" content=\"http:\/\/therodnikband.com\/fi\/pyyhkaise-treffisovellukset\/\" \/>\n<meta property=\"og:site_name\" content=\"Fling-etsij\u00e4\" \/>\n<meta property=\"og:image\" content=\"http:\/\/therodnikband.com\/wp-content\/uploads\/2022\/07\/best-dating-websites-1024x683.jpeg\" \/>\n<meta name=\"twitter:card\" content=\"summary_large_image\" \/>\n<meta name=\"twitter:label1\" content=\"Arvioitu lukuaika\" \/>\n\t<meta name=\"twitter:data1\" content=\"2 minuuttia\" \/>\n<script type=\"application\/ld+json\" class=\"yoast-schema-graph\">{\"@context\":\"https:\/\/schema.org\",\"@graph\":[{\"@type\":\"WebSite\",\"@id\":\"https:\/\/therodnikband.com\/#website\",\"url\":\"https:\/\/therodnikband.com\/\",\"name\":\"Fling-etsij\\u00e4\",\"description\":\"Flirttaile, seurustelu ja seurustelu!\",\"potentialAction\":[{\"@type\":\"SearchAction\",\"target\":{\"@type\":\"EntryPoint\",\"urlTemplate\":\"https:\/\/therodnikband.com\/?s={search_term_string}\"},\"query-input\":\"required name=search_term_string\"}],\"inLanguage\":\"fi\"},{\"@type\":\"ImageObject\",\"@id\":\"http:\/\/therodnikband.com\/fi\/pyyhkaise-treffisovellukset\/#primaryimage\",\"inLanguage\":\"fi\",\"url\":\"http:\/\/therodnikband.com\/wp-content\/uploads\/2022\/07\/best-dating-websites.jpeg\",\"contentUrl\":\"http:\/\/therodnikband.com\/wp-content\/uploads\/2022\/07\/best-dating-websites.jpeg\",\"width\":2250,\"height\":1500},{\"@type\":\"WebPage\",\"@id\":\"http:\/\/therodnikband.com\/fi\/pyyhkaise-treffisovellukset\/#webpage\",\"url\":\"http:\/\/therodnikband.com\/fi\/pyyhkaise-treffisovellukset\/\",\"name\":\"Pyyhk\\u00e4ise treffisovellukset - Fling-etsij\\u00e4\",\"isPartOf\":{\"@id\":\"https:\/\/therodnikband.com\/#website\"},\"primaryImageOfPage\":{\"@id\":\"http:\/\/therodnikband.com\/fi\/pyyhkaise-treffisovellukset\/#primaryimage\"},\"datePublished\":\"2022-07-06T11:17:13+00:00\",\"dateModified\":\"2022-07-06T11:17:13+00:00\",\"breadcrumb\":{\"@id\":\"http:\/\/therodnikband.com\/fi\/pyyhkaise-treffisovellukset\/#breadcrumb\"},\"inLanguage\":\"fi\",\"potentialAction\":[{\"@type\":\"ReadAction\",\"target\":[\"http:\/\/therodnikband.com\/fi\/pyyhkaise-treffisovellukset\/\"]}]},{\"@type\":\"BreadcrumbList\",\"@id\":\"http:\/\/therodnikband.com\/fi\/pyyhkaise-treffisovellukset\/#breadcrumb\",\"itemListElement\":[{\"@type\":\"ListItem\",\"position\":1,\"name\":\"Koti\",\"item\":\"https:\/\/therodnikband.com\/fi\/\"},{\"@type\":\"ListItem\",\"position\":2,\"name\":\"Pyyhk\\u00e4ise treffisovellukset\"}]}]}<\/script>\n<!-- \/ Yoast SEO plugin. -->","yoast_head_json":{"title":"Pyyhk\u00e4ise treffisovellukset - Fling-etsij\u00e4","robots":{"index":"index","follow":"follow","max-snippet":"max-snippet:-1","max-image-preview":"max-image-preview:large","max-video-preview":"max-video-preview:-1"},"canonical":"http:\/\/therodnikband.com\/fi\/pyyhkaise-treffisovellukset\/","og_locale":"fi_FI","og_type":"article","og_title":"Pyyhk\u00e4ise treffisovellukset - Fling-etsij\u00e4","og_description":"Treffisovellukset ovat kulkeneet pitki\u00e4 matkoja varhaisten inkarnaatioidensa j\u00e4lkeen. Vaikka vastaavuus pyyhk\u00e4isyn kautta on edelleen normi, monissa on lis\u00e4ominaisuuksia, kuten kyselylomakkeita, chat-huoneita tai videopuheluita. Jotkut jopa luopuvat kokonaan pyyhk\u00e4isyst\u00e4 ja tarjoavat vaihtoehtoja, kuten jonkun valokuvasta tykk\u00e4\u00e4misen tai viestin l\u00e4hett\u00e4misen. Siit\u00e4 huolimatta treffit ovat pohjimmiltaan k\u00e4mmenell\u00e4si. Halusitpa sitten tavata jonkun rennosti tai vakavan suhteen &#8211; siihen on ... Lue lis\u00e4\u00e4","og_url":"http:\/\/therodnikband.com\/fi\/pyyhkaise-treffisovellukset\/","og_site_name":"Fling-etsij\u00e4","og_image":[{"url":"http:\/\/therodnikband.com\/wp-content\/uploads\/2022\/07\/best-dating-websites-1024x683.jpeg"}],"twitter_card":"summary_large_image","twitter_misc":{"Arvioitu lukuaika":"2 minuuttia"},"schema":{"@context":"https:\/\/schema.org","@graph":[{"@type":"WebSite","@id":"https:\/\/therodnikband.com\/#website","url":"https:\/\/therodnikband.com\/","name":"Fling-etsij\u00e4","description":"Flirttaile, seurustelu ja seurustelu!","potentialAction":[{"@type":"SearchAction","target":{"@type":"EntryPoint","urlTemplate":"https:\/\/therodnikband.com\/?s={search_term_string}"},"query-input":"required name=search_term_string"}],"inLanguage":"fi"},{"@type":"ImageObject","@id":"http:\/\/therodnikband.com\/fi\/pyyhkaise-treffisovellukset\/#primaryimage","inLanguage":"fi","url":"http:\/\/therodnikband.com\/wp-content\/uploads\/2022\/07\/best-dating-websites.jpeg","contentUrl":"http:\/\/therodnikband.com\/wp-content\/uploads\/2022\/07\/best-dating-websites.jpeg","width":2250,"height":1500},{"@type":"WebPage","@id":"http:\/\/therodnikband.com\/fi\/pyyhkaise-treffisovellukset\/#webpage","url":"http:\/\/therodnikband.com\/fi\/pyyhkaise-treffisovellukset\/","name":"Pyyhk\u00e4ise treffisovellukset - Fling-etsij\u00e4","isPartOf":{"@id":"https:\/\/therodnikband.com\/#website"},"primaryImageOfPage":{"@id":"http:\/\/therodnikband.com\/fi\/pyyhkaise-treffisovellukset\/#primaryimage"},"datePublished":"2022-07-06T11:17:13+00:00","dateModified":"2022-07-06T11:17:13+00:00","breadcrumb":{"@id":"http:\/\/therodnikband.com\/fi\/pyyhkaise-treffisovellukset\/#breadcrumb"},"inLanguage":"fi","potentialAction":[{"@type":"ReadAction","target":["http:\/\/therodnikband.com\/fi\/pyyhkaise-treffisovellukset\/"]}]},{"@type":"BreadcrumbList","@id":"http:\/\/therodnikband.com\/fi\/pyyhkaise-treffisovellukset\/#breadcrumb","itemListElement":[{"@type":"ListItem","position":1,"name":"Koti","item":"https:\/\/therodnikband.com\/fi\/"},{"@type":"ListItem","position":2,"name":"Pyyhk\u00e4ise treffisovellukset"}]}]}},"_links":{"self":[{"href":"http:\/\/therodnikband.com\/fi\/wp-json\/wp\/v2\/pages\/205"}],"collection":[{"href":"http:\/\/therodnikband.com\/fi\/wp-json\/wp\/v2\/pages"}],"about":[{"href":"http:\/\/therodnikband.com\/fi\/wp-json\/wp\/v2\/types\/page"}],"author":[{"embeddable":true,"href":"http:\/\/therodnikband.com\/fi\/wp-json\/wp\/v2\/users\/1"}],"replies":[{"embeddable":true,"href":"http:\/\/therodnikband.com\/fi\/wp-json\/wp\/v2\/comments?post=205"}],"version-history":[{"count":0,"href":"http:\/\/therodnikband.com\/fi\/wp-json\/wp\/v2\/pages\/205\/revisions"}],"wp:attachment":[{"href":"http:\/\/therodnikband.com\/fi\/wp-json\/wp\/v2\/media?parent=205"}],"curies":[{"name":"wp","href":"https:\/\/api.w.org\/{rel}","templated":true}]}}