{"id":216,"date":"2022-07-06T12:11:34","date_gmt":"2022-07-06T11:11:34","guid":{"rendered":"http:\/\/therodnikband.com\/miksi-kayttaa-hookup-sovelluksia\/"},"modified":"2022-07-06T12:11:34","modified_gmt":"2022-07-06T11:11:34","slug":"miksi-kayttaa-hookup-sovelluksia","status":"publish","type":"page","link":"http:\/\/therodnikband.com\/fi\/miksi-kayttaa-hookup-sovelluksia\/","title":{"rendered":"Miksi k\u00e4ytt\u00e4\u00e4 Hookup-sovelluksia?"},"content":{"rendered":"<p>Kytkent\u00e4sivustot ovat verkkosivustoja, joissa j\u00e4senet voivat tavata muita, joilla on samanlaisia kiinnostuksen kohteita. He voivat yleens\u00e4 liitty\u00e4 ilmaiseksi, ja useimmat tarjoavat jonkinlaisen maksullisen j\u00e4senyysvaihtoehdon.<\/p>\n<p><img loading=\"lazy\" class=\"aligncenter wp-image-40\" src=\"http:\/\/therodnikband.com\/wp-content\/uploads\/2022\/07\/sex-chat-websites-1024x681.jpeg\" alt=\"\" width=\"737\" height=\"490\" srcset=\"http:\/\/therodnikband.com\/wp-content\/uploads\/2022\/07\/sex-chat-websites-1024x681.jpeg 1024w, http:\/\/therodnikband.com\/wp-content\/uploads\/2022\/07\/sex-chat-websites-300x200.jpeg 300w, http:\/\/therodnikband.com\/wp-content\/uploads\/2022\/07\/sex-chat-websites-768x511.jpeg 768w, http:\/\/therodnikband.com\/wp-content\/uploads\/2022\/07\/sex-chat-websites-1536x1022.jpeg 1536w, http:\/\/therodnikband.com\/wp-content\/uploads\/2022\/07\/sex-chat-websites-2048x1363.jpeg 2048w\" sizes=\"(max-width: 737px) 100vw, 737px\" \/><\/p>\n<p>Siksi on t\u00e4rke\u00e4\u00e4 ymm\u00e4rt\u00e4\u00e4, mik\u00e4 tekee <a href=\"http:\/\/therodnikband.com\/fi\/kuinka-valita-oikea-kytkentasovellus\/\">sivustosta kannattavan<\/a>. T\u00e4ss\u00e4 on kolme asiaa, jotka on otettava huomioon arvioitaessa kytkent\u00e4sivustoa:<\/p>\n<ul>\n<li>Kustannukset: Onko se ilmainen vai maksaako se rahaa? Ilmaisia kytkent\u00e4sivustoja yll\u00e4pit\u00e4\u00e4 yleens\u00e4 yksi henkil\u00f6 tai pieni ihmisryhm\u00e4. N\u00e4m\u00e4 sivustot ovat yleens\u00e4 hyvin yksinkertaisia ja tarjoavat v\u00e4h\u00e4n arvoa. Maksullisia kytkent\u00e4sivustoja yll\u00e4pit\u00e4v\u00e4t kuitenkin tyypillisesti suuret yritykset, jotka ovat investoineet miljoonia dollareita mainontaan ja tekniikkaan<\/li>\n<li>Ominaisuudet: Mit\u00e4 ominaisuuksia sivusto tarjoaa? Sis\u00e4lt\u00e4\u00e4k\u00f6 se viestej\u00e4, videokeskustelua vai suoratoistoa? Onko sinun luotava tili vai voitko k\u00e4ytt\u00e4\u00e4 Facebook-kirjautumistunnustasi? Onko olemassa erityisi\u00e4 vaatimuksia, kuten ik\u00e4rajoituksia?<\/li>\n<li>K\u00e4ytt\u00f6kokemus: Kuinka helppoa sivustolla liikkuminen on? Voitko helposti etsi\u00e4 j\u00e4seni\u00e4 sijainnin, sukupuolen, etnisen alkuper\u00e4n tai seksuaalisen suuntautumisen perusteella? Voitko selata profiileja nopeasti ja tehokkaasti?<\/li>\n<\/ul>\n<h2>Vinkkimme<\/h2>\n<p>Henkil\u00f6kohtaiset ovat suosituin <a href=\"http:\/\/therodnikband.com\/fi\/aikuisille-suunnatut-treffisovellukset\/\">kytkent\u00e4sivustotyyppi<\/a>. Ihmiset k\u00e4ytt\u00e4v\u00e4t niit\u00e4 l\u00f6yt\u00e4\u00e4kseen treffej\u00e4, yst\u00e4vi\u00e4 ja kumppaneita <a href=\"http:\/\/therodnikband.com\/fi\/sopiiko-bdsm-sinulle\/\">rentoon seksiin<\/a>. Aikuisten treffisivustot ovat samanlaisia kuin henkil\u00f6kohtaiset, paitsi ett\u00e4 ne palvelevat erityisesti aikuisia, jotka etsiv\u00e4t seksi\u00e4. Sosiaalisen verkostoitumisen sivustoja k\u00e4ytet\u00e4\u00e4n yhteydenpitoon jo tuntemiesi ihmisten kanssa, olivatpa n\u00e4m\u00e4 ihmiset sitten perheenj\u00e4seni\u00e4, yst\u00e4vi\u00e4, ty\u00f6tovereita tai luokkatovereita. Online-treffisivustojen avulla k\u00e4ytt\u00e4j\u00e4t voivat etsi\u00e4 potentiaalisia romanttisia kumppaneita tiettyjen kriteerien, kuten i\u00e4n, sijainnin, kiinnostuksen kohteiden jne., Perusteella.<\/p>\n<p>Jokaisella kytkent\u00e4sivustotyypill\u00e4 on omat etunsa ja haittansa. Henkil\u00f6kohtaiset ihmiset ovat mahtavia, koska he ovat ilmaisia, mutta ne ovat yleens\u00e4 t\u00e4ynn\u00e4 huijareita ja v\u00e4\u00e4rennettyj\u00e4 profiileja. Aikuisten treffisivustot ovat k\u00e4tevi\u00e4, koska ne ovat huomaamattomia, mutta ne houkuttelevat usein hiipi\u00e4 ja saalistajia. Sosiaalisen verkostoitumisen sivustot ovat hy\u00f6dyllisi\u00e4, koska niit\u00e4 on helppo k\u00e4ytt\u00e4\u00e4, mutta niill\u00e4 ei ole yksityisyysvaihtoehtoja. Online-treffisivustot ovat tehokkaita, koska ne tarjoavat runsaasti yksityisyysvaihtoehtoja, mutta ne ovat kalliita eiv\u00e4tk\u00e4 v\u00e4ltt\u00e4m\u00e4tt\u00e4 toimi hyvin kaikille.<\/p>\n","protected":false},"excerpt":{"rendered":"<p>Kytkent\u00e4sivustot ovat verkkosivustoja, joissa j\u00e4senet voivat tavata muita, joilla on samanlaisia kiinnostuksen kohteita. He voivat yleens\u00e4 liitty\u00e4 ilmaiseksi, ja useimmat tarjoavat jonkinlaisen maksullisen j\u00e4senyysvaihtoehdon. Siksi on t\u00e4rke\u00e4\u00e4 ymm\u00e4rt\u00e4\u00e4, mik\u00e4 tekee sivustosta kannattavan. T\u00e4ss\u00e4 on kolme asiaa, jotka on otettava huomioon arvioitaessa kytkent\u00e4sivustoa: Kustannukset: Onko se ilmainen vai maksaako se rahaa? Ilmaisia kytkent\u00e4sivustoja yll\u00e4pit\u00e4\u00e4 yleens\u00e4 yksi &#8230; <a title=\"Miksi k\u00e4ytt\u00e4\u00e4 Hookup-sovelluksia?\" class=\"read-more\" href=\"http:\/\/therodnikband.com\/fi\/miksi-kayttaa-hookup-sovelluksia\/\" aria-label=\"Lis\u00e4\u00e4 Miksi k\u00e4ytt\u00e4\u00e4 Hookup-sovelluksia?\">Lue lis\u00e4\u00e4<\/a><\/p>\n","protected":false},"author":1,"featured_media":0,"parent":0,"menu_order":0,"comment_status":"closed","ping_status":"closed","template":"","meta":[],"yoast_head":"<!-- This site is optimized with the Yoast SEO plugin v17.7.1 - https:\/\/yoast.com\/wordpress\/plugins\/seo\/ -->\n<title>Miksi k\u00e4ytt\u00e4\u00e4 Hookup-sovelluksia? - Fling-etsij\u00e4<\/title>\n<meta name=\"robots\" content=\"index, follow, max-snippet:-1, max-image-preview:large, max-video-preview:-1\" \/>\n<link rel=\"canonical\" href=\"http:\/\/therodnikband.com\/fi\/miksi-kayttaa-hookup-sovelluksia\/\" \/>\n<meta property=\"og:locale\" content=\"fi_FI\" \/>\n<meta property=\"og:type\" content=\"article\" \/>\n<meta property=\"og:title\" content=\"Miksi k\u00e4ytt\u00e4\u00e4 Hookup-sovelluksia? - Fling-etsij\u00e4\" \/>\n<meta property=\"og:description\" content=\"Kytkent\u00e4sivustot ovat verkkosivustoja, joissa j\u00e4senet voivat tavata muita, joilla on samanlaisia kiinnostuksen kohteita. He voivat yleens\u00e4 liitty\u00e4 ilmaiseksi, ja useimmat tarjoavat jonkinlaisen maksullisen j\u00e4senyysvaihtoehdon. Siksi on t\u00e4rke\u00e4\u00e4 ymm\u00e4rt\u00e4\u00e4, mik\u00e4 tekee sivustosta kannattavan. T\u00e4ss\u00e4 on kolme asiaa, jotka on otettava huomioon arvioitaessa kytkent\u00e4sivustoa: Kustannukset: Onko se ilmainen vai maksaako se rahaa? Ilmaisia kytkent\u00e4sivustoja yll\u00e4pit\u00e4\u00e4 yleens\u00e4 yksi ... Lue lis\u00e4\u00e4\" \/>\n<meta property=\"og:url\" content=\"http:\/\/therodnikband.com\/fi\/miksi-kayttaa-hookup-sovelluksia\/\" \/>\n<meta property=\"og:site_name\" content=\"Fling-etsij\u00e4\" \/>\n<meta property=\"og:image\" content=\"http:\/\/therodnikband.com\/wp-content\/uploads\/2022\/07\/sex-chat-websites-1024x681.jpeg\" \/>\n<meta name=\"twitter:card\" content=\"summary_large_image\" \/>\n<meta name=\"twitter:label1\" content=\"Arvioitu lukuaika\" \/>\n\t<meta name=\"twitter:data1\" content=\"2 minuuttia\" \/>\n<script type=\"application\/ld+json\" class=\"yoast-schema-graph\">{\"@context\":\"https:\/\/schema.org\",\"@graph\":[{\"@type\":\"WebSite\",\"@id\":\"https:\/\/therodnikband.com\/#website\",\"url\":\"https:\/\/therodnikband.com\/\",\"name\":\"Fling-etsij\\u00e4\",\"description\":\"Flirttaile, seurustelu ja seurustelu!\",\"potentialAction\":[{\"@type\":\"SearchAction\",\"target\":{\"@type\":\"EntryPoint\",\"urlTemplate\":\"https:\/\/therodnikband.com\/?s={search_term_string}\"},\"query-input\":\"required name=search_term_string\"}],\"inLanguage\":\"fi\"},{\"@type\":\"ImageObject\",\"@id\":\"http:\/\/therodnikband.com\/fi\/miksi-kayttaa-hookup-sovelluksia\/#primaryimage\",\"inLanguage\":\"fi\",\"url\":\"http:\/\/therodnikband.com\/wp-content\/uploads\/2022\/07\/sex-chat-websites.jpeg\",\"contentUrl\":\"http:\/\/therodnikband.com\/wp-content\/uploads\/2022\/07\/sex-chat-websites.jpeg\",\"width\":2254,\"height\":1500},{\"@type\":\"WebPage\",\"@id\":\"http:\/\/therodnikband.com\/fi\/miksi-kayttaa-hookup-sovelluksia\/#webpage\",\"url\":\"http:\/\/therodnikband.com\/fi\/miksi-kayttaa-hookup-sovelluksia\/\",\"name\":\"Miksi k\\u00e4ytt\\u00e4\\u00e4 Hookup-sovelluksia? - Fling-etsij\\u00e4\",\"isPartOf\":{\"@id\":\"https:\/\/therodnikband.com\/#website\"},\"primaryImageOfPage\":{\"@id\":\"http:\/\/therodnikband.com\/fi\/miksi-kayttaa-hookup-sovelluksia\/#primaryimage\"},\"datePublished\":\"2022-07-06T11:11:34+00:00\",\"dateModified\":\"2022-07-06T11:11:34+00:00\",\"breadcrumb\":{\"@id\":\"http:\/\/therodnikband.com\/fi\/miksi-kayttaa-hookup-sovelluksia\/#breadcrumb\"},\"inLanguage\":\"fi\",\"potentialAction\":[{\"@type\":\"ReadAction\",\"target\":[\"http:\/\/therodnikband.com\/fi\/miksi-kayttaa-hookup-sovelluksia\/\"]}]},{\"@type\":\"BreadcrumbList\",\"@id\":\"http:\/\/therodnikband.com\/fi\/miksi-kayttaa-hookup-sovelluksia\/#breadcrumb\",\"itemListElement\":[{\"@type\":\"ListItem\",\"position\":1,\"name\":\"Koti\",\"item\":\"https:\/\/therodnikband.com\/fi\/\"},{\"@type\":\"ListItem\",\"position\":2,\"name\":\"Miksi k\\u00e4ytt\\u00e4\\u00e4 Hookup-sovelluksia?\"}]}]}<\/script>\n<!-- \/ Yoast SEO plugin. -->","yoast_head_json":{"title":"Miksi k\u00e4ytt\u00e4\u00e4 Hookup-sovelluksia? - Fling-etsij\u00e4","robots":{"index":"index","follow":"follow","max-snippet":"max-snippet:-1","max-image-preview":"max-image-preview:large","max-video-preview":"max-video-preview:-1"},"canonical":"http:\/\/therodnikband.com\/fi\/miksi-kayttaa-hookup-sovelluksia\/","og_locale":"fi_FI","og_type":"article","og_title":"Miksi k\u00e4ytt\u00e4\u00e4 Hookup-sovelluksia? - Fling-etsij\u00e4","og_description":"Kytkent\u00e4sivustot ovat verkkosivustoja, joissa j\u00e4senet voivat tavata muita, joilla on samanlaisia kiinnostuksen kohteita. He voivat yleens\u00e4 liitty\u00e4 ilmaiseksi, ja useimmat tarjoavat jonkinlaisen maksullisen j\u00e4senyysvaihtoehdon. Siksi on t\u00e4rke\u00e4\u00e4 ymm\u00e4rt\u00e4\u00e4, mik\u00e4 tekee sivustosta kannattavan. T\u00e4ss\u00e4 on kolme asiaa, jotka on otettava huomioon arvioitaessa kytkent\u00e4sivustoa: Kustannukset: Onko se ilmainen vai maksaako se rahaa? Ilmaisia kytkent\u00e4sivustoja yll\u00e4pit\u00e4\u00e4 yleens\u00e4 yksi ... Lue lis\u00e4\u00e4","og_url":"http:\/\/therodnikband.com\/fi\/miksi-kayttaa-hookup-sovelluksia\/","og_site_name":"Fling-etsij\u00e4","og_image":[{"url":"http:\/\/therodnikband.com\/wp-content\/uploads\/2022\/07\/sex-chat-websites-1024x681.jpeg"}],"twitter_card":"summary_large_image","twitter_misc":{"Arvioitu lukuaika":"2 minuuttia"},"schema":{"@context":"https:\/\/schema.org","@graph":[{"@type":"WebSite","@id":"https:\/\/therodnikband.com\/#website","url":"https:\/\/therodnikband.com\/","name":"Fling-etsij\u00e4","description":"Flirttaile, seurustelu ja seurustelu!","potentialAction":[{"@type":"SearchAction","target":{"@type":"EntryPoint","urlTemplate":"https:\/\/therodnikband.com\/?s={search_term_string}"},"query-input":"required name=search_term_string"}],"inLanguage":"fi"},{"@type":"ImageObject","@id":"http:\/\/therodnikband.com\/fi\/miksi-kayttaa-hookup-sovelluksia\/#primaryimage","inLanguage":"fi","url":"http:\/\/therodnikband.com\/wp-content\/uploads\/2022\/07\/sex-chat-websites.jpeg","contentUrl":"http:\/\/therodnikband.com\/wp-content\/uploads\/2022\/07\/sex-chat-websites.jpeg","width":2254,"height":1500},{"@type":"WebPage","@id":"http:\/\/therodnikband.com\/fi\/miksi-kayttaa-hookup-sovelluksia\/#webpage","url":"http:\/\/therodnikband.com\/fi\/miksi-kayttaa-hookup-sovelluksia\/","name":"Miksi k\u00e4ytt\u00e4\u00e4 Hookup-sovelluksia? - Fling-etsij\u00e4","isPartOf":{"@id":"https:\/\/therodnikband.com\/#website"},"primaryImageOfPage":{"@id":"http:\/\/therodnikband.com\/fi\/miksi-kayttaa-hookup-sovelluksia\/#primaryimage"},"datePublished":"2022-07-06T11:11:34+00:00","dateModified":"2022-07-06T11:11:34+00:00","breadcrumb":{"@id":"http:\/\/therodnikband.com\/fi\/miksi-kayttaa-hookup-sovelluksia\/#breadcrumb"},"inLanguage":"fi","potentialAction":[{"@type":"ReadAction","target":["http:\/\/therodnikband.com\/fi\/miksi-kayttaa-hookup-sovelluksia\/"]}]},{"@type":"BreadcrumbList","@id":"http:\/\/therodnikband.com\/fi\/miksi-kayttaa-hookup-sovelluksia\/#breadcrumb","itemListElement":[{"@type":"ListItem","position":1,"name":"Koti","item":"https:\/\/therodnikband.com\/fi\/"},{"@type":"ListItem","position":2,"name":"Miksi k\u00e4ytt\u00e4\u00e4 Hookup-sovelluksia?"}]}]}},"_links":{"self":[{"href":"http:\/\/therodnikband.com\/fi\/wp-json\/wp\/v2\/pages\/216"}],"collection":[{"href":"http:\/\/therodnikband.com\/fi\/wp-json\/wp\/v2\/pages"}],"about":[{"href":"http:\/\/therodnikband.com\/fi\/wp-json\/wp\/v2\/types\/page"}],"author":[{"embeddable":true,"href":"http:\/\/therodnikband.com\/fi\/wp-json\/wp\/v2\/users\/1"}],"replies":[{"embeddable":true,"href":"http:\/\/therodnikband.com\/fi\/wp-json\/wp\/v2\/comments?post=216"}],"version-history":[{"count":0,"href":"http:\/\/therodnikband.com\/fi\/wp-json\/wp\/v2\/pages\/216\/revisions"}],"wp:attachment":[{"href":"http:\/\/therodnikband.com\/fi\/wp-json\/wp\/v2\/media?parent=216"}],"curies":[{"name":"wp","href":"https:\/\/api.w.org\/{rel}","templated":true}]}}