{"id":225,"date":"2022-07-06T11:57:32","date_gmt":"2022-07-06T10:57:32","guid":{"rendered":"http:\/\/therodnikband.com\/loyda-sinulle-sopivia-treffisovelluksia\/"},"modified":"2022-07-12T11:46:57","modified_gmt":"2022-07-12T10:46:57","slug":"loyda-sinulle-sopivia-treffisovelluksia","status":"publish","type":"page","link":"http:\/\/therodnikband.com\/fi\/","title":{"rendered":"L\u00f6yd\u00e4 sinulle sopivia treffisovelluksia"},"content":{"rendered":"<p>Sielunkumppanisi l\u00f6yt\u00e4minen ei ole koskaan helppoa, ja on monia tekij\u00f6it\u00e4, jotka liittyv\u00e4t jonkun erityisen l\u00f6yt\u00e4miseen. Olemme koonneet luettelon suosituimmista treffisivustoista ja -sovelluksista, joiden avulla p\u00e4\u00e4set alkuun! Etsitp\u00e4 sitten rakkautta, yst\u00e4vyytt\u00e4, kumppanuutta tai jotain aivan muuta, luettelomme antaa sinulle kaikki tiedot, joita tarvitset aloittaaksesi uusien ihmisten tapaamisen t\u00e4n\u00e4\u00e4n!<\/p>\n<p><img loading=\"lazy\" class=\"aligncenter wp-image-34\" src=\"http:\/\/therodnikband.com\/wp-content\/uploads\/2022\/07\/sex-guided-1024x679.jpeg\" alt=\"\" width=\"710\" height=\"471\" srcset=\"http:\/\/therodnikband.com\/wp-content\/uploads\/2022\/07\/sex-guided-1024x679.jpeg 1024w, http:\/\/therodnikband.com\/wp-content\/uploads\/2022\/07\/sex-guided-300x199.jpeg 300w, http:\/\/therodnikband.com\/wp-content\/uploads\/2022\/07\/sex-guided-768x509.jpeg 768w, http:\/\/therodnikband.com\/wp-content\/uploads\/2022\/07\/sex-guided-1536x1019.jpeg 1536w, http:\/\/therodnikband.com\/wp-content\/uploads\/2022\/07\/sex-guided-2048x1358.jpeg 2048w\" sizes=\"(max-width: 710px) 100vw, 710px\" \/><\/p>\n<h2>Ovatko treffisovellukset sinulle?<\/h2>\n<p>Treffisovellukset ovat yksi suosituimmista tavoista tavata ihmisi\u00e4 nyky\u00e4\u00e4n.<\/p>\n<p>Jos kuitenkin haluat optimoida kokemuksen, voi olla hyv\u00e4 idea l\u00e4hesty\u00e4 sovelluksia tarkoituksellisesti, mik\u00e4 <a href=\"http:\/\/www.treffisivusto.com\">Treffisivusto.com<\/a>, ett\u00e4 rekister\u00f6ityminen sovelluksiin, joiden uskot antavan sinulle parhaat mahdollisuudet tavata kaltaisiasi ihmisi\u00e4. Et aio vain rekister\u00f6ity\u00e4 ensimm\u00e4iseen n\u00e4kem\u00e4\u00e4si sovellukseen. Loppujen lopuksi et halua tuhlata aikaasi.<\/p>\n<p>Olemme koonneet luettelon parhaista treffisovelluksista vuodelle 2020 sen mukaan, mit\u00e4 haluat saada kokemuksesta.<\/p>\n<h3>\u00c4nkytt\u00e4\u00e4<\/h3>\n<p>Bumble on sovellus, jonka avulla naiset voivat aloittaa ja yll\u00e4pit\u00e4\u00e4 keskusteluja. Miehill\u00e4 on mahdollisuus vastata, mutta he eiv\u00e4t voi aloittaa mink\u00e4\u00e4nlaista kontaktia. Se auttaa poistamaan hiipimist\u00e4 verkossa ja kadulla. Se toimii hyvin my\u00f6s ammattilaisille, jotka haluavat tavata jonkun uuden. Se on ilmainen, mutta jos haluat avata edistyneit\u00e4 ominaisuuksia, kuten silm\u00e4niskujen ja tykk\u00e4ysten l\u00e4hett\u00e4misen, sinun on maksettava 9.99 dollaria kuukaudessa. Saatavilla on ilmainen versio kokeilla sit\u00e4 ensin. Ottelut tapahtuvat 24 tunnin jaksolla, joten sinulla on seuraavaan p\u00e4iv\u00e4\u00e4n asti aikaa aloittaa keskustelu tai vastata viestiin.<\/p>\n<p>K\u00e4ytt\u00e4j\u00e4t voivat pyyhk\u00e4ist\u00e4 vasemmalle tai oikealle tyk\u00e4t\u00e4kseen tai ollakseen pit\u00e4m\u00e4tt\u00e4 jostakin toisesta <a href=\"http:\/\/www.deittisovellus.net\">www.deittisovellus.net<\/a>, l\u00e4hett\u00e4\u00e4kseen heille viestin ja keskustellakseen heid\u00e4n kanssaan yksityisesti.<\/p>\n<p>Kaikki sivustosuunnitelmat, jotka sis\u00e4lt\u00e4v\u00e4t yhteyden, yhdist\u00e4v\u00e4t rajattomasti yhteensopivia pyyhk\u00e4isyj\u00e4 sinkkuja ja n\u00e4k\u00f6keskusteluja, pitk\u00e4aikaisia k\u00e4ytt\u00e4j\u00e4suhteita ja pitk\u00e4aikaisia k\u00e4ytt\u00e4j\u00e4suhteita.<\/p>\n<h3>Tulitikku<\/h3>\n<p>Jos olet yli 30-vuotias, Match on loistava vaihtoehto rakkauden l\u00f6yt\u00e4miseen. Rekister\u00f6ityminen ja profiilien selaaminen on ilmaista, mutta jos olet kiinnostunut tapaamaan jonkun erityisen, sinun on maksettava 29.99 dollaria kuukaudessa tai 39.99 dollaria vuodessa. Voit katsella valokuvia ensin tai siirty\u00e4 suoraan viesteihin. Android- ja iOS-puhelimille on saatavana jopa sovellus.<\/p>\n<p>Sivustolla on paljon tietoa jokaisesta j\u00e4senest\u00e4, mukaan lukien sijainti, kiinnostuksen kohteet, koulutus, ty\u00f6historia, pituus, paino, tupakointitila, siviilis\u00e4\u00e4ty, lasten lukum\u00e4\u00e4r\u00e4 ja uskonto.<\/p>\n<p>K\u00e4ytt\u00e4j\u00e4t voivat my\u00f6s lis\u00e4t\u00e4 kavereita ja l\u00e4hett\u00e4\u00e4 heille viestej\u00e4. Jos et ole varma, millaista henkil\u00f6\u00e4 etsit, siell\u00e4 on osio nimelt\u00e4 &#8221;Ihmiset, joista olen kiinnostunut&#8221;, joka n\u00e4ytt\u00e4\u00e4 sinulle muita j\u00e4seni\u00e4, joilla on samanlainen maku. Lis\u00e4ksi Match tarjoaa premium-palvelun nimelt\u00e4 &#8221;Match Plus&#8221;, joka sis\u00e4lt\u00e4\u00e4 muutamia lis\u00e4ominaisuuksia, kuten p\u00e4\u00e4syn eksklusiivisiin tapahtumiin ja juhliin.<\/p>\n<h3>Sarana<\/h3>\n<p>Hinge on yhteensopiva kaikkien t\u00e4rkeimpien alustojen kanssa, mukaan lukien Android, iOS, Windows, MacOS, Linux ja Chrome OS. Se on saatavilla maailmanlaajuisesti, mik\u00e4 tarkoittaa, ett\u00e4 voit olla yhteydess\u00e4 johonkin miss\u00e4 p\u00e4in maailmaa tahansa. Hinge ei vaadi rekister\u00f6inti\u00e4 tai kirjautumista. Se on sovellus, jonka avulla k\u00e4ytt\u00e4j\u00e4t voivat helposti l\u00f6yt\u00e4\u00e4 p\u00e4iv\u00e4m\u00e4\u00e4r\u00e4t jaettujen kiinnostuksen kohteiden perusteella.<\/p>\n<p>K\u00e4ytt\u00e4j\u00e4t voivat halutessaan jakaa itsest\u00e4\u00e4n tiettyj\u00e4 tietoja <a href=\"http:\/\/www.encontros-para-sexo.com\">Encontros-Para-Sexo.com<\/a>, kuten uskonnollisia mieltymyksi\u00e4, poliittisia n\u00e4kemyksi\u00e4 ja harrastuksia, ja etsi\u00e4 sitten muita, joilla on samanlaisia kiinnostuksen kohteita.<\/p>\n<p>Kun kaksi k\u00e4ytt\u00e4j\u00e4\u00e4 on muodostanut yhteyden, he voivat aloittaa viestien vaihdon. Jos molemmat osapuolet sopivat tapaavansa tietyss\u00e4 paikassa, sovellus ehdottaa automaattisesti kokouspaikkoja yhteisen kiinnostuksen perusteella. Hinge on loistava vaihtoehto, jos etsit nopeaa kytkemist\u00e4 tai olet yksinkertaisesti kiinnostunut l\u00f6yt\u00e4m\u00e4\u00e4n jonkun, jonka kanssa menn\u00e4 ulos.<\/p>\n<h3>Taula<\/h3>\n<p>Tinder on sovellus p\u00e4iv\u00e4m\u00e4\u00e4rien l\u00f6yt\u00e4miseen. Luot profiilisi, lis\u00e4\u00e4t kuvia ja kirjoitat lyhyen el\u00e4m\u00e4kerran itsest\u00e4si. Sitten voit etsi\u00e4 muiden k\u00e4ytt\u00e4jien profiileista etsim\u00e4ss\u00e4 jotakuta, jonka kanssa haluat seurustella. Kun l\u00f6yd\u00e4t jonkun, josta olet kiinnostunut, pyyhk\u00e4iset oikealle, jos pid\u00e4t h\u00e4nest\u00e4, vasemmalle, jos et. Jos molemmat osapuolet pyyhk\u00e4isev\u00e4t oikealle, saat ottelun ja voit aloittaa keskustelun!<\/p>\n<h2>Mit\u00e4 sovelluksia meid\u00e4n tulisi varoa?<\/h2>\n<p>Nyky\u00e4\u00e4n saatavilla on monia erityyppisi\u00e4 treffisovelluksia. Jotkut keskittyv\u00e4t yksinomaan rakkauden l\u00f6yt\u00e4miseen, kun taas toiset on suunniteltu auttamaan sinua saamaan yst\u00e4vi\u00e4. Toisten avulla voit seurustella useiden ihmisten kanssa kerralla. Toiset taas ovat suuntautuneet tapaamaan jonkun, jolla on samanlaiset kiinnostuksen kohteet. On jopa sovelluksia, joiden avulla voit tavata l\u00e4hell\u00e4 olevia ihmisi\u00e4.<\/p>\n<p>Kytkent\u00e4sivustot ovat verkkosivustoja, joissa k\u00e4ytt\u00e4j\u00e4t voivat tavata muita, joilla on samanlaisia kiinnostuksen kohteita. Ne ovat mahtavia, koska niiden avulla voit l\u00f6yt\u00e4\u00e4 juuri sen, mit\u00e4 etsit, olipa kyseess\u00e4 sitten rento seksi, suhde tai vain jokin yritys. Siell\u00e4 on monia kytkent\u00e4sivustoja, mutta kaikki eiv\u00e4t ole vierailun arvoisia. Jotkut ovat liian kalliita, jotkut ovat liian monimutkaisia, ja jotkut ovat vain yksinkertaisesti tylsi\u00e4.<\/p>\n<p>Jos haluat l\u00f6yt\u00e4\u00e4 kytkent\u00e4sivuston, joka tarjoaa n\u00e4it\u00e4 ominaisuuksia ja etuja, kokeile k\u00e4ytt\u00e4\u00e4 t\u00e4t\u00e4 luetteloa parhaista kytkent\u00e4sivustoista. Kytkent\u00e4sivustot ovat verkkoyhteis\u00f6j\u00e4, joissa j\u00e4senet tapaavat satunnaisia seksuaalisia kohtaamisia varten. He voivat yleens\u00e4 liitty\u00e4 ilmaiseksi ja tarjota monia etuja, mukaan lukien mahdollisuuden l\u00f6yt\u00e4\u00e4 kumppani nopeasti ja helposti.<\/p>\n","protected":false},"excerpt":{"rendered":"<p>Sielunkumppanisi l\u00f6yt\u00e4minen ei ole koskaan helppoa, ja on monia tekij\u00f6it\u00e4, jotka liittyv\u00e4t jonkun erityisen l\u00f6yt\u00e4miseen. Olemme koonneet luettelon suosituimmista treffisivustoista ja -sovelluksista, joiden avulla p\u00e4\u00e4set alkuun! Etsitp\u00e4 sitten rakkautta, yst\u00e4vyytt\u00e4, kumppanuutta tai jotain aivan muuta, luettelomme antaa sinulle kaikki tiedot, joita tarvitset aloittaaksesi uusien ihmisten tapaamisen t\u00e4n\u00e4\u00e4n! Ovatko treffisovellukset sinulle? Treffisovellukset ovat yksi suosituimmista tavoista &#8230; <a title=\"L\u00f6yd\u00e4 sinulle sopivia treffisovelluksia\" class=\"read-more\" href=\"http:\/\/therodnikband.com\/fi\/\" aria-label=\"Lis\u00e4\u00e4 L\u00f6yd\u00e4 sinulle sopivia treffisovelluksia\">Lue lis\u00e4\u00e4<\/a><\/p>\n","protected":false},"author":1,"featured_media":0,"parent":0,"menu_order":0,"comment_status":"closed","ping_status":"closed","template":"","meta":[],"yoast_head":"<!-- This site is optimized with the Yoast SEO plugin v17.7.1 - https:\/\/yoast.com\/wordpress\/plugins\/seo\/ -->\n<title>L\u00f6yd\u00e4 sinulle sopivia treffisovelluksia - Fling-etsij\u00e4<\/title>\n<meta name=\"robots\" content=\"index, follow, max-snippet:-1, max-image-preview:large, max-video-preview:-1\" \/>\n<link rel=\"canonical\" href=\"http:\/\/therodnikband.com\/fi\/\" \/>\n<meta property=\"og:locale\" content=\"fi_FI\" \/>\n<meta property=\"og:type\" content=\"article\" \/>\n<meta property=\"og:title\" content=\"L\u00f6yd\u00e4 sinulle sopivia treffisovelluksia - Fling-etsij\u00e4\" \/>\n<meta property=\"og:description\" content=\"Sielunkumppanisi l\u00f6yt\u00e4minen ei ole koskaan helppoa, ja on monia tekij\u00f6it\u00e4, jotka liittyv\u00e4t jonkun erityisen l\u00f6yt\u00e4miseen. Olemme koonneet luettelon suosituimmista treffisivustoista ja -sovelluksista, joiden avulla p\u00e4\u00e4set alkuun! Etsitp\u00e4 sitten rakkautta, yst\u00e4vyytt\u00e4, kumppanuutta tai jotain aivan muuta, luettelomme antaa sinulle kaikki tiedot, joita tarvitset aloittaaksesi uusien ihmisten tapaamisen t\u00e4n\u00e4\u00e4n! Ovatko treffisovellukset sinulle? Treffisovellukset ovat yksi suosituimmista tavoista ... Lue lis\u00e4\u00e4\" \/>\n<meta property=\"og:url\" content=\"http:\/\/therodnikband.com\/fi\/\" \/>\n<meta property=\"og:site_name\" content=\"Fling-etsij\u00e4\" \/>\n<meta property=\"article:modified_time\" content=\"2022-07-12T10:46:57+00:00\" \/>\n<meta property=\"og:image\" content=\"http:\/\/therodnikband.com\/wp-content\/uploads\/2022\/07\/sex-guided-1024x679.jpeg\" \/>\n<meta name=\"twitter:card\" content=\"summary_large_image\" \/>\n<meta name=\"twitter:label1\" content=\"Arvioitu lukuaika\" \/>\n\t<meta name=\"twitter:data1\" content=\"4 minuuttia\" \/>\n<script type=\"application\/ld+json\" class=\"yoast-schema-graph\">{\"@context\":\"https:\/\/schema.org\",\"@graph\":[{\"@type\":\"WebSite\",\"@id\":\"https:\/\/therodnikband.com\/#website\",\"url\":\"https:\/\/therodnikband.com\/\",\"name\":\"Fling-etsij\\u00e4\",\"description\":\"Flirttaile, seurustelu ja seurustelu!\",\"potentialAction\":[{\"@type\":\"SearchAction\",\"target\":{\"@type\":\"EntryPoint\",\"urlTemplate\":\"https:\/\/therodnikband.com\/?s={search_term_string}\"},\"query-input\":\"required name=search_term_string\"}],\"inLanguage\":\"fi\"},{\"@type\":\"ImageObject\",\"@id\":\"http:\/\/therodnikband.com\/fi\/#primaryimage\",\"inLanguage\":\"fi\",\"url\":\"http:\/\/therodnikband.com\/wp-content\/uploads\/2022\/07\/sex-guided.jpeg\",\"contentUrl\":\"http:\/\/therodnikband.com\/wp-content\/uploads\/2022\/07\/sex-guided.jpeg\",\"width\":2262,\"height\":1500},{\"@type\":\"WebPage\",\"@id\":\"http:\/\/therodnikband.com\/fi\/#webpage\",\"url\":\"http:\/\/therodnikband.com\/fi\/\",\"name\":\"L\\u00f6yd\\u00e4 sinulle sopivia treffisovelluksia - Fling-etsij\\u00e4\",\"isPartOf\":{\"@id\":\"https:\/\/therodnikband.com\/#website\"},\"primaryImageOfPage\":{\"@id\":\"http:\/\/therodnikband.com\/fi\/#primaryimage\"},\"datePublished\":\"2022-07-06T10:57:32+00:00\",\"dateModified\":\"2022-07-12T10:46:57+00:00\",\"breadcrumb\":{\"@id\":\"http:\/\/therodnikband.com\/fi\/#breadcrumb\"},\"inLanguage\":\"fi\",\"potentialAction\":[{\"@type\":\"ReadAction\",\"target\":[\"http:\/\/therodnikband.com\/fi\/\"]}]},{\"@type\":\"BreadcrumbList\",\"@id\":\"http:\/\/therodnikband.com\/fi\/#breadcrumb\",\"itemListElement\":[{\"@type\":\"ListItem\",\"position\":1,\"name\":\"Koti\",\"item\":\"https:\/\/therodnikband.com\/fi\/\"},{\"@type\":\"ListItem\",\"position\":2,\"name\":\"L\\u00f6yd\\u00e4 sinulle sopivia treffisovelluksia\"}]}]}<\/script>\n<!-- \/ Yoast SEO plugin. -->","yoast_head_json":{"title":"L\u00f6yd\u00e4 sinulle sopivia treffisovelluksia - Fling-etsij\u00e4","robots":{"index":"index","follow":"follow","max-snippet":"max-snippet:-1","max-image-preview":"max-image-preview:large","max-video-preview":"max-video-preview:-1"},"canonical":"http:\/\/therodnikband.com\/fi\/","og_locale":"fi_FI","og_type":"article","og_title":"L\u00f6yd\u00e4 sinulle sopivia treffisovelluksia - Fling-etsij\u00e4","og_description":"Sielunkumppanisi l\u00f6yt\u00e4minen ei ole koskaan helppoa, ja on monia tekij\u00f6it\u00e4, jotka liittyv\u00e4t jonkun erityisen l\u00f6yt\u00e4miseen. Olemme koonneet luettelon suosituimmista treffisivustoista ja -sovelluksista, joiden avulla p\u00e4\u00e4set alkuun! Etsitp\u00e4 sitten rakkautta, yst\u00e4vyytt\u00e4, kumppanuutta tai jotain aivan muuta, luettelomme antaa sinulle kaikki tiedot, joita tarvitset aloittaaksesi uusien ihmisten tapaamisen t\u00e4n\u00e4\u00e4n! Ovatko treffisovellukset sinulle? Treffisovellukset ovat yksi suosituimmista tavoista ... Lue lis\u00e4\u00e4","og_url":"http:\/\/therodnikband.com\/fi\/","og_site_name":"Fling-etsij\u00e4","article_modified_time":"2022-07-12T10:46:57+00:00","og_image":[{"url":"http:\/\/therodnikband.com\/wp-content\/uploads\/2022\/07\/sex-guided-1024x679.jpeg"}],"twitter_card":"summary_large_image","twitter_misc":{"Arvioitu lukuaika":"4 minuuttia"},"schema":{"@context":"https:\/\/schema.org","@graph":[{"@type":"WebSite","@id":"https:\/\/therodnikband.com\/#website","url":"https:\/\/therodnikband.com\/","name":"Fling-etsij\u00e4","description":"Flirttaile, seurustelu ja seurustelu!","potentialAction":[{"@type":"SearchAction","target":{"@type":"EntryPoint","urlTemplate":"https:\/\/therodnikband.com\/?s={search_term_string}"},"query-input":"required name=search_term_string"}],"inLanguage":"fi"},{"@type":"ImageObject","@id":"http:\/\/therodnikband.com\/fi\/#primaryimage","inLanguage":"fi","url":"http:\/\/therodnikband.com\/wp-content\/uploads\/2022\/07\/sex-guided.jpeg","contentUrl":"http:\/\/therodnikband.com\/wp-content\/uploads\/2022\/07\/sex-guided.jpeg","width":2262,"height":1500},{"@type":"WebPage","@id":"http:\/\/therodnikband.com\/fi\/#webpage","url":"http:\/\/therodnikband.com\/fi\/","name":"L\u00f6yd\u00e4 sinulle sopivia treffisovelluksia - Fling-etsij\u00e4","isPartOf":{"@id":"https:\/\/therodnikband.com\/#website"},"primaryImageOfPage":{"@id":"http:\/\/therodnikband.com\/fi\/#primaryimage"},"datePublished":"2022-07-06T10:57:32+00:00","dateModified":"2022-07-12T10:46:57+00:00","breadcrumb":{"@id":"http:\/\/therodnikband.com\/fi\/#breadcrumb"},"inLanguage":"fi","potentialAction":[{"@type":"ReadAction","target":["http:\/\/therodnikband.com\/fi\/"]}]},{"@type":"BreadcrumbList","@id":"http:\/\/therodnikband.com\/fi\/#breadcrumb","itemListElement":[{"@type":"ListItem","position":1,"name":"Koti","item":"https:\/\/therodnikband.com\/fi\/"},{"@type":"ListItem","position":2,"name":"L\u00f6yd\u00e4 sinulle sopivia treffisovelluksia"}]}]}},"_links":{"self":[{"href":"http:\/\/therodnikband.com\/fi\/wp-json\/wp\/v2\/pages\/225"}],"collection":[{"href":"http:\/\/therodnikband.com\/fi\/wp-json\/wp\/v2\/pages"}],"about":[{"href":"http:\/\/therodnikband.com\/fi\/wp-json\/wp\/v2\/types\/page"}],"author":[{"embeddable":true,"href":"http:\/\/therodnikband.com\/fi\/wp-json\/wp\/v2\/users\/1"}],"replies":[{"embeddable":true,"href":"http:\/\/therodnikband.com\/fi\/wp-json\/wp\/v2\/comments?post=225"}],"version-history":[{"count":1,"href":"http:\/\/therodnikband.com\/fi\/wp-json\/wp\/v2\/pages\/225\/revisions"}],"predecessor-version":[{"id":340,"href":"http:\/\/therodnikband.com\/fi\/wp-json\/wp\/v2\/pages\/225\/revisions\/340"}],"wp:attachment":[{"href":"http:\/\/therodnikband.com\/fi\/wp-json\/wp\/v2\/media?parent=225"}],"curies":[{"name":"wp","href":"https:\/\/api.w.org\/{rel}","templated":true}]}}