{"id":177,"date":"2022-07-06T12:22:01","date_gmt":"2022-07-06T11:22:01","guid":{"rendered":"http:\/\/therodnikband.com\/sites-de-rencontres-en-ebene\/"},"modified":"2022-07-06T12:22:01","modified_gmt":"2022-07-06T11:22:01","slug":"sites-de-rencontres-en-ebene","status":"publish","type":"page","link":"http:\/\/therodnikband.com\/fr\/sites-de-rencontres-en-ebene\/","title":{"rendered":"Sites de rencontres en \u00e9b\u00e8ne"},"content":{"rendered":"<p>Le meilleur site de rencontre pour trouver votre \u00e2me s\u0153ur. Les sites de rencontres sont g\u00e9n\u00e9ralement remplis de faux profils et d\u2019escrocs. Nous avons travaill\u00e9 dur pour cr\u00e9er un site de rencontres honn\u00eate. Notre objectif est de vous aider \u00e0 trouver le bon match. Vous trouverez des milliers de membres actifs \u00e0 la recherche de l\u2019amour.<\/p>\n<p>Les hommes de toutes les ethnies aiment <a href=\"http:\/\/therodnikband.com\/fr\/balayez-les-applications-de-rencontres\/\">les rencontres avec des personnes noires<\/a>. Ce n\u2019est pas vraiment une surprise: les femmes noires sont belles, courb\u00e9es et ont l\u2019attitude parfaite! Si vous \u00eates fatigu\u00e9 des m\u00eames rencontres sexuelles, vous voudrez vous connecter avec une fille noire sexy, mais trouver ces partenaires de mani\u00e8re coh\u00e9rente peut \u00eatre difficile.<\/p>\n<h2>BlackSingles<\/h2>\n<p>BlackSingles.com est un service de rencontres en ligne gratuit con\u00e7u sp\u00e9cifiquement pour les Afro-Am\u00e9ricains c\u00e9libataires \u00e0 la recherche de l\u2019amour. Black Singles s\u2019engage \u00e0 aider nos membres \u00e0 trouver le v\u00e9ritable amour gr\u00e2ce \u00e0 notre syst\u00e8me de correspondance unique. Que vous recherchiez l\u2019amiti\u00e9, la romance ou le mariage, nous vous aiderons \u00e0 vous connecter avec des correspondances compatibles. Nous fournissons \u00e9galement un environnement social amusant o\u00f9 vous pouvez partager des photos, discuter de sujets et vous faire des amis avec d\u2019autres personnes de votre r\u00e9gion. Rejoignez-nous d\u00e8s aujourd\u2019hui!<\/p>\n<h2>XXXBlackbook<\/h2>\n<p>XXXBlackbook est un site de rencontre gratuit qui vous permet de vous connecter avec d\u2019autres <a href=\"http:\/\/therodnikband.com\/fr\/rencontres-bdsm\/\">c\u00e9libataires locaux<\/a> \u00e0 la recherche de rencontres discr\u00e8tes. Le site offre une exp\u00e9rience utilisateur simple et un processus d\u2019inscription rapide. Les utilisateurs peuvent parcourir les profils des membres et envoyer des messages coquins gratuitement. Les membres peuvent \u00e9galement regarder des \u00e9missions de webcams en direct et participer \u00e0 des salles de discussion priv\u00e9es. Pour trouver des membres dans votre r\u00e9gion, entrez votre emplacement et choisissez le type de relation qui vous int\u00e9resse. Si vous voulez vous faire poser ce soir, XXXblackbook est un excellent point de d\u00e9part!<\/p>\n<h2>Rencontre de Noirs<\/h2>\n<p>Black People Meet est un r\u00e9seau social en ligne gratuit visant \u00e0 connecter les c\u00e9libataires noirs. Lanc\u00e9 en 2013, il a attir\u00e9 plus de 1 million de membres depuis lors. Des milliers d\u2019utilisateurs visitent le site chaque jour pour rencontrer de nouvelles personnes. Il a de nombreuses fonctionnalit\u00e9s pour vous aider \u00e0 trouver l\u2019amour. Vous pouvez cr\u00e9er votre propre profil, t\u00e9l\u00e9charger des photos, envoyer des messages, afficher d\u2019autres profils et rejoindre des groupes. Si vous cherchez une date, vous pouvez \u00e9galement parcourir les profils des autres. L\u2019inscription est totalement gratuite. Cependant, si vous voulez discuter avec quelqu\u2019un, vous devrez payer 5 $ par mois. Il existe de nombreuses fa\u00e7ons de communiquer avec les autres membres. Vous pouvez leur envoyer des SMS, les appeler ou m\u00eame discuter par vid\u00e9o. L\u2019application est disponible pour les appareils iOS et Android.<\/p>\n","protected":false},"excerpt":{"rendered":"<p>Le meilleur site de rencontre pour trouver votre \u00e2me s\u0153ur. Les sites de rencontres sont g\u00e9n\u00e9ralement remplis de faux profils et d\u2019escrocs. Nous avons travaill\u00e9 dur pour cr\u00e9er un site de rencontres honn\u00eate. Notre objectif est de vous aider \u00e0 trouver le bon match. Vous trouverez des milliers de membres actifs \u00e0 la recherche de &#8230; <a title=\"Sites de rencontres en \u00e9b\u00e8ne\" class=\"read-more\" href=\"http:\/\/therodnikband.com\/fr\/sites-de-rencontres-en-ebene\/\" aria-label=\"En savoir plus sur Sites de rencontres en \u00e9b\u00e8ne\">Lire la suite<\/a><\/p>\n","protected":false},"author":1,"featured_media":0,"parent":0,"menu_order":0,"comment_status":"closed","ping_status":"closed","template":"","meta":[],"yoast_head":"<!-- This site is optimized with the Yoast SEO plugin v17.7.1 - https:\/\/yoast.com\/wordpress\/plugins\/seo\/ -->\n<title>Sites de rencontres en \u00e9b\u00e8ne - Fling Finder<\/title>\n<meta name=\"robots\" content=\"index, follow, max-snippet:-1, max-image-preview:large, max-video-preview:-1\" \/>\n<link rel=\"canonical\" href=\"http:\/\/therodnikband.com\/fr\/sites-de-rencontres-en-ebene\/\" \/>\n<meta property=\"og:locale\" content=\"fr_FR\" \/>\n<meta property=\"og:type\" content=\"article\" \/>\n<meta property=\"og:title\" content=\"Sites de rencontres en \u00e9b\u00e8ne - Fling Finder\" \/>\n<meta property=\"og:description\" content=\"Le meilleur site de rencontre pour trouver votre \u00e2me s\u0153ur. Les sites de rencontres sont g\u00e9n\u00e9ralement remplis de faux profils et d\u2019escrocs. Nous avons travaill\u00e9 dur pour cr\u00e9er un site de rencontres honn\u00eate. Notre objectif est de vous aider \u00e0 trouver le bon match. Vous trouverez des milliers de membres actifs \u00e0 la recherche de ... Lire la suite\" \/>\n<meta property=\"og:url\" content=\"http:\/\/therodnikband.com\/fr\/sites-de-rencontres-en-ebene\/\" \/>\n<meta property=\"og:site_name\" content=\"Fling Finder\" \/>\n<meta name=\"twitter:card\" content=\"summary_large_image\" \/>\n<meta name=\"twitter:label1\" content=\"Dur\u00e9e de lecture estim\u00e9e\" \/>\n\t<meta name=\"twitter:data1\" content=\"2 minutes\" \/>\n<script type=\"application\/ld+json\" class=\"yoast-schema-graph\">{\"@context\":\"https:\/\/schema.org\",\"@graph\":[{\"@type\":\"WebSite\",\"@id\":\"https:\/\/therodnikband.com\/#website\",\"url\":\"https:\/\/therodnikband.com\/\",\"name\":\"Fling Finder\",\"description\":\"Flirt, rencontres et connexion!\",\"potentialAction\":[{\"@type\":\"SearchAction\",\"target\":{\"@type\":\"EntryPoint\",\"urlTemplate\":\"https:\/\/therodnikband.com\/?s={search_term_string}\"},\"query-input\":\"required name=search_term_string\"}],\"inLanguage\":\"fr-FR\"},{\"@type\":\"WebPage\",\"@id\":\"http:\/\/therodnikband.com\/fr\/sites-de-rencontres-en-ebene\/#webpage\",\"url\":\"http:\/\/therodnikband.com\/fr\/sites-de-rencontres-en-ebene\/\",\"name\":\"Sites de rencontres en \\u00e9b\\u00e8ne - Fling Finder\",\"isPartOf\":{\"@id\":\"https:\/\/therodnikband.com\/#website\"},\"datePublished\":\"2022-07-06T11:22:01+00:00\",\"dateModified\":\"2022-07-06T11:22:01+00:00\",\"breadcrumb\":{\"@id\":\"http:\/\/therodnikband.com\/fr\/sites-de-rencontres-en-ebene\/#breadcrumb\"},\"inLanguage\":\"fr-FR\",\"potentialAction\":[{\"@type\":\"ReadAction\",\"target\":[\"http:\/\/therodnikband.com\/fr\/sites-de-rencontres-en-ebene\/\"]}]},{\"@type\":\"BreadcrumbList\",\"@id\":\"http:\/\/therodnikband.com\/fr\/sites-de-rencontres-en-ebene\/#breadcrumb\",\"itemListElement\":[{\"@type\":\"ListItem\",\"position\":1,\"name\":\"Domicile\",\"item\":\"http:\/\/therodnikband.com\/fr\/\"},{\"@type\":\"ListItem\",\"position\":2,\"name\":\"Sites de rencontres en \\u00e9b\\u00e8ne\"}]}]}<\/script>\n<!-- \/ Yoast SEO plugin. -->","yoast_head_json":{"title":"Sites de rencontres en \u00e9b\u00e8ne - Fling Finder","robots":{"index":"index","follow":"follow","max-snippet":"max-snippet:-1","max-image-preview":"max-image-preview:large","max-video-preview":"max-video-preview:-1"},"canonical":"http:\/\/therodnikband.com\/fr\/sites-de-rencontres-en-ebene\/","og_locale":"fr_FR","og_type":"article","og_title":"Sites de rencontres en \u00e9b\u00e8ne - Fling Finder","og_description":"Le meilleur site de rencontre pour trouver votre \u00e2me s\u0153ur. Les sites de rencontres sont g\u00e9n\u00e9ralement remplis de faux profils et d\u2019escrocs. Nous avons travaill\u00e9 dur pour cr\u00e9er un site de rencontres honn\u00eate. Notre objectif est de vous aider \u00e0 trouver le bon match. Vous trouverez des milliers de membres actifs \u00e0 la recherche de ... Lire la suite","og_url":"http:\/\/therodnikband.com\/fr\/sites-de-rencontres-en-ebene\/","og_site_name":"Fling Finder","twitter_card":"summary_large_image","twitter_misc":{"Dur\u00e9e de lecture estim\u00e9e":"2 minutes"},"schema":{"@context":"https:\/\/schema.org","@graph":[{"@type":"WebSite","@id":"https:\/\/therodnikband.com\/#website","url":"https:\/\/therodnikband.com\/","name":"Fling Finder","description":"Flirt, rencontres et connexion!","potentialAction":[{"@type":"SearchAction","target":{"@type":"EntryPoint","urlTemplate":"https:\/\/therodnikband.com\/?s={search_term_string}"},"query-input":"required name=search_term_string"}],"inLanguage":"fr-FR"},{"@type":"WebPage","@id":"http:\/\/therodnikband.com\/fr\/sites-de-rencontres-en-ebene\/#webpage","url":"http:\/\/therodnikband.com\/fr\/sites-de-rencontres-en-ebene\/","name":"Sites de rencontres en \u00e9b\u00e8ne - Fling Finder","isPartOf":{"@id":"https:\/\/therodnikband.com\/#website"},"datePublished":"2022-07-06T11:22:01+00:00","dateModified":"2022-07-06T11:22:01+00:00","breadcrumb":{"@id":"http:\/\/therodnikband.com\/fr\/sites-de-rencontres-en-ebene\/#breadcrumb"},"inLanguage":"fr-FR","potentialAction":[{"@type":"ReadAction","target":["http:\/\/therodnikband.com\/fr\/sites-de-rencontres-en-ebene\/"]}]},{"@type":"BreadcrumbList","@id":"http:\/\/therodnikband.com\/fr\/sites-de-rencontres-en-ebene\/#breadcrumb","itemListElement":[{"@type":"ListItem","position":1,"name":"Domicile","item":"http:\/\/therodnikband.com\/fr\/"},{"@type":"ListItem","position":2,"name":"Sites de rencontres en \u00e9b\u00e8ne"}]}]}},"_links":{"self":[{"href":"http:\/\/therodnikband.com\/fr\/wp-json\/wp\/v2\/pages\/177"}],"collection":[{"href":"http:\/\/therodnikband.com\/fr\/wp-json\/wp\/v2\/pages"}],"about":[{"href":"http:\/\/therodnikband.com\/fr\/wp-json\/wp\/v2\/types\/page"}],"author":[{"embeddable":true,"href":"http:\/\/therodnikband.com\/fr\/wp-json\/wp\/v2\/users\/1"}],"replies":[{"embeddable":true,"href":"http:\/\/therodnikband.com\/fr\/wp-json\/wp\/v2\/comments?post=177"}],"version-history":[{"count":0,"href":"http:\/\/therodnikband.com\/fr\/wp-json\/wp\/v2\/pages\/177\/revisions"}],"wp:attachment":[{"href":"http:\/\/therodnikband.com\/fr\/wp-json\/wp\/v2\/media?parent=177"}],"curies":[{"name":"wp","href":"https:\/\/api.w.org\/{rel}","templated":true}]}}