{"id":180,"date":"2022-07-06T12:26:39","date_gmt":"2022-07-06T11:26:39","guid":{"rendered":"http:\/\/therodnikband.com\/rencontres-bdsm\/"},"modified":"2022-07-06T12:26:39","modified_gmt":"2022-07-06T11:26:39","slug":"rencontres-bdsm","status":"publish","type":"page","link":"http:\/\/therodnikband.com\/fr\/rencontres-bdsm\/","title":{"rendered":"Rencontres BDSM"},"content":{"rendered":"<p>Le BDSM est une pratique sexuelle qui implique le bondage, la domination, la soumission, le sadisme, le masochisme et d\u2019autres activit\u00e9s connexes. Alors que beaucoup de gens pensent que le BDSM n\u2019est qu\u2019une question de douleur, il va en fait au-del\u00e0 de cela, y compris le plaisir et le plaisir. Il existe diff\u00e9rents types de kinksters, et chaque type d\u2019individu pervers pr\u00e9f\u00e9rera certains f\u00e9tiches. Certaines personnes aiment \u00eatre ligot\u00e9es tandis que d\u2019autres aiment recevoir une fess\u00e9e.<\/p>\n<p>Par exemple, un soumis dominant pourrait aimer attacher son partenaire et lui donner une fess\u00e9e. S\u2019il aime \u00eatre domin\u00e9, alors il pourrait aimer l\u2019attacher et ensuite laisser quelqu\u2019un d\u2019autre la dominer.<\/p>\n<p>Certaines personnes pr\u00e9f\u00e8rent jouer dur, tandis que d\u2019autres aiment \u00eatre douces et romantiques. Bien s\u00fbr, si vous n\u2019\u00eates pas s\u00fbr de votre f\u00e9tiche particulier, alors vous devriez consulter <a href=\"http:\/\/therodnikband.com\/fr\/balayez-les-applications-de-rencontres\/\">les communaut\u00e9s<\/a> BDSM en ligne. Vous verrez qu\u2019il existe de nombreux types de personnes et que vous pouvez rejoindre n\u2019importe quel type de communaut\u00e9 qui vous int\u00e9resse.<\/p>\n<p><img loading=\"lazy\" class=\"aligncenter size-full wp-image-47\" src=\"http:\/\/therodnikband.com\/wp-content\/uploads\/2022\/07\/kink-dating.jpg\" alt=\"\" width=\"300\" height=\"200\"><\/p>\n<h2>Pourquoi essayer Kink Dating?<\/h2>\n<p>Il est important de se rappeler que tout le monde a des pr\u00e9f\u00e9rences diff\u00e9rentes en ce qui concerne le type de jeu de r\u00f4le auquel ils aimeraient s\u2019engager.<\/p>\n<p>Certaines personnes pr\u00e9f\u00e8rent \u00eatre soumises et d\u2019autres dominantes. Certaines personnes aiment s\u2019habiller tandis que d\u2019autres pr\u00e9f\u00e8rent \u00eatre elles-m\u00eames. Il est important de se rappeler que peu importe le type de jeu de r\u00f4le qui vous int\u00e9resse, la s\u00e9curit\u00e9 devrait toujours passer en premier. Vous ne savez jamais ce que quelqu\u2019un d\u2019autre peut \u00eatre \u00e0 l\u2019aise de faire jusqu\u2019\u00e0 ce que vous ayez eu la chance d\u2019apprendre \u00e0 le conna\u00eetre.<\/p>\n<p>Si quelque chose vous met mal \u00e0 l\u2019aise, vous ne devriez pas <a href=\"http:\/\/therodnikband.com\/fr\/sites-de-rencontres-en-ebene\/\">vous y enfoncer<\/a>. Au lieu de cela, attendez de vous sentir suffisamment \u00e0 l\u2019aise pour r\u00e9essayer.<\/p>\n<h2>Pourquoi essayer FetLife?<\/h2>\n<p>FetLife est le plus grand site de rencontre en ligne gratuit pour les c\u00e9libataires et les \u00e9changistes pervers. C\u2019est l\u2019endroit le plus populaire pour les personnes int\u00e9ress\u00e9es par le BDSM et d\u2019autres pratiques sexuelles alternatives. FetLife est devenu la norme de facto pour trouver des partenaires de jeu et des \u00e9v\u00e9nements locaux. Le site permet aux utilisateurs de publier des photos, des vid\u00e9os et des descriptions de leurs f\u00e9tiches, int\u00e9r\u00eats et activit\u00e9s.<\/p>\n<p>Les utilisateurs peuvent \u00e9galement cr\u00e9er des groupes, rejoindre des \u00e9v\u00e9nements et se connecter via des messages priv\u00e9s. FetLife propose \u00e9galement une application mobile pour les appareils Android et iOS.<\/p>\n<h2>Alternative \u00e0 FetLife?<\/h2>\n<p>Whiplrl est un site de rencontres pervers qui a une grande base d\u2019utilisateurs. Il vous permet de parcourir des centaines de f\u00e9tiches diff\u00e9rents, des d\u00e9butants aux experts. Vous pouvez effectuer une recherche par emplacement pour trouver d\u2019autres personnes int\u00e9ress\u00e9es par vos int\u00e9r\u00eats. Il y a aussi des \u00e9v\u00e9nements locaux dans tout le pays. Si vous cherchez quelque chose de sp\u00e9cifique, vous pouvez m\u00eame cr\u00e9er votre propre \u00e9v\u00e9nement.<\/p>\n","protected":false},"excerpt":{"rendered":"<p>Le BDSM est une pratique sexuelle qui implique le bondage, la domination, la soumission, le sadisme, le masochisme et d\u2019autres activit\u00e9s connexes. Alors que beaucoup de gens pensent que le BDSM n\u2019est qu\u2019une question de douleur, il va en fait au-del\u00e0 de cela, y compris le plaisir et le plaisir. Il existe diff\u00e9rents types de &#8230; <a title=\"Rencontres BDSM\" class=\"read-more\" href=\"http:\/\/therodnikband.com\/fr\/rencontres-bdsm\/\" aria-label=\"En savoir plus sur Rencontres BDSM\">Lire la suite<\/a><\/p>\n","protected":false},"author":1,"featured_media":0,"parent":0,"menu_order":0,"comment_status":"closed","ping_status":"closed","template":"","meta":[],"yoast_head":"<!-- This site is optimized with the Yoast SEO plugin v17.7.1 - https:\/\/yoast.com\/wordpress\/plugins\/seo\/ -->\n<title>Rencontres BDSM - Fling Finder<\/title>\n<meta name=\"robots\" content=\"index, follow, max-snippet:-1, max-image-preview:large, max-video-preview:-1\" \/>\n<link rel=\"canonical\" href=\"http:\/\/therodnikband.com\/fr\/rencontres-bdsm\/\" \/>\n<meta property=\"og:locale\" content=\"fr_FR\" \/>\n<meta property=\"og:type\" content=\"article\" \/>\n<meta property=\"og:title\" content=\"Rencontres BDSM - Fling Finder\" \/>\n<meta property=\"og:description\" content=\"Le BDSM est une pratique sexuelle qui implique le bondage, la domination, la soumission, le sadisme, le masochisme et d\u2019autres activit\u00e9s connexes. Alors que beaucoup de gens pensent que le BDSM n\u2019est qu\u2019une question de douleur, il va en fait au-del\u00e0 de cela, y compris le plaisir et le plaisir. Il existe diff\u00e9rents types de ... Lire la suite\" \/>\n<meta property=\"og:url\" content=\"http:\/\/therodnikband.com\/fr\/rencontres-bdsm\/\" \/>\n<meta property=\"og:site_name\" content=\"Fling Finder\" \/>\n<meta property=\"og:image\" content=\"http:\/\/therodnikband.com\/wp-content\/uploads\/2022\/07\/kink-dating.jpg\" \/>\n<meta name=\"twitter:card\" content=\"summary_large_image\" \/>\n<meta name=\"twitter:label1\" content=\"Dur\u00e9e de lecture estim\u00e9e\" \/>\n\t<meta name=\"twitter:data1\" content=\"3 minutes\" \/>\n<script type=\"application\/ld+json\" class=\"yoast-schema-graph\">{\"@context\":\"https:\/\/schema.org\",\"@graph\":[{\"@type\":\"WebSite\",\"@id\":\"https:\/\/therodnikband.com\/#website\",\"url\":\"https:\/\/therodnikband.com\/\",\"name\":\"Fling Finder\",\"description\":\"Flirt, rencontres et connexion!\",\"potentialAction\":[{\"@type\":\"SearchAction\",\"target\":{\"@type\":\"EntryPoint\",\"urlTemplate\":\"https:\/\/therodnikband.com\/?s={search_term_string}\"},\"query-input\":\"required name=search_term_string\"}],\"inLanguage\":\"fr-FR\"},{\"@type\":\"ImageObject\",\"@id\":\"http:\/\/therodnikband.com\/fr\/rencontres-bdsm\/#primaryimage\",\"inLanguage\":\"fr-FR\",\"url\":\"http:\/\/therodnikband.com\/wp-content\/uploads\/2022\/07\/kink-dating.jpg\",\"contentUrl\":\"http:\/\/therodnikband.com\/wp-content\/uploads\/2022\/07\/kink-dating.jpg\",\"width\":300,\"height\":200},{\"@type\":\"WebPage\",\"@id\":\"http:\/\/therodnikband.com\/fr\/rencontres-bdsm\/#webpage\",\"url\":\"http:\/\/therodnikband.com\/fr\/rencontres-bdsm\/\",\"name\":\"Rencontres BDSM - Fling Finder\",\"isPartOf\":{\"@id\":\"https:\/\/therodnikband.com\/#website\"},\"primaryImageOfPage\":{\"@id\":\"http:\/\/therodnikband.com\/fr\/rencontres-bdsm\/#primaryimage\"},\"datePublished\":\"2022-07-06T11:26:39+00:00\",\"dateModified\":\"2022-07-06T11:26:39+00:00\",\"breadcrumb\":{\"@id\":\"http:\/\/therodnikband.com\/fr\/rencontres-bdsm\/#breadcrumb\"},\"inLanguage\":\"fr-FR\",\"potentialAction\":[{\"@type\":\"ReadAction\",\"target\":[\"http:\/\/therodnikband.com\/fr\/rencontres-bdsm\/\"]}]},{\"@type\":\"BreadcrumbList\",\"@id\":\"http:\/\/therodnikband.com\/fr\/rencontres-bdsm\/#breadcrumb\",\"itemListElement\":[{\"@type\":\"ListItem\",\"position\":1,\"name\":\"Domicile\",\"item\":\"http:\/\/therodnikband.com\/fr\/\"},{\"@type\":\"ListItem\",\"position\":2,\"name\":\"Rencontres BDSM\"}]}]}<\/script>\n<!-- \/ Yoast SEO plugin. -->","yoast_head_json":{"title":"Rencontres BDSM - Fling Finder","robots":{"index":"index","follow":"follow","max-snippet":"max-snippet:-1","max-image-preview":"max-image-preview:large","max-video-preview":"max-video-preview:-1"},"canonical":"http:\/\/therodnikband.com\/fr\/rencontres-bdsm\/","og_locale":"fr_FR","og_type":"article","og_title":"Rencontres BDSM - Fling Finder","og_description":"Le BDSM est une pratique sexuelle qui implique le bondage, la domination, la soumission, le sadisme, le masochisme et d\u2019autres activit\u00e9s connexes. Alors que beaucoup de gens pensent que le BDSM n\u2019est qu\u2019une question de douleur, il va en fait au-del\u00e0 de cela, y compris le plaisir et le plaisir. Il existe diff\u00e9rents types de ... Lire la suite","og_url":"http:\/\/therodnikband.com\/fr\/rencontres-bdsm\/","og_site_name":"Fling Finder","og_image":[{"url":"http:\/\/therodnikband.com\/wp-content\/uploads\/2022\/07\/kink-dating.jpg"}],"twitter_card":"summary_large_image","twitter_misc":{"Dur\u00e9e de lecture estim\u00e9e":"3 minutes"},"schema":{"@context":"https:\/\/schema.org","@graph":[{"@type":"WebSite","@id":"https:\/\/therodnikband.com\/#website","url":"https:\/\/therodnikband.com\/","name":"Fling Finder","description":"Flirt, rencontres et connexion!","potentialAction":[{"@type":"SearchAction","target":{"@type":"EntryPoint","urlTemplate":"https:\/\/therodnikband.com\/?s={search_term_string}"},"query-input":"required name=search_term_string"}],"inLanguage":"fr-FR"},{"@type":"ImageObject","@id":"http:\/\/therodnikband.com\/fr\/rencontres-bdsm\/#primaryimage","inLanguage":"fr-FR","url":"http:\/\/therodnikband.com\/wp-content\/uploads\/2022\/07\/kink-dating.jpg","contentUrl":"http:\/\/therodnikband.com\/wp-content\/uploads\/2022\/07\/kink-dating.jpg","width":300,"height":200},{"@type":"WebPage","@id":"http:\/\/therodnikband.com\/fr\/rencontres-bdsm\/#webpage","url":"http:\/\/therodnikband.com\/fr\/rencontres-bdsm\/","name":"Rencontres BDSM - Fling Finder","isPartOf":{"@id":"https:\/\/therodnikband.com\/#website"},"primaryImageOfPage":{"@id":"http:\/\/therodnikband.com\/fr\/rencontres-bdsm\/#primaryimage"},"datePublished":"2022-07-06T11:26:39+00:00","dateModified":"2022-07-06T11:26:39+00:00","breadcrumb":{"@id":"http:\/\/therodnikband.com\/fr\/rencontres-bdsm\/#breadcrumb"},"inLanguage":"fr-FR","potentialAction":[{"@type":"ReadAction","target":["http:\/\/therodnikband.com\/fr\/rencontres-bdsm\/"]}]},{"@type":"BreadcrumbList","@id":"http:\/\/therodnikband.com\/fr\/rencontres-bdsm\/#breadcrumb","itemListElement":[{"@type":"ListItem","position":1,"name":"Domicile","item":"http:\/\/therodnikband.com\/fr\/"},{"@type":"ListItem","position":2,"name":"Rencontres BDSM"}]}]}},"_links":{"self":[{"href":"http:\/\/therodnikband.com\/fr\/wp-json\/wp\/v2\/pages\/180"}],"collection":[{"href":"http:\/\/therodnikband.com\/fr\/wp-json\/wp\/v2\/pages"}],"about":[{"href":"http:\/\/therodnikband.com\/fr\/wp-json\/wp\/v2\/types\/page"}],"author":[{"embeddable":true,"href":"http:\/\/therodnikband.com\/fr\/wp-json\/wp\/v2\/users\/1"}],"replies":[{"embeddable":true,"href":"http:\/\/therodnikband.com\/fr\/wp-json\/wp\/v2\/comments?post=180"}],"version-history":[{"count":0,"href":"http:\/\/therodnikband.com\/fr\/wp-json\/wp\/v2\/pages\/180\/revisions"}],"wp:attachment":[{"href":"http:\/\/therodnikband.com\/fr\/wp-json\/wp\/v2\/media?parent=180"}],"curies":[{"name":"wp","href":"https:\/\/api.w.org\/{rel}","templated":true}]}}