{"id":220,"date":"2022-07-06T12:11:34","date_gmt":"2022-07-06T11:11:34","guid":{"rendered":"http:\/\/therodnikband.com\/pourquoi-utiliser-des-applications-de-connexion\/"},"modified":"2022-07-06T12:11:34","modified_gmt":"2022-07-06T11:11:34","slug":"pourquoi-utiliser-des-applications-de-connexion","status":"publish","type":"page","link":"http:\/\/therodnikband.com\/fr\/pourquoi-utiliser-des-applications-de-connexion\/","title":{"rendered":"Pourquoi utiliser des applications de connexion?"},"content":{"rendered":"<p>Les sites de connexion sont des sites Web o\u00f9 les membres peuvent rencontrer d\u2019autres personnes partageant des int\u00e9r\u00eats similaires. Ils sont g\u00e9n\u00e9ralement gratuits et la plupart offrent une forme d\u2019option d\u2019adh\u00e9sion payante.<\/p>\n<p><img loading=\"lazy\" class=\"aligncenter wp-image-40\" src=\"http:\/\/therodnikband.com\/wp-content\/uploads\/2022\/07\/sex-chat-websites-1024x681.jpeg\" alt=\"\" width=\"737\" height=\"490\" srcset=\"http:\/\/therodnikband.com\/wp-content\/uploads\/2022\/07\/sex-chat-websites-1024x681.jpeg 1024w, http:\/\/therodnikband.com\/wp-content\/uploads\/2022\/07\/sex-chat-websites-300x200.jpeg 300w, http:\/\/therodnikband.com\/wp-content\/uploads\/2022\/07\/sex-chat-websites-768x511.jpeg 768w, http:\/\/therodnikband.com\/wp-content\/uploads\/2022\/07\/sex-chat-websites-1536x1022.jpeg 1536w, http:\/\/therodnikband.com\/wp-content\/uploads\/2022\/07\/sex-chat-websites-2048x1363.jpeg 2048w\" sizes=\"(max-width: 737px) 100vw, 737px\" \/><\/p>\n<p>C\u2019est pourquoi il est important de comprendre ce qui fait qu\u2019un <a href=\"http:\/\/therodnikband.com\/fr\/comment-choisir-la-bonne-application-de-connexion\/\">site en vaut la peine<\/a>. Voici trois \u00e9l\u00e9ments \u00e0 prendre en compte lors de l\u2019\u00e9valuation d\u2019un site de connexion :<\/p>\n<ul>\n<li>Co\u00fbt: Est-ce gratuit ou cela co\u00fbte-t-il de l\u2019argent? Les sites de connexion gratuits sont g\u00e9n\u00e9ralement g\u00e9r\u00e9s par une seule personne ou un petit groupe de personnes. Ces sites ont tendance \u00e0 \u00eatre tr\u00e8s basiques et offrent peu de valeur. Cependant, les sites de connexion payants sont g\u00e9n\u00e9ralement g\u00e9r\u00e9s par de grandes entreprises qui ont investi des millions de dollars dans la publicit\u00e9 et la technologie.<\/li>\n<li>Caract\u00e9ristiques: Quelles fonctionnalit\u00e9s le site offre-t-il? Inclut-il la messagerie, le chat vid\u00e9o ou la diffusion en direct? Avez-vous besoin de cr\u00e9er un compte ou pouvez-vous utiliser votre identifiant Facebook? Y a-t-il des exigences particuli\u00e8res, telles que des restrictions d\u2019\u00e2ge?<\/li>\n<li>Exp\u00e9rience utilisateur : Est-il facile de naviguer sur le site ? Pouvez-vous facilement rechercher des membres en fonction de l\u2019emplacement, du sexe, de l\u2019origine ethnique ou de l\u2019orientation sexuelle? Pouvez-vous parcourir les profils rapidement et efficacement?<\/li>\n<\/ul>\n<h2>Nos conseils<\/h2>\n<p>Les personnels sont le type de <a href=\"http:\/\/therodnikband.com\/fr\/applications-de-rencontres-matures\/\">site de connexion le plus<\/a> populaire. Les gens les utilisent pour trouver des rendez-vous, des amis et des partenaires pour <a href=\"http:\/\/therodnikband.com\/fr\/le-bdsm-est-il-fait-pour-vous\/\">des relations sexuelles occasionnelles<\/a>. Les sites de rencontres pour adultes sont similaires aux sites personnels, sauf qu\u2019ils s\u2019adressent sp\u00e9cifiquement aux adultes qui recherchent du sexe. Les sites de r\u00e9seautage social sont utilis\u00e9s pour communiquer avec des personnes que vous connaissez d\u00e9j\u00e0, qu\u2019il s\u2019agisse de membres de la famille, d\u2019amis, de coll\u00e8gues ou de camarades de classe. Les sites de rencontres en ligne permettent aux utilisateurs de rechercher des partenaires romantiques potentiels en fonction de crit\u00e8res sp\u00e9cifiques, tels que l\u2019\u00e2ge, l\u2019emplacement, les int\u00e9r\u00eats, etc.<\/p>\n<p>Chaque type de site de connexion a ses propres avantages et inconv\u00e9nients. Les personnels sont g\u00e9niaux parce qu\u2019ils sont gratuits, mais ils ont tendance \u00e0 \u00eatre remplis d\u2019escrocs et de faux profils. Les sites de rencontres pour adultes sont pratiques parce qu\u2019ils sont discrets, mais ils attirent souvent les rampants et les pr\u00e9dateurs. Les sites de r\u00e9seautage social sont utiles parce qu\u2019ils sont faciles \u00e0 utiliser, mais ils manquent d\u2019options de confidentialit\u00e9. Les sites de rencontres en ligne sont efficaces car ils offrent de nombreuses options de confidentialit\u00e9, mais ils sont co\u00fbteux et peuvent ne pas fonctionner bien pour tout le monde.<\/p>\n","protected":false},"excerpt":{"rendered":"<p>Les sites de connexion sont des sites Web o\u00f9 les membres peuvent rencontrer d\u2019autres personnes partageant des int\u00e9r\u00eats similaires. Ils sont g\u00e9n\u00e9ralement gratuits et la plupart offrent une forme d\u2019option d\u2019adh\u00e9sion payante. C\u2019est pourquoi il est important de comprendre ce qui fait qu\u2019un site en vaut la peine. Voici trois \u00e9l\u00e9ments \u00e0 prendre en compte &#8230; <a title=\"Pourquoi utiliser des applications de connexion?\" class=\"read-more\" href=\"http:\/\/therodnikband.com\/fr\/pourquoi-utiliser-des-applications-de-connexion\/\" aria-label=\"En savoir plus sur Pourquoi utiliser des applications de connexion?\">Lire la suite<\/a><\/p>\n","protected":false},"author":1,"featured_media":0,"parent":0,"menu_order":0,"comment_status":"closed","ping_status":"closed","template":"","meta":[],"yoast_head":"<!-- This site is optimized with the Yoast SEO plugin v17.7.1 - https:\/\/yoast.com\/wordpress\/plugins\/seo\/ -->\n<title>Pourquoi utiliser des applications de connexion? - Fling Finder<\/title>\n<meta name=\"robots\" content=\"index, follow, max-snippet:-1, max-image-preview:large, max-video-preview:-1\" \/>\n<link rel=\"canonical\" href=\"http:\/\/therodnikband.com\/fr\/pourquoi-utiliser-des-applications-de-connexion\/\" \/>\n<meta property=\"og:locale\" content=\"fr_FR\" \/>\n<meta property=\"og:type\" content=\"article\" \/>\n<meta property=\"og:title\" content=\"Pourquoi utiliser des applications de connexion? - Fling Finder\" \/>\n<meta property=\"og:description\" content=\"Les sites de connexion sont des sites Web o\u00f9 les membres peuvent rencontrer d\u2019autres personnes partageant des int\u00e9r\u00eats similaires. Ils sont g\u00e9n\u00e9ralement gratuits et la plupart offrent une forme d\u2019option d\u2019adh\u00e9sion payante. C\u2019est pourquoi il est important de comprendre ce qui fait qu\u2019un site en vaut la peine. Voici trois \u00e9l\u00e9ments \u00e0 prendre en compte ... Lire la suite\" \/>\n<meta property=\"og:url\" content=\"http:\/\/therodnikband.com\/fr\/pourquoi-utiliser-des-applications-de-connexion\/\" \/>\n<meta property=\"og:site_name\" content=\"Fling Finder\" \/>\n<meta property=\"og:image\" content=\"http:\/\/therodnikband.com\/wp-content\/uploads\/2022\/07\/sex-chat-websites-1024x681.jpeg\" \/>\n<meta name=\"twitter:card\" content=\"summary_large_image\" \/>\n<meta name=\"twitter:label1\" content=\"Dur\u00e9e de lecture estim\u00e9e\" \/>\n\t<meta name=\"twitter:data1\" content=\"2 minutes\" \/>\n<script type=\"application\/ld+json\" class=\"yoast-schema-graph\">{\"@context\":\"https:\/\/schema.org\",\"@graph\":[{\"@type\":\"WebSite\",\"@id\":\"https:\/\/therodnikband.com\/#website\",\"url\":\"https:\/\/therodnikband.com\/\",\"name\":\"Fling Finder\",\"description\":\"Flirt, rencontres et connexion!\",\"potentialAction\":[{\"@type\":\"SearchAction\",\"target\":{\"@type\":\"EntryPoint\",\"urlTemplate\":\"https:\/\/therodnikband.com\/?s={search_term_string}\"},\"query-input\":\"required name=search_term_string\"}],\"inLanguage\":\"fr-FR\"},{\"@type\":\"ImageObject\",\"@id\":\"http:\/\/therodnikband.com\/fr\/pourquoi-utiliser-des-applications-de-connexion\/#primaryimage\",\"inLanguage\":\"fr-FR\",\"url\":\"http:\/\/therodnikband.com\/wp-content\/uploads\/2022\/07\/sex-chat-websites.jpeg\",\"contentUrl\":\"http:\/\/therodnikband.com\/wp-content\/uploads\/2022\/07\/sex-chat-websites.jpeg\",\"width\":2254,\"height\":1500},{\"@type\":\"WebPage\",\"@id\":\"http:\/\/therodnikband.com\/fr\/pourquoi-utiliser-des-applications-de-connexion\/#webpage\",\"url\":\"http:\/\/therodnikband.com\/fr\/pourquoi-utiliser-des-applications-de-connexion\/\",\"name\":\"Pourquoi utiliser des applications de connexion? - Fling Finder\",\"isPartOf\":{\"@id\":\"https:\/\/therodnikband.com\/#website\"},\"primaryImageOfPage\":{\"@id\":\"http:\/\/therodnikband.com\/fr\/pourquoi-utiliser-des-applications-de-connexion\/#primaryimage\"},\"datePublished\":\"2022-07-06T11:11:34+00:00\",\"dateModified\":\"2022-07-06T11:11:34+00:00\",\"breadcrumb\":{\"@id\":\"http:\/\/therodnikband.com\/fr\/pourquoi-utiliser-des-applications-de-connexion\/#breadcrumb\"},\"inLanguage\":\"fr-FR\",\"potentialAction\":[{\"@type\":\"ReadAction\",\"target\":[\"http:\/\/therodnikband.com\/fr\/pourquoi-utiliser-des-applications-de-connexion\/\"]}]},{\"@type\":\"BreadcrumbList\",\"@id\":\"http:\/\/therodnikband.com\/fr\/pourquoi-utiliser-des-applications-de-connexion\/#breadcrumb\",\"itemListElement\":[{\"@type\":\"ListItem\",\"position\":1,\"name\":\"Domicile\",\"item\":\"http:\/\/therodnikband.com\/fr\/\"},{\"@type\":\"ListItem\",\"position\":2,\"name\":\"Pourquoi utiliser des applications de connexion?\"}]}]}<\/script>\n<!-- \/ Yoast SEO plugin. -->","yoast_head_json":{"title":"Pourquoi utiliser des applications de connexion? - Fling Finder","robots":{"index":"index","follow":"follow","max-snippet":"max-snippet:-1","max-image-preview":"max-image-preview:large","max-video-preview":"max-video-preview:-1"},"canonical":"http:\/\/therodnikband.com\/fr\/pourquoi-utiliser-des-applications-de-connexion\/","og_locale":"fr_FR","og_type":"article","og_title":"Pourquoi utiliser des applications de connexion? - Fling Finder","og_description":"Les sites de connexion sont des sites Web o\u00f9 les membres peuvent rencontrer d\u2019autres personnes partageant des int\u00e9r\u00eats similaires. Ils sont g\u00e9n\u00e9ralement gratuits et la plupart offrent une forme d\u2019option d\u2019adh\u00e9sion payante. C\u2019est pourquoi il est important de comprendre ce qui fait qu\u2019un site en vaut la peine. Voici trois \u00e9l\u00e9ments \u00e0 prendre en compte ... Lire la suite","og_url":"http:\/\/therodnikband.com\/fr\/pourquoi-utiliser-des-applications-de-connexion\/","og_site_name":"Fling Finder","og_image":[{"url":"http:\/\/therodnikband.com\/wp-content\/uploads\/2022\/07\/sex-chat-websites-1024x681.jpeg"}],"twitter_card":"summary_large_image","twitter_misc":{"Dur\u00e9e de lecture estim\u00e9e":"2 minutes"},"schema":{"@context":"https:\/\/schema.org","@graph":[{"@type":"WebSite","@id":"https:\/\/therodnikband.com\/#website","url":"https:\/\/therodnikband.com\/","name":"Fling Finder","description":"Flirt, rencontres et connexion!","potentialAction":[{"@type":"SearchAction","target":{"@type":"EntryPoint","urlTemplate":"https:\/\/therodnikband.com\/?s={search_term_string}"},"query-input":"required name=search_term_string"}],"inLanguage":"fr-FR"},{"@type":"ImageObject","@id":"http:\/\/therodnikband.com\/fr\/pourquoi-utiliser-des-applications-de-connexion\/#primaryimage","inLanguage":"fr-FR","url":"http:\/\/therodnikband.com\/wp-content\/uploads\/2022\/07\/sex-chat-websites.jpeg","contentUrl":"http:\/\/therodnikband.com\/wp-content\/uploads\/2022\/07\/sex-chat-websites.jpeg","width":2254,"height":1500},{"@type":"WebPage","@id":"http:\/\/therodnikband.com\/fr\/pourquoi-utiliser-des-applications-de-connexion\/#webpage","url":"http:\/\/therodnikband.com\/fr\/pourquoi-utiliser-des-applications-de-connexion\/","name":"Pourquoi utiliser des applications de connexion? - Fling Finder","isPartOf":{"@id":"https:\/\/therodnikband.com\/#website"},"primaryImageOfPage":{"@id":"http:\/\/therodnikband.com\/fr\/pourquoi-utiliser-des-applications-de-connexion\/#primaryimage"},"datePublished":"2022-07-06T11:11:34+00:00","dateModified":"2022-07-06T11:11:34+00:00","breadcrumb":{"@id":"http:\/\/therodnikband.com\/fr\/pourquoi-utiliser-des-applications-de-connexion\/#breadcrumb"},"inLanguage":"fr-FR","potentialAction":[{"@type":"ReadAction","target":["http:\/\/therodnikband.com\/fr\/pourquoi-utiliser-des-applications-de-connexion\/"]}]},{"@type":"BreadcrumbList","@id":"http:\/\/therodnikband.com\/fr\/pourquoi-utiliser-des-applications-de-connexion\/#breadcrumb","itemListElement":[{"@type":"ListItem","position":1,"name":"Domicile","item":"http:\/\/therodnikband.com\/fr\/"},{"@type":"ListItem","position":2,"name":"Pourquoi utiliser des applications de connexion?"}]}]}},"_links":{"self":[{"href":"http:\/\/therodnikband.com\/fr\/wp-json\/wp\/v2\/pages\/220"}],"collection":[{"href":"http:\/\/therodnikband.com\/fr\/wp-json\/wp\/v2\/pages"}],"about":[{"href":"http:\/\/therodnikband.com\/fr\/wp-json\/wp\/v2\/types\/page"}],"author":[{"embeddable":true,"href":"http:\/\/therodnikband.com\/fr\/wp-json\/wp\/v2\/users\/1"}],"replies":[{"embeddable":true,"href":"http:\/\/therodnikband.com\/fr\/wp-json\/wp\/v2\/comments?post=220"}],"version-history":[{"count":0,"href":"http:\/\/therodnikband.com\/fr\/wp-json\/wp\/v2\/pages\/220\/revisions"}],"wp:attachment":[{"href":"http:\/\/therodnikband.com\/fr\/wp-json\/wp\/v2\/media?parent=220"}],"curies":[{"name":"wp","href":"https:\/\/api.w.org\/{rel}","templated":true}]}}