{"id":232,"date":"2022-07-06T12:17:13","date_gmt":"2022-07-06T11:17:13","guid":{"rendered":"http:\/\/therodnikband.com\/balayez-les-applications-de-rencontres\/"},"modified":"2022-07-06T12:17:13","modified_gmt":"2022-07-06T11:17:13","slug":"balayez-les-applications-de-rencontres","status":"publish","type":"page","link":"http:\/\/therodnikband.com\/fr\/balayez-les-applications-de-rencontres\/","title":{"rendered":"Balayez les applications de rencontres"},"content":{"rendered":"<p>Les applications de rencontres ont parcouru un long chemin depuis leurs premi\u00e8res incarnations. Bien que la correspondance via le balayage soit toujours la norme, beaucoup offrent des fonctionnalit\u00e9s suppl\u00e9mentaires telles que des questionnaires, des salles de discussion ou des appels vid\u00e9o. Certains suppriment m\u00eame compl\u00e8tement le balayage, offrant des alternatives comme aimer la photo de quelqu\u2019un ou lui envoyer un message. Quoi qu\u2019il en soit, les rencontres sont essentiellement dans la paume de vos mains.<\/p>\n<p>Que vous cherchiez \u00e0 rencontrer quelqu\u2019un avec d\u00e9sinvolture ou une <a href=\"http:\/\/therodnikband.com\/fr\/sites-de-rencontres-en-ebene\/\">relation s\u00e9rieuse<\/a> , il existe une application pour cela. Cependant, il est important d\u2019en essayer quelques-uns avant de trouver le bon ajustement. Nous vous avons \u00e9pargn\u00e9 certaines recherches en rassemblant les meilleures applications de rencontres pour Android, en vous assurant d\u2019obtenir la meilleure correspondance pour vos besoins.<\/p>\n<p><img loading=\"lazy\" class=\"aligncenter wp-image-43\" src=\"http:\/\/therodnikband.com\/wp-content\/uploads\/2022\/07\/best-dating-websites-1024x683.jpeg\" alt=\"\" width=\"630\" height=\"420\" srcset=\"http:\/\/therodnikband.com\/wp-content\/uploads\/2022\/07\/best-dating-websites-1024x683.jpeg 1024w, http:\/\/therodnikband.com\/wp-content\/uploads\/2022\/07\/best-dating-websites-300x200.jpeg 300w, http:\/\/therodnikband.com\/wp-content\/uploads\/2022\/07\/best-dating-websites-768x512.jpeg 768w, http:\/\/therodnikband.com\/wp-content\/uploads\/2022\/07\/best-dating-websites-1536x1024.jpeg 1536w, http:\/\/therodnikband.com\/wp-content\/uploads\/2022\/07\/best-dating-websites-2048x1365.jpeg 2048w\" sizes=\"(max-width: 630px) 100vw, 630px\" \/><\/p>\n<h2>Le caf\u00e9 rencontre Bagel<\/h2>\n<p>Coffee Meets Bagel est une application mobile qui permet aux utilisateurs de rencontrer d\u2019autres c\u00e9libataires \u00e0 proximit\u00e9. Les utilisateurs peuvent parcourir <a href=\"http:\/\/therodnikband.com\/fr\/rencontres-bdsm\/\">diff\u00e9rentes cat\u00e9gories<\/a>, notamment l\u2019\u00e2ge, l\u2019emplacement, la religion, l\u2019\u00e9ducation, la profession, le statut de la relation, etc. Une fois que vous avez trouv\u00e9 quelqu\u2019un que vous aimez, vous pouvez commencer \u00e0 discuter et \u00e0 envoyer des messages. Vous pouvez \u00e9galement d\u00e9finir vos pr\u00e9f\u00e9rences, telles que le type de date que vous recherchez. Si vous vous sentez tous les deux assez \u00e0 l\u2019aise, vous pouvez alors organiser une date de caf\u00e9.<\/p>\n<h2>Bumble<\/h2>\n<p>Bumble pr\u00e9tend \u00eatre diff\u00e9rent des autres applications de rencontres car il n\u2019oblige pas les utilisateurs \u00e0 glisser vers la droite pour aimer quelqu\u2019un. Au lieu de cela, vous leur envoyez simplement un message. S\u2019ils ne sont pas int\u00e9ress\u00e9s, ils ignoreront vos messages. Et s\u2019ils sont int\u00e9ress\u00e9s, ils r\u00e9pondront. Vous pouvez \u00e9galement ajouter quelques touches suppl\u00e9mentaires pour augmenter vos chances d\u2019obtenir une r\u00e9ponse. Pour encourager l\u2019int\u00e9r\u00eat mutuel, vous pouvez choisir de partager une photo de vous-m\u00eame, de marquer votre emplacement ou de mentionner quelque chose sur votre personnalit\u00e9.<\/p>\n<h2>SON<\/h2>\n<p>HER est une application de rencontres qui connecte les utilisateurs via une interface simple. Vous pouvez rechercher quelqu\u2019un \u00e0 proximit\u00e9 ou parcourir les profils d\u2019autres utilisateurs. Une fois que vous avez trouv\u00e9 votre correspondance, vous pouvez discuter ou \u00e9changer des messages. Si vous avez tous les deux envie de mieux vous conna\u00eetre, vous pouvez commencer \u00e0 discuter.<\/p>\n<p>Apr\u00e8s avoir parl\u00e9 un peu, vous pouvez d\u00e9cider si vous voulez continuer \u00e0 parler. Si vous aimez ce que vous voyez, vous pouvez leur envoyer un \u00ab&nbsp;c\u0153ur&nbsp;\u00bb &#8211; un signe positif que vous pensez qu\u2019ils sont assez mignons pour sortir. Si vous ne le faites pas, vous pouvez le laisser vide.<\/p>\n<p>Lorsque vous recevez un c\u0153ur, vous pouvez choisir de r\u00e9pondre avec un visage souriant, un pouce lev\u00e9, un pouce baiss\u00e9, un baiser, un coup de poing ou rien du tout.<\/p>\n<h2>Nos conseils<\/h2>\n<p>Si vous recherchez une application de rencontres qui ne n\u00e9cessite pas de frais d\u2019adh\u00e9sion, il en existe de nombreuses. Happn, Bumble et Tinder ne sont que quelques-uns d\u2019entre eux. Mais si vous aimez l\u2019id\u00e9e de payer pour discuter avec quelqu\u2019un que vous aimez, alors Match pourrait vous convenir.<\/p>\n","protected":false},"excerpt":{"rendered":"<p>Les applications de rencontres ont parcouru un long chemin depuis leurs premi\u00e8res incarnations. Bien que la correspondance via le balayage soit toujours la norme, beaucoup offrent des fonctionnalit\u00e9s suppl\u00e9mentaires telles que des questionnaires, des salles de discussion ou des appels vid\u00e9o. Certains suppriment m\u00eame compl\u00e8tement le balayage, offrant des alternatives comme aimer la photo de &#8230; <a title=\"Balayez les applications de rencontres\" class=\"read-more\" href=\"http:\/\/therodnikband.com\/fr\/balayez-les-applications-de-rencontres\/\" aria-label=\"En savoir plus sur Balayez les applications de rencontres\">Lire la suite<\/a><\/p>\n","protected":false},"author":1,"featured_media":0,"parent":0,"menu_order":0,"comment_status":"closed","ping_status":"closed","template":"","meta":[],"yoast_head":"<!-- This site is optimized with the Yoast SEO plugin v17.7.1 - https:\/\/yoast.com\/wordpress\/plugins\/seo\/ -->\n<title>Balayez les applications de rencontres - Fling Finder<\/title>\n<meta name=\"robots\" content=\"index, follow, max-snippet:-1, max-image-preview:large, max-video-preview:-1\" \/>\n<link rel=\"canonical\" href=\"http:\/\/therodnikband.com\/fr\/balayez-les-applications-de-rencontres\/\" \/>\n<meta property=\"og:locale\" content=\"fr_FR\" \/>\n<meta property=\"og:type\" content=\"article\" \/>\n<meta property=\"og:title\" content=\"Balayez les applications de rencontres - Fling Finder\" \/>\n<meta property=\"og:description\" content=\"Les applications de rencontres ont parcouru un long chemin depuis leurs premi\u00e8res incarnations. Bien que la correspondance via le balayage soit toujours la norme, beaucoup offrent des fonctionnalit\u00e9s suppl\u00e9mentaires telles que des questionnaires, des salles de discussion ou des appels vid\u00e9o. Certains suppriment m\u00eame compl\u00e8tement le balayage, offrant des alternatives comme aimer la photo de ... Lire la suite\" \/>\n<meta property=\"og:url\" content=\"http:\/\/therodnikband.com\/fr\/balayez-les-applications-de-rencontres\/\" \/>\n<meta property=\"og:site_name\" content=\"Fling Finder\" \/>\n<meta property=\"og:image\" content=\"http:\/\/therodnikband.com\/wp-content\/uploads\/2022\/07\/best-dating-websites-1024x683.jpeg\" \/>\n<meta name=\"twitter:card\" content=\"summary_large_image\" \/>\n<meta name=\"twitter:label1\" content=\"Dur\u00e9e de lecture estim\u00e9e\" \/>\n\t<meta name=\"twitter:data1\" content=\"3 minutes\" \/>\n<script type=\"application\/ld+json\" class=\"yoast-schema-graph\">{\"@context\":\"https:\/\/schema.org\",\"@graph\":[{\"@type\":\"WebSite\",\"@id\":\"https:\/\/therodnikband.com\/#website\",\"url\":\"https:\/\/therodnikband.com\/\",\"name\":\"Fling Finder\",\"description\":\"Flirt, rencontres et connexion!\",\"potentialAction\":[{\"@type\":\"SearchAction\",\"target\":{\"@type\":\"EntryPoint\",\"urlTemplate\":\"https:\/\/therodnikband.com\/?s={search_term_string}\"},\"query-input\":\"required name=search_term_string\"}],\"inLanguage\":\"fr-FR\"},{\"@type\":\"ImageObject\",\"@id\":\"http:\/\/therodnikband.com\/fr\/balayez-les-applications-de-rencontres\/#primaryimage\",\"inLanguage\":\"fr-FR\",\"url\":\"http:\/\/therodnikband.com\/wp-content\/uploads\/2022\/07\/best-dating-websites.jpeg\",\"contentUrl\":\"http:\/\/therodnikband.com\/wp-content\/uploads\/2022\/07\/best-dating-websites.jpeg\",\"width\":2250,\"height\":1500},{\"@type\":\"WebPage\",\"@id\":\"http:\/\/therodnikband.com\/fr\/balayez-les-applications-de-rencontres\/#webpage\",\"url\":\"http:\/\/therodnikband.com\/fr\/balayez-les-applications-de-rencontres\/\",\"name\":\"Balayez les applications de rencontres - Fling Finder\",\"isPartOf\":{\"@id\":\"https:\/\/therodnikband.com\/#website\"},\"primaryImageOfPage\":{\"@id\":\"http:\/\/therodnikband.com\/fr\/balayez-les-applications-de-rencontres\/#primaryimage\"},\"datePublished\":\"2022-07-06T11:17:13+00:00\",\"dateModified\":\"2022-07-06T11:17:13+00:00\",\"breadcrumb\":{\"@id\":\"http:\/\/therodnikband.com\/fr\/balayez-les-applications-de-rencontres\/#breadcrumb\"},\"inLanguage\":\"fr-FR\",\"potentialAction\":[{\"@type\":\"ReadAction\",\"target\":[\"http:\/\/therodnikband.com\/fr\/balayez-les-applications-de-rencontres\/\"]}]},{\"@type\":\"BreadcrumbList\",\"@id\":\"http:\/\/therodnikband.com\/fr\/balayez-les-applications-de-rencontres\/#breadcrumb\",\"itemListElement\":[{\"@type\":\"ListItem\",\"position\":1,\"name\":\"Domicile\",\"item\":\"http:\/\/therodnikband.com\/fr\/\"},{\"@type\":\"ListItem\",\"position\":2,\"name\":\"Balayez les applications de rencontres\"}]}]}<\/script>\n<!-- \/ Yoast SEO plugin. -->","yoast_head_json":{"title":"Balayez les applications de rencontres - Fling Finder","robots":{"index":"index","follow":"follow","max-snippet":"max-snippet:-1","max-image-preview":"max-image-preview:large","max-video-preview":"max-video-preview:-1"},"canonical":"http:\/\/therodnikband.com\/fr\/balayez-les-applications-de-rencontres\/","og_locale":"fr_FR","og_type":"article","og_title":"Balayez les applications de rencontres - Fling Finder","og_description":"Les applications de rencontres ont parcouru un long chemin depuis leurs premi\u00e8res incarnations. Bien que la correspondance via le balayage soit toujours la norme, beaucoup offrent des fonctionnalit\u00e9s suppl\u00e9mentaires telles que des questionnaires, des salles de discussion ou des appels vid\u00e9o. Certains suppriment m\u00eame compl\u00e8tement le balayage, offrant des alternatives comme aimer la photo de ... Lire la suite","og_url":"http:\/\/therodnikband.com\/fr\/balayez-les-applications-de-rencontres\/","og_site_name":"Fling Finder","og_image":[{"url":"http:\/\/therodnikband.com\/wp-content\/uploads\/2022\/07\/best-dating-websites-1024x683.jpeg"}],"twitter_card":"summary_large_image","twitter_misc":{"Dur\u00e9e de lecture estim\u00e9e":"3 minutes"},"schema":{"@context":"https:\/\/schema.org","@graph":[{"@type":"WebSite","@id":"https:\/\/therodnikband.com\/#website","url":"https:\/\/therodnikband.com\/","name":"Fling Finder","description":"Flirt, rencontres et connexion!","potentialAction":[{"@type":"SearchAction","target":{"@type":"EntryPoint","urlTemplate":"https:\/\/therodnikband.com\/?s={search_term_string}"},"query-input":"required name=search_term_string"}],"inLanguage":"fr-FR"},{"@type":"ImageObject","@id":"http:\/\/therodnikband.com\/fr\/balayez-les-applications-de-rencontres\/#primaryimage","inLanguage":"fr-FR","url":"http:\/\/therodnikband.com\/wp-content\/uploads\/2022\/07\/best-dating-websites.jpeg","contentUrl":"http:\/\/therodnikband.com\/wp-content\/uploads\/2022\/07\/best-dating-websites.jpeg","width":2250,"height":1500},{"@type":"WebPage","@id":"http:\/\/therodnikband.com\/fr\/balayez-les-applications-de-rencontres\/#webpage","url":"http:\/\/therodnikband.com\/fr\/balayez-les-applications-de-rencontres\/","name":"Balayez les applications de rencontres - Fling Finder","isPartOf":{"@id":"https:\/\/therodnikband.com\/#website"},"primaryImageOfPage":{"@id":"http:\/\/therodnikband.com\/fr\/balayez-les-applications-de-rencontres\/#primaryimage"},"datePublished":"2022-07-06T11:17:13+00:00","dateModified":"2022-07-06T11:17:13+00:00","breadcrumb":{"@id":"http:\/\/therodnikband.com\/fr\/balayez-les-applications-de-rencontres\/#breadcrumb"},"inLanguage":"fr-FR","potentialAction":[{"@type":"ReadAction","target":["http:\/\/therodnikband.com\/fr\/balayez-les-applications-de-rencontres\/"]}]},{"@type":"BreadcrumbList","@id":"http:\/\/therodnikband.com\/fr\/balayez-les-applications-de-rencontres\/#breadcrumb","itemListElement":[{"@type":"ListItem","position":1,"name":"Domicile","item":"http:\/\/therodnikband.com\/fr\/"},{"@type":"ListItem","position":2,"name":"Balayez les applications de rencontres"}]}]}},"_links":{"self":[{"href":"http:\/\/therodnikband.com\/fr\/wp-json\/wp\/v2\/pages\/232"}],"collection":[{"href":"http:\/\/therodnikband.com\/fr\/wp-json\/wp\/v2\/pages"}],"about":[{"href":"http:\/\/therodnikband.com\/fr\/wp-json\/wp\/v2\/types\/page"}],"author":[{"embeddable":true,"href":"http:\/\/therodnikband.com\/fr\/wp-json\/wp\/v2\/users\/1"}],"replies":[{"embeddable":true,"href":"http:\/\/therodnikband.com\/fr\/wp-json\/wp\/v2\/comments?post=232"}],"version-history":[{"count":0,"href":"http:\/\/therodnikband.com\/fr\/wp-json\/wp\/v2\/pages\/232\/revisions"}],"wp:attachment":[{"href":"http:\/\/therodnikband.com\/fr\/wp-json\/wp\/v2\/media?parent=232"}],"curies":[{"name":"wp","href":"https:\/\/api.w.org\/{rel}","templated":true}]}}