{"id":192,"date":"2022-07-06T12:26:39","date_gmt":"2022-07-06T11:26:39","guid":{"rendered":"http:\/\/therodnikband.com\/incontri-bdsm\/"},"modified":"2022-07-06T12:26:39","modified_gmt":"2022-07-06T11:26:39","slug":"incontri-bdsm","status":"publish","type":"page","link":"http:\/\/therodnikband.com\/it\/incontri-bdsm\/","title":{"rendered":"Incontri BDSM"},"content":{"rendered":"<p>Il BDSM \u00e8 una pratica sessuale che coinvolge bondage, dominanza, sottomissione, sadismo, masochismo e altre attivit\u00e0 correlate. Mentre molte persone pensano che il BDSM riguardi solo il dolore, in realt\u00e0 va oltre, incluso il piacere e il divertimento. Esistono diversi tipi di kinkster e ogni tipo di individuo kinky preferir\u00e0 determinati feticci. Ad alcune persone piace essere legate mentre ad altre piace essere sculacciate.<\/p>\n<p>Ad esempio, un sottomesso dominante potrebbe voler legare il suo partner e poi sculacciarlo. Se gli piace essere dominato, allora potrebbe divertirsi a legarla e poi lasciare che qualcun altro la domini.<\/p>\n<p>Alcune persone preferiscono giocare duro, mentre ad altri piace essere gentili e romantici. Naturalmente, se non sei sicuro di quale sia il tuo particolare feticcio, allora dovresti dare un&#8217;occhiata alle <a href=\"http:\/\/therodnikband.com\/it\/scorri-le-app-di-appuntamenti\/\">comunit\u00e0<\/a> BDSM online. Vedrai che ci sono molti tipi diversi di persone e puoi unirti a qualsiasi tipo di comunit\u00e0 che ti interessa.<\/p>\n<p><img loading=\"lazy\" class=\"aligncenter size-full wp-image-47\" src=\"http:\/\/therodnikband.com\/wp-content\/uploads\/2022\/07\/kink-dating.jpg\" alt=\"\" width=\"300\" height=\"200\"><\/p>\n<h2>Perch\u00e9 provare Kink Dating?<\/h2>\n<p>\u00c8 importante ricordare che ognuno ha preferenze diverse quando si tratta del tipo di gioco di ruolo in cui vorrebbe impegnarsi.<\/p>\n<p>Alcune persone preferiscono essere sottomesse e altre dominanti. Ad alcune persone piace vestirsi mentre altre preferiscono essere solo se stesse. \u00c8 importante ricordare che, indipendentemente dal tipo di gioco di ruolo che ti interessa, la sicurezza dovrebbe sempre venire prima di tutto. Non sai mai cosa qualcun altro potrebbe sentirsi a proprio agio a fare fino a quando non hai avuto la possibilit\u00e0 di conoscerli.<\/p>\n<p>Se qualcosa ti sembra a disagio, non <a href=\"http:\/\/therodnikband.com\/it\/ebony-siti-di-incontri\/\">dovresti spingerti dentro<\/a>. Invece, aspetta fino a quando non ti senti abbastanza a tuo agio da riprovare.<\/p>\n<h2>Perch\u00e9 provare FetLife?<\/h2>\n<p>FetLife \u00e8 il pi\u00f9 grande sito di incontri online gratuito per single e scambisti stravaganti. \u00c8 il luogo pi\u00f9 popolare per le persone interessate al BDSM e ad altre pratiche sessuali alternative. FetLife \u00e8 diventato lo standard de facto per la ricerca di partner ed eventi di gioco locali. Il sito consente agli utenti di pubblicare immagini, video e descrizioni dei loro feticci, interessi e attivit\u00e0.<\/p>\n<p>Gli utenti possono anche creare gruppi, partecipare a eventi e connettersi tramite messaggi privati. FetLife offre anche un&#8217;app mobile per dispositivi Android e iOS.<\/p>\n<h2>Alternativa a FetLife?<\/h2>\n<p>Whiplrl \u00e8 un sito di incontri stravagante che ha una vasta base di utenti. Ti permette di sfogliare centinaia di feticci diversi, dai principianti agli esperti. Puoi cercare per localit\u00e0 per trovare altri interessati ai tuoi interessi. Ci sono anche eventi locali in tutto il paese. Se stai cercando qualcosa di specifico, puoi persino creare il tuo evento.<\/p>\n","protected":false},"excerpt":{"rendered":"<p>Il BDSM \u00e8 una pratica sessuale che coinvolge bondage, dominanza, sottomissione, sadismo, masochismo e altre attivit\u00e0 correlate. Mentre molte persone pensano che il BDSM riguardi solo il dolore, in realt\u00e0 va oltre, incluso il piacere e il divertimento. Esistono diversi tipi di kinkster e ogni tipo di individuo kinky preferir\u00e0 determinati feticci. Ad alcune persone &#8230; <a title=\"Incontri BDSM\" class=\"read-more\" href=\"http:\/\/therodnikband.com\/it\/incontri-bdsm\/\" aria-label=\"Leggi di pi\u00f9 su Incontri BDSM\">Leggi tutto<\/a><\/p>\n","protected":false},"author":1,"featured_media":0,"parent":0,"menu_order":0,"comment_status":"closed","ping_status":"closed","template":"","meta":[],"yoast_head":"<!-- This site is optimized with the Yoast SEO plugin v17.7.1 - https:\/\/yoast.com\/wordpress\/plugins\/seo\/ -->\n<title>Incontri BDSM - Fling Finder<\/title>\n<meta name=\"robots\" content=\"index, follow, max-snippet:-1, max-image-preview:large, max-video-preview:-1\" \/>\n<link rel=\"canonical\" href=\"http:\/\/therodnikband.com\/it\/incontri-bdsm\/\" \/>\n<meta property=\"og:locale\" content=\"it_IT\" \/>\n<meta property=\"og:type\" content=\"article\" \/>\n<meta property=\"og:title\" content=\"Incontri BDSM - Fling Finder\" \/>\n<meta property=\"og:description\" content=\"Il BDSM \u00e8 una pratica sessuale che coinvolge bondage, dominanza, sottomissione, sadismo, masochismo e altre attivit\u00e0 correlate. Mentre molte persone pensano che il BDSM riguardi solo il dolore, in realt\u00e0 va oltre, incluso il piacere e il divertimento. Esistono diversi tipi di kinkster e ogni tipo di individuo kinky preferir\u00e0 determinati feticci. Ad alcune persone ... Leggi tutto\" \/>\n<meta property=\"og:url\" content=\"http:\/\/therodnikband.com\/it\/incontri-bdsm\/\" \/>\n<meta property=\"og:site_name\" content=\"Fling Finder\" \/>\n<meta property=\"og:image\" content=\"http:\/\/therodnikband.com\/wp-content\/uploads\/2022\/07\/kink-dating.jpg\" \/>\n<meta name=\"twitter:card\" content=\"summary_large_image\" \/>\n<meta name=\"twitter:label1\" content=\"Tempo di lettura stimato\" \/>\n\t<meta name=\"twitter:data1\" content=\"2 minuti\" \/>\n<script type=\"application\/ld+json\" class=\"yoast-schema-graph\">{\"@context\":\"https:\/\/schema.org\",\"@graph\":[{\"@type\":\"WebSite\",\"@id\":\"https:\/\/therodnikband.com\/#website\",\"url\":\"https:\/\/therodnikband.com\/\",\"name\":\"Fling Finder\",\"description\":\"Flirt, incontri e collegamenti!\",\"potentialAction\":[{\"@type\":\"SearchAction\",\"target\":{\"@type\":\"EntryPoint\",\"urlTemplate\":\"https:\/\/therodnikband.com\/?s={search_term_string}\"},\"query-input\":\"required name=search_term_string\"}],\"inLanguage\":\"it-IT\"},{\"@type\":\"ImageObject\",\"@id\":\"http:\/\/therodnikband.com\/it\/incontri-bdsm\/#primaryimage\",\"inLanguage\":\"it-IT\",\"url\":\"http:\/\/therodnikband.com\/wp-content\/uploads\/2022\/07\/kink-dating.jpg\",\"contentUrl\":\"http:\/\/therodnikband.com\/wp-content\/uploads\/2022\/07\/kink-dating.jpg\",\"width\":300,\"height\":200},{\"@type\":\"WebPage\",\"@id\":\"http:\/\/therodnikband.com\/it\/incontri-bdsm\/#webpage\",\"url\":\"http:\/\/therodnikband.com\/it\/incontri-bdsm\/\",\"name\":\"Incontri BDSM - Fling Finder\",\"isPartOf\":{\"@id\":\"https:\/\/therodnikband.com\/#website\"},\"primaryImageOfPage\":{\"@id\":\"http:\/\/therodnikband.com\/it\/incontri-bdsm\/#primaryimage\"},\"datePublished\":\"2022-07-06T11:26:39+00:00\",\"dateModified\":\"2022-07-06T11:26:39+00:00\",\"breadcrumb\":{\"@id\":\"http:\/\/therodnikband.com\/it\/incontri-bdsm\/#breadcrumb\"},\"inLanguage\":\"it-IT\",\"potentialAction\":[{\"@type\":\"ReadAction\",\"target\":[\"http:\/\/therodnikband.com\/it\/incontri-bdsm\/\"]}]},{\"@type\":\"BreadcrumbList\",\"@id\":\"http:\/\/therodnikband.com\/it\/incontri-bdsm\/#breadcrumb\",\"itemListElement\":[{\"@type\":\"ListItem\",\"position\":1,\"name\":\"Casa\",\"item\":\"http:\/\/therodnikband.com\/it\/\"},{\"@type\":\"ListItem\",\"position\":2,\"name\":\"Incontri BDSM\"}]}]}<\/script>\n<!-- \/ Yoast SEO plugin. -->","yoast_head_json":{"title":"Incontri BDSM - Fling Finder","robots":{"index":"index","follow":"follow","max-snippet":"max-snippet:-1","max-image-preview":"max-image-preview:large","max-video-preview":"max-video-preview:-1"},"canonical":"http:\/\/therodnikband.com\/it\/incontri-bdsm\/","og_locale":"it_IT","og_type":"article","og_title":"Incontri BDSM - Fling Finder","og_description":"Il BDSM \u00e8 una pratica sessuale che coinvolge bondage, dominanza, sottomissione, sadismo, masochismo e altre attivit\u00e0 correlate. Mentre molte persone pensano che il BDSM riguardi solo il dolore, in realt\u00e0 va oltre, incluso il piacere e il divertimento. Esistono diversi tipi di kinkster e ogni tipo di individuo kinky preferir\u00e0 determinati feticci. Ad alcune persone ... Leggi tutto","og_url":"http:\/\/therodnikband.com\/it\/incontri-bdsm\/","og_site_name":"Fling Finder","og_image":[{"url":"http:\/\/therodnikband.com\/wp-content\/uploads\/2022\/07\/kink-dating.jpg"}],"twitter_card":"summary_large_image","twitter_misc":{"Tempo di lettura stimato":"2 minuti"},"schema":{"@context":"https:\/\/schema.org","@graph":[{"@type":"WebSite","@id":"https:\/\/therodnikband.com\/#website","url":"https:\/\/therodnikband.com\/","name":"Fling Finder","description":"Flirt, incontri e collegamenti!","potentialAction":[{"@type":"SearchAction","target":{"@type":"EntryPoint","urlTemplate":"https:\/\/therodnikband.com\/?s={search_term_string}"},"query-input":"required name=search_term_string"}],"inLanguage":"it-IT"},{"@type":"ImageObject","@id":"http:\/\/therodnikband.com\/it\/incontri-bdsm\/#primaryimage","inLanguage":"it-IT","url":"http:\/\/therodnikband.com\/wp-content\/uploads\/2022\/07\/kink-dating.jpg","contentUrl":"http:\/\/therodnikband.com\/wp-content\/uploads\/2022\/07\/kink-dating.jpg","width":300,"height":200},{"@type":"WebPage","@id":"http:\/\/therodnikband.com\/it\/incontri-bdsm\/#webpage","url":"http:\/\/therodnikband.com\/it\/incontri-bdsm\/","name":"Incontri BDSM - Fling Finder","isPartOf":{"@id":"https:\/\/therodnikband.com\/#website"},"primaryImageOfPage":{"@id":"http:\/\/therodnikband.com\/it\/incontri-bdsm\/#primaryimage"},"datePublished":"2022-07-06T11:26:39+00:00","dateModified":"2022-07-06T11:26:39+00:00","breadcrumb":{"@id":"http:\/\/therodnikband.com\/it\/incontri-bdsm\/#breadcrumb"},"inLanguage":"it-IT","potentialAction":[{"@type":"ReadAction","target":["http:\/\/therodnikband.com\/it\/incontri-bdsm\/"]}]},{"@type":"BreadcrumbList","@id":"http:\/\/therodnikband.com\/it\/incontri-bdsm\/#breadcrumb","itemListElement":[{"@type":"ListItem","position":1,"name":"Casa","item":"http:\/\/therodnikband.com\/it\/"},{"@type":"ListItem","position":2,"name":"Incontri BDSM"}]}]}},"_links":{"self":[{"href":"http:\/\/therodnikband.com\/it\/wp-json\/wp\/v2\/pages\/192"}],"collection":[{"href":"http:\/\/therodnikband.com\/it\/wp-json\/wp\/v2\/pages"}],"about":[{"href":"http:\/\/therodnikband.com\/it\/wp-json\/wp\/v2\/types\/page"}],"author":[{"embeddable":true,"href":"http:\/\/therodnikband.com\/it\/wp-json\/wp\/v2\/users\/1"}],"replies":[{"embeddable":true,"href":"http:\/\/therodnikband.com\/it\/wp-json\/wp\/v2\/comments?post=192"}],"version-history":[{"count":0,"href":"http:\/\/therodnikband.com\/it\/wp-json\/wp\/v2\/pages\/192\/revisions"}],"wp:attachment":[{"href":"http:\/\/therodnikband.com\/it\/wp-json\/wp\/v2\/media?parent=192"}],"curies":[{"name":"wp","href":"https:\/\/api.w.org\/{rel}","templated":true}]}}