{"id":211,"date":"2022-07-06T12:11:34","date_gmt":"2022-07-06T11:11:34","guid":{"rendered":"http:\/\/therodnikband.com\/perche-utilizzare-le-app-di-collegamento\/"},"modified":"2022-07-06T12:11:34","modified_gmt":"2022-07-06T11:11:34","slug":"perche-utilizzare-le-app-di-collegamento","status":"publish","type":"page","link":"http:\/\/therodnikband.com\/it\/perche-utilizzare-le-app-di-collegamento\/","title":{"rendered":"Perch\u00e9 utilizzare le app di collegamento?"},"content":{"rendered":"<p>I siti di collegamento sono siti Web in cui i membri possono incontrare altri che condividono interessi simili. Di solito sono gratuiti e la maggior parte offre una qualche forma di opzione di abbonamento a pagamento.<\/p>\n<p><img loading=\"lazy\" class=\"aligncenter wp-image-40\" src=\"http:\/\/therodnikband.com\/wp-content\/uploads\/2022\/07\/sex-chat-websites-1024x681.jpeg\" alt=\"\" width=\"737\" height=\"490\" srcset=\"http:\/\/therodnikband.com\/wp-content\/uploads\/2022\/07\/sex-chat-websites-1024x681.jpeg 1024w, http:\/\/therodnikband.com\/wp-content\/uploads\/2022\/07\/sex-chat-websites-300x200.jpeg 300w, http:\/\/therodnikband.com\/wp-content\/uploads\/2022\/07\/sex-chat-websites-768x511.jpeg 768w, http:\/\/therodnikband.com\/wp-content\/uploads\/2022\/07\/sex-chat-websites-1536x1022.jpeg 1536w, http:\/\/therodnikband.com\/wp-content\/uploads\/2022\/07\/sex-chat-websites-2048x1363.jpeg 2048w\" sizes=\"(max-width: 737px) 100vw, 737px\" \/><\/p>\n<p>Ecco perch\u00e9 \u00e8 importante capire cosa rende un <a href=\"http:\/\/therodnikband.com\/it\/come-scegliere-lapp-di-collegamento-giusta\/\">sito utile<\/a>. Ecco tre cose da considerare quando si valuta un sito di collegamento:<\/p>\n<ul>\n<li>Costo: \u00e8 gratuito o costa denaro? I siti di collegamento gratuiti sono solitamente gestiti da una singola persona o da un piccolo gruppo di persone. Questi siti tendono ad essere molto semplici e offrono poco valore. Tuttavia, i siti di collegamento a pagamento sono in genere gestiti da grandi aziende che hanno investito milioni di dollari in pubblicit\u00e0 e tecnologia<\/li>\n<li>Caratteristiche: Quali funzionalit\u00e0 offre il sito? Include messaggistica, chat video o streaming live? Hai bisogno di creare un account o puoi usare il tuo login di Facebook? Ci sono requisiti speciali, come i limiti di et\u00e0?<\/li>\n<li>Esperienza utente: quanto \u00e8 facile navigare nel sito? Puoi facilmente cercare membri in base alla posizione, al sesso, all&#8217;etnia o all&#8217;orientamento sessuale? Puoi sfogliare i profili in modo rapido ed efficiente?<\/li>\n<\/ul>\n<h2>I nostri consigli<\/h2>\n<p>I personali sono il tipo pi\u00f9 popolare di <a href=\"http:\/\/therodnikband.com\/it\/app-di-appuntamenti-per-adulti\/\">sito di collegamento<\/a>. Le persone li usano per trovare appuntamenti, amici e partner per <a href=\"http:\/\/therodnikband.com\/it\/il-bdsm-fa-per-te\/\">il sesso occasionale<\/a>. I siti di incontri per adulti sono simili ai personali, tranne per il fatto che si rivolgono specificamente agli adulti che cercano sesso. I siti di social networking vengono utilizzati per connettersi con persone che gi\u00e0 conosci, indipendentemente dal fatto che queste persone siano familiari, amici, colleghi o compagni di classe. I siti di incontri online consentono agli utenti di cercare potenziali partner romantici in base a criteri specifici, come et\u00e0, posizione, interessi, ecc.<\/p>\n<p>Ogni tipo di sito di collegamento ha i suoi vantaggi e svantaggi. I personali sono fantastici perch\u00e9 sono gratuiti, ma tendono ad essere pieni di truffatori e profili falsi. I siti di incontri per adulti sono convenienti perch\u00e9 sono discreti, ma spesso attirano brividi e predatori. I siti di social networking sono utili perch\u00e9 sono facili da usare, ma mancano di opzioni per la privacy. I siti di incontri online sono efficaci perch\u00e9 offrono molte opzioni di privacy, ma sono costosi e potrebbero non funzionare bene per tutti.<\/p>\n","protected":false},"excerpt":{"rendered":"<p>I siti di collegamento sono siti Web in cui i membri possono incontrare altri che condividono interessi simili. Di solito sono gratuiti e la maggior parte offre una qualche forma di opzione di abbonamento a pagamento. Ecco perch\u00e9 \u00e8 importante capire cosa rende un sito utile. Ecco tre cose da considerare quando si valuta un &#8230; <a title=\"Perch\u00e9 utilizzare le app di collegamento?\" class=\"read-more\" href=\"http:\/\/therodnikband.com\/it\/perche-utilizzare-le-app-di-collegamento\/\" aria-label=\"Leggi di pi\u00f9 su Perch\u00e9 utilizzare le app di collegamento?\">Leggi tutto<\/a><\/p>\n","protected":false},"author":1,"featured_media":0,"parent":0,"menu_order":0,"comment_status":"closed","ping_status":"closed","template":"","meta":[],"yoast_head":"<!-- This site is optimized with the Yoast SEO plugin v17.7.1 - https:\/\/yoast.com\/wordpress\/plugins\/seo\/ -->\n<title>Perch\u00e9 utilizzare le app di collegamento? - Fling Finder<\/title>\n<meta name=\"robots\" content=\"index, follow, max-snippet:-1, max-image-preview:large, max-video-preview:-1\" \/>\n<link rel=\"canonical\" href=\"http:\/\/therodnikband.com\/it\/perche-utilizzare-le-app-di-collegamento\/\" \/>\n<meta property=\"og:locale\" content=\"it_IT\" \/>\n<meta property=\"og:type\" content=\"article\" \/>\n<meta property=\"og:title\" content=\"Perch\u00e9 utilizzare le app di collegamento? - Fling Finder\" \/>\n<meta property=\"og:description\" content=\"I siti di collegamento sono siti Web in cui i membri possono incontrare altri che condividono interessi simili. Di solito sono gratuiti e la maggior parte offre una qualche forma di opzione di abbonamento a pagamento. Ecco perch\u00e9 \u00e8 importante capire cosa rende un sito utile. Ecco tre cose da considerare quando si valuta un ... Leggi tutto\" \/>\n<meta property=\"og:url\" content=\"http:\/\/therodnikband.com\/it\/perche-utilizzare-le-app-di-collegamento\/\" \/>\n<meta property=\"og:site_name\" content=\"Fling Finder\" \/>\n<meta property=\"og:image\" content=\"http:\/\/therodnikband.com\/wp-content\/uploads\/2022\/07\/sex-chat-websites-1024x681.jpeg\" \/>\n<meta name=\"twitter:card\" content=\"summary_large_image\" \/>\n<meta name=\"twitter:label1\" content=\"Tempo di lettura stimato\" \/>\n\t<meta name=\"twitter:data1\" content=\"2 minuti\" \/>\n<script type=\"application\/ld+json\" class=\"yoast-schema-graph\">{\"@context\":\"https:\/\/schema.org\",\"@graph\":[{\"@type\":\"WebSite\",\"@id\":\"https:\/\/therodnikband.com\/#website\",\"url\":\"https:\/\/therodnikband.com\/\",\"name\":\"Fling Finder\",\"description\":\"Flirt, incontri e collegamenti!\",\"potentialAction\":[{\"@type\":\"SearchAction\",\"target\":{\"@type\":\"EntryPoint\",\"urlTemplate\":\"https:\/\/therodnikband.com\/?s={search_term_string}\"},\"query-input\":\"required name=search_term_string\"}],\"inLanguage\":\"it-IT\"},{\"@type\":\"ImageObject\",\"@id\":\"http:\/\/therodnikband.com\/it\/perche-utilizzare-le-app-di-collegamento\/#primaryimage\",\"inLanguage\":\"it-IT\",\"url\":\"http:\/\/therodnikband.com\/wp-content\/uploads\/2022\/07\/sex-chat-websites.jpeg\",\"contentUrl\":\"http:\/\/therodnikband.com\/wp-content\/uploads\/2022\/07\/sex-chat-websites.jpeg\",\"width\":2254,\"height\":1500},{\"@type\":\"WebPage\",\"@id\":\"http:\/\/therodnikband.com\/it\/perche-utilizzare-le-app-di-collegamento\/#webpage\",\"url\":\"http:\/\/therodnikband.com\/it\/perche-utilizzare-le-app-di-collegamento\/\",\"name\":\"Perch\\u00e9 utilizzare le app di collegamento? - Fling Finder\",\"isPartOf\":{\"@id\":\"https:\/\/therodnikband.com\/#website\"},\"primaryImageOfPage\":{\"@id\":\"http:\/\/therodnikband.com\/it\/perche-utilizzare-le-app-di-collegamento\/#primaryimage\"},\"datePublished\":\"2022-07-06T11:11:34+00:00\",\"dateModified\":\"2022-07-06T11:11:34+00:00\",\"breadcrumb\":{\"@id\":\"http:\/\/therodnikband.com\/it\/perche-utilizzare-le-app-di-collegamento\/#breadcrumb\"},\"inLanguage\":\"it-IT\",\"potentialAction\":[{\"@type\":\"ReadAction\",\"target\":[\"http:\/\/therodnikband.com\/it\/perche-utilizzare-le-app-di-collegamento\/\"]}]},{\"@type\":\"BreadcrumbList\",\"@id\":\"http:\/\/therodnikband.com\/it\/perche-utilizzare-le-app-di-collegamento\/#breadcrumb\",\"itemListElement\":[{\"@type\":\"ListItem\",\"position\":1,\"name\":\"Casa\",\"item\":\"http:\/\/therodnikband.com\/it\/\"},{\"@type\":\"ListItem\",\"position\":2,\"name\":\"Perch\\u00e9 utilizzare le app di collegamento?\"}]}]}<\/script>\n<!-- \/ Yoast SEO plugin. -->","yoast_head_json":{"title":"Perch\u00e9 utilizzare le app di collegamento? - Fling Finder","robots":{"index":"index","follow":"follow","max-snippet":"max-snippet:-1","max-image-preview":"max-image-preview:large","max-video-preview":"max-video-preview:-1"},"canonical":"http:\/\/therodnikband.com\/it\/perche-utilizzare-le-app-di-collegamento\/","og_locale":"it_IT","og_type":"article","og_title":"Perch\u00e9 utilizzare le app di collegamento? - Fling Finder","og_description":"I siti di collegamento sono siti Web in cui i membri possono incontrare altri che condividono interessi simili. Di solito sono gratuiti e la maggior parte offre una qualche forma di opzione di abbonamento a pagamento. Ecco perch\u00e9 \u00e8 importante capire cosa rende un sito utile. Ecco tre cose da considerare quando si valuta un ... Leggi tutto","og_url":"http:\/\/therodnikband.com\/it\/perche-utilizzare-le-app-di-collegamento\/","og_site_name":"Fling Finder","og_image":[{"url":"http:\/\/therodnikband.com\/wp-content\/uploads\/2022\/07\/sex-chat-websites-1024x681.jpeg"}],"twitter_card":"summary_large_image","twitter_misc":{"Tempo di lettura stimato":"2 minuti"},"schema":{"@context":"https:\/\/schema.org","@graph":[{"@type":"WebSite","@id":"https:\/\/therodnikband.com\/#website","url":"https:\/\/therodnikband.com\/","name":"Fling Finder","description":"Flirt, incontri e collegamenti!","potentialAction":[{"@type":"SearchAction","target":{"@type":"EntryPoint","urlTemplate":"https:\/\/therodnikband.com\/?s={search_term_string}"},"query-input":"required name=search_term_string"}],"inLanguage":"it-IT"},{"@type":"ImageObject","@id":"http:\/\/therodnikband.com\/it\/perche-utilizzare-le-app-di-collegamento\/#primaryimage","inLanguage":"it-IT","url":"http:\/\/therodnikband.com\/wp-content\/uploads\/2022\/07\/sex-chat-websites.jpeg","contentUrl":"http:\/\/therodnikband.com\/wp-content\/uploads\/2022\/07\/sex-chat-websites.jpeg","width":2254,"height":1500},{"@type":"WebPage","@id":"http:\/\/therodnikband.com\/it\/perche-utilizzare-le-app-di-collegamento\/#webpage","url":"http:\/\/therodnikband.com\/it\/perche-utilizzare-le-app-di-collegamento\/","name":"Perch\u00e9 utilizzare le app di collegamento? - Fling Finder","isPartOf":{"@id":"https:\/\/therodnikband.com\/#website"},"primaryImageOfPage":{"@id":"http:\/\/therodnikband.com\/it\/perche-utilizzare-le-app-di-collegamento\/#primaryimage"},"datePublished":"2022-07-06T11:11:34+00:00","dateModified":"2022-07-06T11:11:34+00:00","breadcrumb":{"@id":"http:\/\/therodnikband.com\/it\/perche-utilizzare-le-app-di-collegamento\/#breadcrumb"},"inLanguage":"it-IT","potentialAction":[{"@type":"ReadAction","target":["http:\/\/therodnikband.com\/it\/perche-utilizzare-le-app-di-collegamento\/"]}]},{"@type":"BreadcrumbList","@id":"http:\/\/therodnikband.com\/it\/perche-utilizzare-le-app-di-collegamento\/#breadcrumb","itemListElement":[{"@type":"ListItem","position":1,"name":"Casa","item":"http:\/\/therodnikband.com\/it\/"},{"@type":"ListItem","position":2,"name":"Perch\u00e9 utilizzare le app di collegamento?"}]}]}},"_links":{"self":[{"href":"http:\/\/therodnikband.com\/it\/wp-json\/wp\/v2\/pages\/211"}],"collection":[{"href":"http:\/\/therodnikband.com\/it\/wp-json\/wp\/v2\/pages"}],"about":[{"href":"http:\/\/therodnikband.com\/it\/wp-json\/wp\/v2\/types\/page"}],"author":[{"embeddable":true,"href":"http:\/\/therodnikband.com\/it\/wp-json\/wp\/v2\/users\/1"}],"replies":[{"embeddable":true,"href":"http:\/\/therodnikband.com\/it\/wp-json\/wp\/v2\/comments?post=211"}],"version-history":[{"count":0,"href":"http:\/\/therodnikband.com\/it\/wp-json\/wp\/v2\/pages\/211\/revisions"}],"wp:attachment":[{"href":"http:\/\/therodnikband.com\/it\/wp-json\/wp\/v2\/media?parent=211"}],"curies":[{"name":"wp","href":"https:\/\/api.w.org\/{rel}","templated":true}]}}