{"id":218,"date":"2022-07-06T11:57:32","date_gmt":"2022-07-06T10:57:32","guid":{"rendered":"http:\/\/therodnikband.com\/trova-app-di-appuntamenti-che-funzionano-per-te\/"},"modified":"2022-07-06T11:57:32","modified_gmt":"2022-07-06T10:57:32","slug":"trova-app-di-appuntamenti-che-funzionano-per-te","status":"publish","type":"page","link":"http:\/\/therodnikband.com\/it\/","title":{"rendered":"Trova app di appuntamenti che funzionano per te"},"content":{"rendered":"<p>Trovare la tua anima gemella non \u00e8 mai facile e ci sono molti fattori che vanno a trovare qualcuno di speciale. Abbiamo messo insieme un elenco dei migliori siti e app di incontri per aiutarti a iniziare! Che tu stia cercando amore, amicizia, compagnia o qualcos&#8217;altro, la nostra lista ti dar\u00e0 tutte le informazioni di cui hai bisogno per iniziare a incontrare nuove persone oggi!<\/p>\n<p><img loading=\"lazy\" class=\"aligncenter wp-image-34\" src=\"http:\/\/therodnikband.com\/wp-content\/uploads\/2022\/07\/sex-guided-1024x679.jpeg\" alt=\"\" width=\"710\" height=\"471\" srcset=\"http:\/\/therodnikband.com\/wp-content\/uploads\/2022\/07\/sex-guided-1024x679.jpeg 1024w, http:\/\/therodnikband.com\/wp-content\/uploads\/2022\/07\/sex-guided-300x199.jpeg 300w, http:\/\/therodnikband.com\/wp-content\/uploads\/2022\/07\/sex-guided-768x509.jpeg 768w, http:\/\/therodnikband.com\/wp-content\/uploads\/2022\/07\/sex-guided-1536x1019.jpeg 1536w, http:\/\/therodnikband.com\/wp-content\/uploads\/2022\/07\/sex-guided-2048x1358.jpeg 2048w\" sizes=\"(max-width: 710px) 100vw, 710px\" \/><\/p>\n<h2>Le app di appuntamenti sono per te?<\/h2>\n<p>Le app di appuntamenti sono uno dei modi pi\u00f9 popolari per incontrare persone al giorno d&#8217;oggi.<\/p>\n<p>Tuttavia, se stai cercando di ottimizzare l&#8217;esperienza, potrebbe essere una buona idea avvicinarsi alle app intenzionalmente, il che significa iscriversi alle app che ritieni ti daranno le migliori possibilit\u00e0 di incontrare il tuo tipo di persone. Non ti iscriverai solo alla prima app che vedi. Dopotutto, non vuoi perdere tempo.<\/p>\n<p>Abbiamo compilato un elenco delle migliori app di appuntamenti per il 2020, a seconda di ci\u00f2 che vuoi ottenere dall&#8217;esperienza.<\/p>\n<h3>Bumble<\/h3>\n<p>Bumble \u00e8 un&#8217;app che consente alle donne di avviare e mantenere conversazioni. Gli uomini hanno l&#8217;opportunit\u00e0 di rispondere, ma non possono avviare alcun tipo di contatto. Aiuta a eliminare i brividi online e per strada. Funziona bene anche per i professionisti che cercano di incontrare qualcuno di nuovo. \u00c8 gratuito, ma se vuoi sbloccare funzionalit\u00e0 avanzate come l&#8217;invio di ammiccamenti e Mi piace, devi pagare $ 9.99 al mese. C&#8217;\u00e8 una versione gratuita disponibile per provarlo prima. Le corrispondenze avvengono su un ciclo di 24 ore, quindi hai tempo fino al giorno successivo per iniziare una conversazione o rispondere a un messaggio.<\/p>\n<p>Gli utenti possono scorrere verso sinistra o destra per mettere mi piace o non piacere a qualcun altro, inviare loro un messaggio e chattare con loro in privato.<\/p>\n<p>Tutti i piani del sito che includono connessioni illimitate di scorrimenti compatibili singoli e chat di ricerca, per relazioni di utenti di lunga durata.<\/p>\n<h3>Fiammifero<\/h3>\n<p>Se hai pi\u00f9 di 30 anni, Match \u00e8 un&#8217;ottima opzione per trovare l&#8217;amore. \u00c8 gratuito registrarsi e sfogliare i profili, ma se sei interessato a incontrare qualcuno di speciale, dovrai pagare $ 29.99 al mese o $ 39.99 all&#8217;anno. Puoi scegliere di visualizzare prima le foto o andare direttamente alla messaggistica. C&#8217;\u00e8 anche un&#8217;app disponibile per telefoni Android e iOS.<\/p>\n<p>Il sito ha molte informazioni su ciascun membro tra cui posizione, interessi, istruzione, storia lavorativa, altezza, peso, stato di fumo, stato civile, numero di bambini e religione.<\/p>\n<p>Gli utenti possono anche aggiungere amici e inviare loro messaggi. Se non sei sicuro del tipo di persona che stai cercando, c&#8217;\u00e8 una sezione chiamata &#8220;Persone in cui mi trovo&#8221;, che ti mostra altri membri che condividono gusti simili. Inoltre, Match offre un servizio premium chiamato &#8220;Match Plus&#8221; che include alcune funzionalit\u00e0 extra come l&#8217;accesso a eventi e feste esclusivi.<\/p>\n<h3>Cardine<\/h3>\n<p>Hinge \u00e8 compatibile con tutte le principali piattaforme tra cui Android, iOS, Windows, MacOS, Linux e Chrome OS. \u00c8 disponibile in tutto il mondo, il che significa che puoi connetterti con qualcuno in qualsiasi parte del mondo. Hinge non richiede alcuna registrazione o accesso. \u00c8 un&#8217;app che consente agli utenti di trovare facilmente le date in base agli interessi condivisi.<\/p>\n<p>Gli utenti possono scegliere di condividere informazioni specifiche su se stessi, come preferenze religiose, opinioni politiche e hobby, e quindi cercare altri che condividono interessi simili.<\/p>\n<p>Una volta che due utenti si sono connessi, possono iniziare a scambiarsi messaggi. Se entrambe le parti accettano di incontrarsi in un determinato luogo, l&#8217;app suggerir\u00e0 automaticamente i punti di incontro in base all&#8217;interesse reciproco. Hinge \u00e8 un&#8217;ottima opzione se stai cercando un collegamento rapido o semplicemente interessato a trovare qualcuno con cui uscire.<\/p>\n<h3>Esca<\/h3>\n<p>Tinder \u00e8 un&#8217;app per trovare date. Crei il tuo profilo, aggiungi immagini e scrivi una breve biografia su di te. Quindi puoi cercare tra i profili di altri utenti alla ricerca di qualcuno con cui vorresti uscire. Una volta trovato qualcuno che ti interessa, scorri verso destra se ti piace, a sinistra se non lo fai. Se entrambe le parti scorrono verso destra, verrai abbinato e potrai iniziare a chattare!<\/p>\n<h2>Quali app dovremmo cercare?<\/h2>\n<p>Oggi sono disponibili molti tipi diversi di app di appuntamenti. Alcuni si concentrano esclusivamente sulla ricerca dell&#8217;amore, mentre altri sono progettati per aiutarti a fare amicizia. Altri ti permettono di uscire con pi\u00f9 persone contemporaneamente. Altri ancora sono orientati a incontrare qualcuno che condivide interessi simili. Ci sono anche app che ti permettono di incontrare persone nelle vicinanze.<\/p>\n<p>I siti di collegamento sono siti Web in cui gli utenti possono incontrare altri che condividono interessi simili. Sono fantastici perch\u00e9 ti permettono di trovare esattamente quello che stai cercando, che si tratti di sesso occasionale, una relazione o solo qualche compagnia. Ci sono molti siti di collegamento l\u00e0 fuori, ma non tutti meritano una visita. Alcuni sono troppo costosi, alcuni sono troppo complicati e alcuni sono semplicemente noiosi.<\/p>\n<p>Se si desidera trovare un sito di collegamento che offra queste funzionalit\u00e0 e vantaggi, provare a utilizzare questo elenco dei principali siti di collegamento. I siti Web di collegamento sono comunit\u00e0 online in cui i membri si incontrano per incontri sessuali casuali. Di solito sono liberi di aderire e offrono molti vantaggi, tra cui la possibilit\u00e0 di trovare un partner in modo rapido e semplice.<\/p>\n","protected":false},"excerpt":{"rendered":"<p>Trovare la tua anima gemella non \u00e8 mai facile e ci sono molti fattori che vanno a trovare qualcuno di speciale. Abbiamo messo insieme un elenco dei migliori siti e app di incontri per aiutarti a iniziare! Che tu stia cercando amore, amicizia, compagnia o qualcos&#8217;altro, la nostra lista ti dar\u00e0 tutte le informazioni di &#8230; <a title=\"Trova app di appuntamenti che funzionano per te\" class=\"read-more\" href=\"http:\/\/therodnikband.com\/it\/\" aria-label=\"Leggi di pi\u00f9 su Trova app di appuntamenti che funzionano per te\">Leggi tutto<\/a><\/p>\n","protected":false},"author":1,"featured_media":0,"parent":0,"menu_order":0,"comment_status":"closed","ping_status":"closed","template":"","meta":[],"yoast_head":"<!-- This site is optimized with the Yoast SEO plugin v17.7.1 - https:\/\/yoast.com\/wordpress\/plugins\/seo\/ -->\n<title>Trova app di appuntamenti che funzionano per te - Fling Finder<\/title>\n<meta name=\"robots\" content=\"index, follow, max-snippet:-1, max-image-preview:large, max-video-preview:-1\" \/>\n<link rel=\"canonical\" href=\"http:\/\/therodnikband.com\/it\/\" \/>\n<meta property=\"og:locale\" content=\"it_IT\" \/>\n<meta property=\"og:type\" content=\"article\" \/>\n<meta property=\"og:title\" content=\"Trova app di appuntamenti che funzionano per te - Fling Finder\" \/>\n<meta property=\"og:description\" content=\"Trovare la tua anima gemella non \u00e8 mai facile e ci sono molti fattori che vanno a trovare qualcuno di speciale. Abbiamo messo insieme un elenco dei migliori siti e app di incontri per aiutarti a iniziare! Che tu stia cercando amore, amicizia, compagnia o qualcos&#8217;altro, la nostra lista ti dar\u00e0 tutte le informazioni di ... Leggi tutto\" \/>\n<meta property=\"og:url\" content=\"http:\/\/therodnikband.com\/it\/\" \/>\n<meta property=\"og:site_name\" content=\"Fling Finder\" \/>\n<meta property=\"og:image\" content=\"http:\/\/therodnikband.com\/wp-content\/uploads\/2022\/07\/sex-guided-1024x679.jpeg\" \/>\n<meta name=\"twitter:card\" content=\"summary_large_image\" \/>\n<meta name=\"twitter:label1\" content=\"Tempo di lettura stimato\" \/>\n\t<meta name=\"twitter:data1\" content=\"4 minuti\" \/>\n<script type=\"application\/ld+json\" class=\"yoast-schema-graph\">{\"@context\":\"https:\/\/schema.org\",\"@graph\":[{\"@type\":\"WebSite\",\"@id\":\"https:\/\/therodnikband.com\/#website\",\"url\":\"https:\/\/therodnikband.com\/\",\"name\":\"Fling Finder\",\"description\":\"Flirt, incontri e collegamenti!\",\"potentialAction\":[{\"@type\":\"SearchAction\",\"target\":{\"@type\":\"EntryPoint\",\"urlTemplate\":\"https:\/\/therodnikband.com\/?s={search_term_string}\"},\"query-input\":\"required name=search_term_string\"}],\"inLanguage\":\"it-IT\"},{\"@type\":\"ImageObject\",\"@id\":\"http:\/\/therodnikband.com\/it\/#primaryimage\",\"inLanguage\":\"it-IT\",\"url\":\"http:\/\/therodnikband.com\/wp-content\/uploads\/2022\/07\/sex-guided.jpeg\",\"contentUrl\":\"http:\/\/therodnikband.com\/wp-content\/uploads\/2022\/07\/sex-guided.jpeg\",\"width\":2262,\"height\":1500},{\"@type\":\"WebPage\",\"@id\":\"http:\/\/therodnikband.com\/it\/#webpage\",\"url\":\"http:\/\/therodnikband.com\/it\/\",\"name\":\"Trova app di appuntamenti che funzionano per te - Fling Finder\",\"isPartOf\":{\"@id\":\"https:\/\/therodnikband.com\/#website\"},\"primaryImageOfPage\":{\"@id\":\"http:\/\/therodnikband.com\/it\/#primaryimage\"},\"datePublished\":\"2022-07-06T10:57:32+00:00\",\"dateModified\":\"2022-07-06T10:57:32+00:00\",\"breadcrumb\":{\"@id\":\"http:\/\/therodnikband.com\/it\/#breadcrumb\"},\"inLanguage\":\"it-IT\",\"potentialAction\":[{\"@type\":\"ReadAction\",\"target\":[\"http:\/\/therodnikband.com\/it\/\"]}]},{\"@type\":\"BreadcrumbList\",\"@id\":\"http:\/\/therodnikband.com\/it\/#breadcrumb\",\"itemListElement\":[{\"@type\":\"ListItem\",\"position\":1,\"name\":\"Casa\",\"item\":\"http:\/\/therodnikband.com\/it\/\"},{\"@type\":\"ListItem\",\"position\":2,\"name\":\"Trova app di appuntamenti che funzionano per te\"}]}]}<\/script>\n<!-- \/ Yoast SEO plugin. -->","yoast_head_json":{"title":"Trova app di appuntamenti che funzionano per te - Fling Finder","robots":{"index":"index","follow":"follow","max-snippet":"max-snippet:-1","max-image-preview":"max-image-preview:large","max-video-preview":"max-video-preview:-1"},"canonical":"http:\/\/therodnikband.com\/it\/","og_locale":"it_IT","og_type":"article","og_title":"Trova app di appuntamenti che funzionano per te - Fling Finder","og_description":"Trovare la tua anima gemella non \u00e8 mai facile e ci sono molti fattori che vanno a trovare qualcuno di speciale. Abbiamo messo insieme un elenco dei migliori siti e app di incontri per aiutarti a iniziare! Che tu stia cercando amore, amicizia, compagnia o qualcos&#8217;altro, la nostra lista ti dar\u00e0 tutte le informazioni di ... Leggi tutto","og_url":"http:\/\/therodnikband.com\/it\/","og_site_name":"Fling Finder","og_image":[{"url":"http:\/\/therodnikband.com\/wp-content\/uploads\/2022\/07\/sex-guided-1024x679.jpeg"}],"twitter_card":"summary_large_image","twitter_misc":{"Tempo di lettura stimato":"4 minuti"},"schema":{"@context":"https:\/\/schema.org","@graph":[{"@type":"WebSite","@id":"https:\/\/therodnikband.com\/#website","url":"https:\/\/therodnikband.com\/","name":"Fling Finder","description":"Flirt, incontri e collegamenti!","potentialAction":[{"@type":"SearchAction","target":{"@type":"EntryPoint","urlTemplate":"https:\/\/therodnikband.com\/?s={search_term_string}"},"query-input":"required name=search_term_string"}],"inLanguage":"it-IT"},{"@type":"ImageObject","@id":"http:\/\/therodnikband.com\/it\/#primaryimage","inLanguage":"it-IT","url":"http:\/\/therodnikband.com\/wp-content\/uploads\/2022\/07\/sex-guided.jpeg","contentUrl":"http:\/\/therodnikband.com\/wp-content\/uploads\/2022\/07\/sex-guided.jpeg","width":2262,"height":1500},{"@type":"WebPage","@id":"http:\/\/therodnikband.com\/it\/#webpage","url":"http:\/\/therodnikband.com\/it\/","name":"Trova app di appuntamenti che funzionano per te - Fling Finder","isPartOf":{"@id":"https:\/\/therodnikband.com\/#website"},"primaryImageOfPage":{"@id":"http:\/\/therodnikband.com\/it\/#primaryimage"},"datePublished":"2022-07-06T10:57:32+00:00","dateModified":"2022-07-06T10:57:32+00:00","breadcrumb":{"@id":"http:\/\/therodnikband.com\/it\/#breadcrumb"},"inLanguage":"it-IT","potentialAction":[{"@type":"ReadAction","target":["http:\/\/therodnikband.com\/it\/"]}]},{"@type":"BreadcrumbList","@id":"http:\/\/therodnikband.com\/it\/#breadcrumb","itemListElement":[{"@type":"ListItem","position":1,"name":"Casa","item":"http:\/\/therodnikband.com\/it\/"},{"@type":"ListItem","position":2,"name":"Trova app di appuntamenti che funzionano per te"}]}]}},"_links":{"self":[{"href":"http:\/\/therodnikband.com\/it\/wp-json\/wp\/v2\/pages\/218"}],"collection":[{"href":"http:\/\/therodnikband.com\/it\/wp-json\/wp\/v2\/pages"}],"about":[{"href":"http:\/\/therodnikband.com\/it\/wp-json\/wp\/v2\/types\/page"}],"author":[{"embeddable":true,"href":"http:\/\/therodnikband.com\/it\/wp-json\/wp\/v2\/users\/1"}],"replies":[{"embeddable":true,"href":"http:\/\/therodnikband.com\/it\/wp-json\/wp\/v2\/comments?post=218"}],"version-history":[{"count":0,"href":"http:\/\/therodnikband.com\/it\/wp-json\/wp\/v2\/pages\/218\/revisions"}],"wp:attachment":[{"href":"http:\/\/therodnikband.com\/it\/wp-json\/wp\/v2\/media?parent=218"}],"curies":[{"name":"wp","href":"https:\/\/api.w.org\/{rel}","templated":true}]}}