{"id":186,"date":"2022-07-06T12:22:01","date_gmt":"2022-07-06T11:22:01","guid":{"rendered":"http:\/\/therodnikband.com\/ebony-serwisy-randkowe\/"},"modified":"2022-07-06T12:22:01","modified_gmt":"2022-07-06T11:22:01","slug":"ebony-serwisy-randkowe","status":"publish","type":"page","link":"http:\/\/therodnikband.com\/pl\/ebony-serwisy-randkowe\/","title":{"rendered":"Ebony Serwisy randkowe"},"content":{"rendered":"<p>Najlepszy serwis randkowy do znalezienia bratniej duszy. Serwisy randkowe s\u0105 zwykle wype\u0142nione fa\u0142szywymi profilami i oszustami. Ci\u0119\u017cko pracowali\u015bmy, aby stworzy\u0107 uczciwy serwis randkowy. Naszym celem jest pomoc w znalezieniu odpowiedniego dopasowania. Znajdziesz tysi\u0105ce aktywnych cz\u0142onk\u00f3w szukaj\u0105cych mi\u0142o\u015bci.<\/p>\n<p>M\u0119\u017cczy\u017ani wszystkich grup etnicznych uwielbiaj\u0105 czarne <a href=\"http:\/\/therodnikband.com\/pl\/przesuwanie-aplikacji-randkowych\/\">randki<\/a>. Nic dziwnego, naprawd\u0119: czarne kobiety s\u0105 pi\u0119kne, zakrzywione i maj\u0105 idealn\u0105 postaw\u0119! Je\u015bli jeste\u015b zm\u0119czony tymi samymi starymi po\u0142\u0105czeniami seksualnymi, b\u0119dziesz chcia\u0142 po\u0142\u0105czy\u0107 si\u0119 z seksown\u0105 czarn\u0105 dziewczyn\u0105, ale znalezienie tego partnera konsekwentnie mo\u017ce by\u0107 trudne.<\/p>\n<h2>BlackSingles<\/h2>\n<p>BlackSingles.com to darmowy serwis randkowy online zaprojektowany specjalnie dla samotnych Afroamerykan\u00f3w szukaj\u0105cych mi\u0142o\u015bci. Black Singles anga\u017cuje si\u0119 w pomoc naszym cz\u0142onkom w znalezieniu prawdziwej mi\u0142o\u015bci poprzez nasz unikalny system dopasowywania. Niezale\u017cnie od tego, czy szukasz przyja\u017ani, romansu czy ma\u0142\u017ce\u0144stwa, pomo\u017cemy Ci po\u0142\u0105czy\u0107 si\u0119 z kompatybilnymi meczami. Zapewniamy r\u00f3wnie\u017c zabawne \u015brodowisko spo\u0142eczno\u015bciowe, w kt\u00f3rym mo\u017cesz udost\u0119pnia\u0107 zdj\u0119cia, omawia\u0107 tematy i zaprzyja\u017ania\u0107 si\u0119 z innymi w Twojej okolicy. Do\u0142\u0105cz do nas ju\u017c dzi\u015b!<\/p>\n<h2>XXXBlackbook<\/h2>\n<p>XXXBlackbook to darmowy serwis randkowy, kt\u00f3ry pozwala \u0142\u0105czy\u0107 si\u0119 z innymi <a href=\"http:\/\/therodnikband.com\/pl\/bdsm-randki\/\">lokalnymi singlami<\/a> poszukuj\u0105cymi dyskretnych spotka\u0144. Witryna oferuje proste wra\u017cenia u\u017cytkownika i szybki proces rejestracji. U\u017cytkownicy mog\u0105 przegl\u0105da\u0107 profile cz\u0142onk\u00f3w i wysy\u0142a\u0107 zalotne wiadomo\u015bci za darmo. Cz\u0142onkowie mog\u0105 r\u00f3wnie\u017c ogl\u0105da\u0107 pokazy kamer na \u017cywo i uczestniczy\u0107 w prywatnych czatach. Aby znale\u017a\u0107 cz\u0142onk\u00f3w w swojej okolicy, wprowad\u017a swoj\u0105 lokalizacj\u0119 i wybierz typ relacji, kt\u00f3ry Ci\u0119 interesuje. Je\u015bli chcesz po\u0142o\u017cy\u0107 si\u0119 dzi\u015b wieczorem, XXXblackbook to \u015bwietne miejsce na rozpocz\u0119cie!<\/p>\n<h2>Czarni ludzie spotykaj\u0105 si\u0119<\/h2>\n<p>Black People Meet to bezp\u0142atna internetowa sie\u0107 spo\u0142eczno\u015bciowa maj\u0105ca na celu \u0142\u0105czenie czarnych singli. Uruchomiony w 2013 roku, od tego czasu przyci\u0105gn\u0105\u0142 ponad 1 milion cz\u0142onk\u00f3w. Tysi\u0105ce u\u017cytkownik\u00f3w odwiedza witryn\u0119 ka\u017cdego dnia, aby pozna\u0107 nowych ludzi. Ma wiele funkcji, kt\u00f3re pomog\u0105 Ci znale\u017a\u0107 mi\u0142o\u015b\u0107. Mo\u017cesz tworzy\u0107 w\u0142asne profile, przesy\u0142a\u0107 zdj\u0119cia, wysy\u0142a\u0107 wiadomo\u015bci, przegl\u0105da\u0107 inne profile i do\u0142\u0105cza\u0107 do grup. Je\u015bli szukasz daty, mo\u017cesz r\u00f3wnie\u017c przegl\u0105da\u0107 profile innych os\u00f3b. Rejestracja jest ca\u0142kowicie bezp\u0142atna. Je\u015bli jednak chcesz z kim\u015b porozmawia\u0107, musisz zap\u0142aci\u0107 5 USD miesi\u0119cznie. Istnieje wiele sposob\u00f3w komunikowania si\u0119 z innymi cz\u0142onkami. Mo\u017cesz do nich pisa\u0107, dzwoni\u0107 do nich, a nawet czat wideo. Aplikacja jest dost\u0119pna na urz\u0105dzenia z systemem iOS i Android.<\/p>\n","protected":false},"excerpt":{"rendered":"<p>Najlepszy serwis randkowy do znalezienia bratniej duszy. Serwisy randkowe s\u0105 zwykle wype\u0142nione fa\u0142szywymi profilami i oszustami. Ci\u0119\u017cko pracowali\u015bmy, aby stworzy\u0107 uczciwy serwis randkowy. Naszym celem jest pomoc w znalezieniu odpowiedniego dopasowania. Znajdziesz tysi\u0105ce aktywnych cz\u0142onk\u00f3w szukaj\u0105cych mi\u0142o\u015bci. M\u0119\u017cczy\u017ani wszystkich grup etnicznych uwielbiaj\u0105 czarne randki. Nic dziwnego, naprawd\u0119: czarne kobiety s\u0105 pi\u0119kne, zakrzywione i maj\u0105 idealn\u0105 &#8230; <a title=\"Ebony Serwisy randkowe\" class=\"read-more\" href=\"http:\/\/therodnikband.com\/pl\/ebony-serwisy-randkowe\/\" aria-label=\"More on Ebony Serwisy randkowe\">Czytaj dalej<\/a><\/p>\n","protected":false},"author":1,"featured_media":0,"parent":0,"menu_order":0,"comment_status":"closed","ping_status":"closed","template":"","meta":[],"yoast_head":"<!-- This site is optimized with the Yoast SEO plugin v17.7.1 - https:\/\/yoast.com\/wordpress\/plugins\/seo\/ -->\n<title>- Wyszukiwarka Fling Ebony Serwisy randkowe<\/title>\n<meta name=\"robots\" content=\"index, follow, max-snippet:-1, max-image-preview:large, max-video-preview:-1\" \/>\n<link rel=\"canonical\" href=\"http:\/\/therodnikband.com\/pl\/ebony-serwisy-randkowe\/\" \/>\n<meta property=\"og:locale\" content=\"pl_PL\" \/>\n<meta property=\"og:type\" content=\"article\" \/>\n<meta property=\"og:title\" content=\"- Wyszukiwarka Fling Ebony Serwisy randkowe\" \/>\n<meta property=\"og:description\" content=\"Najlepszy serwis randkowy do znalezienia bratniej duszy. Serwisy randkowe s\u0105 zwykle wype\u0142nione fa\u0142szywymi profilami i oszustami. Ci\u0119\u017cko pracowali\u015bmy, aby stworzy\u0107 uczciwy serwis randkowy. Naszym celem jest pomoc w znalezieniu odpowiedniego dopasowania. Znajdziesz tysi\u0105ce aktywnych cz\u0142onk\u00f3w szukaj\u0105cych mi\u0142o\u015bci. M\u0119\u017cczy\u017ani wszystkich grup etnicznych uwielbiaj\u0105 czarne randki. Nic dziwnego, naprawd\u0119: czarne kobiety s\u0105 pi\u0119kne, zakrzywione i maj\u0105 idealn\u0105 ... Czytaj dalej\" \/>\n<meta property=\"og:url\" content=\"http:\/\/therodnikband.com\/pl\/ebony-serwisy-randkowe\/\" \/>\n<meta property=\"og:site_name\" content=\"Wyszukiwarka Fling\" \/>\n<meta name=\"twitter:card\" content=\"summary_large_image\" \/>\n<meta name=\"twitter:label1\" content=\"Szacowany czas czytania\" \/>\n\t<meta name=\"twitter:data1\" content=\"2 minuty\" \/>\n<script type=\"application\/ld+json\" class=\"yoast-schema-graph\">{\"@context\":\"https:\/\/schema.org\",\"@graph\":[{\"@type\":\"WebSite\",\"@id\":\"https:\/\/therodnikband.com\/#website\",\"url\":\"https:\/\/therodnikband.com\/\",\"name\":\"Wyszukiwarka Fling\",\"description\":\"Flirt, randki i pod\\u0142\\u0105czenie!\",\"potentialAction\":[{\"@type\":\"SearchAction\",\"target\":{\"@type\":\"EntryPoint\",\"urlTemplate\":\"https:\/\/therodnikband.com\/?s={search_term_string}\"},\"query-input\":\"required name=search_term_string\"}],\"inLanguage\":\"pl-PL\"},{\"@type\":\"WebPage\",\"@id\":\"http:\/\/therodnikband.com\/pl\/ebony-serwisy-randkowe\/#webpage\",\"url\":\"http:\/\/therodnikband.com\/pl\/ebony-serwisy-randkowe\/\",\"name\":\"- Wyszukiwarka Fling Ebony Serwisy randkowe\",\"isPartOf\":{\"@id\":\"https:\/\/therodnikband.com\/#website\"},\"datePublished\":\"2022-07-06T11:22:01+00:00\",\"dateModified\":\"2022-07-06T11:22:01+00:00\",\"breadcrumb\":{\"@id\":\"http:\/\/therodnikband.com\/pl\/ebony-serwisy-randkowe\/#breadcrumb\"},\"inLanguage\":\"pl-PL\",\"potentialAction\":[{\"@type\":\"ReadAction\",\"target\":[\"http:\/\/therodnikband.com\/pl\/ebony-serwisy-randkowe\/\"]}]},{\"@type\":\"BreadcrumbList\",\"@id\":\"http:\/\/therodnikband.com\/pl\/ebony-serwisy-randkowe\/#breadcrumb\",\"itemListElement\":[{\"@type\":\"ListItem\",\"position\":1,\"name\":\"Dom\",\"item\":\"http:\/\/therodnikband.com\/pl\/\"},{\"@type\":\"ListItem\",\"position\":2,\"name\":\"Ebony Serwisy randkowe\"}]}]}<\/script>\n<!-- \/ Yoast SEO plugin. -->","yoast_head_json":{"title":"- Wyszukiwarka Fling Ebony Serwisy randkowe","robots":{"index":"index","follow":"follow","max-snippet":"max-snippet:-1","max-image-preview":"max-image-preview:large","max-video-preview":"max-video-preview:-1"},"canonical":"http:\/\/therodnikband.com\/pl\/ebony-serwisy-randkowe\/","og_locale":"pl_PL","og_type":"article","og_title":"- Wyszukiwarka Fling Ebony Serwisy randkowe","og_description":"Najlepszy serwis randkowy do znalezienia bratniej duszy. Serwisy randkowe s\u0105 zwykle wype\u0142nione fa\u0142szywymi profilami i oszustami. Ci\u0119\u017cko pracowali\u015bmy, aby stworzy\u0107 uczciwy serwis randkowy. Naszym celem jest pomoc w znalezieniu odpowiedniego dopasowania. Znajdziesz tysi\u0105ce aktywnych cz\u0142onk\u00f3w szukaj\u0105cych mi\u0142o\u015bci. M\u0119\u017cczy\u017ani wszystkich grup etnicznych uwielbiaj\u0105 czarne randki. Nic dziwnego, naprawd\u0119: czarne kobiety s\u0105 pi\u0119kne, zakrzywione i maj\u0105 idealn\u0105 ... Czytaj dalej","og_url":"http:\/\/therodnikband.com\/pl\/ebony-serwisy-randkowe\/","og_site_name":"Wyszukiwarka Fling","twitter_card":"summary_large_image","twitter_misc":{"Szacowany czas czytania":"2 minuty"},"schema":{"@context":"https:\/\/schema.org","@graph":[{"@type":"WebSite","@id":"https:\/\/therodnikband.com\/#website","url":"https:\/\/therodnikband.com\/","name":"Wyszukiwarka Fling","description":"Flirt, randki i pod\u0142\u0105czenie!","potentialAction":[{"@type":"SearchAction","target":{"@type":"EntryPoint","urlTemplate":"https:\/\/therodnikband.com\/?s={search_term_string}"},"query-input":"required name=search_term_string"}],"inLanguage":"pl-PL"},{"@type":"WebPage","@id":"http:\/\/therodnikband.com\/pl\/ebony-serwisy-randkowe\/#webpage","url":"http:\/\/therodnikband.com\/pl\/ebony-serwisy-randkowe\/","name":"- Wyszukiwarka Fling Ebony Serwisy randkowe","isPartOf":{"@id":"https:\/\/therodnikband.com\/#website"},"datePublished":"2022-07-06T11:22:01+00:00","dateModified":"2022-07-06T11:22:01+00:00","breadcrumb":{"@id":"http:\/\/therodnikband.com\/pl\/ebony-serwisy-randkowe\/#breadcrumb"},"inLanguage":"pl-PL","potentialAction":[{"@type":"ReadAction","target":["http:\/\/therodnikband.com\/pl\/ebony-serwisy-randkowe\/"]}]},{"@type":"BreadcrumbList","@id":"http:\/\/therodnikband.com\/pl\/ebony-serwisy-randkowe\/#breadcrumb","itemListElement":[{"@type":"ListItem","position":1,"name":"Dom","item":"http:\/\/therodnikband.com\/pl\/"},{"@type":"ListItem","position":2,"name":"Ebony Serwisy randkowe"}]}]}},"_links":{"self":[{"href":"http:\/\/therodnikband.com\/pl\/wp-json\/wp\/v2\/pages\/186"}],"collection":[{"href":"http:\/\/therodnikband.com\/pl\/wp-json\/wp\/v2\/pages"}],"about":[{"href":"http:\/\/therodnikband.com\/pl\/wp-json\/wp\/v2\/types\/page"}],"author":[{"embeddable":true,"href":"http:\/\/therodnikband.com\/pl\/wp-json\/wp\/v2\/users\/1"}],"replies":[{"embeddable":true,"href":"http:\/\/therodnikband.com\/pl\/wp-json\/wp\/v2\/comments?post=186"}],"version-history":[{"count":0,"href":"http:\/\/therodnikband.com\/pl\/wp-json\/wp\/v2\/pages\/186\/revisions"}],"wp:attachment":[{"href":"http:\/\/therodnikband.com\/pl\/wp-json\/wp\/v2\/media?parent=186"}],"curies":[{"name":"wp","href":"https:\/\/api.w.org\/{rel}","templated":true}]}}