{"id":195,"date":"2022-07-06T12:26:39","date_gmt":"2022-07-06T11:26:39","guid":{"rendered":"http:\/\/therodnikband.com\/bdsm-randki\/"},"modified":"2022-07-06T12:26:39","modified_gmt":"2022-07-06T11:26:39","slug":"bdsm-randki","status":"publish","type":"page","link":"http:\/\/therodnikband.com\/pl\/bdsm-randki\/","title":{"rendered":"BDSM Randki"},"content":{"rendered":"<p>BDSM to praktyka seksualna, kt\u00f3ra obejmuje niewol\u0119, dominacj\u0119, uleg\u0142o\u015b\u0107, sadyzm, masochizm i inne powi\u0105zane dzia\u0142ania. Podczas gdy wiele os\u00f3b uwa\u017ca, \u017ce BDSM to tylko b\u00f3l, w rzeczywisto\u015bci wykracza poza to, w tym przyjemno\u015b\u0107 i zabaw\u0119. Istniej\u0105 r\u00f3\u017cne rodzaje kinkster\u00f3w, a ka\u017cdy rodzaj perwersyjnej osoby b\u0119dzie preferowa\u0142 pewne fetysze. Niekt\u00f3rzy ludzie lubi\u0105 by\u0107 zwi\u0105zani, podczas gdy inni lubi\u0105 by\u0107 bici.<\/p>\n<p>Na przyk\u0142ad dominuj\u0105cy uleg\u0142y mo\u017ce chcie\u0107 zwi\u0105za\u0107 swojego partnera, a nast\u0119pnie da\u0107 mu klapsa. Je\u015bli lubi by\u0107 zdominowany, mo\u017ce cieszy\u0107 si\u0119 wi\u0105zaniem jej, a nast\u0119pnie pozwalaniem, by kto\u015b inny j\u0105 zdominowa\u0142.<\/p>\n<p>Niekt\u00f3rzy ludzie wol\u0105 gra\u0107 ostro, podczas gdy inni lubi\u0105 by\u0107 delikatni i romantyczni. Oczywi\u015bcie, je\u015bli nie jeste\u015b pewien, jaki jest tw\u00f3j konkretny fetysz, powiniene\u015b sprawdzi\u0107 spo\u0142eczno\u015bci BDSM <a href=\"http:\/\/therodnikband.com\/pl\/przesuwanie-aplikacji-randkowych\/\">online<\/a>. Zobaczysz, \u017ce istnieje wiele r\u00f3\u017cnych typ\u00f3w ludzi i mo\u017cesz do\u0142\u0105czy\u0107 do ka\u017cdego rodzaju spo\u0142eczno\u015bci, kt\u00f3ra Ci\u0119 interesuje.<\/p>\n<p><img loading=\"lazy\" class=\"aligncenter size-full wp-image-47\" src=\"http:\/\/therodnikband.com\/wp-content\/uploads\/2022\/07\/kink-dating.jpg\" alt=\"\" width=\"300\" height=\"200\"><\/p>\n<h2>Dlaczego warto spr\u00f3bowa\u0107 Kink Dating?<\/h2>\n<p>Wa\u017cne jest, aby pami\u0119ta\u0107, \u017ce ka\u017cdy ma inne preferencje, je\u015bli chodzi o rodzaj odgrywania r\u00f3l, w kt\u00f3re chcia\u0142by si\u0119 zaanga\u017cowa\u0107.<\/p>\n<p>Niekt\u00f3rzy ludzie wol\u0105 by\u0107 uleg\u0142i, a inni dominuj\u0105cy. Niekt\u00f3rzy ludzie lubi\u0105 si\u0119 przebiera\u0107, podczas gdy inni wol\u0105 po prostu by\u0107 sob\u0105. Wa\u017cne jest, aby pami\u0119ta\u0107, \u017ce bez wzgl\u0119du na to, jaki rodzaj odgrywania r\u00f3l Ci\u0119 interesuje, bezpiecze\u0144stwo powinno zawsze by\u0107 na pierwszym miejscu. Nigdy nie wiesz, co kto\u015b inny mo\u017ce czu\u0107 si\u0119 komfortowo, dop\u00f3ki nie b\u0119dziesz mia\u0142 okazji go pozna\u0107.<\/p>\n<p>Je\u015bli co\u015b czuje si\u0119 nieswojo, nie powiniene\u015b <a href=\"http:\/\/therodnikband.com\/pl\/ebony-serwisy-randkowe\/\">si\u0119 w to wciska\u0107<\/a>. Zamiast tego poczekaj, a\u017c poczujesz si\u0119 wystarczaj\u0105co komfortowo, aby spr\u00f3bowa\u0107 ponownie.<\/p>\n<h2>Dlaczego warto wypr\u00f3bowa\u0107 FetLife?<\/h2>\n<p>FetLife to najwi\u0119kszy darmowy internetowy serwis randkowy dla perwersyjnych singli i swingers\u00f3w. Jest to najpopularniejsze miejsce dla os\u00f3b zainteresowanych BDSM i innymi alternatywnymi praktykami seksualnymi. FetLife sta\u0142 si\u0119 de facto standardem w znajdowaniu lokalnych partner\u00f3w i wydarze\u0144. Witryna umo\u017cliwia u\u017cytkownikom publikowanie zdj\u0119\u0107, film\u00f3w i opis\u00f3w ich fetyszy, zainteresowa\u0144 i dzia\u0142a\u0144.<\/p>\n<p>U\u017cytkownicy mog\u0105 r\u00f3wnie\u017c tworzy\u0107 grupy, do\u0142\u0105cza\u0107 do wydarze\u0144 i \u0142\u0105czy\u0107 si\u0119 za po\u015brednictwem wiadomo\u015bci prywatnych. FetLife oferuje r\u00f3wnie\u017c aplikacj\u0119 mobiln\u0105 na urz\u0105dzenia z Systemem Android i iOS.<\/p>\n<h2>Alternatywa FetLife?<\/h2>\n<p>Whiplrl to perwersyjny serwis randkowy, kt\u00f3ry ma du\u017c\u0105 baz\u0119 u\u017cytkownik\u00f3w. Pozwala przegl\u0105da\u0107 setki r\u00f3\u017cnych fetyszy, od pocz\u0105tkuj\u0105cych po ekspert\u00f3w. Mo\u017cesz wyszukiwa\u0107 wed\u0142ug lokalizacji, aby znale\u017a\u0107 inne osoby zainteresowane Twoimi zainteresowaniami. Istniej\u0105 r\u00f3wnie\u017c lokalne wydarzenia w ca\u0142ym kraju. Je\u015bli szukasz czego\u015b konkretnego, mo\u017cesz nawet stworzy\u0107 w\u0142asne wydarzenie.<\/p>\n","protected":false},"excerpt":{"rendered":"<p>BDSM to praktyka seksualna, kt\u00f3ra obejmuje niewol\u0119, dominacj\u0119, uleg\u0142o\u015b\u0107, sadyzm, masochizm i inne powi\u0105zane dzia\u0142ania. Podczas gdy wiele os\u00f3b uwa\u017ca, \u017ce BDSM to tylko b\u00f3l, w rzeczywisto\u015bci wykracza poza to, w tym przyjemno\u015b\u0107 i zabaw\u0119. Istniej\u0105 r\u00f3\u017cne rodzaje kinkster\u00f3w, a ka\u017cdy rodzaj perwersyjnej osoby b\u0119dzie preferowa\u0142 pewne fetysze. Niekt\u00f3rzy ludzie lubi\u0105 by\u0107 zwi\u0105zani, podczas gdy &#8230; <a title=\"BDSM Randki\" class=\"read-more\" href=\"http:\/\/therodnikband.com\/pl\/bdsm-randki\/\" aria-label=\"More on BDSM Randki\">Czytaj dalej<\/a><\/p>\n","protected":false},"author":1,"featured_media":0,"parent":0,"menu_order":0,"comment_status":"closed","ping_status":"closed","template":"","meta":[],"yoast_head":"<!-- This site is optimized with the Yoast SEO plugin v17.7.1 - https:\/\/yoast.com\/wordpress\/plugins\/seo\/ -->\n<title>- Wyszukiwarka Fling BDSM Randki<\/title>\n<meta name=\"robots\" content=\"index, follow, max-snippet:-1, max-image-preview:large, max-video-preview:-1\" \/>\n<link rel=\"canonical\" href=\"http:\/\/therodnikband.com\/pl\/bdsm-randki\/\" \/>\n<meta property=\"og:locale\" content=\"pl_PL\" \/>\n<meta property=\"og:type\" content=\"article\" \/>\n<meta property=\"og:title\" content=\"- Wyszukiwarka Fling BDSM Randki\" \/>\n<meta property=\"og:description\" content=\"BDSM to praktyka seksualna, kt\u00f3ra obejmuje niewol\u0119, dominacj\u0119, uleg\u0142o\u015b\u0107, sadyzm, masochizm i inne powi\u0105zane dzia\u0142ania. Podczas gdy wiele os\u00f3b uwa\u017ca, \u017ce BDSM to tylko b\u00f3l, w rzeczywisto\u015bci wykracza poza to, w tym przyjemno\u015b\u0107 i zabaw\u0119. Istniej\u0105 r\u00f3\u017cne rodzaje kinkster\u00f3w, a ka\u017cdy rodzaj perwersyjnej osoby b\u0119dzie preferowa\u0142 pewne fetysze. Niekt\u00f3rzy ludzie lubi\u0105 by\u0107 zwi\u0105zani, podczas gdy ... Czytaj dalej\" \/>\n<meta property=\"og:url\" content=\"http:\/\/therodnikband.com\/pl\/bdsm-randki\/\" \/>\n<meta property=\"og:site_name\" content=\"Wyszukiwarka Fling\" \/>\n<meta property=\"og:image\" content=\"http:\/\/therodnikband.com\/wp-content\/uploads\/2022\/07\/kink-dating.jpg\" \/>\n<meta name=\"twitter:card\" content=\"summary_large_image\" \/>\n<meta name=\"twitter:label1\" content=\"Szacowany czas czytania\" \/>\n\t<meta name=\"twitter:data1\" content=\"2 minuty\" \/>\n<script type=\"application\/ld+json\" class=\"yoast-schema-graph\">{\"@context\":\"https:\/\/schema.org\",\"@graph\":[{\"@type\":\"WebSite\",\"@id\":\"https:\/\/therodnikband.com\/#website\",\"url\":\"https:\/\/therodnikband.com\/\",\"name\":\"Wyszukiwarka Fling\",\"description\":\"Flirt, randki i pod\\u0142\\u0105czenie!\",\"potentialAction\":[{\"@type\":\"SearchAction\",\"target\":{\"@type\":\"EntryPoint\",\"urlTemplate\":\"https:\/\/therodnikband.com\/?s={search_term_string}\"},\"query-input\":\"required name=search_term_string\"}],\"inLanguage\":\"pl-PL\"},{\"@type\":\"ImageObject\",\"@id\":\"http:\/\/therodnikband.com\/pl\/bdsm-randki\/#primaryimage\",\"inLanguage\":\"pl-PL\",\"url\":\"http:\/\/therodnikband.com\/wp-content\/uploads\/2022\/07\/kink-dating.jpg\",\"contentUrl\":\"http:\/\/therodnikband.com\/wp-content\/uploads\/2022\/07\/kink-dating.jpg\",\"width\":300,\"height\":200},{\"@type\":\"WebPage\",\"@id\":\"http:\/\/therodnikband.com\/pl\/bdsm-randki\/#webpage\",\"url\":\"http:\/\/therodnikband.com\/pl\/bdsm-randki\/\",\"name\":\"- Wyszukiwarka Fling BDSM Randki\",\"isPartOf\":{\"@id\":\"https:\/\/therodnikband.com\/#website\"},\"primaryImageOfPage\":{\"@id\":\"http:\/\/therodnikband.com\/pl\/bdsm-randki\/#primaryimage\"},\"datePublished\":\"2022-07-06T11:26:39+00:00\",\"dateModified\":\"2022-07-06T11:26:39+00:00\",\"breadcrumb\":{\"@id\":\"http:\/\/therodnikband.com\/pl\/bdsm-randki\/#breadcrumb\"},\"inLanguage\":\"pl-PL\",\"potentialAction\":[{\"@type\":\"ReadAction\",\"target\":[\"http:\/\/therodnikband.com\/pl\/bdsm-randki\/\"]}]},{\"@type\":\"BreadcrumbList\",\"@id\":\"http:\/\/therodnikband.com\/pl\/bdsm-randki\/#breadcrumb\",\"itemListElement\":[{\"@type\":\"ListItem\",\"position\":1,\"name\":\"Dom\",\"item\":\"http:\/\/therodnikband.com\/pl\/\"},{\"@type\":\"ListItem\",\"position\":2,\"name\":\"BDSM Randki\"}]}]}<\/script>\n<!-- \/ Yoast SEO plugin. -->","yoast_head_json":{"title":"- Wyszukiwarka Fling BDSM Randki","robots":{"index":"index","follow":"follow","max-snippet":"max-snippet:-1","max-image-preview":"max-image-preview:large","max-video-preview":"max-video-preview:-1"},"canonical":"http:\/\/therodnikband.com\/pl\/bdsm-randki\/","og_locale":"pl_PL","og_type":"article","og_title":"- Wyszukiwarka Fling BDSM Randki","og_description":"BDSM to praktyka seksualna, kt\u00f3ra obejmuje niewol\u0119, dominacj\u0119, uleg\u0142o\u015b\u0107, sadyzm, masochizm i inne powi\u0105zane dzia\u0142ania. Podczas gdy wiele os\u00f3b uwa\u017ca, \u017ce BDSM to tylko b\u00f3l, w rzeczywisto\u015bci wykracza poza to, w tym przyjemno\u015b\u0107 i zabaw\u0119. Istniej\u0105 r\u00f3\u017cne rodzaje kinkster\u00f3w, a ka\u017cdy rodzaj perwersyjnej osoby b\u0119dzie preferowa\u0142 pewne fetysze. Niekt\u00f3rzy ludzie lubi\u0105 by\u0107 zwi\u0105zani, podczas gdy ... Czytaj dalej","og_url":"http:\/\/therodnikband.com\/pl\/bdsm-randki\/","og_site_name":"Wyszukiwarka Fling","og_image":[{"url":"http:\/\/therodnikband.com\/wp-content\/uploads\/2022\/07\/kink-dating.jpg"}],"twitter_card":"summary_large_image","twitter_misc":{"Szacowany czas czytania":"2 minuty"},"schema":{"@context":"https:\/\/schema.org","@graph":[{"@type":"WebSite","@id":"https:\/\/therodnikband.com\/#website","url":"https:\/\/therodnikband.com\/","name":"Wyszukiwarka Fling","description":"Flirt, randki i pod\u0142\u0105czenie!","potentialAction":[{"@type":"SearchAction","target":{"@type":"EntryPoint","urlTemplate":"https:\/\/therodnikband.com\/?s={search_term_string}"},"query-input":"required name=search_term_string"}],"inLanguage":"pl-PL"},{"@type":"ImageObject","@id":"http:\/\/therodnikband.com\/pl\/bdsm-randki\/#primaryimage","inLanguage":"pl-PL","url":"http:\/\/therodnikband.com\/wp-content\/uploads\/2022\/07\/kink-dating.jpg","contentUrl":"http:\/\/therodnikband.com\/wp-content\/uploads\/2022\/07\/kink-dating.jpg","width":300,"height":200},{"@type":"WebPage","@id":"http:\/\/therodnikband.com\/pl\/bdsm-randki\/#webpage","url":"http:\/\/therodnikband.com\/pl\/bdsm-randki\/","name":"- Wyszukiwarka Fling BDSM Randki","isPartOf":{"@id":"https:\/\/therodnikband.com\/#website"},"primaryImageOfPage":{"@id":"http:\/\/therodnikband.com\/pl\/bdsm-randki\/#primaryimage"},"datePublished":"2022-07-06T11:26:39+00:00","dateModified":"2022-07-06T11:26:39+00:00","breadcrumb":{"@id":"http:\/\/therodnikband.com\/pl\/bdsm-randki\/#breadcrumb"},"inLanguage":"pl-PL","potentialAction":[{"@type":"ReadAction","target":["http:\/\/therodnikband.com\/pl\/bdsm-randki\/"]}]},{"@type":"BreadcrumbList","@id":"http:\/\/therodnikband.com\/pl\/bdsm-randki\/#breadcrumb","itemListElement":[{"@type":"ListItem","position":1,"name":"Dom","item":"http:\/\/therodnikband.com\/pl\/"},{"@type":"ListItem","position":2,"name":"BDSM Randki"}]}]}},"_links":{"self":[{"href":"http:\/\/therodnikband.com\/pl\/wp-json\/wp\/v2\/pages\/195"}],"collection":[{"href":"http:\/\/therodnikband.com\/pl\/wp-json\/wp\/v2\/pages"}],"about":[{"href":"http:\/\/therodnikband.com\/pl\/wp-json\/wp\/v2\/types\/page"}],"author":[{"embeddable":true,"href":"http:\/\/therodnikband.com\/pl\/wp-json\/wp\/v2\/users\/1"}],"replies":[{"embeddable":true,"href":"http:\/\/therodnikband.com\/pl\/wp-json\/wp\/v2\/comments?post=195"}],"version-history":[{"count":0,"href":"http:\/\/therodnikband.com\/pl\/wp-json\/wp\/v2\/pages\/195\/revisions"}],"wp:attachment":[{"href":"http:\/\/therodnikband.com\/pl\/wp-json\/wp\/v2\/media?parent=195"}],"curies":[{"name":"wp","href":"https:\/\/api.w.org\/{rel}","templated":true}]}}