{"id":215,"date":"2022-07-06T12:11:34","date_gmt":"2022-07-06T11:11:34","guid":{"rendered":"http:\/\/therodnikband.com\/dlaczego-warto-korzystac-z-aplikacji-hookup\/"},"modified":"2022-07-06T12:11:34","modified_gmt":"2022-07-06T11:11:34","slug":"dlaczego-warto-korzystac-z-aplikacji-hookup","status":"publish","type":"page","link":"http:\/\/therodnikband.com\/pl\/dlaczego-warto-korzystac-z-aplikacji-hookup\/","title":{"rendered":"Dlaczego warto korzysta\u0107 z aplikacji Hookup?"},"content":{"rendered":"<p>Witryny z pod\u0142\u0105czeniami to witryny, na kt\u00f3rych cz\u0142onkowie mog\u0105 spotka\u0107 innych, kt\u00f3rzy maj\u0105 podobne zainteresowania. Zazwyczaj s\u0105 one bezp\u0142atne, a wi\u0119kszo\u015b\u0107 z nich oferuje jak\u0105\u015b form\u0119 p\u0142atnej opcji cz\u0142onkostwa.<\/p>\n<p><img loading=\"lazy\" class=\"aligncenter wp-image-40\" src=\"http:\/\/therodnikband.com\/wp-content\/uploads\/2022\/07\/sex-chat-websites-1024x681.jpeg\" alt=\"\" width=\"737\" height=\"490\" srcset=\"http:\/\/therodnikband.com\/wp-content\/uploads\/2022\/07\/sex-chat-websites-1024x681.jpeg 1024w, http:\/\/therodnikband.com\/wp-content\/uploads\/2022\/07\/sex-chat-websites-300x200.jpeg 300w, http:\/\/therodnikband.com\/wp-content\/uploads\/2022\/07\/sex-chat-websites-768x511.jpeg 768w, http:\/\/therodnikband.com\/wp-content\/uploads\/2022\/07\/sex-chat-websites-1536x1022.jpeg 1536w, http:\/\/therodnikband.com\/wp-content\/uploads\/2022\/07\/sex-chat-websites-2048x1363.jpeg 2048w\" sizes=\"(max-width: 737px) 100vw, 737px\" \/><\/p>\n<p>Dlatego wa\u017cne jest, aby zrozumie\u0107, co sprawia, \u017ce <a href=\"http:\/\/therodnikband.com\/pl\/jak-wybrac-odpowiednia-aplikacje-do-podlaczania\/\">witryna jest warta zachodu<\/a>. Oto trzy rzeczy, kt\u00f3re nale\u017cy wzi\u0105\u0107 pod uwag\u0119 przy ocenie witryny z pod\u0142\u0105czeniem:<\/p>\n<ul>\n<li>Koszt: Czy jest bezp\u0142atny, czy kosztuje? Darmowe strony z pod\u0142\u0105czeniami s\u0105 zwykle prowadzone przez jedn\u0105 osob\u0119 lub ma\u0142\u0105 grup\u0119 os\u00f3b. Strony te wydaj\u0105 si\u0119 by\u0107 bardzo podstawowe i oferuj\u0105 niewielk\u0105 warto\u015b\u0107. Jednak p\u0142atne witryny po\u0142\u0105czeniowe s\u0105 zazwyczaj prowadzone przez du\u017ce firmy, kt\u00f3re zainwestowa\u0142y miliony dolar\u00f3w w reklam\u0119 i technologi\u0119.<\/li>\n<li>Cechy: Jakie funkcje oferuje strona? Czy obejmuje wiadomo\u015bci, czat wideo lub transmisj\u0119 na \u017cywo? Czy musisz za\u0142o\u017cy\u0107 konto lub mo\u017cesz u\u017cy\u0107 swojego loginu na Facebooku? Czy istniej\u0105 jakie\u015b specjalne wymagania, takie jak ograniczenia wiekowe?<\/li>\n<li>Wra\u017cenia u\u017cytkownika: Jak \u0142atwo jest porusza\u0107 si\u0119 po stronie? Czy mo\u017cesz \u0142atwo wyszukiwa\u0107 cz\u0142onk\u00f3w na podstawie lokalizacji, p\u0142ci, pochodzenia etnicznego lub orientacji seksualnej? Czy mo\u017cesz przegl\u0105da\u0107 profile szybko i sprawnie?<\/li>\n<\/ul>\n<h2>Nasze wskaz\u00f3wki<\/h2>\n<p>Personaly s\u0105 najpopularniejszym rodzajem <a href=\"http:\/\/therodnikband.com\/pl\/aplikacje-randkowe-dla-doroslych\/\">strony z pod\u0142\u0105czeniami<\/a>. Ludzie u\u017cywaj\u0105 ich do znajdowania randek, przyjaci\u00f3\u0142 i partner\u00f3w do <a href=\"http:\/\/therodnikband.com\/pl\/czy-bdsm-jest-dla-ciebie\/\">przypadkowego seksu<\/a>. Serwisy randkowe dla doros\u0142ych s\u0105 podobne do osobistych, z tym wyj\u0105tkiem, \u017ce s\u0105 przeznaczone specjalnie dla doros\u0142ych, kt\u00f3rzy szukaj\u0105 seksu. Serwisy spo\u0142eczno\u015bciowe s\u0142u\u017c\u0105 do \u0142\u0105czenia si\u0119 z osobami, kt\u00f3re ju\u017c znasz, niezale\u017cnie od tego, czy s\u0105 to cz\u0142onkowie rodziny, przyjaciele, wsp\u00f3\u0142pracownicy czy koledzy z klasy. Internetowe serwisy randkowe umo\u017cliwiaj\u0105 u\u017cytkownikom wyszukiwanie potencjalnych partner\u00f3w romantycznych na podstawie okre\u015blonych kryteri\u00f3w, takich jak wiek, lokalizacja, zainteresowania itp.<\/p>\n<p>Ka\u017cdy rodzaj strony pod\u0142\u0105czeniowej ma swoje zalety i wady. Osoby osobiste s\u0105 \u015bwietne, poniewa\u017c s\u0105 bezp\u0142atne, ale zwykle s\u0105 wype\u0142nione oszustami i fa\u0142szywymi profilami. Serwisy randkowe dla doros\u0142ych s\u0105 wygodne, poniewa\u017c s\u0105 dyskretne, ale cz\u0119sto przyci\u0105gaj\u0105 pe\u0142zacze i drapie\u017cniki. Serwisy spo\u0142eczno\u015bciowe s\u0105 przydatne, poniewa\u017c s\u0105 \u0142atwe w u\u017cyciu, ale brakuje im opcji prywatno\u015bci. Internetowe serwisy randkowe s\u0105 skuteczne, poniewa\u017c oferuj\u0105 wiele opcji prywatno\u015bci, ale s\u0105 drogie i mog\u0105 nie dzia\u0142a\u0107 dobrze dla wszystkich.<\/p>\n","protected":false},"excerpt":{"rendered":"<p>Witryny z pod\u0142\u0105czeniami to witryny, na kt\u00f3rych cz\u0142onkowie mog\u0105 spotka\u0107 innych, kt\u00f3rzy maj\u0105 podobne zainteresowania. Zazwyczaj s\u0105 one bezp\u0142atne, a wi\u0119kszo\u015b\u0107 z nich oferuje jak\u0105\u015b form\u0119 p\u0142atnej opcji cz\u0142onkostwa. Dlatego wa\u017cne jest, aby zrozumie\u0107, co sprawia, \u017ce witryna jest warta zachodu. Oto trzy rzeczy, kt\u00f3re nale\u017cy wzi\u0105\u0107 pod uwag\u0119 przy ocenie witryny z pod\u0142\u0105czeniem: Koszt: &#8230; <a title=\"Dlaczego warto korzysta\u0107 z aplikacji Hookup?\" class=\"read-more\" href=\"http:\/\/therodnikband.com\/pl\/dlaczego-warto-korzystac-z-aplikacji-hookup\/\" aria-label=\"More on Dlaczego warto korzysta\u0107 z aplikacji Hookup?\">Czytaj dalej<\/a><\/p>\n","protected":false},"author":1,"featured_media":0,"parent":0,"menu_order":0,"comment_status":"closed","ping_status":"closed","template":"","meta":[],"yoast_head":"<!-- This site is optimized with the Yoast SEO plugin v17.7.1 - https:\/\/yoast.com\/wordpress\/plugins\/seo\/ -->\n<title>- Wyszukiwarka Fling Dlaczego warto korzysta\u0107 z aplikacji Hookup?<\/title>\n<meta name=\"robots\" content=\"index, follow, max-snippet:-1, max-image-preview:large, max-video-preview:-1\" \/>\n<link rel=\"canonical\" href=\"http:\/\/therodnikband.com\/pl\/dlaczego-warto-korzystac-z-aplikacji-hookup\/\" \/>\n<meta property=\"og:locale\" content=\"pl_PL\" \/>\n<meta property=\"og:type\" content=\"article\" \/>\n<meta property=\"og:title\" content=\"- Wyszukiwarka Fling Dlaczego warto korzysta\u0107 z aplikacji Hookup?\" \/>\n<meta property=\"og:description\" content=\"Witryny z pod\u0142\u0105czeniami to witryny, na kt\u00f3rych cz\u0142onkowie mog\u0105 spotka\u0107 innych, kt\u00f3rzy maj\u0105 podobne zainteresowania. Zazwyczaj s\u0105 one bezp\u0142atne, a wi\u0119kszo\u015b\u0107 z nich oferuje jak\u0105\u015b form\u0119 p\u0142atnej opcji cz\u0142onkostwa. Dlatego wa\u017cne jest, aby zrozumie\u0107, co sprawia, \u017ce witryna jest warta zachodu. Oto trzy rzeczy, kt\u00f3re nale\u017cy wzi\u0105\u0107 pod uwag\u0119 przy ocenie witryny z pod\u0142\u0105czeniem: Koszt: ... Czytaj dalej\" \/>\n<meta property=\"og:url\" content=\"http:\/\/therodnikband.com\/pl\/dlaczego-warto-korzystac-z-aplikacji-hookup\/\" \/>\n<meta property=\"og:site_name\" content=\"Wyszukiwarka Fling\" \/>\n<meta property=\"og:image\" content=\"http:\/\/therodnikband.com\/wp-content\/uploads\/2022\/07\/sex-chat-websites-1024x681.jpeg\" \/>\n<meta name=\"twitter:card\" content=\"summary_large_image\" \/>\n<meta name=\"twitter:label1\" content=\"Szacowany czas czytania\" \/>\n\t<meta name=\"twitter:data1\" content=\"2 minuty\" \/>\n<script type=\"application\/ld+json\" class=\"yoast-schema-graph\">{\"@context\":\"https:\/\/schema.org\",\"@graph\":[{\"@type\":\"WebSite\",\"@id\":\"https:\/\/therodnikband.com\/#website\",\"url\":\"https:\/\/therodnikband.com\/\",\"name\":\"Wyszukiwarka Fling\",\"description\":\"Flirt, randki i pod\\u0142\\u0105czenie!\",\"potentialAction\":[{\"@type\":\"SearchAction\",\"target\":{\"@type\":\"EntryPoint\",\"urlTemplate\":\"https:\/\/therodnikband.com\/?s={search_term_string}\"},\"query-input\":\"required name=search_term_string\"}],\"inLanguage\":\"pl-PL\"},{\"@type\":\"ImageObject\",\"@id\":\"http:\/\/therodnikband.com\/pl\/dlaczego-warto-korzystac-z-aplikacji-hookup\/#primaryimage\",\"inLanguage\":\"pl-PL\",\"url\":\"http:\/\/therodnikband.com\/wp-content\/uploads\/2022\/07\/sex-chat-websites.jpeg\",\"contentUrl\":\"http:\/\/therodnikband.com\/wp-content\/uploads\/2022\/07\/sex-chat-websites.jpeg\",\"width\":2254,\"height\":1500},{\"@type\":\"WebPage\",\"@id\":\"http:\/\/therodnikband.com\/pl\/dlaczego-warto-korzystac-z-aplikacji-hookup\/#webpage\",\"url\":\"http:\/\/therodnikband.com\/pl\/dlaczego-warto-korzystac-z-aplikacji-hookup\/\",\"name\":\"- Wyszukiwarka Fling Dlaczego warto korzysta\\u0107 z aplikacji Hookup?\",\"isPartOf\":{\"@id\":\"https:\/\/therodnikband.com\/#website\"},\"primaryImageOfPage\":{\"@id\":\"http:\/\/therodnikband.com\/pl\/dlaczego-warto-korzystac-z-aplikacji-hookup\/#primaryimage\"},\"datePublished\":\"2022-07-06T11:11:34+00:00\",\"dateModified\":\"2022-07-06T11:11:34+00:00\",\"breadcrumb\":{\"@id\":\"http:\/\/therodnikband.com\/pl\/dlaczego-warto-korzystac-z-aplikacji-hookup\/#breadcrumb\"},\"inLanguage\":\"pl-PL\",\"potentialAction\":[{\"@type\":\"ReadAction\",\"target\":[\"http:\/\/therodnikband.com\/pl\/dlaczego-warto-korzystac-z-aplikacji-hookup\/\"]}]},{\"@type\":\"BreadcrumbList\",\"@id\":\"http:\/\/therodnikband.com\/pl\/dlaczego-warto-korzystac-z-aplikacji-hookup\/#breadcrumb\",\"itemListElement\":[{\"@type\":\"ListItem\",\"position\":1,\"name\":\"Dom\",\"item\":\"http:\/\/therodnikband.com\/pl\/\"},{\"@type\":\"ListItem\",\"position\":2,\"name\":\"Dlaczego warto korzysta\\u0107 z aplikacji Hookup?\"}]}]}<\/script>\n<!-- \/ Yoast SEO plugin. -->","yoast_head_json":{"title":"- Wyszukiwarka Fling Dlaczego warto korzysta\u0107 z aplikacji Hookup?","robots":{"index":"index","follow":"follow","max-snippet":"max-snippet:-1","max-image-preview":"max-image-preview:large","max-video-preview":"max-video-preview:-1"},"canonical":"http:\/\/therodnikband.com\/pl\/dlaczego-warto-korzystac-z-aplikacji-hookup\/","og_locale":"pl_PL","og_type":"article","og_title":"- Wyszukiwarka Fling Dlaczego warto korzysta\u0107 z aplikacji Hookup?","og_description":"Witryny z pod\u0142\u0105czeniami to witryny, na kt\u00f3rych cz\u0142onkowie mog\u0105 spotka\u0107 innych, kt\u00f3rzy maj\u0105 podobne zainteresowania. Zazwyczaj s\u0105 one bezp\u0142atne, a wi\u0119kszo\u015b\u0107 z nich oferuje jak\u0105\u015b form\u0119 p\u0142atnej opcji cz\u0142onkostwa. Dlatego wa\u017cne jest, aby zrozumie\u0107, co sprawia, \u017ce witryna jest warta zachodu. Oto trzy rzeczy, kt\u00f3re nale\u017cy wzi\u0105\u0107 pod uwag\u0119 przy ocenie witryny z pod\u0142\u0105czeniem: Koszt: ... Czytaj dalej","og_url":"http:\/\/therodnikband.com\/pl\/dlaczego-warto-korzystac-z-aplikacji-hookup\/","og_site_name":"Wyszukiwarka Fling","og_image":[{"url":"http:\/\/therodnikband.com\/wp-content\/uploads\/2022\/07\/sex-chat-websites-1024x681.jpeg"}],"twitter_card":"summary_large_image","twitter_misc":{"Szacowany czas czytania":"2 minuty"},"schema":{"@context":"https:\/\/schema.org","@graph":[{"@type":"WebSite","@id":"https:\/\/therodnikband.com\/#website","url":"https:\/\/therodnikband.com\/","name":"Wyszukiwarka Fling","description":"Flirt, randki i pod\u0142\u0105czenie!","potentialAction":[{"@type":"SearchAction","target":{"@type":"EntryPoint","urlTemplate":"https:\/\/therodnikband.com\/?s={search_term_string}"},"query-input":"required name=search_term_string"}],"inLanguage":"pl-PL"},{"@type":"ImageObject","@id":"http:\/\/therodnikband.com\/pl\/dlaczego-warto-korzystac-z-aplikacji-hookup\/#primaryimage","inLanguage":"pl-PL","url":"http:\/\/therodnikband.com\/wp-content\/uploads\/2022\/07\/sex-chat-websites.jpeg","contentUrl":"http:\/\/therodnikband.com\/wp-content\/uploads\/2022\/07\/sex-chat-websites.jpeg","width":2254,"height":1500},{"@type":"WebPage","@id":"http:\/\/therodnikband.com\/pl\/dlaczego-warto-korzystac-z-aplikacji-hookup\/#webpage","url":"http:\/\/therodnikband.com\/pl\/dlaczego-warto-korzystac-z-aplikacji-hookup\/","name":"- Wyszukiwarka Fling Dlaczego warto korzysta\u0107 z aplikacji Hookup?","isPartOf":{"@id":"https:\/\/therodnikband.com\/#website"},"primaryImageOfPage":{"@id":"http:\/\/therodnikband.com\/pl\/dlaczego-warto-korzystac-z-aplikacji-hookup\/#primaryimage"},"datePublished":"2022-07-06T11:11:34+00:00","dateModified":"2022-07-06T11:11:34+00:00","breadcrumb":{"@id":"http:\/\/therodnikband.com\/pl\/dlaczego-warto-korzystac-z-aplikacji-hookup\/#breadcrumb"},"inLanguage":"pl-PL","potentialAction":[{"@type":"ReadAction","target":["http:\/\/therodnikband.com\/pl\/dlaczego-warto-korzystac-z-aplikacji-hookup\/"]}]},{"@type":"BreadcrumbList","@id":"http:\/\/therodnikband.com\/pl\/dlaczego-warto-korzystac-z-aplikacji-hookup\/#breadcrumb","itemListElement":[{"@type":"ListItem","position":1,"name":"Dom","item":"http:\/\/therodnikband.com\/pl\/"},{"@type":"ListItem","position":2,"name":"Dlaczego warto korzysta\u0107 z aplikacji Hookup?"}]}]}},"_links":{"self":[{"href":"http:\/\/therodnikband.com\/pl\/wp-json\/wp\/v2\/pages\/215"}],"collection":[{"href":"http:\/\/therodnikband.com\/pl\/wp-json\/wp\/v2\/pages"}],"about":[{"href":"http:\/\/therodnikband.com\/pl\/wp-json\/wp\/v2\/types\/page"}],"author":[{"embeddable":true,"href":"http:\/\/therodnikband.com\/pl\/wp-json\/wp\/v2\/users\/1"}],"replies":[{"embeddable":true,"href":"http:\/\/therodnikband.com\/pl\/wp-json\/wp\/v2\/comments?post=215"}],"version-history":[{"count":0,"href":"http:\/\/therodnikband.com\/pl\/wp-json\/wp\/v2\/pages\/215\/revisions"}],"wp:attachment":[{"href":"http:\/\/therodnikband.com\/pl\/wp-json\/wp\/v2\/media?parent=215"}],"curies":[{"name":"wp","href":"https:\/\/api.w.org\/{rel}","templated":true}]}}