{"id":221,"date":"2022-07-06T11:57:32","date_gmt":"2022-07-06T10:57:32","guid":{"rendered":"http:\/\/therodnikband.com\/znajdz-aplikacje-randkowe-ktore-dzialaja-dla-ciebie\/"},"modified":"2022-07-06T12:59:55","modified_gmt":"2022-07-06T11:59:55","slug":"znajdz-aplikacje-randkowe-ktore-dzialaja-dla-ciebie","status":"publish","type":"page","link":"http:\/\/therodnikband.com\/pl\/","title":{"rendered":"Znajd\u017a aplikacje randkowe, kt\u00f3re dzia\u0142aj\u0105 dla Ciebie"},"content":{"rendered":"<p>Znalezienie bratniej duszy nigdy nie jest \u0142atwe i istnieje wiele czynnik\u00f3w, kt\u00f3re wp\u0142ywaj\u0105 na znalezienie kogo\u015b wyj\u0105tkowego. Przygotowali\u015bmy list\u0119 najlepszych serwis\u00f3w randkowych i aplikacji, kt\u00f3re pomog\u0105 Ci zacz\u0105\u0107! Niezale\u017cnie od tego, czy szukasz mi\u0142o\u015bci, przyja\u017ani, towarzystwa, czy czego\u015b zupe\u0142nie innego, nasza lista dostarczy Ci wszystkich informacji potrzebnych do rozpocz\u0119cia poznawania nowych ludzi ju\u017c dzi\u015b!<\/p>\n<p><img loading=\"lazy\" class=\"aligncenter wp-image-34\" src=\"http:\/\/therodnikband.com\/wp-content\/uploads\/2022\/07\/sex-guided-1024x679.jpeg\" alt=\"\" width=\"710\" height=\"471\" srcset=\"http:\/\/therodnikband.com\/wp-content\/uploads\/2022\/07\/sex-guided-1024x679.jpeg 1024w, http:\/\/therodnikband.com\/wp-content\/uploads\/2022\/07\/sex-guided-300x199.jpeg 300w, http:\/\/therodnikband.com\/wp-content\/uploads\/2022\/07\/sex-guided-768x509.jpeg 768w, http:\/\/therodnikband.com\/wp-content\/uploads\/2022\/07\/sex-guided-1536x1019.jpeg 1536w, http:\/\/therodnikband.com\/wp-content\/uploads\/2022\/07\/sex-guided-2048x1358.jpeg 2048w\" sizes=\"(max-width: 710px) 100vw, 710px\" \/><\/p>\n<h2>Czy aplikacje randkowe s\u0105 dla Ciebie?<\/h2>\n<p>Aplikacje randkowe to obecnie jeden z najpopularniejszych sposob\u00f3w poznawania ludzi.<\/p>\n<p>Je\u015bli jednak chcesz zoptymalizowa\u0107 \u015brodowisko, dobrym pomys\u0142em mo\u017ce by\u0107 celowe podej\u015bcie do aplikacji, co oznacza, \u017ce zarejestrowanie si\u0119 w aplikacjach, kt\u00f3re Twoim zdaniem dadz\u0105 Ci najwi\u0119ksze szanse na poznanie Twoich ludzi. Nie tylko zarejestrujesz si\u0119 w pierwszej aplikacji, kt\u00f3r\u0105 zobaczysz. W ko\u0144cu nie chcesz traci\u0107 czasu.<\/p>\n<p>Przygotowali\u015bmy list\u0119 najlepszych aplikacji randkowych na 2020 rok, w zale\u017cno\u015bci od tego, co chcesz uzyska\u0107 z tego do\u015bwiadczenia.<\/p>\n<h3>Bumble<\/h3>\n<p>Bumble to aplikacja, kt\u00f3ra pozwala kobietom inicjowa\u0107 i prowadzi\u0107 rozmowy. M\u0119\u017cczy\u017ani maj\u0105 mo\u017cliwo\u015b\u0107 odpowiedzi, ale nie mog\u0105 zainicjowa\u0107 \u017cadnego kontaktu. Pomaga wyeliminowa\u0107 pe\u0142zanie online i na ulicy. Dzia\u0142a r\u00f3wnie\u017c dobrze dla profesjonalist\u00f3w, kt\u00f3rzy chc\u0105 pozna\u0107 kogo\u015b nowego. Jest bezp\u0142atny, ale je\u015bli chcesz odblokowa\u0107 zaawansowane funkcje, takie jak wysy\u0142anie mrugni\u0119\u0107 i polubie\u0144, musisz zap\u0142aci\u0107 9,99 USD miesi\u0119cznie. Dost\u0119pna jest bezp\u0142atna wersja, kt\u00f3r\u0105 mo\u017cna najpierw wypr\u00f3bowa\u0107. Mecze odbywaj\u0105 si\u0119 w cyklu 24-godzinnym, wi\u0119c masz czas do nast\u0119pnego dnia, aby rozpocz\u0105\u0107 rozmow\u0119 lub odpowiedzie\u0107 na wiadomo\u015b\u0107.<\/p>\n<p>U\u017cytkownicy mog\u0105 przesuwa\u0107 palcem w lewo lub w prawo, aby polubi\u0107 lub nie lubi\u0107 kogo\u015b innego, wys\u0142a\u0107 mu wiadomo\u015b\u0107 i porozmawia\u0107 z nim prywatnie.<\/p>\n<p>Wszystkie plany witryn, kt\u00f3re obejmuj\u0105 po\u0142\u0105czenia nieograniczon\u0105 liczb\u0119 kompatybilnych singli i wygl\u0105daj\u0105cych czat\u00f3w, dla d\u0142ugotrwa\u0142ych relacji u\u017cytkownik\u00f3w.<\/p>\n<h3>Zapa\u0142ka<\/h3>\n<p>Je\u015bli masz wi\u0119cej ni\u017c 30 lat, Match to \u015bwietna opcja na znalezienie mi\u0142o\u015bci. Rejestracja i przegl\u0105danie profili jest bezp\u0142atne, ale je\u015bli chcesz spotka\u0107 si\u0119 z kim\u015b wyj\u0105tkowym, musisz zap\u0142aci\u0107 29,99 USD miesi\u0119cznie lub 39,99 USD rocznie. Mo\u017cesz najpierw wy\u015bwietli\u0107 zdj\u0119cia lub przej\u015b\u0107 bezpo\u015brednio do wiadomo\u015bci. Dost\u0119pna jest nawet aplikacja na telefony z Androidem i iOS.<\/p>\n<p>Witryna zawiera wiele informacji o ka\u017cdym cz\u0142onku, w tym lokalizacj\u0119, zainteresowania, wykszta\u0142cenie, histori\u0119 zatrudnienia, wzrost, wag\u0119, palenie, stan cywilny, liczb\u0119 dzieci i religi\u0119.<\/p>\n<p>U\u017cytkownicy mog\u0105 r\u00f3wnie\u017c dodawa\u0107 znajomych i wysy\u0142a\u0107 im wiadomo\u015bci. Je\u015bli nie masz pewno\u015bci, jakiego rodzaju osoby szukasz, istnieje sekcja o nazwie &#8222;Ludzie, kt\u00f3rych interesuj\u0119 si\u0119&#8221;, kt\u00f3ra pokazuje innych cz\u0142onk\u00f3w, kt\u00f3rzy maj\u0105 podobne upodobania. Dodatkowo, Match oferuje us\u0142ug\u0119 premium o nazwie &#8222;Match Plus&#8221;, kt\u00f3ra obejmuje kilka dodatkowych funkcji, takich jak dost\u0119p do ekskluzywnych wydarze\u0144 i imprez.<\/p>\n<h3>Zawias<\/h3>\n<p>Hinge jest kompatybilny ze wszystkimi g\u0142\u00f3wnymi platformami, w tym Android, iOS, Windows, MacOS, Linux i Chrome OS. Jest dost\u0119pny na ca\u0142ym \u015bwiecie, co oznacza, \u017ce mo\u017cesz po\u0142\u0105czy\u0107 si\u0119 z kim\u015b w dowolnym miejscu na \u015bwiecie. Zawias nie wymaga rejestracji ani logowania. Jest to aplikacja, kt\u00f3ra pozwala u\u017cytkownikom \u0142atwo znale\u017a\u0107 daty na podstawie wsp\u00f3lnych zainteresowa\u0144.<\/p>\n<p>U\u017cytkownicy mog\u0105 udost\u0119pnia\u0107 okre\u015blone informacje o sobie, takie jak preferencje religijne, pogl\u0105dy polityczne i hobby, a nast\u0119pnie wyszukiwa\u0107 inne osoby o podobnych zainteresowaniach.<\/p>\n<p>Po nawi\u0105zaniu po\u0142\u0105czenia przez dw\u00f3ch u\u017cytkownik\u00f3w mog\u0105 rozpocz\u0105\u0107 wymian\u0119 wiadomo\u015bci. Je\u015bli obie strony zgodz\u0105 si\u0119 spotka\u0107 w okre\u015blonym miejscu, aplikacja automatycznie zasugeruje miejsca spotka\u0144 na podstawie wsp\u00f3lnego zainteresowania. Zawias to \u015bwietna opcja, je\u015bli szukasz szybkiego pod\u0142\u0105czenia lub po prostu chcesz znale\u017a\u0107 kogo\u015b, z kim mo\u017cesz wyj\u015b\u0107.<\/p>\n<h3>Hubka<\/h3>\n<p>Tinder to aplikacja do wyszukiwania dat. Tworzysz sw\u00f3j profil, dodajesz zdj\u0119cia i piszesz kr\u00f3tk\u0105 biografi\u0119 o sobie. Nast\u0119pnie mo\u017cesz przeszukiwa\u0107 profile innych u\u017cytkownik\u00f3w, szukaj\u0105c kogo\u015b, z kim chcesz si\u0119 um\u00f3wi\u0107. Gdy znajdziesz kogo\u015b, kto Ci\u0119 interesuje, przesuwasz palcem w prawo, je\u015bli Ci si\u0119 podoba, w lewo, je\u015bli nie. Je\u015bli obie strony przesun\u0105 palcem w prawo, zostaniesz dopasowany i mo\u017cesz zacz\u0105\u0107 rozmawia\u0107!<\/p>\n<h2>Na jakie aplikacje powinni\u015bmy zwr\u00f3ci\u0107 uwag\u0119?<\/h2>\n<p>Obecnie dost\u0119pnych jest wiele r\u00f3\u017cnych rodzaj\u00f3w aplikacji randkowych. Niekt\u00f3re koncentruj\u0105 si\u0119 wy\u0142\u0105cznie na znalezieniu mi\u0142o\u015bci, podczas gdy inne maj\u0105 na celu pom\u00f3c Ci si\u0119 zaprzyja\u017ani\u0107. Inne pozwalaj\u0105 na umawianie si\u0119 z wieloma osobami jednocze\u015bnie. Jeszcze inni s\u0105 nastawieni na spotkanie z kim\u015b, kto ma podobne zainteresowania. Istniej\u0105 nawet aplikacje, kt\u00f3re pozwalaj\u0105 spotka\u0107 ludzi w pobli\u017cu.<\/p>\n<p>Witryny z pod\u0142\u0105czeniami to witryny, na kt\u00f3rych u\u017cytkownicy mog\u0105 spotka\u0107 innych, kt\u00f3rzy maj\u0105 podobne zainteresowania. S\u0105 \u015bwietne, poniewa\u017c pozwalaj\u0105 znale\u017a\u0107 dok\u0142adnie to, czego szukasz, niezale\u017cnie od tego, czy jest to przypadkowy seks, zwi\u0105zek, czy po prostu jaka\u015b firma. Istnieje wiele stron z pod\u0142\u0105czeniami, ale nie wszystkie z nich s\u0105 warte odwiedzenia. Niekt\u00f3re s\u0105 zbyt drogie, niekt\u00f3re zbyt skomplikowane, a niekt\u00f3re s\u0105 po prostu nudne.<\/p>\n<p>Je\u015bli chcesz znale\u017a\u0107 witryn\u0119 z pod\u0142\u0105czeniami, kt\u00f3ra oferuje te funkcje i korzy\u015bci, spr\u00f3buj u\u017cy\u0107 tej listy najlepszych witryn do pod\u0142\u0105czania. Strony internetowe hookup to spo\u0142eczno\u015bci internetowe, w kt\u00f3rych cz\u0142onkowie spotykaj\u0105 si\u0119 na przypadkowe spotkania seksualne. Zazwyczaj mog\u0105 do\u0142\u0105czy\u0107 i oferuj\u0105 wiele korzy\u015bci, w tym mo\u017cliwo\u015b\u0107 szybkiego i \u0142atwego znalezienia partnera.<\/p>\n","protected":false},"excerpt":{"rendered":"<p>Znalezienie bratniej duszy nigdy nie jest \u0142atwe i istnieje wiele czynnik\u00f3w, kt\u00f3re wp\u0142ywaj\u0105 na znalezienie kogo\u015b wyj\u0105tkowego. Przygotowali\u015bmy list\u0119 najlepszych serwis\u00f3w randkowych i aplikacji, kt\u00f3re pomog\u0105 Ci zacz\u0105\u0107! Niezale\u017cnie od tego, czy szukasz mi\u0142o\u015bci, przyja\u017ani, towarzystwa, czy czego\u015b zupe\u0142nie innego, nasza lista dostarczy Ci wszystkich informacji potrzebnych do rozpocz\u0119cia poznawania nowych ludzi ju\u017c dzi\u015b! Czy &#8230; <a title=\"Znajd\u017a aplikacje randkowe, kt\u00f3re dzia\u0142aj\u0105 dla Ciebie\" class=\"read-more\" href=\"http:\/\/therodnikband.com\/pl\/\" aria-label=\"More on Znajd\u017a aplikacje randkowe, kt\u00f3re dzia\u0142aj\u0105 dla Ciebie\">Czytaj dalej<\/a><\/p>\n","protected":false},"author":1,"featured_media":0,"parent":0,"menu_order":0,"comment_status":"closed","ping_status":"closed","template":"","meta":[],"yoast_head":"<!-- This site is optimized with the Yoast SEO plugin v17.7.1 - https:\/\/yoast.com\/wordpress\/plugins\/seo\/ -->\n<title>- Wyszukiwarka Fling Znajd\u017a aplikacje randkowe, kt\u00f3re dzia\u0142aj\u0105 dla Ciebie<\/title>\n<meta name=\"robots\" content=\"index, follow, max-snippet:-1, max-image-preview:large, max-video-preview:-1\" \/>\n<link rel=\"canonical\" href=\"http:\/\/therodnikband.com\/pl\/\" \/>\n<meta property=\"og:locale\" content=\"pl_PL\" \/>\n<meta property=\"og:type\" content=\"article\" \/>\n<meta property=\"og:title\" content=\"- Wyszukiwarka Fling Znajd\u017a aplikacje randkowe, kt\u00f3re dzia\u0142aj\u0105 dla Ciebie\" \/>\n<meta property=\"og:description\" content=\"Znalezienie bratniej duszy nigdy nie jest \u0142atwe i istnieje wiele czynnik\u00f3w, kt\u00f3re wp\u0142ywaj\u0105 na znalezienie kogo\u015b wyj\u0105tkowego. Przygotowali\u015bmy list\u0119 najlepszych serwis\u00f3w randkowych i aplikacji, kt\u00f3re pomog\u0105 Ci zacz\u0105\u0107! Niezale\u017cnie od tego, czy szukasz mi\u0142o\u015bci, przyja\u017ani, towarzystwa, czy czego\u015b zupe\u0142nie innego, nasza lista dostarczy Ci wszystkich informacji potrzebnych do rozpocz\u0119cia poznawania nowych ludzi ju\u017c dzi\u015b! Czy ... Czytaj dalej\" \/>\n<meta property=\"og:url\" content=\"http:\/\/therodnikband.com\/pl\/\" \/>\n<meta property=\"og:site_name\" content=\"Wyszukiwarka Fling\" \/>\n<meta property=\"article:modified_time\" content=\"2022-07-06T11:59:55+00:00\" \/>\n<meta property=\"og:image\" content=\"http:\/\/therodnikband.com\/wp-content\/uploads\/2022\/07\/sex-guided-1024x679.jpeg\" \/>\n<meta name=\"twitter:card\" content=\"summary_large_image\" \/>\n<meta name=\"twitter:label1\" content=\"Szacowany czas czytania\" \/>\n\t<meta name=\"twitter:data1\" content=\"5 minut\" \/>\n<script type=\"application\/ld+json\" class=\"yoast-schema-graph\">{\"@context\":\"https:\/\/schema.org\",\"@graph\":[{\"@type\":\"WebSite\",\"@id\":\"https:\/\/therodnikband.com\/#website\",\"url\":\"https:\/\/therodnikband.com\/\",\"name\":\"Wyszukiwarka Fling\",\"description\":\"Flirt, randki i pod\\u0142\\u0105czenie!\",\"potentialAction\":[{\"@type\":\"SearchAction\",\"target\":{\"@type\":\"EntryPoint\",\"urlTemplate\":\"https:\/\/therodnikband.com\/?s={search_term_string}\"},\"query-input\":\"required name=search_term_string\"}],\"inLanguage\":\"pl-PL\"},{\"@type\":\"ImageObject\",\"@id\":\"http:\/\/therodnikband.com\/pl\/#primaryimage\",\"inLanguage\":\"pl-PL\",\"url\":\"http:\/\/therodnikband.com\/wp-content\/uploads\/2022\/07\/sex-guided.jpeg\",\"contentUrl\":\"http:\/\/therodnikband.com\/wp-content\/uploads\/2022\/07\/sex-guided.jpeg\",\"width\":2262,\"height\":1500},{\"@type\":\"WebPage\",\"@id\":\"http:\/\/therodnikband.com\/pl\/#webpage\",\"url\":\"http:\/\/therodnikband.com\/pl\/\",\"name\":\"- Wyszukiwarka Fling Znajd\\u017a aplikacje randkowe, kt\\u00f3re dzia\\u0142aj\\u0105 dla Ciebie\",\"isPartOf\":{\"@id\":\"https:\/\/therodnikband.com\/#website\"},\"primaryImageOfPage\":{\"@id\":\"http:\/\/therodnikband.com\/pl\/#primaryimage\"},\"datePublished\":\"2022-07-06T10:57:32+00:00\",\"dateModified\":\"2022-07-06T11:59:55+00:00\",\"breadcrumb\":{\"@id\":\"http:\/\/therodnikband.com\/pl\/#breadcrumb\"},\"inLanguage\":\"pl-PL\",\"potentialAction\":[{\"@type\":\"ReadAction\",\"target\":[\"http:\/\/therodnikband.com\/pl\/\"]}]},{\"@type\":\"BreadcrumbList\",\"@id\":\"http:\/\/therodnikband.com\/pl\/#breadcrumb\",\"itemListElement\":[{\"@type\":\"ListItem\",\"position\":1,\"name\":\"Dom\",\"item\":\"http:\/\/therodnikband.com\/pl\/\"},{\"@type\":\"ListItem\",\"position\":2,\"name\":\"Znajd\\u017a aplikacje randkowe, kt\\u00f3re dzia\\u0142aj\\u0105 dla Ciebie\"}]}]}<\/script>\n<!-- \/ Yoast SEO plugin. -->","yoast_head_json":{"title":"- Wyszukiwarka Fling Znajd\u017a aplikacje randkowe, kt\u00f3re dzia\u0142aj\u0105 dla Ciebie","robots":{"index":"index","follow":"follow","max-snippet":"max-snippet:-1","max-image-preview":"max-image-preview:large","max-video-preview":"max-video-preview:-1"},"canonical":"http:\/\/therodnikband.com\/pl\/","og_locale":"pl_PL","og_type":"article","og_title":"- Wyszukiwarka Fling Znajd\u017a aplikacje randkowe, kt\u00f3re dzia\u0142aj\u0105 dla Ciebie","og_description":"Znalezienie bratniej duszy nigdy nie jest \u0142atwe i istnieje wiele czynnik\u00f3w, kt\u00f3re wp\u0142ywaj\u0105 na znalezienie kogo\u015b wyj\u0105tkowego. Przygotowali\u015bmy list\u0119 najlepszych serwis\u00f3w randkowych i aplikacji, kt\u00f3re pomog\u0105 Ci zacz\u0105\u0107! Niezale\u017cnie od tego, czy szukasz mi\u0142o\u015bci, przyja\u017ani, towarzystwa, czy czego\u015b zupe\u0142nie innego, nasza lista dostarczy Ci wszystkich informacji potrzebnych do rozpocz\u0119cia poznawania nowych ludzi ju\u017c dzi\u015b! Czy ... Czytaj dalej","og_url":"http:\/\/therodnikband.com\/pl\/","og_site_name":"Wyszukiwarka Fling","article_modified_time":"2022-07-06T11:59:55+00:00","og_image":[{"url":"http:\/\/therodnikband.com\/wp-content\/uploads\/2022\/07\/sex-guided-1024x679.jpeg"}],"twitter_card":"summary_large_image","twitter_misc":{"Szacowany czas czytania":"5 minut"},"schema":{"@context":"https:\/\/schema.org","@graph":[{"@type":"WebSite","@id":"https:\/\/therodnikband.com\/#website","url":"https:\/\/therodnikband.com\/","name":"Wyszukiwarka Fling","description":"Flirt, randki i pod\u0142\u0105czenie!","potentialAction":[{"@type":"SearchAction","target":{"@type":"EntryPoint","urlTemplate":"https:\/\/therodnikband.com\/?s={search_term_string}"},"query-input":"required name=search_term_string"}],"inLanguage":"pl-PL"},{"@type":"ImageObject","@id":"http:\/\/therodnikband.com\/pl\/#primaryimage","inLanguage":"pl-PL","url":"http:\/\/therodnikband.com\/wp-content\/uploads\/2022\/07\/sex-guided.jpeg","contentUrl":"http:\/\/therodnikband.com\/wp-content\/uploads\/2022\/07\/sex-guided.jpeg","width":2262,"height":1500},{"@type":"WebPage","@id":"http:\/\/therodnikband.com\/pl\/#webpage","url":"http:\/\/therodnikband.com\/pl\/","name":"- Wyszukiwarka Fling Znajd\u017a aplikacje randkowe, kt\u00f3re dzia\u0142aj\u0105 dla Ciebie","isPartOf":{"@id":"https:\/\/therodnikband.com\/#website"},"primaryImageOfPage":{"@id":"http:\/\/therodnikband.com\/pl\/#primaryimage"},"datePublished":"2022-07-06T10:57:32+00:00","dateModified":"2022-07-06T11:59:55+00:00","breadcrumb":{"@id":"http:\/\/therodnikband.com\/pl\/#breadcrumb"},"inLanguage":"pl-PL","potentialAction":[{"@type":"ReadAction","target":["http:\/\/therodnikband.com\/pl\/"]}]},{"@type":"BreadcrumbList","@id":"http:\/\/therodnikband.com\/pl\/#breadcrumb","itemListElement":[{"@type":"ListItem","position":1,"name":"Dom","item":"http:\/\/therodnikband.com\/pl\/"},{"@type":"ListItem","position":2,"name":"Znajd\u017a aplikacje randkowe, kt\u00f3re dzia\u0142aj\u0105 dla Ciebie"}]}]}},"_links":{"self":[{"href":"http:\/\/therodnikband.com\/pl\/wp-json\/wp\/v2\/pages\/221"}],"collection":[{"href":"http:\/\/therodnikband.com\/pl\/wp-json\/wp\/v2\/pages"}],"about":[{"href":"http:\/\/therodnikband.com\/pl\/wp-json\/wp\/v2\/types\/page"}],"author":[{"embeddable":true,"href":"http:\/\/therodnikband.com\/pl\/wp-json\/wp\/v2\/users\/1"}],"replies":[{"embeddable":true,"href":"http:\/\/therodnikband.com\/pl\/wp-json\/wp\/v2\/comments?post=221"}],"version-history":[{"count":1,"href":"http:\/\/therodnikband.com\/pl\/wp-json\/wp\/v2\/pages\/221\/revisions"}],"predecessor-version":[{"id":335,"href":"http:\/\/therodnikband.com\/pl\/wp-json\/wp\/v2\/pages\/221\/revisions\/335"}],"wp:attachment":[{"href":"http:\/\/therodnikband.com\/pl\/wp-json\/wp\/v2\/media?parent=221"}],"curies":[{"name":"wp","href":"https:\/\/api.w.org\/{rel}","templated":true}]}}