{"id":229,"date":"2022-07-06T12:17:13","date_gmt":"2022-07-06T11:17:13","guid":{"rendered":"http:\/\/therodnikband.com\/przesuwanie-aplikacji-randkowych\/"},"modified":"2022-07-06T12:17:13","modified_gmt":"2022-07-06T11:17:13","slug":"przesuwanie-aplikacji-randkowych","status":"publish","type":"page","link":"http:\/\/therodnikband.com\/pl\/przesuwanie-aplikacji-randkowych\/","title":{"rendered":"Przesuwanie aplikacji randkowych"},"content":{"rendered":"<p>Aplikacje randkowe przesz\u0142y d\u0142ug\u0105 drog\u0119 od ich wczesnych wciele\u0144. Podczas gdy dopasowywanie za pomoc\u0105 przesuwania jest nadal norm\u0105, wiele z nich oferuje dodatkowe funkcje, takie jak kwestionariusze, czaty lub rozmowy wideo. Niekt\u00f3rzy nawet ca\u0142kowicie rezygnuj\u0105 z przesuwania, oferuj\u0105c alternatywy, takie jak polubienie czyjego\u015b zdj\u0119cia lub wys\u0142anie im wiadomo\u015bci. Niezale\u017cnie od tego, randki s\u0105 zasadniczo w twoich r\u0119kach.<\/p>\n<p>Niezale\u017cnie od tego, czy chcesz spotka\u0107 kogo\u015b od niechcenia, czy <a href=\"http:\/\/therodnikband.com\/pl\/ebony-serwisy-randkowe\/\">w powa\u017cnym zwi\u0105zku<\/a> &#8211; jest na to aplikacja. Wa\u017cne jest jednak, aby wypr\u00f3bowa\u0107 kilka przed znalezieniem odpowiedniego dopasowania. Zaoszcz\u0119dzili\u015bmy Ci troch\u0119 wyszukiwania, zbieraj\u0105c najlepsze aplikacje randkowe na Androida, upewniaj\u0105c si\u0119, \u017ce uzyskasz najlepsze dopasowanie do swoich potrzeb.<\/p>\n<p><img loading=\"lazy\" class=\"aligncenter wp-image-43\" src=\"http:\/\/therodnikband.com\/wp-content\/uploads\/2022\/07\/best-dating-websites-1024x683.jpeg\" alt=\"\" width=\"630\" height=\"420\" srcset=\"http:\/\/therodnikband.com\/wp-content\/uploads\/2022\/07\/best-dating-websites-1024x683.jpeg 1024w, http:\/\/therodnikband.com\/wp-content\/uploads\/2022\/07\/best-dating-websites-300x200.jpeg 300w, http:\/\/therodnikband.com\/wp-content\/uploads\/2022\/07\/best-dating-websites-768x512.jpeg 768w, http:\/\/therodnikband.com\/wp-content\/uploads\/2022\/07\/best-dating-websites-1536x1024.jpeg 1536w, http:\/\/therodnikband.com\/wp-content\/uploads\/2022\/07\/best-dating-websites-2048x1365.jpeg 2048w\" sizes=\"(max-width: 630px) 100vw, 630px\" \/><\/p>\n<h2>Kawa spotyka bajgiel<\/h2>\n<p>Coffee Meets Bagel to aplikacja mobilna, kt\u00f3ra pozwala u\u017cytkownikom spotka\u0107 innych singli w pobli\u017cu. U\u017cytkownicy mog\u0105 przegl\u0105da\u0107 <a href=\"http:\/\/therodnikband.com\/pl\/bdsm-randki\/\">r\u00f3\u017cne kategorie<\/a>, w tym wiek, lokalizacj\u0119, religi\u0119, wykszta\u0142cenie, zaw\u00f3d, status zwi\u0105zku i inne. Gdy znajdziesz kogo\u015b, kogo lubisz, mo\u017cesz zacz\u0105\u0107 rozmawia\u0107 i wysy\u0142a\u0107 wiadomo\u015bci. Mo\u017cesz tak\u017ce ustawi\u0107 swoje preferencje, na przyk\u0142ad typ daty, kt\u00f3rej szukasz. Je\u015bli oboje czujecie si\u0119 wystarczaj\u0105co komfortowo, mo\u017cecie um\u00f3wi\u0107 si\u0119 na randk\u0119 z kaw\u0105.<\/p>\n<h2>Bumble<\/h2>\n<p>Bumble twierdzi, \u017ce r\u00f3\u017cni si\u0119 od innych aplikacji randkowych, poniewa\u017c nie wymaga od u\u017cytkownik\u00f3w przesuwania palcem w prawo, aby kogo\u015b polubi\u0107. Zamiast tego po prostu wysy\u0142asz im wiadomo\u015b\u0107. Je\u015bli nie s\u0105 zainteresowani, zignoruj\u0105 Twoje wiadomo\u015bci. A je\u015bli s\u0105 zainteresowani, odpowiedz\u0105. Mo\u017cesz tak\u017ce doda\u0107 kilka dodatkowych poprawek, aby zwi\u0119kszy\u0107 swoje szanse na uzyskanie odpowiedzi. Aby zach\u0119ci\u0107 do wzajemnego zainteresowania, mo\u017cesz udost\u0119pni\u0107 swoje zdj\u0119cie, oznaczy\u0107 swoj\u0105 lokalizacj\u0119 lub wspomnie\u0107 co\u015b o swojej osobowo\u015bci.<\/p>\n<h2>JEJ<\/h2>\n<p>HER to aplikacja randkowa, kt\u00f3ra \u0142\u0105czy u\u017cytkownik\u00f3w za pomoc\u0105 prostego interfejsu. Mo\u017cesz wyszuka\u0107 kogo\u015b w pobli\u017cu lub przegl\u0105da\u0107 profile innych u\u017cytkownik\u00f3w. Po znalezieniu dopasowania mo\u017cesz czatowa\u0107 lub wymienia\u0107 wiadomo\u015bci. Je\u015bli oboje macie ochot\u0119 lepiej si\u0119 pozna\u0107, mo\u017cecie zacz\u0105\u0107 rozmawia\u0107.<\/p>\n<p>Po kr\u00f3tkiej rozmowie mo\u017cesz zdecydowa\u0107, czy chcesz kontynuowa\u0107 rozmow\u0119. Je\u015bli podoba ci si\u0119 to, co widzisz, mo\u017cesz wys\u0142a\u0107 im &#8222;serce&#8221; &#8211; pozytywny znak, \u017ce uwa\u017casz, \u017ce s\u0105 wystarczaj\u0105co urocze, aby wyj\u015b\u0107. Je\u015bli tego nie zrobisz, mo\u017cesz pozostawi\u0107 to pole puste.<\/p>\n<p>Kiedy otrzymasz serce, mo\u017cesz odpowiedzie\u0107 u\u015bmiechni\u0119t\u0105 bu\u017ak\u0105, kciukiem w g\u00f3r\u0119, kciukiem w d\u00f3\u0142, poca\u0142unkiem, uderzeniem pi\u0119\u015bci\u0105 lub niczym.<\/p>\n<h2>Nasze porady<\/h2>\n<p>Je\u015bli szukasz aplikacji randkowej, kt\u00f3ra nie wymaga op\u0142aty cz\u0142onkowskiej, jest ich mn\u00f3stwo. Happn, Bumble i Tinder to tylko niekt\u00f3re z nich. Ale je\u015bli podoba Ci si\u0119 pomys\u0142 p\u0142acenia za rozmow\u0119 z kim\u015b, kogo lubisz, to Match mo\u017ce by\u0107 w\u0142a\u015bnie dla Ciebie.<\/p>\n","protected":false},"excerpt":{"rendered":"<p>Aplikacje randkowe przesz\u0142y d\u0142ug\u0105 drog\u0119 od ich wczesnych wciele\u0144. Podczas gdy dopasowywanie za pomoc\u0105 przesuwania jest nadal norm\u0105, wiele z nich oferuje dodatkowe funkcje, takie jak kwestionariusze, czaty lub rozmowy wideo. Niekt\u00f3rzy nawet ca\u0142kowicie rezygnuj\u0105 z przesuwania, oferuj\u0105c alternatywy, takie jak polubienie czyjego\u015b zdj\u0119cia lub wys\u0142anie im wiadomo\u015bci. Niezale\u017cnie od tego, randki s\u0105 zasadniczo w &#8230; <a title=\"Przesuwanie aplikacji randkowych\" class=\"read-more\" href=\"http:\/\/therodnikband.com\/pl\/przesuwanie-aplikacji-randkowych\/\" aria-label=\"More on Przesuwanie aplikacji randkowych\">Czytaj dalej<\/a><\/p>\n","protected":false},"author":1,"featured_media":0,"parent":0,"menu_order":0,"comment_status":"closed","ping_status":"closed","template":"","meta":[],"yoast_head":"<!-- This site is optimized with the Yoast SEO plugin v17.7.1 - https:\/\/yoast.com\/wordpress\/plugins\/seo\/ -->\n<title>- Wyszukiwarka Fling Przesuwanie aplikacji randkowych<\/title>\n<meta name=\"robots\" content=\"index, follow, max-snippet:-1, max-image-preview:large, max-video-preview:-1\" \/>\n<link rel=\"canonical\" href=\"http:\/\/therodnikband.com\/pl\/przesuwanie-aplikacji-randkowych\/\" \/>\n<meta property=\"og:locale\" content=\"pl_PL\" \/>\n<meta property=\"og:type\" content=\"article\" \/>\n<meta property=\"og:title\" content=\"- Wyszukiwarka Fling Przesuwanie aplikacji randkowych\" \/>\n<meta property=\"og:description\" content=\"Aplikacje randkowe przesz\u0142y d\u0142ug\u0105 drog\u0119 od ich wczesnych wciele\u0144. Podczas gdy dopasowywanie za pomoc\u0105 przesuwania jest nadal norm\u0105, wiele z nich oferuje dodatkowe funkcje, takie jak kwestionariusze, czaty lub rozmowy wideo. Niekt\u00f3rzy nawet ca\u0142kowicie rezygnuj\u0105 z przesuwania, oferuj\u0105c alternatywy, takie jak polubienie czyjego\u015b zdj\u0119cia lub wys\u0142anie im wiadomo\u015bci. Niezale\u017cnie od tego, randki s\u0105 zasadniczo w ... Czytaj dalej\" \/>\n<meta property=\"og:url\" content=\"http:\/\/therodnikband.com\/pl\/przesuwanie-aplikacji-randkowych\/\" \/>\n<meta property=\"og:site_name\" content=\"Wyszukiwarka Fling\" \/>\n<meta property=\"og:image\" content=\"http:\/\/therodnikband.com\/wp-content\/uploads\/2022\/07\/best-dating-websites-1024x683.jpeg\" \/>\n<meta name=\"twitter:card\" content=\"summary_large_image\" \/>\n<meta name=\"twitter:label1\" content=\"Szacowany czas czytania\" \/>\n\t<meta name=\"twitter:data1\" content=\"2 minuty\" \/>\n<script type=\"application\/ld+json\" class=\"yoast-schema-graph\">{\"@context\":\"https:\/\/schema.org\",\"@graph\":[{\"@type\":\"WebSite\",\"@id\":\"https:\/\/therodnikband.com\/#website\",\"url\":\"https:\/\/therodnikband.com\/\",\"name\":\"Wyszukiwarka Fling\",\"description\":\"Flirt, randki i pod\\u0142\\u0105czenie!\",\"potentialAction\":[{\"@type\":\"SearchAction\",\"target\":{\"@type\":\"EntryPoint\",\"urlTemplate\":\"https:\/\/therodnikband.com\/?s={search_term_string}\"},\"query-input\":\"required name=search_term_string\"}],\"inLanguage\":\"pl-PL\"},{\"@type\":\"ImageObject\",\"@id\":\"http:\/\/therodnikband.com\/pl\/przesuwanie-aplikacji-randkowych\/#primaryimage\",\"inLanguage\":\"pl-PL\",\"url\":\"http:\/\/therodnikband.com\/wp-content\/uploads\/2022\/07\/best-dating-websites.jpeg\",\"contentUrl\":\"http:\/\/therodnikband.com\/wp-content\/uploads\/2022\/07\/best-dating-websites.jpeg\",\"width\":2250,\"height\":1500},{\"@type\":\"WebPage\",\"@id\":\"http:\/\/therodnikband.com\/pl\/przesuwanie-aplikacji-randkowych\/#webpage\",\"url\":\"http:\/\/therodnikband.com\/pl\/przesuwanie-aplikacji-randkowych\/\",\"name\":\"- Wyszukiwarka Fling Przesuwanie aplikacji randkowych\",\"isPartOf\":{\"@id\":\"https:\/\/therodnikband.com\/#website\"},\"primaryImageOfPage\":{\"@id\":\"http:\/\/therodnikband.com\/pl\/przesuwanie-aplikacji-randkowych\/#primaryimage\"},\"datePublished\":\"2022-07-06T11:17:13+00:00\",\"dateModified\":\"2022-07-06T11:17:13+00:00\",\"breadcrumb\":{\"@id\":\"http:\/\/therodnikband.com\/pl\/przesuwanie-aplikacji-randkowych\/#breadcrumb\"},\"inLanguage\":\"pl-PL\",\"potentialAction\":[{\"@type\":\"ReadAction\",\"target\":[\"http:\/\/therodnikband.com\/pl\/przesuwanie-aplikacji-randkowych\/\"]}]},{\"@type\":\"BreadcrumbList\",\"@id\":\"http:\/\/therodnikband.com\/pl\/przesuwanie-aplikacji-randkowych\/#breadcrumb\",\"itemListElement\":[{\"@type\":\"ListItem\",\"position\":1,\"name\":\"Dom\",\"item\":\"http:\/\/therodnikband.com\/pl\/\"},{\"@type\":\"ListItem\",\"position\":2,\"name\":\"Przesuwanie aplikacji randkowych\"}]}]}<\/script>\n<!-- \/ Yoast SEO plugin. -->","yoast_head_json":{"title":"- Wyszukiwarka Fling Przesuwanie aplikacji randkowych","robots":{"index":"index","follow":"follow","max-snippet":"max-snippet:-1","max-image-preview":"max-image-preview:large","max-video-preview":"max-video-preview:-1"},"canonical":"http:\/\/therodnikband.com\/pl\/przesuwanie-aplikacji-randkowych\/","og_locale":"pl_PL","og_type":"article","og_title":"- Wyszukiwarka Fling Przesuwanie aplikacji randkowych","og_description":"Aplikacje randkowe przesz\u0142y d\u0142ug\u0105 drog\u0119 od ich wczesnych wciele\u0144. Podczas gdy dopasowywanie za pomoc\u0105 przesuwania jest nadal norm\u0105, wiele z nich oferuje dodatkowe funkcje, takie jak kwestionariusze, czaty lub rozmowy wideo. Niekt\u00f3rzy nawet ca\u0142kowicie rezygnuj\u0105 z przesuwania, oferuj\u0105c alternatywy, takie jak polubienie czyjego\u015b zdj\u0119cia lub wys\u0142anie im wiadomo\u015bci. Niezale\u017cnie od tego, randki s\u0105 zasadniczo w ... Czytaj dalej","og_url":"http:\/\/therodnikband.com\/pl\/przesuwanie-aplikacji-randkowych\/","og_site_name":"Wyszukiwarka Fling","og_image":[{"url":"http:\/\/therodnikband.com\/wp-content\/uploads\/2022\/07\/best-dating-websites-1024x683.jpeg"}],"twitter_card":"summary_large_image","twitter_misc":{"Szacowany czas czytania":"2 minuty"},"schema":{"@context":"https:\/\/schema.org","@graph":[{"@type":"WebSite","@id":"https:\/\/therodnikband.com\/#website","url":"https:\/\/therodnikband.com\/","name":"Wyszukiwarka Fling","description":"Flirt, randki i pod\u0142\u0105czenie!","potentialAction":[{"@type":"SearchAction","target":{"@type":"EntryPoint","urlTemplate":"https:\/\/therodnikband.com\/?s={search_term_string}"},"query-input":"required name=search_term_string"}],"inLanguage":"pl-PL"},{"@type":"ImageObject","@id":"http:\/\/therodnikband.com\/pl\/przesuwanie-aplikacji-randkowych\/#primaryimage","inLanguage":"pl-PL","url":"http:\/\/therodnikband.com\/wp-content\/uploads\/2022\/07\/best-dating-websites.jpeg","contentUrl":"http:\/\/therodnikband.com\/wp-content\/uploads\/2022\/07\/best-dating-websites.jpeg","width":2250,"height":1500},{"@type":"WebPage","@id":"http:\/\/therodnikband.com\/pl\/przesuwanie-aplikacji-randkowych\/#webpage","url":"http:\/\/therodnikband.com\/pl\/przesuwanie-aplikacji-randkowych\/","name":"- Wyszukiwarka Fling Przesuwanie aplikacji randkowych","isPartOf":{"@id":"https:\/\/therodnikband.com\/#website"},"primaryImageOfPage":{"@id":"http:\/\/therodnikband.com\/pl\/przesuwanie-aplikacji-randkowych\/#primaryimage"},"datePublished":"2022-07-06T11:17:13+00:00","dateModified":"2022-07-06T11:17:13+00:00","breadcrumb":{"@id":"http:\/\/therodnikband.com\/pl\/przesuwanie-aplikacji-randkowych\/#breadcrumb"},"inLanguage":"pl-PL","potentialAction":[{"@type":"ReadAction","target":["http:\/\/therodnikband.com\/pl\/przesuwanie-aplikacji-randkowych\/"]}]},{"@type":"BreadcrumbList","@id":"http:\/\/therodnikband.com\/pl\/przesuwanie-aplikacji-randkowych\/#breadcrumb","itemListElement":[{"@type":"ListItem","position":1,"name":"Dom","item":"http:\/\/therodnikband.com\/pl\/"},{"@type":"ListItem","position":2,"name":"Przesuwanie aplikacji randkowych"}]}]}},"_links":{"self":[{"href":"http:\/\/therodnikband.com\/pl\/wp-json\/wp\/v2\/pages\/229"}],"collection":[{"href":"http:\/\/therodnikband.com\/pl\/wp-json\/wp\/v2\/pages"}],"about":[{"href":"http:\/\/therodnikband.com\/pl\/wp-json\/wp\/v2\/types\/page"}],"author":[{"embeddable":true,"href":"http:\/\/therodnikband.com\/pl\/wp-json\/wp\/v2\/users\/1"}],"replies":[{"embeddable":true,"href":"http:\/\/therodnikband.com\/pl\/wp-json\/wp\/v2\/comments?post=229"}],"version-history":[{"count":0,"href":"http:\/\/therodnikband.com\/pl\/wp-json\/wp\/v2\/pages\/229\/revisions"}],"wp:attachment":[{"href":"http:\/\/therodnikband.com\/pl\/wp-json\/wp\/v2\/media?parent=229"}],"curies":[{"name":"wp","href":"https:\/\/api.w.org\/{rel}","templated":true}]}}