{"id":161,"date":"2022-07-06T12:26:39","date_gmt":"2022-07-06T11:26:39","guid":{"rendered":"http:\/\/therodnikband.com\/encontro-de-bdsm\/"},"modified":"2022-07-06T12:26:39","modified_gmt":"2022-07-06T11:26:39","slug":"encontro-de-bdsm","status":"publish","type":"page","link":"http:\/\/therodnikband.com\/pt-br\/encontro-de-bdsm\/","title":{"rendered":"Encontro de BDSM"},"content":{"rendered":"<p>BDSM \u00e9 uma pr\u00e1tica sexual que envolve escravid\u00e3o, domin\u00e2ncia, submiss\u00e3o, sadismo, masoquismo e outras atividades relacionadas. Embora muitas pessoas pensem que bdsm \u00e9 apenas sobre dor, ele realmente vai al\u00e9m disso, incluindo prazer e divers\u00e3o. Existem diferentes tipos de perversos, e cada tipo de indiv\u00edduo exc\u00eantrico vai preferir certos fetiches. Algumas pessoas gostam de ser amarradas enquanto outras gostam de ser espancadas.<\/p>\n<p>Por exemplo, um submisso dominante pode gostar de amarrar seu parceiro e depois espanc\u00e1-lo. Se ele gosta de ser dominado, ent\u00e3o ele pode gostar de  amarra-la e depois deixar outra pessoa domin\u00e1-la.<\/p>\n<p>Algumas pessoas preferem jogar duro, enquanto outras gostam de ser gentis e rom\u00e2nticas. Claro, se voc\u00ea n\u00e3o tem certeza do que \u00e9 o seu fetiche particular, ent\u00e3o voc\u00ea deve verificar as comunidades BDSM <a href=\"http:\/\/therodnikband.com\/pt-br\/aplicativos-de-namoro\/\">on-line<\/a>. Voc\u00ea ver\u00e1 que existem muitos tipos diferentes de pessoas, e voc\u00ea pode se juntar a qualquer tipo de comunidade que lhe interesse.<\/p>\n<p><img loading=\"lazy\" class=\"aligncenter size-full wp-image-47\" src=\"http:\/\/therodnikband.com\/wp-content\/uploads\/2022\/07\/kink-dating.jpg\" alt=\"\" width=\"300\" height=\"200\"><\/p>\n<h2>Por que tentar o namoro do Kink?<\/h2>\n<p>\u00c9 importante lembrar que todos t\u00eam prefer\u00eancias diferentes quando se trata de que tipo de roleplay eles gostariam de se envolver.<\/p>\n<p>Algumas pessoas preferem ser submissas e outras dominantes. Algumas pessoas gostam de se vestir, enquanto outras preferem ser apenas elas mesmas. \u00c9 importante lembrar que n\u00e3o importa em que tipo de roleplay voc\u00ea esteja interessado, a seguran\u00e7a deve sempre vir primeiro. Nunca se sabe o que outra pessoa pode estar confort\u00e1vel fazendo at\u00e9 que voc\u00ea tenha a chance de conhec\u00ea-la.<\/p>\n<p>Se algo se sente desconfort\u00e1vel, voc\u00ea n\u00e3o deve <a href=\"http:\/\/therodnikband.com\/pt-br\/sites-de-namoro-de-ebano\/\">se esfor\u00e7ar<\/a>. Em vez disso, espere at\u00e9 se sentir confort\u00e1vel o suficiente para tentar novamente.<\/p>\n<h2>Por que tentar FetLife?<\/h2>\n<p>FetLife \u00e9 o maior site de namoro online gratuito para solteiros e swingers exc\u00eantricos. \u00c9 o lugar mais popular para pessoas interessadas em BDSM e outras pr\u00e1ticas sexuais alternativas. A FetLife tornou-se o padr\u00e3o de fato para encontrar parceiros e eventos locais. O site permite que os usu\u00e1rios publiquem fotos, v\u00eddeos e descri\u00e7\u00f5es de seus fetiches, interesses e atividades.<\/p>\n<p>Os usu\u00e1rios tamb\u00e9m podem criar grupos, participar de eventos e se conectar atrav\u00e9s de mensagens privadas. A FetLife tamb\u00e9m oferece um aplicativo m\u00f3vel para dispositivos Android e iOS.<\/p>\n<h2>Alternativa FetLife?<\/h2>\n<p>Whiplrl \u00e9 um site de encontros exc\u00eantrico que tem uma grande base de usu\u00e1rios. Ele permite que voc\u00ea navegue por centenas de fetiches diferentes, de iniciantes a especialistas. Voc\u00ea pode pesquisar por local para encontrar outros interessados em seus interesses. H\u00e1 tamb\u00e9m eventos locais em todo o pa\u00eds. Se voc\u00ea est\u00e1 procurando por algo espec\u00edfico, voc\u00ea pode at\u00e9 mesmo criar seu pr\u00f3prio evento.<\/p>\n","protected":false},"excerpt":{"rendered":"<p>BDSM \u00e9 uma pr\u00e1tica sexual que envolve escravid\u00e3o, domin\u00e2ncia, submiss\u00e3o, sadismo, masoquismo e outras atividades relacionadas. Embora muitas pessoas pensem que bdsm \u00e9 apenas sobre dor, ele realmente vai al\u00e9m disso, incluindo prazer e divers\u00e3o. Existem diferentes tipos de perversos, e cada tipo de indiv\u00edduo exc\u00eantrico vai preferir certos fetiches. Algumas pessoas gostam de ser &#8230; <a title=\"Encontro de BDSM\" class=\"read-more\" href=\"http:\/\/therodnikband.com\/pt-br\/encontro-de-bdsm\/\" aria-label=\"More on Encontro de BDSM\">Ler mais<\/a><\/p>\n","protected":false},"author":1,"featured_media":0,"parent":0,"menu_order":0,"comment_status":"closed","ping_status":"closed","template":"","meta":[],"yoast_head":"<!-- This site is optimized with the Yoast SEO plugin v17.7.1 - https:\/\/yoast.com\/wordpress\/plugins\/seo\/ -->\n<title>Encontro de BDSM - Fling Finder<\/title>\n<meta name=\"robots\" content=\"index, follow, max-snippet:-1, max-image-preview:large, max-video-preview:-1\" \/>\n<link rel=\"canonical\" href=\"http:\/\/therodnikband.com\/pt-br\/encontro-de-bdsm\/\" \/>\n<meta property=\"og:locale\" content=\"pt_BR\" \/>\n<meta property=\"og:type\" content=\"article\" \/>\n<meta property=\"og:title\" content=\"Encontro de BDSM - Fling Finder\" \/>\n<meta property=\"og:description\" content=\"BDSM \u00e9 uma pr\u00e1tica sexual que envolve escravid\u00e3o, domin\u00e2ncia, submiss\u00e3o, sadismo, masoquismo e outras atividades relacionadas. Embora muitas pessoas pensem que bdsm \u00e9 apenas sobre dor, ele realmente vai al\u00e9m disso, incluindo prazer e divers\u00e3o. Existem diferentes tipos de perversos, e cada tipo de indiv\u00edduo exc\u00eantrico vai preferir certos fetiches. Algumas pessoas gostam de ser ... Ler mais\" \/>\n<meta property=\"og:url\" content=\"http:\/\/therodnikband.com\/pt-br\/encontro-de-bdsm\/\" \/>\n<meta property=\"og:site_name\" content=\"Fling Finder\" \/>\n<meta property=\"og:image\" content=\"http:\/\/therodnikband.com\/wp-content\/uploads\/2022\/07\/kink-dating.jpg\" \/>\n<meta name=\"twitter:card\" content=\"summary_large_image\" \/>\n<meta name=\"twitter:label1\" content=\"Est. tempo de leitura\" \/>\n\t<meta name=\"twitter:data1\" content=\"2 minutos\" \/>\n<script type=\"application\/ld+json\" class=\"yoast-schema-graph\">{\"@context\":\"https:\/\/schema.org\",\"@graph\":[{\"@type\":\"WebSite\",\"@id\":\"https:\/\/therodnikband.com\/#website\",\"url\":\"https:\/\/therodnikband.com\/\",\"name\":\"Fling Finder\",\"description\":\"Flerte, Namoro e Conex\\u00e3o!\",\"potentialAction\":[{\"@type\":\"SearchAction\",\"target\":{\"@type\":\"EntryPoint\",\"urlTemplate\":\"https:\/\/therodnikband.com\/?s={search_term_string}\"},\"query-input\":\"required name=search_term_string\"}],\"inLanguage\":\"pt-BR\"},{\"@type\":\"ImageObject\",\"@id\":\"http:\/\/therodnikband.com\/pt-br\/encontro-de-bdsm\/#primaryimage\",\"inLanguage\":\"pt-BR\",\"url\":\"http:\/\/therodnikband.com\/wp-content\/uploads\/2022\/07\/kink-dating.jpg\",\"contentUrl\":\"http:\/\/therodnikband.com\/wp-content\/uploads\/2022\/07\/kink-dating.jpg\",\"width\":300,\"height\":200},{\"@type\":\"WebPage\",\"@id\":\"http:\/\/therodnikband.com\/pt-br\/encontro-de-bdsm\/#webpage\",\"url\":\"http:\/\/therodnikband.com\/pt-br\/encontro-de-bdsm\/\",\"name\":\"Encontro de BDSM - Fling Finder\",\"isPartOf\":{\"@id\":\"https:\/\/therodnikband.com\/#website\"},\"primaryImageOfPage\":{\"@id\":\"http:\/\/therodnikband.com\/pt-br\/encontro-de-bdsm\/#primaryimage\"},\"datePublished\":\"2022-07-06T11:26:39+00:00\",\"dateModified\":\"2022-07-06T11:26:39+00:00\",\"breadcrumb\":{\"@id\":\"http:\/\/therodnikband.com\/pt-br\/encontro-de-bdsm\/#breadcrumb\"},\"inLanguage\":\"pt-BR\",\"potentialAction\":[{\"@type\":\"ReadAction\",\"target\":[\"http:\/\/therodnikband.com\/pt-br\/encontro-de-bdsm\/\"]}]},{\"@type\":\"BreadcrumbList\",\"@id\":\"http:\/\/therodnikband.com\/pt-br\/encontro-de-bdsm\/#breadcrumb\",\"itemListElement\":[{\"@type\":\"ListItem\",\"position\":1,\"name\":\"Casa\",\"item\":\"https:\/\/therodnikband.com\/pt-br\/\"},{\"@type\":\"ListItem\",\"position\":2,\"name\":\"Encontro de BDSM\"}]}]}<\/script>\n<!-- \/ Yoast SEO plugin. -->","yoast_head_json":{"title":"Encontro de BDSM - Fling Finder","robots":{"index":"index","follow":"follow","max-snippet":"max-snippet:-1","max-image-preview":"max-image-preview:large","max-video-preview":"max-video-preview:-1"},"canonical":"http:\/\/therodnikband.com\/pt-br\/encontro-de-bdsm\/","og_locale":"pt_BR","og_type":"article","og_title":"Encontro de BDSM - Fling Finder","og_description":"BDSM \u00e9 uma pr\u00e1tica sexual que envolve escravid\u00e3o, domin\u00e2ncia, submiss\u00e3o, sadismo, masoquismo e outras atividades relacionadas. Embora muitas pessoas pensem que bdsm \u00e9 apenas sobre dor, ele realmente vai al\u00e9m disso, incluindo prazer e divers\u00e3o. Existem diferentes tipos de perversos, e cada tipo de indiv\u00edduo exc\u00eantrico vai preferir certos fetiches. Algumas pessoas gostam de ser ... Ler mais","og_url":"http:\/\/therodnikband.com\/pt-br\/encontro-de-bdsm\/","og_site_name":"Fling Finder","og_image":[{"url":"http:\/\/therodnikband.com\/wp-content\/uploads\/2022\/07\/kink-dating.jpg"}],"twitter_card":"summary_large_image","twitter_misc":{"Est. tempo de leitura":"2 minutos"},"schema":{"@context":"https:\/\/schema.org","@graph":[{"@type":"WebSite","@id":"https:\/\/therodnikband.com\/#website","url":"https:\/\/therodnikband.com\/","name":"Fling Finder","description":"Flerte, Namoro e Conex\u00e3o!","potentialAction":[{"@type":"SearchAction","target":{"@type":"EntryPoint","urlTemplate":"https:\/\/therodnikband.com\/?s={search_term_string}"},"query-input":"required name=search_term_string"}],"inLanguage":"pt-BR"},{"@type":"ImageObject","@id":"http:\/\/therodnikband.com\/pt-br\/encontro-de-bdsm\/#primaryimage","inLanguage":"pt-BR","url":"http:\/\/therodnikband.com\/wp-content\/uploads\/2022\/07\/kink-dating.jpg","contentUrl":"http:\/\/therodnikband.com\/wp-content\/uploads\/2022\/07\/kink-dating.jpg","width":300,"height":200},{"@type":"WebPage","@id":"http:\/\/therodnikband.com\/pt-br\/encontro-de-bdsm\/#webpage","url":"http:\/\/therodnikband.com\/pt-br\/encontro-de-bdsm\/","name":"Encontro de BDSM - Fling Finder","isPartOf":{"@id":"https:\/\/therodnikband.com\/#website"},"primaryImageOfPage":{"@id":"http:\/\/therodnikband.com\/pt-br\/encontro-de-bdsm\/#primaryimage"},"datePublished":"2022-07-06T11:26:39+00:00","dateModified":"2022-07-06T11:26:39+00:00","breadcrumb":{"@id":"http:\/\/therodnikband.com\/pt-br\/encontro-de-bdsm\/#breadcrumb"},"inLanguage":"pt-BR","potentialAction":[{"@type":"ReadAction","target":["http:\/\/therodnikband.com\/pt-br\/encontro-de-bdsm\/"]}]},{"@type":"BreadcrumbList","@id":"http:\/\/therodnikband.com\/pt-br\/encontro-de-bdsm\/#breadcrumb","itemListElement":[{"@type":"ListItem","position":1,"name":"Casa","item":"https:\/\/therodnikband.com\/pt-br\/"},{"@type":"ListItem","position":2,"name":"Encontro de BDSM"}]}]}},"_links":{"self":[{"href":"http:\/\/therodnikband.com\/pt-br\/wp-json\/wp\/v2\/pages\/161"}],"collection":[{"href":"http:\/\/therodnikband.com\/pt-br\/wp-json\/wp\/v2\/pages"}],"about":[{"href":"http:\/\/therodnikband.com\/pt-br\/wp-json\/wp\/v2\/types\/page"}],"author":[{"embeddable":true,"href":"http:\/\/therodnikband.com\/pt-br\/wp-json\/wp\/v2\/users\/1"}],"replies":[{"embeddable":true,"href":"http:\/\/therodnikband.com\/pt-br\/wp-json\/wp\/v2\/comments?post=161"}],"version-history":[{"count":0,"href":"http:\/\/therodnikband.com\/pt-br\/wp-json\/wp\/v2\/pages\/161\/revisions"}],"wp:attachment":[{"href":"http:\/\/therodnikband.com\/pt-br\/wp-json\/wp\/v2\/media?parent=161"}],"curies":[{"name":"wp","href":"https:\/\/api.w.org\/{rel}","templated":true}]}}