{"id":167,"date":"2022-07-06T12:22:01","date_gmt":"2022-07-06T11:22:01","guid":{"rendered":"http:\/\/therodnikband.com\/sites-de-namoro-de-ebano\/"},"modified":"2022-07-06T12:22:01","modified_gmt":"2022-07-06T11:22:01","slug":"sites-de-namoro-de-ebano","status":"publish","type":"page","link":"http:\/\/therodnikband.com\/pt-br\/sites-de-namoro-de-ebano\/","title":{"rendered":"Sites de namoro de \u00e9bano"},"content":{"rendered":"<p>O melhor site de encontros para encontrar sua alma g\u00eamea. Sites de namoro geralmente s\u00e3o preenchidos com perfis falsos e golpistas. Temos trabalhado duro para criar um site de encontros honesto. Nosso objetivo \u00e9 ajud\u00e1-lo a encontrar o jogo certo. Voc\u00ea encontrar\u00e1 milhares de membros ativos procurando por amor.<\/p>\n<p>Homens de todas as etnias adoram <a href=\"http:\/\/therodnikband.com\/pt-br\/aplicativos-de-namoro\/\">encontros<\/a> negros. N\u00e3o \u00e9 surpresa, realmente: as mulheres negras s\u00e3o bonitas, curvas, e t\u00eam a perfeita amout de atitude! Se voc\u00ea est\u00e1 cansado das mesmas conex\u00f5es sexuais velhas, voc\u00ea vai querer ficar com uma garota negra sexy, mas encontrar esses parceiros consistentemente pode ser dif\u00edcil.<\/p>\n<h2>BlackSingles<\/h2>\n<p>BlackSingles.com \u00e9 um servi\u00e7o de namoro online gratuito projetado especificamente para afro-americanos solteiros em busca de amor. Black Singles est\u00e1 empenhado em ajudar nossos membros a encontrar o verdadeiro amor atrav\u00e9s de nosso sistema de correspond\u00eancia \u00fanico. Se voc\u00ea est\u00e1 procurando amizade, romance ou casamento, n\u00f3s vamos ajud\u00e1-lo a se conectar com f\u00f3sforos compat\u00edveis. Tamb\u00e9m oferecemos um ambiente social divertido onde voc\u00ea pode compartilhar fotos, discutir t\u00f3picos e fazer amizade com outras pessoas da sua \u00e1rea. Junte-se a n\u00f3s hoje!<\/p>\n<h2>XXXBlackbook<\/h2>\n<p>XXXBlackbook \u00e9 um site de namoro gratuito que permite que voc\u00ea se conecte com outros <a href=\"http:\/\/therodnikband.com\/pt-br\/encontro-de-bdsm\/\">solteiros locais<\/a> em busca de encontros discretos. O site oferece uma experi\u00eancia simples do usu\u00e1rio e um processo r\u00e1pido de inscri\u00e7\u00e3o. Os usu\u00e1rios podem navegar em perfis de membros e enviar mensagens de flerte gratuitamente. Os membros tamb\u00e9m podem assistir a programas de c\u00e2meras ao vivo e participar de salas de bate-papo privadas. Para encontrar membros em sua \u00e1rea, digite sua localiza\u00e7\u00e3o e escolha o tipo de relacionamento que voc\u00ea est\u00e1 interessado. Se voc\u00ea quer transar hoje \u00e0 noite, XXXblackbook \u00e9 um \u00f3timo lugar para come\u00e7ar!<\/p>\n<h2>Pessoas negras se encontram<\/h2>\n<p>Black People Meet \u00e9 uma rede social online gratuita voltada para conectar solteiros negros. Lan\u00e7ado em 2013, atraiu mais de 1 milh\u00e3o de membros desde ent\u00e3o. Milhares de usu\u00e1rios visitam o site todos os dias para conhecer novas pessoas. Ele tem in\u00fameros recursos para ajud\u00e1-lo a encontrar o amor. Voc\u00ea pode criar seu pr\u00f3prio perfil, enviar fotos, enviar mensagens, visualizar outros perfis e participar de grupos. Se voc\u00ea est\u00e1 procurando uma data, voc\u00ea tamb\u00e9m pode navegar pelos perfis dos outros. As inscri\u00e7\u00f5es s\u00e3o totalmente gratuitas. No entanto, se voc\u00ea quiser conversar com algu\u00e9m, voc\u00ea precisar\u00e1 pagar $5 por m\u00eas. H\u00e1 muitas maneiras de se comunicar com outros membros. Voc\u00ea pode enviar mensagens, cham\u00e1-los ou at\u00e9 mesmo chat por v\u00eddeo. O aplicativo est\u00e1 dispon\u00edvel para dispositivos iOS e Android.<\/p>\n","protected":false},"excerpt":{"rendered":"<p>O melhor site de encontros para encontrar sua alma g\u00eamea. Sites de namoro geralmente s\u00e3o preenchidos com perfis falsos e golpistas. Temos trabalhado duro para criar um site de encontros honesto. Nosso objetivo \u00e9 ajud\u00e1-lo a encontrar o jogo certo. Voc\u00ea encontrar\u00e1 milhares de membros ativos procurando por amor. Homens de todas as etnias adoram &#8230; <a title=\"Sites de namoro de \u00e9bano\" class=\"read-more\" href=\"http:\/\/therodnikband.com\/pt-br\/sites-de-namoro-de-ebano\/\" aria-label=\"More on Sites de namoro de \u00e9bano\">Ler mais<\/a><\/p>\n","protected":false},"author":1,"featured_media":0,"parent":0,"menu_order":0,"comment_status":"closed","ping_status":"closed","template":"","meta":[],"yoast_head":"<!-- This site is optimized with the Yoast SEO plugin v17.7.1 - https:\/\/yoast.com\/wordpress\/plugins\/seo\/ -->\n<title>Sites de namoro de \u00e9bano - Fling Finder<\/title>\n<meta name=\"robots\" content=\"index, follow, max-snippet:-1, max-image-preview:large, max-video-preview:-1\" \/>\n<link rel=\"canonical\" href=\"http:\/\/therodnikband.com\/pt-br\/sites-de-namoro-de-ebano\/\" \/>\n<meta property=\"og:locale\" content=\"pt_BR\" \/>\n<meta property=\"og:type\" content=\"article\" \/>\n<meta property=\"og:title\" content=\"Sites de namoro de \u00e9bano - Fling Finder\" \/>\n<meta property=\"og:description\" content=\"O melhor site de encontros para encontrar sua alma g\u00eamea. Sites de namoro geralmente s\u00e3o preenchidos com perfis falsos e golpistas. Temos trabalhado duro para criar um site de encontros honesto. Nosso objetivo \u00e9 ajud\u00e1-lo a encontrar o jogo certo. Voc\u00ea encontrar\u00e1 milhares de membros ativos procurando por amor. Homens de todas as etnias adoram ... Ler mais\" \/>\n<meta property=\"og:url\" content=\"http:\/\/therodnikband.com\/pt-br\/sites-de-namoro-de-ebano\/\" \/>\n<meta property=\"og:site_name\" content=\"Fling Finder\" \/>\n<meta name=\"twitter:card\" content=\"summary_large_image\" \/>\n<meta name=\"twitter:label1\" content=\"Est. tempo de leitura\" \/>\n\t<meta name=\"twitter:data1\" content=\"2 minutos\" \/>\n<script type=\"application\/ld+json\" class=\"yoast-schema-graph\">{\"@context\":\"https:\/\/schema.org\",\"@graph\":[{\"@type\":\"WebSite\",\"@id\":\"https:\/\/therodnikband.com\/#website\",\"url\":\"https:\/\/therodnikband.com\/\",\"name\":\"Fling Finder\",\"description\":\"Flerte, Namoro e Conex\\u00e3o!\",\"potentialAction\":[{\"@type\":\"SearchAction\",\"target\":{\"@type\":\"EntryPoint\",\"urlTemplate\":\"https:\/\/therodnikband.com\/?s={search_term_string}\"},\"query-input\":\"required name=search_term_string\"}],\"inLanguage\":\"pt-BR\"},{\"@type\":\"WebPage\",\"@id\":\"http:\/\/therodnikband.com\/pt-br\/sites-de-namoro-de-ebano\/#webpage\",\"url\":\"http:\/\/therodnikband.com\/pt-br\/sites-de-namoro-de-ebano\/\",\"name\":\"Sites de namoro de \\u00e9bano - Fling Finder\",\"isPartOf\":{\"@id\":\"https:\/\/therodnikband.com\/#website\"},\"datePublished\":\"2022-07-06T11:22:01+00:00\",\"dateModified\":\"2022-07-06T11:22:01+00:00\",\"breadcrumb\":{\"@id\":\"http:\/\/therodnikband.com\/pt-br\/sites-de-namoro-de-ebano\/#breadcrumb\"},\"inLanguage\":\"pt-BR\",\"potentialAction\":[{\"@type\":\"ReadAction\",\"target\":[\"http:\/\/therodnikband.com\/pt-br\/sites-de-namoro-de-ebano\/\"]}]},{\"@type\":\"BreadcrumbList\",\"@id\":\"http:\/\/therodnikband.com\/pt-br\/sites-de-namoro-de-ebano\/#breadcrumb\",\"itemListElement\":[{\"@type\":\"ListItem\",\"position\":1,\"name\":\"Casa\",\"item\":\"https:\/\/therodnikband.com\/pt-br\/\"},{\"@type\":\"ListItem\",\"position\":2,\"name\":\"Sites de namoro de \\u00e9bano\"}]}]}<\/script>\n<!-- \/ Yoast SEO plugin. -->","yoast_head_json":{"title":"Sites de namoro de \u00e9bano - Fling Finder","robots":{"index":"index","follow":"follow","max-snippet":"max-snippet:-1","max-image-preview":"max-image-preview:large","max-video-preview":"max-video-preview:-1"},"canonical":"http:\/\/therodnikband.com\/pt-br\/sites-de-namoro-de-ebano\/","og_locale":"pt_BR","og_type":"article","og_title":"Sites de namoro de \u00e9bano - Fling Finder","og_description":"O melhor site de encontros para encontrar sua alma g\u00eamea. Sites de namoro geralmente s\u00e3o preenchidos com perfis falsos e golpistas. Temos trabalhado duro para criar um site de encontros honesto. Nosso objetivo \u00e9 ajud\u00e1-lo a encontrar o jogo certo. Voc\u00ea encontrar\u00e1 milhares de membros ativos procurando por amor. Homens de todas as etnias adoram ... Ler mais","og_url":"http:\/\/therodnikband.com\/pt-br\/sites-de-namoro-de-ebano\/","og_site_name":"Fling Finder","twitter_card":"summary_large_image","twitter_misc":{"Est. tempo de leitura":"2 minutos"},"schema":{"@context":"https:\/\/schema.org","@graph":[{"@type":"WebSite","@id":"https:\/\/therodnikband.com\/#website","url":"https:\/\/therodnikband.com\/","name":"Fling Finder","description":"Flerte, Namoro e Conex\u00e3o!","potentialAction":[{"@type":"SearchAction","target":{"@type":"EntryPoint","urlTemplate":"https:\/\/therodnikband.com\/?s={search_term_string}"},"query-input":"required name=search_term_string"}],"inLanguage":"pt-BR"},{"@type":"WebPage","@id":"http:\/\/therodnikband.com\/pt-br\/sites-de-namoro-de-ebano\/#webpage","url":"http:\/\/therodnikband.com\/pt-br\/sites-de-namoro-de-ebano\/","name":"Sites de namoro de \u00e9bano - Fling Finder","isPartOf":{"@id":"https:\/\/therodnikband.com\/#website"},"datePublished":"2022-07-06T11:22:01+00:00","dateModified":"2022-07-06T11:22:01+00:00","breadcrumb":{"@id":"http:\/\/therodnikband.com\/pt-br\/sites-de-namoro-de-ebano\/#breadcrumb"},"inLanguage":"pt-BR","potentialAction":[{"@type":"ReadAction","target":["http:\/\/therodnikband.com\/pt-br\/sites-de-namoro-de-ebano\/"]}]},{"@type":"BreadcrumbList","@id":"http:\/\/therodnikband.com\/pt-br\/sites-de-namoro-de-ebano\/#breadcrumb","itemListElement":[{"@type":"ListItem","position":1,"name":"Casa","item":"https:\/\/therodnikband.com\/pt-br\/"},{"@type":"ListItem","position":2,"name":"Sites de namoro de \u00e9bano"}]}]}},"_links":{"self":[{"href":"http:\/\/therodnikband.com\/pt-br\/wp-json\/wp\/v2\/pages\/167"}],"collection":[{"href":"http:\/\/therodnikband.com\/pt-br\/wp-json\/wp\/v2\/pages"}],"about":[{"href":"http:\/\/therodnikband.com\/pt-br\/wp-json\/wp\/v2\/types\/page"}],"author":[{"embeddable":true,"href":"http:\/\/therodnikband.com\/pt-br\/wp-json\/wp\/v2\/users\/1"}],"replies":[{"embeddable":true,"href":"http:\/\/therodnikband.com\/pt-br\/wp-json\/wp\/v2\/comments?post=167"}],"version-history":[{"count":0,"href":"http:\/\/therodnikband.com\/pt-br\/wp-json\/wp\/v2\/pages\/167\/revisions"}],"wp:attachment":[{"href":"http:\/\/therodnikband.com\/pt-br\/wp-json\/wp\/v2\/media?parent=167"}],"curies":[{"name":"wp","href":"https:\/\/api.w.org\/{rel}","templated":true}]}}