{"id":208,"date":"2022-07-06T12:17:13","date_gmt":"2022-07-06T11:17:13","guid":{"rendered":"http:\/\/therodnikband.com\/aplicativos-de-namoro\/"},"modified":"2022-07-06T12:17:13","modified_gmt":"2022-07-06T11:17:13","slug":"aplicativos-de-namoro","status":"publish","type":"page","link":"http:\/\/therodnikband.com\/pt-br\/aplicativos-de-namoro\/","title":{"rendered":"Aplicativos de namoro"},"content":{"rendered":"<p>Os aplicativos de namoro vieram h\u00e1 muito tempo desde suas primeiras encarna\u00e7\u00f5es. Embora a correspond\u00eancia via deslizar ainda seja a norma, muitos possuem recursos adicionais, como question\u00e1rios, salas de bate-papo ou chamadas de v\u00eddeo. Alguns at\u00e9 se afastam inteiramente com deslizar, oferecendo alternativas como gostar da foto de algu\u00e9m ou enviar-lhes uma mensagem. Independentemente disso, namorar \u00e9 essencialmente na palma de suas m\u00e3os.<\/p>\n<p>Se voc\u00ea est\u00e1 procurando conhecer algu\u00e9m casualmente, ou um <a href=\"http:\/\/therodnikband.com\/pt-br\/sites-de-namoro-de-ebano\/\">relacionamento s\u00e9rio<\/a> \u2013 h\u00e1 um aplicativo para isso. No entanto, \u00e9 importante experimentar alguns antes de encontrar o ajuste certo. N\u00f3s economizamos algumas pesquisas reunindo os principais aplicativos de namoro para Android, certificando-se de obter o melhor match para suas necessidades.<\/p>\n<p><img loading=\"lazy\" class=\"aligncenter wp-image-43\" src=\"http:\/\/therodnikband.com\/wp-content\/uploads\/2022\/07\/best-dating-websites-1024x683.jpeg\" alt=\"\" width=\"630\" height=\"420\" srcset=\"http:\/\/therodnikband.com\/wp-content\/uploads\/2022\/07\/best-dating-websites-1024x683.jpeg 1024w, http:\/\/therodnikband.com\/wp-content\/uploads\/2022\/07\/best-dating-websites-300x200.jpeg 300w, http:\/\/therodnikband.com\/wp-content\/uploads\/2022\/07\/best-dating-websites-768x512.jpeg 768w, http:\/\/therodnikband.com\/wp-content\/uploads\/2022\/07\/best-dating-websites-1536x1024.jpeg 1536w, http:\/\/therodnikband.com\/wp-content\/uploads\/2022\/07\/best-dating-websites-2048x1365.jpeg 2048w\" sizes=\"(max-width: 630px) 100vw, 630px\" \/><\/p>\n<h2>Caf\u00e9 encontra bagel<\/h2>\n<p>Coffee Meets Bagel \u00e9 um aplicativo m\u00f3vel que permite que os usu\u00e1rios conhe\u00e7am outros solteiros pr\u00f3ximos. Os usu\u00e1rios podem navegar por <a href=\"http:\/\/therodnikband.com\/pt-br\/encontro-de-bdsm\/\">diferentes categorias<\/a>, incluindo idade, localiza\u00e7\u00e3o, religi\u00e3o, educa\u00e7\u00e3o, ocupa\u00e7\u00e3o, status de relacionamento e muito mais. Uma vez que voc\u00ea encontrar algu\u00e9m que voc\u00ea gosta, voc\u00ea pode come\u00e7ar a conversar e mensagens. Voc\u00ea tamb\u00e9m pode definir suas prefer\u00eancias, como que tipo de data voc\u00ea est\u00e1 procurando. Se voc\u00eas dois se sentirem confort\u00e1veis o suficiente, voc\u00ea pode ent\u00e3o marcar um encontro de caf\u00e9.<\/p>\n<h2>Bumble<\/h2>\n<p>O Bumble afirma ser diferente de outros aplicativos de namoro porque n\u00e3o exige que os usu\u00e1rios deslizem para a direita para gostar de algu\u00e9m. Em vez disso, voc\u00ea simplesmente envia uma mensagem. Se eles n\u00e3o estiverem interessados, eles ignorar\u00e3o suas mensagens. E se eles estiverem interessados, eles responder\u00e3o. Voc\u00ea tamb\u00e9m pode adicionar alguns toques extras para aumentar suas chances de obter uma resposta. Para incentivar o interesse m\u00fatuo, voc\u00ea pode optar por compartilhar uma foto sua, marcar sua localiza\u00e7\u00e3o ou mencionar algo sobre sua personalidade.<\/p>\n<h2>DELA<\/h2>\n<p>HER \u00e9 um aplicativo de namoro que conecta usu\u00e1rios atrav\u00e9s de uma interface simples. Voc\u00ea pode procurar por algu\u00e9m pr\u00f3ximo ou procurar perfis de outros usu\u00e1rios. Depois de encontrar o seu par, voc\u00ea pode conversar ou trocar mensagens. Se voc\u00eas dois querem se conhecer melhor, podem come\u00e7ar a conversar.<\/p>\n<p>Depois de conversar um pouco, voc\u00ea pode decidir se quer continuar falando. Se voc\u00ea gosta do que v\u00ea, pode enviar-lhes um &#8220;cora\u00e7\u00e3o&#8221; &#8211; um sinal positivo de que voc\u00ea acha que eles s\u00e3o bonitos o suficiente para sair. Se n\u00e3o, pode deix\u00e1-lo em branco.<\/p>\n<p>Quando voc\u00ea recebe um cora\u00e7\u00e3o, voc\u00ea pode escolher responder com um rosto sorridente, um polegar para cima, um polegar para baixo, um beijo, um soco, ou nada.<\/p>\n<h2>Nosso Conselho<\/h2>\n<p>Se voc\u00ea est\u00e1 procurando por um aplicativo de namoro que n\u00e3o exija uma taxa de ades\u00e3o, h\u00e1 muitos por a\u00ed. Happn, Bumble e Tinder s\u00e3o apenas alguns deles. Mas se voc\u00ea gosta da ideia de pagar para conversar com algu\u00e9m que voc\u00ea gosta, ent\u00e3o match pode ser o certo para voc\u00ea.<\/p>\n","protected":false},"excerpt":{"rendered":"<p>Os aplicativos de namoro vieram h\u00e1 muito tempo desde suas primeiras encarna\u00e7\u00f5es. Embora a correspond\u00eancia via deslizar ainda seja a norma, muitos possuem recursos adicionais, como question\u00e1rios, salas de bate-papo ou chamadas de v\u00eddeo. Alguns at\u00e9 se afastam inteiramente com deslizar, oferecendo alternativas como gostar da foto de algu\u00e9m ou enviar-lhes uma mensagem. Independentemente disso, &#8230; <a title=\"Aplicativos de namoro\" class=\"read-more\" href=\"http:\/\/therodnikband.com\/pt-br\/aplicativos-de-namoro\/\" aria-label=\"More on Aplicativos de namoro\">Ler mais<\/a><\/p>\n","protected":false},"author":1,"featured_media":0,"parent":0,"menu_order":0,"comment_status":"closed","ping_status":"closed","template":"","meta":[],"yoast_head":"<!-- This site is optimized with the Yoast SEO plugin v17.7.1 - https:\/\/yoast.com\/wordpress\/plugins\/seo\/ -->\n<title>Aplicativos de namoro - Fling Finder<\/title>\n<meta name=\"robots\" content=\"index, follow, max-snippet:-1, max-image-preview:large, max-video-preview:-1\" \/>\n<link rel=\"canonical\" href=\"http:\/\/therodnikband.com\/pt-br\/aplicativos-de-namoro\/\" \/>\n<meta property=\"og:locale\" content=\"pt_BR\" \/>\n<meta property=\"og:type\" content=\"article\" \/>\n<meta property=\"og:title\" content=\"Aplicativos de namoro - Fling Finder\" \/>\n<meta property=\"og:description\" content=\"Os aplicativos de namoro vieram h\u00e1 muito tempo desde suas primeiras encarna\u00e7\u00f5es. Embora a correspond\u00eancia via deslizar ainda seja a norma, muitos possuem recursos adicionais, como question\u00e1rios, salas de bate-papo ou chamadas de v\u00eddeo. Alguns at\u00e9 se afastam inteiramente com deslizar, oferecendo alternativas como gostar da foto de algu\u00e9m ou enviar-lhes uma mensagem. Independentemente disso, ... Ler mais\" \/>\n<meta property=\"og:url\" content=\"http:\/\/therodnikband.com\/pt-br\/aplicativos-de-namoro\/\" \/>\n<meta property=\"og:site_name\" content=\"Fling Finder\" \/>\n<meta property=\"og:image\" content=\"http:\/\/therodnikband.com\/wp-content\/uploads\/2022\/07\/best-dating-websites-1024x683.jpeg\" \/>\n<meta name=\"twitter:card\" content=\"summary_large_image\" \/>\n<meta name=\"twitter:label1\" content=\"Est. tempo de leitura\" \/>\n\t<meta name=\"twitter:data1\" content=\"3 minutos\" \/>\n<script type=\"application\/ld+json\" class=\"yoast-schema-graph\">{\"@context\":\"https:\/\/schema.org\",\"@graph\":[{\"@type\":\"WebSite\",\"@id\":\"https:\/\/therodnikband.com\/#website\",\"url\":\"https:\/\/therodnikband.com\/\",\"name\":\"Fling Finder\",\"description\":\"Flerte, Namoro e Conex\\u00e3o!\",\"potentialAction\":[{\"@type\":\"SearchAction\",\"target\":{\"@type\":\"EntryPoint\",\"urlTemplate\":\"https:\/\/therodnikband.com\/?s={search_term_string}\"},\"query-input\":\"required name=search_term_string\"}],\"inLanguage\":\"pt-BR\"},{\"@type\":\"ImageObject\",\"@id\":\"http:\/\/therodnikband.com\/pt-br\/aplicativos-de-namoro\/#primaryimage\",\"inLanguage\":\"pt-BR\",\"url\":\"http:\/\/therodnikband.com\/wp-content\/uploads\/2022\/07\/best-dating-websites.jpeg\",\"contentUrl\":\"http:\/\/therodnikband.com\/wp-content\/uploads\/2022\/07\/best-dating-websites.jpeg\",\"width\":2250,\"height\":1500},{\"@type\":\"WebPage\",\"@id\":\"http:\/\/therodnikband.com\/pt-br\/aplicativos-de-namoro\/#webpage\",\"url\":\"http:\/\/therodnikband.com\/pt-br\/aplicativos-de-namoro\/\",\"name\":\"Aplicativos de namoro - Fling Finder\",\"isPartOf\":{\"@id\":\"https:\/\/therodnikband.com\/#website\"},\"primaryImageOfPage\":{\"@id\":\"http:\/\/therodnikband.com\/pt-br\/aplicativos-de-namoro\/#primaryimage\"},\"datePublished\":\"2022-07-06T11:17:13+00:00\",\"dateModified\":\"2022-07-06T11:17:13+00:00\",\"breadcrumb\":{\"@id\":\"http:\/\/therodnikband.com\/pt-br\/aplicativos-de-namoro\/#breadcrumb\"},\"inLanguage\":\"pt-BR\",\"potentialAction\":[{\"@type\":\"ReadAction\",\"target\":[\"http:\/\/therodnikband.com\/pt-br\/aplicativos-de-namoro\/\"]}]},{\"@type\":\"BreadcrumbList\",\"@id\":\"http:\/\/therodnikband.com\/pt-br\/aplicativos-de-namoro\/#breadcrumb\",\"itemListElement\":[{\"@type\":\"ListItem\",\"position\":1,\"name\":\"Casa\",\"item\":\"https:\/\/therodnikband.com\/pt-br\/\"},{\"@type\":\"ListItem\",\"position\":2,\"name\":\"Aplicativos de namoro\"}]}]}<\/script>\n<!-- \/ Yoast SEO plugin. -->","yoast_head_json":{"title":"Aplicativos de namoro - Fling Finder","robots":{"index":"index","follow":"follow","max-snippet":"max-snippet:-1","max-image-preview":"max-image-preview:large","max-video-preview":"max-video-preview:-1"},"canonical":"http:\/\/therodnikband.com\/pt-br\/aplicativos-de-namoro\/","og_locale":"pt_BR","og_type":"article","og_title":"Aplicativos de namoro - Fling Finder","og_description":"Os aplicativos de namoro vieram h\u00e1 muito tempo desde suas primeiras encarna\u00e7\u00f5es. Embora a correspond\u00eancia via deslizar ainda seja a norma, muitos possuem recursos adicionais, como question\u00e1rios, salas de bate-papo ou chamadas de v\u00eddeo. Alguns at\u00e9 se afastam inteiramente com deslizar, oferecendo alternativas como gostar da foto de algu\u00e9m ou enviar-lhes uma mensagem. Independentemente disso, ... Ler mais","og_url":"http:\/\/therodnikband.com\/pt-br\/aplicativos-de-namoro\/","og_site_name":"Fling Finder","og_image":[{"url":"http:\/\/therodnikband.com\/wp-content\/uploads\/2022\/07\/best-dating-websites-1024x683.jpeg"}],"twitter_card":"summary_large_image","twitter_misc":{"Est. tempo de leitura":"3 minutos"},"schema":{"@context":"https:\/\/schema.org","@graph":[{"@type":"WebSite","@id":"https:\/\/therodnikband.com\/#website","url":"https:\/\/therodnikband.com\/","name":"Fling Finder","description":"Flerte, Namoro e Conex\u00e3o!","potentialAction":[{"@type":"SearchAction","target":{"@type":"EntryPoint","urlTemplate":"https:\/\/therodnikband.com\/?s={search_term_string}"},"query-input":"required name=search_term_string"}],"inLanguage":"pt-BR"},{"@type":"ImageObject","@id":"http:\/\/therodnikband.com\/pt-br\/aplicativos-de-namoro\/#primaryimage","inLanguage":"pt-BR","url":"http:\/\/therodnikband.com\/wp-content\/uploads\/2022\/07\/best-dating-websites.jpeg","contentUrl":"http:\/\/therodnikband.com\/wp-content\/uploads\/2022\/07\/best-dating-websites.jpeg","width":2250,"height":1500},{"@type":"WebPage","@id":"http:\/\/therodnikband.com\/pt-br\/aplicativos-de-namoro\/#webpage","url":"http:\/\/therodnikband.com\/pt-br\/aplicativos-de-namoro\/","name":"Aplicativos de namoro - Fling Finder","isPartOf":{"@id":"https:\/\/therodnikband.com\/#website"},"primaryImageOfPage":{"@id":"http:\/\/therodnikband.com\/pt-br\/aplicativos-de-namoro\/#primaryimage"},"datePublished":"2022-07-06T11:17:13+00:00","dateModified":"2022-07-06T11:17:13+00:00","breadcrumb":{"@id":"http:\/\/therodnikband.com\/pt-br\/aplicativos-de-namoro\/#breadcrumb"},"inLanguage":"pt-BR","potentialAction":[{"@type":"ReadAction","target":["http:\/\/therodnikband.com\/pt-br\/aplicativos-de-namoro\/"]}]},{"@type":"BreadcrumbList","@id":"http:\/\/therodnikband.com\/pt-br\/aplicativos-de-namoro\/#breadcrumb","itemListElement":[{"@type":"ListItem","position":1,"name":"Casa","item":"https:\/\/therodnikband.com\/pt-br\/"},{"@type":"ListItem","position":2,"name":"Aplicativos de namoro"}]}]}},"_links":{"self":[{"href":"http:\/\/therodnikband.com\/pt-br\/wp-json\/wp\/v2\/pages\/208"}],"collection":[{"href":"http:\/\/therodnikband.com\/pt-br\/wp-json\/wp\/v2\/pages"}],"about":[{"href":"http:\/\/therodnikband.com\/pt-br\/wp-json\/wp\/v2\/types\/page"}],"author":[{"embeddable":true,"href":"http:\/\/therodnikband.com\/pt-br\/wp-json\/wp\/v2\/users\/1"}],"replies":[{"embeddable":true,"href":"http:\/\/therodnikband.com\/pt-br\/wp-json\/wp\/v2\/comments?post=208"}],"version-history":[{"count":0,"href":"http:\/\/therodnikband.com\/pt-br\/wp-json\/wp\/v2\/pages\/208\/revisions"}],"wp:attachment":[{"href":"http:\/\/therodnikband.com\/pt-br\/wp-json\/wp\/v2\/media?parent=208"}],"curies":[{"name":"wp","href":"https:\/\/api.w.org\/{rel}","templated":true}]}}