{"id":219,"date":"2022-07-06T12:11:34","date_gmt":"2022-07-06T11:11:34","guid":{"rendered":"http:\/\/therodnikband.com\/por-que-usar-aplicativos-de-conexao\/"},"modified":"2022-07-06T12:11:34","modified_gmt":"2022-07-06T11:11:34","slug":"por-que-usar-aplicativos-de-conexao","status":"publish","type":"page","link":"http:\/\/therodnikband.com\/pt-br\/por-que-usar-aplicativos-de-conexao\/","title":{"rendered":"Por que usar aplicativos de conex\u00e3o?"},"content":{"rendered":"<p>Sites de conex\u00e3o s\u00e3o sites onde os membros podem encontrar outros que compartilham interesses semelhantes. Eles geralmente s\u00e3o livres para participar, e a maioria oferece alguma forma de op\u00e7\u00e3o de ades\u00e3o paga.<\/p>\n<p><img loading=\"lazy\" class=\"aligncenter wp-image-40\" src=\"http:\/\/therodnikband.com\/wp-content\/uploads\/2022\/07\/sex-chat-websites-1024x681.jpeg\" alt=\"\" width=\"737\" height=\"490\" srcset=\"http:\/\/therodnikband.com\/wp-content\/uploads\/2022\/07\/sex-chat-websites-1024x681.jpeg 1024w, http:\/\/therodnikband.com\/wp-content\/uploads\/2022\/07\/sex-chat-websites-300x200.jpeg 300w, http:\/\/therodnikband.com\/wp-content\/uploads\/2022\/07\/sex-chat-websites-768x511.jpeg 768w, http:\/\/therodnikband.com\/wp-content\/uploads\/2022\/07\/sex-chat-websites-1536x1022.jpeg 1536w, http:\/\/therodnikband.com\/wp-content\/uploads\/2022\/07\/sex-chat-websites-2048x1363.jpeg 2048w\" sizes=\"(max-width: 737px) 100vw, 737px\" \/><\/p>\n<p>\u00c9 por isso que \u00e9 importante entender o que faz um <a href=\"http:\/\/therodnikband.com\/pt-br\/como-escolher-o-aplicativo-de-conexao-certo\/\">site valer a pena<\/a>. Aqui est\u00e3o tr\u00eas coisas a considerar ao avaliar um site de conex\u00e3o:<\/p>\n<ul>\n<li>Custo: \u00c9 gr\u00e1tis ou custa dinheiro? Sites de conex\u00e3o gratuitos geralmente s\u00e3o executados por uma \u00fanica pessoa ou um pequeno grupo de pessoas. Esses sites tendem a ser muito b\u00e1sicos e oferecem pouco valor. No entanto, sites pagos s\u00e3o normalmente administrados por grandes empresas que investiram milh\u00f5es de d\u00f3lares em publicidade e tecnologia<\/li>\n<li>Caracter\u00edsticas: Quais recursos o site oferece? Isso inclui mensagens, bate-papo por v\u00eddeo ou transmiss\u00e3o ao vivo? Voc\u00ea precisa criar uma conta ou pode usar seu login no Facebook? H\u00e1 algum requisito especial, como restri\u00e7\u00f5es de idade?<\/li>\n<li>Experi\u00eancia do usu\u00e1rio: Qu\u00e3o f\u00e1cil \u00e9 navegar pelo site? Voc\u00ea pode facilmente procurar por membros com base na localiza\u00e7\u00e3o, sexo, etnia ou orienta\u00e7\u00e3o sexual? Voc\u00ea pode navegar em perfis de forma r\u00e1pida e eficiente?<\/li>\n<\/ul>\n<h2>Nossas Dicas<\/h2>\n<p>Personals s\u00e3o o tipo mais popular de <a href=\"http:\/\/therodnikband.com\/pt-br\/aplicativos-de-namoro-maduros\/\">site de conex\u00e3o<\/a>. As pessoas usam-nas para encontrar encontros, amigos e parceiros para <a href=\"http:\/\/therodnikband.com\/pt-br\/bdsm-e-para-voce\/\">sexo casual<\/a>. Sites de encontros para adultos s\u00e3o semelhantes aos pessoais, exceto que eles atendem especificamente a adultos que est\u00e3o procurando sexo. Sites de redes sociais s\u00e3o usados para se conectar com pessoas que voc\u00ea j\u00e1 conhece, se essas pessoas s\u00e3o membros da fam\u00edlia, amigos, colegas de trabalho ou colegas de classe. Sites de namoro online permitem que os usu\u00e1rios procurem potenciais parceiros rom\u00e2nticos com base em crit\u00e9rios espec\u00edficos, como idade, localiza\u00e7\u00e3o, interesses, etc.<\/p>\n<p>Cada tipo de site de conex\u00e3o tem suas pr\u00f3prias vantagens e desvantagens. Os pessoais s\u00e3o \u00f3timos porque s\u00e3o gratuitos, mas tendem a ser cheios de golpistas e perfis falsos. Sites de encontros para adultos s\u00e3o convenientes porque s\u00e3o discretos, mas muitas vezes atraem arrepios e predadores. Sites de redes sociais s\u00e3o \u00fateis porque s\u00e3o f\u00e1ceis de usar, mas n\u00e3o t\u00eam op\u00e7\u00f5es de privacidade. Sites de namoro online s\u00e3o eficazes porque oferecem muitas op\u00e7\u00f5es de privacidade, mas s\u00e3o caros e podem n\u00e3o funcionar bem para todos.<\/p>\n","protected":false},"excerpt":{"rendered":"<p>Sites de conex\u00e3o s\u00e3o sites onde os membros podem encontrar outros que compartilham interesses semelhantes. Eles geralmente s\u00e3o livres para participar, e a maioria oferece alguma forma de op\u00e7\u00e3o de ades\u00e3o paga. \u00c9 por isso que \u00e9 importante entender o que faz um site valer a pena. Aqui est\u00e3o tr\u00eas coisas a considerar ao avaliar &#8230; <a title=\"Por que usar aplicativos de conex\u00e3o?\" class=\"read-more\" href=\"http:\/\/therodnikband.com\/pt-br\/por-que-usar-aplicativos-de-conexao\/\" aria-label=\"More on Por que usar aplicativos de conex\u00e3o?\">Ler mais<\/a><\/p>\n","protected":false},"author":1,"featured_media":0,"parent":0,"menu_order":0,"comment_status":"closed","ping_status":"closed","template":"","meta":[],"yoast_head":"<!-- This site is optimized with the Yoast SEO plugin v17.7.1 - https:\/\/yoast.com\/wordpress\/plugins\/seo\/ -->\n<title>Por que usar aplicativos de conex\u00e3o? - Fling Finder<\/title>\n<meta name=\"robots\" content=\"index, follow, max-snippet:-1, max-image-preview:large, max-video-preview:-1\" \/>\n<link rel=\"canonical\" href=\"http:\/\/therodnikband.com\/pt-br\/por-que-usar-aplicativos-de-conexao\/\" \/>\n<meta property=\"og:locale\" content=\"pt_BR\" \/>\n<meta property=\"og:type\" content=\"article\" \/>\n<meta property=\"og:title\" content=\"Por que usar aplicativos de conex\u00e3o? - Fling Finder\" \/>\n<meta property=\"og:description\" content=\"Sites de conex\u00e3o s\u00e3o sites onde os membros podem encontrar outros que compartilham interesses semelhantes. Eles geralmente s\u00e3o livres para participar, e a maioria oferece alguma forma de op\u00e7\u00e3o de ades\u00e3o paga. \u00c9 por isso que \u00e9 importante entender o que faz um site valer a pena. Aqui est\u00e3o tr\u00eas coisas a considerar ao avaliar ... Ler mais\" \/>\n<meta property=\"og:url\" content=\"http:\/\/therodnikband.com\/pt-br\/por-que-usar-aplicativos-de-conexao\/\" \/>\n<meta property=\"og:site_name\" content=\"Fling Finder\" \/>\n<meta property=\"og:image\" content=\"http:\/\/therodnikband.com\/wp-content\/uploads\/2022\/07\/sex-chat-websites-1024x681.jpeg\" \/>\n<meta name=\"twitter:card\" content=\"summary_large_image\" \/>\n<meta name=\"twitter:label1\" content=\"Est. tempo de leitura\" \/>\n\t<meta name=\"twitter:data1\" content=\"2 minutos\" \/>\n<script type=\"application\/ld+json\" class=\"yoast-schema-graph\">{\"@context\":\"https:\/\/schema.org\",\"@graph\":[{\"@type\":\"WebSite\",\"@id\":\"https:\/\/therodnikband.com\/#website\",\"url\":\"https:\/\/therodnikband.com\/\",\"name\":\"Fling Finder\",\"description\":\"Flerte, Namoro e Conex\\u00e3o!\",\"potentialAction\":[{\"@type\":\"SearchAction\",\"target\":{\"@type\":\"EntryPoint\",\"urlTemplate\":\"https:\/\/therodnikband.com\/?s={search_term_string}\"},\"query-input\":\"required name=search_term_string\"}],\"inLanguage\":\"pt-BR\"},{\"@type\":\"ImageObject\",\"@id\":\"http:\/\/therodnikband.com\/pt-br\/por-que-usar-aplicativos-de-conexao\/#primaryimage\",\"inLanguage\":\"pt-BR\",\"url\":\"http:\/\/therodnikband.com\/wp-content\/uploads\/2022\/07\/sex-chat-websites.jpeg\",\"contentUrl\":\"http:\/\/therodnikband.com\/wp-content\/uploads\/2022\/07\/sex-chat-websites.jpeg\",\"width\":2254,\"height\":1500},{\"@type\":\"WebPage\",\"@id\":\"http:\/\/therodnikband.com\/pt-br\/por-que-usar-aplicativos-de-conexao\/#webpage\",\"url\":\"http:\/\/therodnikband.com\/pt-br\/por-que-usar-aplicativos-de-conexao\/\",\"name\":\"Por que usar aplicativos de conex\\u00e3o? - Fling Finder\",\"isPartOf\":{\"@id\":\"https:\/\/therodnikband.com\/#website\"},\"primaryImageOfPage\":{\"@id\":\"http:\/\/therodnikband.com\/pt-br\/por-que-usar-aplicativos-de-conexao\/#primaryimage\"},\"datePublished\":\"2022-07-06T11:11:34+00:00\",\"dateModified\":\"2022-07-06T11:11:34+00:00\",\"breadcrumb\":{\"@id\":\"http:\/\/therodnikband.com\/pt-br\/por-que-usar-aplicativos-de-conexao\/#breadcrumb\"},\"inLanguage\":\"pt-BR\",\"potentialAction\":[{\"@type\":\"ReadAction\",\"target\":[\"http:\/\/therodnikband.com\/pt-br\/por-que-usar-aplicativos-de-conexao\/\"]}]},{\"@type\":\"BreadcrumbList\",\"@id\":\"http:\/\/therodnikband.com\/pt-br\/por-que-usar-aplicativos-de-conexao\/#breadcrumb\",\"itemListElement\":[{\"@type\":\"ListItem\",\"position\":1,\"name\":\"Casa\",\"item\":\"https:\/\/therodnikband.com\/pt-br\/\"},{\"@type\":\"ListItem\",\"position\":2,\"name\":\"Por que usar aplicativos de conex\\u00e3o?\"}]}]}<\/script>\n<!-- \/ Yoast SEO plugin. -->","yoast_head_json":{"title":"Por que usar aplicativos de conex\u00e3o? - Fling Finder","robots":{"index":"index","follow":"follow","max-snippet":"max-snippet:-1","max-image-preview":"max-image-preview:large","max-video-preview":"max-video-preview:-1"},"canonical":"http:\/\/therodnikband.com\/pt-br\/por-que-usar-aplicativos-de-conexao\/","og_locale":"pt_BR","og_type":"article","og_title":"Por que usar aplicativos de conex\u00e3o? - Fling Finder","og_description":"Sites de conex\u00e3o s\u00e3o sites onde os membros podem encontrar outros que compartilham interesses semelhantes. Eles geralmente s\u00e3o livres para participar, e a maioria oferece alguma forma de op\u00e7\u00e3o de ades\u00e3o paga. \u00c9 por isso que \u00e9 importante entender o que faz um site valer a pena. Aqui est\u00e3o tr\u00eas coisas a considerar ao avaliar ... Ler mais","og_url":"http:\/\/therodnikband.com\/pt-br\/por-que-usar-aplicativos-de-conexao\/","og_site_name":"Fling Finder","og_image":[{"url":"http:\/\/therodnikband.com\/wp-content\/uploads\/2022\/07\/sex-chat-websites-1024x681.jpeg"}],"twitter_card":"summary_large_image","twitter_misc":{"Est. tempo de leitura":"2 minutos"},"schema":{"@context":"https:\/\/schema.org","@graph":[{"@type":"WebSite","@id":"https:\/\/therodnikband.com\/#website","url":"https:\/\/therodnikband.com\/","name":"Fling Finder","description":"Flerte, Namoro e Conex\u00e3o!","potentialAction":[{"@type":"SearchAction","target":{"@type":"EntryPoint","urlTemplate":"https:\/\/therodnikband.com\/?s={search_term_string}"},"query-input":"required name=search_term_string"}],"inLanguage":"pt-BR"},{"@type":"ImageObject","@id":"http:\/\/therodnikband.com\/pt-br\/por-que-usar-aplicativos-de-conexao\/#primaryimage","inLanguage":"pt-BR","url":"http:\/\/therodnikband.com\/wp-content\/uploads\/2022\/07\/sex-chat-websites.jpeg","contentUrl":"http:\/\/therodnikband.com\/wp-content\/uploads\/2022\/07\/sex-chat-websites.jpeg","width":2254,"height":1500},{"@type":"WebPage","@id":"http:\/\/therodnikband.com\/pt-br\/por-que-usar-aplicativos-de-conexao\/#webpage","url":"http:\/\/therodnikband.com\/pt-br\/por-que-usar-aplicativos-de-conexao\/","name":"Por que usar aplicativos de conex\u00e3o? - Fling Finder","isPartOf":{"@id":"https:\/\/therodnikband.com\/#website"},"primaryImageOfPage":{"@id":"http:\/\/therodnikband.com\/pt-br\/por-que-usar-aplicativos-de-conexao\/#primaryimage"},"datePublished":"2022-07-06T11:11:34+00:00","dateModified":"2022-07-06T11:11:34+00:00","breadcrumb":{"@id":"http:\/\/therodnikband.com\/pt-br\/por-que-usar-aplicativos-de-conexao\/#breadcrumb"},"inLanguage":"pt-BR","potentialAction":[{"@type":"ReadAction","target":["http:\/\/therodnikband.com\/pt-br\/por-que-usar-aplicativos-de-conexao\/"]}]},{"@type":"BreadcrumbList","@id":"http:\/\/therodnikband.com\/pt-br\/por-que-usar-aplicativos-de-conexao\/#breadcrumb","itemListElement":[{"@type":"ListItem","position":1,"name":"Casa","item":"https:\/\/therodnikband.com\/pt-br\/"},{"@type":"ListItem","position":2,"name":"Por que usar aplicativos de conex\u00e3o?"}]}]}},"_links":{"self":[{"href":"http:\/\/therodnikband.com\/pt-br\/wp-json\/wp\/v2\/pages\/219"}],"collection":[{"href":"http:\/\/therodnikband.com\/pt-br\/wp-json\/wp\/v2\/pages"}],"about":[{"href":"http:\/\/therodnikband.com\/pt-br\/wp-json\/wp\/v2\/types\/page"}],"author":[{"embeddable":true,"href":"http:\/\/therodnikband.com\/pt-br\/wp-json\/wp\/v2\/users\/1"}],"replies":[{"embeddable":true,"href":"http:\/\/therodnikband.com\/pt-br\/wp-json\/wp\/v2\/comments?post=219"}],"version-history":[{"count":0,"href":"http:\/\/therodnikband.com\/pt-br\/wp-json\/wp\/v2\/pages\/219\/revisions"}],"wp:attachment":[{"href":"http:\/\/therodnikband.com\/pt-br\/wp-json\/wp\/v2\/media?parent=219"}],"curies":[{"name":"wp","href":"https:\/\/api.w.org\/{rel}","templated":true}]}}