{"id":179,"date":"2022-07-06T12:26:39","date_gmt":"2022-07-06T11:26:39","guid":{"rendered":"http:\/\/therodnikband.com\/bdsm-dejting\/"},"modified":"2022-07-06T12:26:39","modified_gmt":"2022-07-06T11:26:39","slug":"bdsm-dejting","status":"publish","type":"page","link":"http:\/\/therodnikband.com\/sv\/bdsm-dejting\/","title":{"rendered":"BDSM Dejting"},"content":{"rendered":"<p>BDSM \u00e4r en sexuell praxis som involverar bondage, dominans, underkastelse, sadism, masochism och andra relaterade aktiviteter. Medan m\u00e5nga tror att BDSM bara handlar om sm\u00e4rta, g\u00e5r det faktiskt ut\u00f6ver det, inklusive n\u00f6je och kul. Det finns olika typer av kinksters, och varje typ av kinky individ f\u00f6redrar vissa fetischer. Vissa m\u00e4nniskor gillar att vara bundna medan andra tycker om att bli smiskade.<\/p>\n<p>Till exempel kan en dominerande undergiven vilja binda upp sin partner och sedan smiska honom. Om han gillar att bli dominerad, kan han njuta av att binda henne och sedan l\u00e5ta n\u00e5gon annan dominera henne.<\/p>\n<p>Vissa m\u00e4nniskor f\u00f6redrar att spela grovt, medan andra gillar att vara milda och romantiska. Naturligtvis, om du inte \u00e4r s\u00e4ker p\u00e5 vad din speciella fetisch \u00e4r, b\u00f6r du kolla in <a href=\"http:\/\/therodnikband.com\/sv\/svep-dejtingappar\/\">BDSM-samh\u00e4llen online<\/a>. Du kommer att se att det finns m\u00e5nga olika typer av m\u00e4nniskor, och du kan g\u00e5 med i alla typer av samh\u00e4llen som intresserar dig.<\/p>\n<p><img loading=\"lazy\" class=\"aligncenter size-full wp-image-47\" src=\"http:\/\/therodnikband.com\/wp-content\/uploads\/2022\/07\/kink-dating.jpg\" alt=\"\" width=\"300\" height=\"200\"><\/p>\n<h2>Varf\u00f6r prova Kink Dating?<\/h2>\n<p>Det \u00e4r viktigt att komma ih\u00e5g att alla har olika preferenser n\u00e4r det g\u00e4ller vilken typ av rollspel de vill delta i.<\/p>\n<p>Vissa m\u00e4nniskor f\u00f6redrar att vara undergivna och andra dominerande. Vissa m\u00e4nniskor tycker om att kl\u00e4 ut sig medan andra f\u00f6redrar att bara vara sig sj\u00e4lva. Det \u00e4r viktigt att komma ih\u00e5g att oavsett vilken typ av rollspel du \u00e4r intresserad av, b\u00f6r s\u00e4kerheten alltid komma f\u00f6rst. Du vet aldrig vad n\u00e5gon annan kan vara bekv\u00e4m att g\u00f6ra f\u00f6rr\u00e4n du har haft en chans att l\u00e4ra k\u00e4nna dem.<\/p>\n<p>Om n\u00e5got k\u00e4nns obehagligt b\u00f6r du inte <a href=\"http:\/\/therodnikband.com\/sv\/ebony-dejtingsajter\/\">pressa dig in i det<\/a>. V\u00e4nta ist\u00e4llet tills du k\u00e4nner dig bekv\u00e4m nog att f\u00f6rs\u00f6ka igen.<\/p>\n<h2>Varf\u00f6r prova FetLife?<\/h2>\n<p>FetLife \u00e4r den st\u00f6rsta gratis online dating webbplats f\u00f6r kinky singlar och swingers. Det \u00e4r den mest popul\u00e4ra platsen f\u00f6r personer som \u00e4r intresserade av BDSM och andra alternativa sexuella metoder. FetLife har blivit de facto-standarden f\u00f6r att hitta lokala lekpartners och evenemang. Webbplatsen till\u00e5ter anv\u00e4ndare att l\u00e4gga upp bilder, videor och beskrivningar av sina fetischer, intressen och aktiviteter.<\/p>\n<p>Anv\u00e4ndare kan ocks\u00e5 skapa grupper, g\u00e5 med i h\u00e4ndelser och ansluta via privata meddelanden. FetLife erbjuder ocks\u00e5 en mobilapp f\u00f6r Android- och iOS-enheter.<\/p>\n<h2>FetLife alternativ?<\/h2>\n<p>Whiplrl \u00e4r en kinky dejtingsajt som har en stor anv\u00e4ndarbas. Det l\u00e5ter dig bl\u00e4ddra igenom hundratals olika fetischer, fr\u00e5n nyb\u00f6rjare till experter. Du kan s\u00f6ka efter plats f\u00f6r att hitta andra som \u00e4r intresserade av dina intressen. Det finns ocks\u00e5 lokala evenemang runt om i landet. Om du letar efter n\u00e5got specifikt kan du till och med skapa ditt eget evenemang.<\/p>\n","protected":false},"excerpt":{"rendered":"<p>BDSM \u00e4r en sexuell praxis som involverar bondage, dominans, underkastelse, sadism, masochism och andra relaterade aktiviteter. Medan m\u00e5nga tror att BDSM bara handlar om sm\u00e4rta, g\u00e5r det faktiskt ut\u00f6ver det, inklusive n\u00f6je och kul. Det finns olika typer av kinksters, och varje typ av kinky individ f\u00f6redrar vissa fetischer. Vissa m\u00e4nniskor gillar att vara bundna &#8230; <a title=\"BDSM Dejting\" class=\"read-more\" href=\"http:\/\/therodnikband.com\/sv\/bdsm-dejting\/\" aria-label=\"Mer p\u00e5 BDSM Dejting\">L\u00e4s mer<\/a><\/p>\n","protected":false},"author":1,"featured_media":0,"parent":0,"menu_order":0,"comment_status":"closed","ping_status":"closed","template":"","meta":[],"yoast_head":"<!-- This site is optimized with the Yoast SEO plugin v17.7.1 - https:\/\/yoast.com\/wordpress\/plugins\/seo\/ -->\n<title>BDSM Dejting - Fling Finder<\/title>\n<meta name=\"robots\" content=\"index, follow, max-snippet:-1, max-image-preview:large, max-video-preview:-1\" \/>\n<link rel=\"canonical\" href=\"http:\/\/therodnikband.com\/sv\/bdsm-dejting\/\" \/>\n<meta property=\"og:locale\" content=\"sv_SE\" \/>\n<meta property=\"og:type\" content=\"article\" \/>\n<meta property=\"og:title\" content=\"BDSM Dejting - Fling Finder\" \/>\n<meta property=\"og:description\" content=\"BDSM \u00e4r en sexuell praxis som involverar bondage, dominans, underkastelse, sadism, masochism och andra relaterade aktiviteter. Medan m\u00e5nga tror att BDSM bara handlar om sm\u00e4rta, g\u00e5r det faktiskt ut\u00f6ver det, inklusive n\u00f6je och kul. Det finns olika typer av kinksters, och varje typ av kinky individ f\u00f6redrar vissa fetischer. Vissa m\u00e4nniskor gillar att vara bundna ... L\u00e4s mer\" \/>\n<meta property=\"og:url\" content=\"http:\/\/therodnikband.com\/sv\/bdsm-dejting\/\" \/>\n<meta property=\"og:site_name\" content=\"Fling Finder\" \/>\n<meta property=\"og:image\" content=\"http:\/\/therodnikband.com\/wp-content\/uploads\/2022\/07\/kink-dating.jpg\" \/>\n<meta name=\"twitter:card\" content=\"summary_large_image\" \/>\n<meta name=\"twitter:label1\" content=\"Ber\u00e4knad l\u00e4stid\" \/>\n\t<meta name=\"twitter:data1\" content=\"2 minuter\" \/>\n<script type=\"application\/ld+json\" class=\"yoast-schema-graph\">{\"@context\":\"https:\/\/schema.org\",\"@graph\":[{\"@type\":\"WebSite\",\"@id\":\"https:\/\/therodnikband.com\/#website\",\"url\":\"https:\/\/therodnikband.com\/\",\"name\":\"Fling Finder\",\"description\":\"Flirta, dejta och koppla upp!\",\"potentialAction\":[{\"@type\":\"SearchAction\",\"target\":{\"@type\":\"EntryPoint\",\"urlTemplate\":\"https:\/\/therodnikband.com\/?s={search_term_string}\"},\"query-input\":\"required name=search_term_string\"}],\"inLanguage\":\"sv-SE\"},{\"@type\":\"ImageObject\",\"@id\":\"http:\/\/therodnikband.com\/sv\/bdsm-dejting\/#primaryimage\",\"inLanguage\":\"sv-SE\",\"url\":\"http:\/\/therodnikband.com\/wp-content\/uploads\/2022\/07\/kink-dating.jpg\",\"contentUrl\":\"http:\/\/therodnikband.com\/wp-content\/uploads\/2022\/07\/kink-dating.jpg\",\"width\":300,\"height\":200},{\"@type\":\"WebPage\",\"@id\":\"http:\/\/therodnikband.com\/sv\/bdsm-dejting\/#webpage\",\"url\":\"http:\/\/therodnikband.com\/sv\/bdsm-dejting\/\",\"name\":\"BDSM Dejting - Fling Finder\",\"isPartOf\":{\"@id\":\"https:\/\/therodnikband.com\/#website\"},\"primaryImageOfPage\":{\"@id\":\"http:\/\/therodnikband.com\/sv\/bdsm-dejting\/#primaryimage\"},\"datePublished\":\"2022-07-06T11:26:39+00:00\",\"dateModified\":\"2022-07-06T11:26:39+00:00\",\"breadcrumb\":{\"@id\":\"http:\/\/therodnikband.com\/sv\/bdsm-dejting\/#breadcrumb\"},\"inLanguage\":\"sv-SE\",\"potentialAction\":[{\"@type\":\"ReadAction\",\"target\":[\"http:\/\/therodnikband.com\/sv\/bdsm-dejting\/\"]}]},{\"@type\":\"BreadcrumbList\",\"@id\":\"http:\/\/therodnikband.com\/sv\/bdsm-dejting\/#breadcrumb\",\"itemListElement\":[{\"@type\":\"ListItem\",\"position\":1,\"name\":\"Hem\",\"item\":\"http:\/\/therodnikband.com\/sv\/\"},{\"@type\":\"ListItem\",\"position\":2,\"name\":\"BDSM Dejting\"}]}]}<\/script>\n<!-- \/ Yoast SEO plugin. -->","yoast_head_json":{"title":"BDSM Dejting - Fling Finder","robots":{"index":"index","follow":"follow","max-snippet":"max-snippet:-1","max-image-preview":"max-image-preview:large","max-video-preview":"max-video-preview:-1"},"canonical":"http:\/\/therodnikband.com\/sv\/bdsm-dejting\/","og_locale":"sv_SE","og_type":"article","og_title":"BDSM Dejting - Fling Finder","og_description":"BDSM \u00e4r en sexuell praxis som involverar bondage, dominans, underkastelse, sadism, masochism och andra relaterade aktiviteter. Medan m\u00e5nga tror att BDSM bara handlar om sm\u00e4rta, g\u00e5r det faktiskt ut\u00f6ver det, inklusive n\u00f6je och kul. Det finns olika typer av kinksters, och varje typ av kinky individ f\u00f6redrar vissa fetischer. Vissa m\u00e4nniskor gillar att vara bundna ... L\u00e4s mer","og_url":"http:\/\/therodnikband.com\/sv\/bdsm-dejting\/","og_site_name":"Fling Finder","og_image":[{"url":"http:\/\/therodnikband.com\/wp-content\/uploads\/2022\/07\/kink-dating.jpg"}],"twitter_card":"summary_large_image","twitter_misc":{"Ber\u00e4knad l\u00e4stid":"2 minuter"},"schema":{"@context":"https:\/\/schema.org","@graph":[{"@type":"WebSite","@id":"https:\/\/therodnikband.com\/#website","url":"https:\/\/therodnikband.com\/","name":"Fling Finder","description":"Flirta, dejta och koppla upp!","potentialAction":[{"@type":"SearchAction","target":{"@type":"EntryPoint","urlTemplate":"https:\/\/therodnikband.com\/?s={search_term_string}"},"query-input":"required name=search_term_string"}],"inLanguage":"sv-SE"},{"@type":"ImageObject","@id":"http:\/\/therodnikband.com\/sv\/bdsm-dejting\/#primaryimage","inLanguage":"sv-SE","url":"http:\/\/therodnikband.com\/wp-content\/uploads\/2022\/07\/kink-dating.jpg","contentUrl":"http:\/\/therodnikband.com\/wp-content\/uploads\/2022\/07\/kink-dating.jpg","width":300,"height":200},{"@type":"WebPage","@id":"http:\/\/therodnikband.com\/sv\/bdsm-dejting\/#webpage","url":"http:\/\/therodnikband.com\/sv\/bdsm-dejting\/","name":"BDSM Dejting - Fling Finder","isPartOf":{"@id":"https:\/\/therodnikband.com\/#website"},"primaryImageOfPage":{"@id":"http:\/\/therodnikband.com\/sv\/bdsm-dejting\/#primaryimage"},"datePublished":"2022-07-06T11:26:39+00:00","dateModified":"2022-07-06T11:26:39+00:00","breadcrumb":{"@id":"http:\/\/therodnikband.com\/sv\/bdsm-dejting\/#breadcrumb"},"inLanguage":"sv-SE","potentialAction":[{"@type":"ReadAction","target":["http:\/\/therodnikband.com\/sv\/bdsm-dejting\/"]}]},{"@type":"BreadcrumbList","@id":"http:\/\/therodnikband.com\/sv\/bdsm-dejting\/#breadcrumb","itemListElement":[{"@type":"ListItem","position":1,"name":"Hem","item":"http:\/\/therodnikband.com\/sv\/"},{"@type":"ListItem","position":2,"name":"BDSM Dejting"}]}]}},"_links":{"self":[{"href":"http:\/\/therodnikband.com\/sv\/wp-json\/wp\/v2\/pages\/179"}],"collection":[{"href":"http:\/\/therodnikband.com\/sv\/wp-json\/wp\/v2\/pages"}],"about":[{"href":"http:\/\/therodnikband.com\/sv\/wp-json\/wp\/v2\/types\/page"}],"author":[{"embeddable":true,"href":"http:\/\/therodnikband.com\/sv\/wp-json\/wp\/v2\/users\/1"}],"replies":[{"embeddable":true,"href":"http:\/\/therodnikband.com\/sv\/wp-json\/wp\/v2\/comments?post=179"}],"version-history":[{"count":0,"href":"http:\/\/therodnikband.com\/sv\/wp-json\/wp\/v2\/pages\/179\/revisions"}],"wp:attachment":[{"href":"http:\/\/therodnikband.com\/sv\/wp-json\/wp\/v2\/media?parent=179"}],"curies":[{"name":"wp","href":"https:\/\/api.w.org\/{rel}","templated":true}]}}