{"id":199,"date":"2022-07-06T12:22:01","date_gmt":"2022-07-06T11:22:01","guid":{"rendered":"http:\/\/therodnikband.com\/ebony-dejtingsajter\/"},"modified":"2022-07-06T12:22:01","modified_gmt":"2022-07-06T11:22:01","slug":"ebony-dejtingsajter","status":"publish","type":"page","link":"http:\/\/therodnikband.com\/sv\/ebony-dejtingsajter\/","title":{"rendered":"Ebony dejtingsajter"},"content":{"rendered":"<p>Den b\u00e4sta dejtingsajten f\u00f6r att hitta din sj\u00e4lsfr\u00e4nde. Dejtingsajter \u00e4r vanligtvis fyllda med falska profiler och bedragare. Vi har jobbat h\u00e5rt f\u00f6r att skapa en \u00e4rlig dejtingsajt. V\u00e5rt m\u00e5l \u00e4r att hj\u00e4lpa dig att hitta r\u00e4tt matchning. Du hittar tusentals aktiva medlemmar som letar efter k\u00e4rlek.<\/p>\n<p>M\u00e4n av alla etniciteter \u00e4lskar svart <a href=\"http:\/\/therodnikband.com\/sv\/svep-dejtingappar\/\">hookup dating<\/a>. Det \u00e4r ingen \u00f6verraskning, verkligen: svarta kvinnor \u00e4r vackra, b\u00f6jda och har den perfekta attityden! Om du \u00e4r tr\u00f6tt p\u00e5 samma gamla sexanslutningar vill du ansluta dig till en sexig svart tjej, men det kan vara sv\u00e5rt att hitta dessa partner konsekvent.<\/p>\n<h2>SvartSinglar<\/h2>\n<p>BlackSingles.com \u00e4r en gratis online dating service utformad speciellt f\u00f6r ensamst\u00e5ende afroamerikaner som letar efter k\u00e4rlek. Black Singles har \u00e5tagit sig att hj\u00e4lpa v\u00e5ra medlemmar att hitta sann k\u00e4rlek genom v\u00e5rt unika matchningssystem. Oavsett om du letar efter v\u00e4nskap, romantik eller \u00e4ktenskap hj\u00e4lper vi dig att f\u00e5 kontakt med kompatibla matchningar. Vi erbjuder ocks\u00e5 en rolig social milj\u00f6 d\u00e4r du kan dela foton, diskutera \u00e4mnen och f\u00e5 v\u00e4nner med andra i ditt omr\u00e5de. H\u00e4ng med idag!<\/p>\n<h2>XXXSvart bok<\/h2>\n<p>XXXBlackbook \u00e4r en gratis dejtingsajt som l\u00e5ter dig f\u00e5 kontakt med andra <a href=\"http:\/\/therodnikband.com\/sv\/bdsm-dejting\/\">lokala singlar<\/a> som s\u00f6ker diskreta m\u00f6ten. Webbplatsen erbjuder en enkel anv\u00e4ndarupplevelse och snabb registreringsprocess. Anv\u00e4ndare kan bl\u00e4ddra bland medlemsprofiler och skicka flirtiga meddelanden gratis. Medlemmar kan ocks\u00e5 titta p\u00e5 live cam-shower och delta i privata chattrum. F\u00f6r att hitta medlemmar i ditt omr\u00e5de, ange din plats och v\u00e4lj vilken typ av relation du \u00e4r intresserad av. Om du vill bli lagd ikv\u00e4ll \u00e4r XXXblackbook ett bra st\u00e4lle att b\u00f6rja!<\/p>\n<h2>Svarta m\u00e4nniskor m\u00f6ts<\/h2>\n<p>Black People Meet \u00e4r ett gratis socialt n\u00e4tverk online som syftar till att ansluta svarta singlar. Lanserades 2013 och har lockat \u00f6ver 1 miljon medlemmar sedan dess. Tusentals anv\u00e4ndare bes\u00f6ker webbplatsen varje dag f\u00f6r att tr\u00e4ffa nya m\u00e4nniskor. Den har m\u00e5nga funktioner som hj\u00e4lper dig att hitta k\u00e4rleken. Du kan skapa din egen profil, ladda upp foton, skicka meddelanden, visa andra profiler och g\u00e5 med i grupper. Om du letar efter ett datum kan du ocks\u00e5 bl\u00e4ddra igenom andras profiler. Registreringen \u00e4r helt gratis. Men om du vill chatta med n\u00e5gon m\u00e5ste du betala $ 5 per m\u00e5nad. Det finns m\u00e5nga s\u00e4tt att kommunicera med andra medlemmar. Du kan skicka sms till dem, ringa dem eller till och med videochatta. Appen \u00e4r tillg\u00e4nglig f\u00f6r iOS- och Android-enheter.<\/p>\n","protected":false},"excerpt":{"rendered":"<p>Den b\u00e4sta dejtingsajten f\u00f6r att hitta din sj\u00e4lsfr\u00e4nde. Dejtingsajter \u00e4r vanligtvis fyllda med falska profiler och bedragare. Vi har jobbat h\u00e5rt f\u00f6r att skapa en \u00e4rlig dejtingsajt. V\u00e5rt m\u00e5l \u00e4r att hj\u00e4lpa dig att hitta r\u00e4tt matchning. Du hittar tusentals aktiva medlemmar som letar efter k\u00e4rlek. M\u00e4n av alla etniciteter \u00e4lskar svart hookup dating. Det &#8230; <a title=\"Ebony dejtingsajter\" class=\"read-more\" href=\"http:\/\/therodnikband.com\/sv\/ebony-dejtingsajter\/\" aria-label=\"Mer p\u00e5 Ebony dejtingsajter\">L\u00e4s mer<\/a><\/p>\n","protected":false},"author":1,"featured_media":0,"parent":0,"menu_order":0,"comment_status":"closed","ping_status":"closed","template":"","meta":[],"yoast_head":"<!-- This site is optimized with the Yoast SEO plugin v17.7.1 - https:\/\/yoast.com\/wordpress\/plugins\/seo\/ -->\n<title>Ebony dejtingsajter - Fling Finder<\/title>\n<meta name=\"robots\" content=\"index, follow, max-snippet:-1, max-image-preview:large, max-video-preview:-1\" \/>\n<link rel=\"canonical\" href=\"http:\/\/therodnikband.com\/sv\/ebony-dejtingsajter\/\" \/>\n<meta property=\"og:locale\" content=\"sv_SE\" \/>\n<meta property=\"og:type\" content=\"article\" \/>\n<meta property=\"og:title\" content=\"Ebony dejtingsajter - Fling Finder\" \/>\n<meta property=\"og:description\" content=\"Den b\u00e4sta dejtingsajten f\u00f6r att hitta din sj\u00e4lsfr\u00e4nde. Dejtingsajter \u00e4r vanligtvis fyllda med falska profiler och bedragare. Vi har jobbat h\u00e5rt f\u00f6r att skapa en \u00e4rlig dejtingsajt. V\u00e5rt m\u00e5l \u00e4r att hj\u00e4lpa dig att hitta r\u00e4tt matchning. Du hittar tusentals aktiva medlemmar som letar efter k\u00e4rlek. M\u00e4n av alla etniciteter \u00e4lskar svart hookup dating. Det ... L\u00e4s mer\" \/>\n<meta property=\"og:url\" content=\"http:\/\/therodnikband.com\/sv\/ebony-dejtingsajter\/\" \/>\n<meta property=\"og:site_name\" content=\"Fling Finder\" \/>\n<meta name=\"twitter:card\" content=\"summary_large_image\" \/>\n<meta name=\"twitter:label1\" content=\"Ber\u00e4knad l\u00e4stid\" \/>\n\t<meta name=\"twitter:data1\" content=\"2 minuter\" \/>\n<script type=\"application\/ld+json\" class=\"yoast-schema-graph\">{\"@context\":\"https:\/\/schema.org\",\"@graph\":[{\"@type\":\"WebSite\",\"@id\":\"https:\/\/therodnikband.com\/#website\",\"url\":\"https:\/\/therodnikband.com\/\",\"name\":\"Fling Finder\",\"description\":\"Flirta, dejta och koppla upp!\",\"potentialAction\":[{\"@type\":\"SearchAction\",\"target\":{\"@type\":\"EntryPoint\",\"urlTemplate\":\"https:\/\/therodnikband.com\/?s={search_term_string}\"},\"query-input\":\"required name=search_term_string\"}],\"inLanguage\":\"sv-SE\"},{\"@type\":\"WebPage\",\"@id\":\"http:\/\/therodnikband.com\/sv\/ebony-dejtingsajter\/#webpage\",\"url\":\"http:\/\/therodnikband.com\/sv\/ebony-dejtingsajter\/\",\"name\":\"Ebony dejtingsajter - Fling Finder\",\"isPartOf\":{\"@id\":\"https:\/\/therodnikband.com\/#website\"},\"datePublished\":\"2022-07-06T11:22:01+00:00\",\"dateModified\":\"2022-07-06T11:22:01+00:00\",\"breadcrumb\":{\"@id\":\"http:\/\/therodnikband.com\/sv\/ebony-dejtingsajter\/#breadcrumb\"},\"inLanguage\":\"sv-SE\",\"potentialAction\":[{\"@type\":\"ReadAction\",\"target\":[\"http:\/\/therodnikband.com\/sv\/ebony-dejtingsajter\/\"]}]},{\"@type\":\"BreadcrumbList\",\"@id\":\"http:\/\/therodnikband.com\/sv\/ebony-dejtingsajter\/#breadcrumb\",\"itemListElement\":[{\"@type\":\"ListItem\",\"position\":1,\"name\":\"Hem\",\"item\":\"http:\/\/therodnikband.com\/sv\/\"},{\"@type\":\"ListItem\",\"position\":2,\"name\":\"Ebony dejtingsajter\"}]}]}<\/script>\n<!-- \/ Yoast SEO plugin. -->","yoast_head_json":{"title":"Ebony dejtingsajter - Fling Finder","robots":{"index":"index","follow":"follow","max-snippet":"max-snippet:-1","max-image-preview":"max-image-preview:large","max-video-preview":"max-video-preview:-1"},"canonical":"http:\/\/therodnikband.com\/sv\/ebony-dejtingsajter\/","og_locale":"sv_SE","og_type":"article","og_title":"Ebony dejtingsajter - Fling Finder","og_description":"Den b\u00e4sta dejtingsajten f\u00f6r att hitta din sj\u00e4lsfr\u00e4nde. Dejtingsajter \u00e4r vanligtvis fyllda med falska profiler och bedragare. Vi har jobbat h\u00e5rt f\u00f6r att skapa en \u00e4rlig dejtingsajt. V\u00e5rt m\u00e5l \u00e4r att hj\u00e4lpa dig att hitta r\u00e4tt matchning. Du hittar tusentals aktiva medlemmar som letar efter k\u00e4rlek. M\u00e4n av alla etniciteter \u00e4lskar svart hookup dating. Det ... L\u00e4s mer","og_url":"http:\/\/therodnikband.com\/sv\/ebony-dejtingsajter\/","og_site_name":"Fling Finder","twitter_card":"summary_large_image","twitter_misc":{"Ber\u00e4knad l\u00e4stid":"2 minuter"},"schema":{"@context":"https:\/\/schema.org","@graph":[{"@type":"WebSite","@id":"https:\/\/therodnikband.com\/#website","url":"https:\/\/therodnikband.com\/","name":"Fling Finder","description":"Flirta, dejta och koppla upp!","potentialAction":[{"@type":"SearchAction","target":{"@type":"EntryPoint","urlTemplate":"https:\/\/therodnikband.com\/?s={search_term_string}"},"query-input":"required name=search_term_string"}],"inLanguage":"sv-SE"},{"@type":"WebPage","@id":"http:\/\/therodnikband.com\/sv\/ebony-dejtingsajter\/#webpage","url":"http:\/\/therodnikband.com\/sv\/ebony-dejtingsajter\/","name":"Ebony dejtingsajter - Fling Finder","isPartOf":{"@id":"https:\/\/therodnikband.com\/#website"},"datePublished":"2022-07-06T11:22:01+00:00","dateModified":"2022-07-06T11:22:01+00:00","breadcrumb":{"@id":"http:\/\/therodnikband.com\/sv\/ebony-dejtingsajter\/#breadcrumb"},"inLanguage":"sv-SE","potentialAction":[{"@type":"ReadAction","target":["http:\/\/therodnikband.com\/sv\/ebony-dejtingsajter\/"]}]},{"@type":"BreadcrumbList","@id":"http:\/\/therodnikband.com\/sv\/ebony-dejtingsajter\/#breadcrumb","itemListElement":[{"@type":"ListItem","position":1,"name":"Hem","item":"http:\/\/therodnikband.com\/sv\/"},{"@type":"ListItem","position":2,"name":"Ebony dejtingsajter"}]}]}},"_links":{"self":[{"href":"http:\/\/therodnikband.com\/sv\/wp-json\/wp\/v2\/pages\/199"}],"collection":[{"href":"http:\/\/therodnikband.com\/sv\/wp-json\/wp\/v2\/pages"}],"about":[{"href":"http:\/\/therodnikband.com\/sv\/wp-json\/wp\/v2\/types\/page"}],"author":[{"embeddable":true,"href":"http:\/\/therodnikband.com\/sv\/wp-json\/wp\/v2\/users\/1"}],"replies":[{"embeddable":true,"href":"http:\/\/therodnikband.com\/sv\/wp-json\/wp\/v2\/comments?post=199"}],"version-history":[{"count":0,"href":"http:\/\/therodnikband.com\/sv\/wp-json\/wp\/v2\/pages\/199\/revisions"}],"wp:attachment":[{"href":"http:\/\/therodnikband.com\/sv\/wp-json\/wp\/v2\/media?parent=199"}],"curies":[{"name":"wp","href":"https:\/\/api.w.org\/{rel}","templated":true}]}}