{"id":206,"date":"2022-07-06T12:11:34","date_gmt":"2022-07-06T11:11:34","guid":{"rendered":"http:\/\/therodnikband.com\/varfor-anvanda-anslutningsappar\/"},"modified":"2022-07-06T12:11:34","modified_gmt":"2022-07-06T11:11:34","slug":"varfor-anvanda-anslutningsappar","status":"publish","type":"page","link":"http:\/\/therodnikband.com\/sv\/varfor-anvanda-anslutningsappar\/","title":{"rendered":"Varf\u00f6r anv\u00e4nda anslutningsappar?"},"content":{"rendered":"<p>Anslutningswebbplatser \u00e4r webbplatser d\u00e4r medlemmar kan tr\u00e4ffa andra som delar liknande intressen. De \u00e4r vanligtvis gratis att g\u00e5 med, och de flesta erbjuder n\u00e5gon form av betalt medlemskapsalternativ.<\/p>\n<p><img loading=\"lazy\" class=\"aligncenter wp-image-40\" src=\"http:\/\/therodnikband.com\/wp-content\/uploads\/2022\/07\/sex-chat-websites-1024x681.jpeg\" alt=\"\" width=\"737\" height=\"490\" srcset=\"http:\/\/therodnikband.com\/wp-content\/uploads\/2022\/07\/sex-chat-websites-1024x681.jpeg 1024w, http:\/\/therodnikband.com\/wp-content\/uploads\/2022\/07\/sex-chat-websites-300x200.jpeg 300w, http:\/\/therodnikband.com\/wp-content\/uploads\/2022\/07\/sex-chat-websites-768x511.jpeg 768w, http:\/\/therodnikband.com\/wp-content\/uploads\/2022\/07\/sex-chat-websites-1536x1022.jpeg 1536w, http:\/\/therodnikband.com\/wp-content\/uploads\/2022\/07\/sex-chat-websites-2048x1363.jpeg 2048w\" sizes=\"(max-width: 737px) 100vw, 737px\" \/><\/p>\n<p>Det \u00e4r d\u00e4rf\u00f6r det \u00e4r viktigt att f\u00f6rst\u00e5 vad som g\u00f6r en <a href=\"http:\/\/therodnikband.com\/sv\/hur-man-valjer-ratt-anslutningsapp\/\">webbplats v\u00e4rdefull<\/a>. H\u00e4r \u00e4r tre saker att t\u00e4nka p\u00e5 n\u00e4r du utv\u00e4rderar en anslutningswebbplats:<\/p>\n<ul>\n<li>Kostnad: \u00c4r det gratis eller kostar det pengar? Gratis anslutningswebbplatser drivs vanligtvis av en enda person eller en liten grupp m\u00e4nniskor. Dessa webbplatser tenderar att vara mycket grundl\u00e4ggande och erbjuder lite v\u00e4rde. Betalda anslutningswebbplatser drivs dock vanligtvis av stora f\u00f6retag som har investerat miljontals dollar i reklam och teknik<\/li>\n<li>Funktioner: Vilka funktioner erbjuder webbplatsen? Inkluderar det meddelanden, videochatt eller livestreaming? Beh\u00f6ver du skapa ett konto eller kan du anv\u00e4nda din Facebook-inloggning? Finns det n\u00e5gra speciella krav, till exempel \u00e5ldersbegr\u00e4nsningar?<\/li>\n<li>Anv\u00e4ndarupplevelse: Hur l\u00e4tt \u00e4r det att navigera p\u00e5 webbplatsen? Kan du enkelt s\u00f6ka efter medlemmar baserat p\u00e5 plats, k\u00f6n, etnicitet eller sexuell l\u00e4ggning? Kan du bl\u00e4ddra bland profiler snabbt och effektivt?<\/li>\n<\/ul>\n<h2>V\u00e5ra tips<\/h2>\n<p>Kontaktyrer \u00e4r den mest popul\u00e4ra typen <a href=\"http:\/\/therodnikband.com\/sv\/mogna-dejtingappar\/\">av anslutningswebbplats<\/a>. M\u00e4nniskor anv\u00e4nder dem f\u00f6r att hitta datum, v\u00e4nner och partners f\u00f6r <a href=\"http:\/\/therodnikband.com\/sv\/ar-bdsm-for-dig\/\">avslappnad sex<\/a>. Dejtingsajter f\u00f6r vuxna liknar kontaktpersoner, f\u00f6rutom att de tillgodoser specifikt vuxna som letar efter sex. Sociala n\u00e4tverkssajter anv\u00e4nds f\u00f6r att f\u00e5 kontakt med personer du redan k\u00e4nner, oavsett om dessa personer \u00e4r familjemedlemmar, v\u00e4nner, kollegor eller klasskamrater. Online dejtingsajter till\u00e5ter anv\u00e4ndare att s\u00f6ka efter potentiella romantiska partners baserat p\u00e5 specifika kriterier, s\u00e5som \u00e5lder, plats, intressen, etc.<\/p>\n<p>Varje typ av anslutningsplats har sina egna f\u00f6rdelar och nackdelar. Kontaktyrer \u00e4r bra eftersom de \u00e4r gratis, men de tenderar att vara fyllda med bedragare och falska profiler. Dejtingsajter f\u00f6r vuxna \u00e4r praktiska eftersom de \u00e4r diskreta, men de lockar ofta kryp och rovdjur. Sociala n\u00e4tverkssajter \u00e4r anv\u00e4ndbara eftersom de \u00e4r l\u00e4tta att anv\u00e4nda, men de saknar sekretessalternativ. Online dejtingsajter \u00e4r effektiva eftersom de erbjuder massor av sekretessalternativ, men de \u00e4r dyra och kanske inte fungerar bra f\u00f6r alla.<\/p>\n","protected":false},"excerpt":{"rendered":"<p>Anslutningswebbplatser \u00e4r webbplatser d\u00e4r medlemmar kan tr\u00e4ffa andra som delar liknande intressen. De \u00e4r vanligtvis gratis att g\u00e5 med, och de flesta erbjuder n\u00e5gon form av betalt medlemskapsalternativ. Det \u00e4r d\u00e4rf\u00f6r det \u00e4r viktigt att f\u00f6rst\u00e5 vad som g\u00f6r en webbplats v\u00e4rdefull. H\u00e4r \u00e4r tre saker att t\u00e4nka p\u00e5 n\u00e4r du utv\u00e4rderar en anslutningswebbplats: Kostnad: &#8230; <a title=\"Varf\u00f6r anv\u00e4nda anslutningsappar?\" class=\"read-more\" href=\"http:\/\/therodnikband.com\/sv\/varfor-anvanda-anslutningsappar\/\" aria-label=\"Mer p\u00e5 Varf\u00f6r anv\u00e4nda anslutningsappar?\">L\u00e4s mer<\/a><\/p>\n","protected":false},"author":1,"featured_media":0,"parent":0,"menu_order":0,"comment_status":"closed","ping_status":"closed","template":"","meta":[],"yoast_head":"<!-- This site is optimized with the Yoast SEO plugin v17.7.1 - https:\/\/yoast.com\/wordpress\/plugins\/seo\/ -->\n<title>Varf\u00f6r anv\u00e4nda anslutningsappar? - Fling Finder<\/title>\n<meta name=\"robots\" content=\"index, follow, max-snippet:-1, max-image-preview:large, max-video-preview:-1\" \/>\n<link rel=\"canonical\" href=\"http:\/\/therodnikband.com\/sv\/varfor-anvanda-anslutningsappar\/\" \/>\n<meta property=\"og:locale\" content=\"sv_SE\" \/>\n<meta property=\"og:type\" content=\"article\" \/>\n<meta property=\"og:title\" content=\"Varf\u00f6r anv\u00e4nda anslutningsappar? - Fling Finder\" \/>\n<meta property=\"og:description\" content=\"Anslutningswebbplatser \u00e4r webbplatser d\u00e4r medlemmar kan tr\u00e4ffa andra som delar liknande intressen. De \u00e4r vanligtvis gratis att g\u00e5 med, och de flesta erbjuder n\u00e5gon form av betalt medlemskapsalternativ. Det \u00e4r d\u00e4rf\u00f6r det \u00e4r viktigt att f\u00f6rst\u00e5 vad som g\u00f6r en webbplats v\u00e4rdefull. H\u00e4r \u00e4r tre saker att t\u00e4nka p\u00e5 n\u00e4r du utv\u00e4rderar en anslutningswebbplats: Kostnad: ... L\u00e4s mer\" \/>\n<meta property=\"og:url\" content=\"http:\/\/therodnikband.com\/sv\/varfor-anvanda-anslutningsappar\/\" \/>\n<meta property=\"og:site_name\" content=\"Fling Finder\" \/>\n<meta property=\"og:image\" content=\"http:\/\/therodnikband.com\/wp-content\/uploads\/2022\/07\/sex-chat-websites-1024x681.jpeg\" \/>\n<meta name=\"twitter:card\" content=\"summary_large_image\" \/>\n<meta name=\"twitter:label1\" content=\"Ber\u00e4knad l\u00e4stid\" \/>\n\t<meta name=\"twitter:data1\" content=\"2 minuter\" \/>\n<script type=\"application\/ld+json\" class=\"yoast-schema-graph\">{\"@context\":\"https:\/\/schema.org\",\"@graph\":[{\"@type\":\"WebSite\",\"@id\":\"https:\/\/therodnikband.com\/#website\",\"url\":\"https:\/\/therodnikband.com\/\",\"name\":\"Fling Finder\",\"description\":\"Flirta, dejta och koppla upp!\",\"potentialAction\":[{\"@type\":\"SearchAction\",\"target\":{\"@type\":\"EntryPoint\",\"urlTemplate\":\"https:\/\/therodnikband.com\/?s={search_term_string}\"},\"query-input\":\"required name=search_term_string\"}],\"inLanguage\":\"sv-SE\"},{\"@type\":\"ImageObject\",\"@id\":\"http:\/\/therodnikband.com\/sv\/varfor-anvanda-anslutningsappar\/#primaryimage\",\"inLanguage\":\"sv-SE\",\"url\":\"http:\/\/therodnikband.com\/wp-content\/uploads\/2022\/07\/sex-chat-websites.jpeg\",\"contentUrl\":\"http:\/\/therodnikband.com\/wp-content\/uploads\/2022\/07\/sex-chat-websites.jpeg\",\"width\":2254,\"height\":1500},{\"@type\":\"WebPage\",\"@id\":\"http:\/\/therodnikband.com\/sv\/varfor-anvanda-anslutningsappar\/#webpage\",\"url\":\"http:\/\/therodnikband.com\/sv\/varfor-anvanda-anslutningsappar\/\",\"name\":\"Varf\\u00f6r anv\\u00e4nda anslutningsappar? - Fling Finder\",\"isPartOf\":{\"@id\":\"https:\/\/therodnikband.com\/#website\"},\"primaryImageOfPage\":{\"@id\":\"http:\/\/therodnikband.com\/sv\/varfor-anvanda-anslutningsappar\/#primaryimage\"},\"datePublished\":\"2022-07-06T11:11:34+00:00\",\"dateModified\":\"2022-07-06T11:11:34+00:00\",\"breadcrumb\":{\"@id\":\"http:\/\/therodnikband.com\/sv\/varfor-anvanda-anslutningsappar\/#breadcrumb\"},\"inLanguage\":\"sv-SE\",\"potentialAction\":[{\"@type\":\"ReadAction\",\"target\":[\"http:\/\/therodnikband.com\/sv\/varfor-anvanda-anslutningsappar\/\"]}]},{\"@type\":\"BreadcrumbList\",\"@id\":\"http:\/\/therodnikband.com\/sv\/varfor-anvanda-anslutningsappar\/#breadcrumb\",\"itemListElement\":[{\"@type\":\"ListItem\",\"position\":1,\"name\":\"Hem\",\"item\":\"http:\/\/therodnikband.com\/sv\/\"},{\"@type\":\"ListItem\",\"position\":2,\"name\":\"Varf\\u00f6r anv\\u00e4nda anslutningsappar?\"}]}]}<\/script>\n<!-- \/ Yoast SEO plugin. -->","yoast_head_json":{"title":"Varf\u00f6r anv\u00e4nda anslutningsappar? - Fling Finder","robots":{"index":"index","follow":"follow","max-snippet":"max-snippet:-1","max-image-preview":"max-image-preview:large","max-video-preview":"max-video-preview:-1"},"canonical":"http:\/\/therodnikband.com\/sv\/varfor-anvanda-anslutningsappar\/","og_locale":"sv_SE","og_type":"article","og_title":"Varf\u00f6r anv\u00e4nda anslutningsappar? - Fling Finder","og_description":"Anslutningswebbplatser \u00e4r webbplatser d\u00e4r medlemmar kan tr\u00e4ffa andra som delar liknande intressen. De \u00e4r vanligtvis gratis att g\u00e5 med, och de flesta erbjuder n\u00e5gon form av betalt medlemskapsalternativ. Det \u00e4r d\u00e4rf\u00f6r det \u00e4r viktigt att f\u00f6rst\u00e5 vad som g\u00f6r en webbplats v\u00e4rdefull. H\u00e4r \u00e4r tre saker att t\u00e4nka p\u00e5 n\u00e4r du utv\u00e4rderar en anslutningswebbplats: Kostnad: ... L\u00e4s mer","og_url":"http:\/\/therodnikband.com\/sv\/varfor-anvanda-anslutningsappar\/","og_site_name":"Fling Finder","og_image":[{"url":"http:\/\/therodnikband.com\/wp-content\/uploads\/2022\/07\/sex-chat-websites-1024x681.jpeg"}],"twitter_card":"summary_large_image","twitter_misc":{"Ber\u00e4knad l\u00e4stid":"2 minuter"},"schema":{"@context":"https:\/\/schema.org","@graph":[{"@type":"WebSite","@id":"https:\/\/therodnikband.com\/#website","url":"https:\/\/therodnikband.com\/","name":"Fling Finder","description":"Flirta, dejta och koppla upp!","potentialAction":[{"@type":"SearchAction","target":{"@type":"EntryPoint","urlTemplate":"https:\/\/therodnikband.com\/?s={search_term_string}"},"query-input":"required name=search_term_string"}],"inLanguage":"sv-SE"},{"@type":"ImageObject","@id":"http:\/\/therodnikband.com\/sv\/varfor-anvanda-anslutningsappar\/#primaryimage","inLanguage":"sv-SE","url":"http:\/\/therodnikband.com\/wp-content\/uploads\/2022\/07\/sex-chat-websites.jpeg","contentUrl":"http:\/\/therodnikband.com\/wp-content\/uploads\/2022\/07\/sex-chat-websites.jpeg","width":2254,"height":1500},{"@type":"WebPage","@id":"http:\/\/therodnikband.com\/sv\/varfor-anvanda-anslutningsappar\/#webpage","url":"http:\/\/therodnikband.com\/sv\/varfor-anvanda-anslutningsappar\/","name":"Varf\u00f6r anv\u00e4nda anslutningsappar? - Fling Finder","isPartOf":{"@id":"https:\/\/therodnikband.com\/#website"},"primaryImageOfPage":{"@id":"http:\/\/therodnikband.com\/sv\/varfor-anvanda-anslutningsappar\/#primaryimage"},"datePublished":"2022-07-06T11:11:34+00:00","dateModified":"2022-07-06T11:11:34+00:00","breadcrumb":{"@id":"http:\/\/therodnikband.com\/sv\/varfor-anvanda-anslutningsappar\/#breadcrumb"},"inLanguage":"sv-SE","potentialAction":[{"@type":"ReadAction","target":["http:\/\/therodnikband.com\/sv\/varfor-anvanda-anslutningsappar\/"]}]},{"@type":"BreadcrumbList","@id":"http:\/\/therodnikband.com\/sv\/varfor-anvanda-anslutningsappar\/#breadcrumb","itemListElement":[{"@type":"ListItem","position":1,"name":"Hem","item":"http:\/\/therodnikband.com\/sv\/"},{"@type":"ListItem","position":2,"name":"Varf\u00f6r anv\u00e4nda anslutningsappar?"}]}]}},"_links":{"self":[{"href":"http:\/\/therodnikband.com\/sv\/wp-json\/wp\/v2\/pages\/206"}],"collection":[{"href":"http:\/\/therodnikband.com\/sv\/wp-json\/wp\/v2\/pages"}],"about":[{"href":"http:\/\/therodnikband.com\/sv\/wp-json\/wp\/v2\/types\/page"}],"author":[{"embeddable":true,"href":"http:\/\/therodnikband.com\/sv\/wp-json\/wp\/v2\/users\/1"}],"replies":[{"embeddable":true,"href":"http:\/\/therodnikband.com\/sv\/wp-json\/wp\/v2\/comments?post=206"}],"version-history":[{"count":0,"href":"http:\/\/therodnikband.com\/sv\/wp-json\/wp\/v2\/pages\/206\/revisions"}],"wp:attachment":[{"href":"http:\/\/therodnikband.com\/sv\/wp-json\/wp\/v2\/media?parent=206"}],"curies":[{"name":"wp","href":"https:\/\/api.w.org\/{rel}","templated":true}]}}