{"id":227,"date":"2022-07-06T11:57:32","date_gmt":"2022-07-06T10:57:32","guid":{"rendered":"http:\/\/therodnikband.com\/hitta-dejtingappar-som-fungerar-for-dig\/"},"modified":"2022-07-06T11:57:32","modified_gmt":"2022-07-06T10:57:32","slug":"hitta-dejtingappar-som-fungerar-for-dig","status":"publish","type":"page","link":"http:\/\/therodnikband.com\/sv\/","title":{"rendered":"Hitta dejtingappar som fungerar f\u00f6r dig"},"content":{"rendered":"<p>Att hitta din sj\u00e4lsfr\u00e4nde \u00e4r aldrig l\u00e4tt, och det finns m\u00e5nga faktorer som g\u00e5r in f\u00f6r att hitta n\u00e5gon speciell. Vi har sammanst\u00e4llt en lista \u00f6ver de b\u00e4sta dejtingsajterna och apparna som hj\u00e4lper dig att komma ig\u00e5ng! Oavsett om du letar efter k\u00e4rlek, v\u00e4nskap, kamratskap eller n\u00e5got helt annat, kommer v\u00e5r lista att ge dig all information du beh\u00f6ver f\u00f6r att b\u00f6rja tr\u00e4ffa nya m\u00e4nniskor idag!<\/p>\n<p><img loading=\"lazy\" class=\"aligncenter wp-image-34\" src=\"http:\/\/therodnikband.com\/wp-content\/uploads\/2022\/07\/sex-guided-1024x679.jpeg\" alt=\"\" width=\"710\" height=\"471\" srcset=\"http:\/\/therodnikband.com\/wp-content\/uploads\/2022\/07\/sex-guided-1024x679.jpeg 1024w, http:\/\/therodnikband.com\/wp-content\/uploads\/2022\/07\/sex-guided-300x199.jpeg 300w, http:\/\/therodnikband.com\/wp-content\/uploads\/2022\/07\/sex-guided-768x509.jpeg 768w, http:\/\/therodnikband.com\/wp-content\/uploads\/2022\/07\/sex-guided-1536x1019.jpeg 1536w, http:\/\/therodnikband.com\/wp-content\/uploads\/2022\/07\/sex-guided-2048x1358.jpeg 2048w\" sizes=\"(max-width: 710px) 100vw, 710px\" \/><\/p>\n<h2>\u00c4r dejtingappar f\u00f6r dig?<\/h2>\n<p>Dejtingappar \u00e4r ett av de mest popul\u00e4ra s\u00e4tten att tr\u00e4ffa m\u00e4nniskor nuf\u00f6rtiden.<\/p>\n<p>Men om du vill optimera upplevelsen kan det vara en bra id\u00e9 att n\u00e4rma sig apparna avsiktligt, vilket inneb\u00e4r att du registrerar dig f\u00f6r de appar du tror ger dig de b\u00e4sta chanserna att tr\u00e4ffa din typ av m\u00e4nniskor. Du kommer inte bara att registrera dig f\u00f6r den f\u00f6rsta appen du ser. N\u00e4r allt kommer omkring vill du inte sl\u00f6sa bort din tid.<\/p>\n<p>Vi har sammanst\u00e4llt en lista \u00f6ver de b\u00e4sta dejtingsapparna f\u00f6r 2020, beroende p\u00e5 vad du vill f\u00e5 ut av upplevelsen.<\/p>\n<h3>Stappla<\/h3>\n<p>Bumble \u00e4r en app som g\u00f6r det m\u00f6jligt f\u00f6r kvinnor att initiera och uppr\u00e4tth\u00e5lla konversationer. M\u00e4n har m\u00f6jlighet att svara, men kan inte initiera n\u00e5gon form av kontakt. Det hj\u00e4lper till att eliminera kryp online och p\u00e5 gatan. Det fungerar ocks\u00e5 bra f\u00f6r proffs som vill tr\u00e4ffa n\u00e5gon ny. Det \u00e4r gratis, men om du vill l\u00e5sa upp avancerade funktioner som att skicka blinkningar och gillar m\u00e5ste du betala $ 9.99 per m\u00e5nad. Det finns en gratis version tillg\u00e4nglig f\u00f6r att prova det f\u00f6rst. Matchningar sker under en 24-timmarscykel, s\u00e5 du har till n\u00e4sta dag p\u00e5 dig att starta en konversation eller svara p\u00e5 ett meddelande.<\/p>\n<p>Anv\u00e4ndare kan svepa \u00e5t v\u00e4nster eller h\u00f6ger f\u00f6r att gilla eller ogilla n\u00e5gon annan, skicka ett meddelande till dem och chatta med dem privat.<\/p>\n<p>Alla webbplatsplaner som inkluderar ansluter obegr\u00e4nsade kompatibla svep singlar och ser chattar, f\u00f6r och l\u00e5ngvariga anv\u00e4ndarrelationer.<\/p>\n<h3>T\u00e4ndsticka<\/h3>\n<p>Om du \u00e4r \u00e4ldre \u00e4n 30 \u00e5r \u00e4r Match ett utm\u00e4rkt alternativ f\u00f6r att hitta k\u00e4rleken. Det \u00e4r gratis att registrera dig och bl\u00e4ddra bland profiler, men om du \u00e4r intresserad av att tr\u00e4ffa n\u00e5gon speciell m\u00e5ste du betala $ 29.99 per m\u00e5nad eller $ 39.99 per \u00e5r. Du kan v\u00e4lja att visa foton f\u00f6rst eller g\u00e5 direkt till meddelanden. Det finns till och med en app tillg\u00e4nglig f\u00f6r Android- och iOS-telefoner.<\/p>\n<p>Webbplatsen har mycket information om varje medlem inklusive plats, intressen, utbildning, anst\u00e4llningshistoria, l\u00e4ngd, vikt, r\u00f6kstatus, civilst\u00e5nd, antal barn och religion.<\/p>\n<p>Anv\u00e4ndare kan ocks\u00e5 l\u00e4gga till v\u00e4nner och skicka meddelanden till dem. Om du inte \u00e4r s\u00e4ker p\u00e5 vilken typ av person du letar efter finns det ett avsnitt som heter &#8221;M\u00e4nniskor jag gillar&#8221;, som visar dig andra medlemmar som delar liknande smak. Dessutom erbjuder Match en premiumtj\u00e4nst som heter &#8221;Match Plus&#8221; som inneh\u00e5ller n\u00e5gra extra funktioner som tillg\u00e5ng till exklusiva evenemang och fester.<\/p>\n<h3>G\u00e5ngj\u00e4rn<\/h3>\n<p>Hinge \u00e4r kompatibelt med alla st\u00f6rre plattformar inklusive Android, iOS, Windows, MacOS, Linux och Chrome OS. Den \u00e4r tillg\u00e4nglig \u00f6ver hela v\u00e4rlden, vilket inneb\u00e4r att du kan ansluta till n\u00e5gon var som helst i v\u00e4rlden. G\u00e5ngj\u00e4rn kr\u00e4ver ingen registrering eller inloggning. Det \u00e4r en app som g\u00f6r det m\u00f6jligt f\u00f6r anv\u00e4ndare att enkelt hitta datum baserat p\u00e5 gemensamma intressen.<\/p>\n<p>Anv\u00e4ndare kan v\u00e4lja att dela specifik information om sig sj\u00e4lva, som religi\u00f6sa preferenser, politiska \u00e5sikter och hobbyer, och sedan s\u00f6ka efter andra som delar liknande intressen.<\/p>\n<p>N\u00e4r tv\u00e5 anv\u00e4ndare har anslutit kan de b\u00f6rja utbyta meddelanden. Om b\u00e5da parter \u00e4r \u00f6verens om att tr\u00e4ffas p\u00e5 en viss plats kommer appen automatiskt att f\u00f6resl\u00e5 m\u00f6tesplatser baserat p\u00e5 \u00f6msesidigt intresse. G\u00e5ngj\u00e4rn \u00e4r ett bra alternativ om du letar efter en snabb anslutning eller helt enkelt \u00e4r intresserad av att hitta n\u00e5gon att g\u00e5 ut med.<\/p>\n<h3>Fn\u00f6ske<\/h3>\n<p>Tinder \u00e4r en app f\u00f6r att hitta datum. Du skapar din profil, l\u00e4gger till bilder och skriver en kort biografi om dig sj\u00e4lv. Sedan kan du s\u00f6ka igenom andra anv\u00e4ndares profiler och leta efter n\u00e5gon du vill dejta. N\u00e4r du v\u00e4l har hittat n\u00e5gon du \u00e4r intresserad av sveper du \u00e5t h\u00f6ger om du gillar dem, v\u00e4nster om du inte g\u00f6r det. Om b\u00e5da parter sveper \u00e5t h\u00f6ger blir du matchad och kan b\u00f6rja chatta!<\/p>\n<h2>Vilka appar ska vi se upp f\u00f6r?<\/h2>\n<p>Idag finns det m\u00e5nga olika typer av dejtingappar tillg\u00e4ngliga. Vissa fokuserar enbart p\u00e5 att hitta k\u00e4rlek, medan andra \u00e4r utformade f\u00f6r att hj\u00e4lpa dig att f\u00e5 v\u00e4nner. Andra l\u00e5ter dig dejta flera personer samtidigt. Ytterligare andra \u00e4r inriktade p\u00e5 att tr\u00e4ffa n\u00e5gon som delar liknande intressen. Det finns till och med appar som l\u00e5ter dig tr\u00e4ffa m\u00e4nniskor i n\u00e4rheten.<\/p>\n<p>Anslutningswebbplatser \u00e4r webbplatser d\u00e4r anv\u00e4ndare kan tr\u00e4ffa andra som delar liknande intressen. De \u00e4r bra eftersom de l\u00e5ter dig hitta exakt vad du letar efter, oavsett om det \u00e4r tillf\u00e4lligt sex, ett f\u00f6rh\u00e5llande eller bara n\u00e5got f\u00f6retag. Det finns m\u00e5nga anslutningssajter d\u00e4r ute, men inte alla \u00e4r v\u00e4rda att bes\u00f6ka. Vissa \u00e4r f\u00f6r dyra, andra \u00e4r f\u00f6r komplicerade och vissa \u00e4r helt enkelt tr\u00e5kiga.<\/p>\n<p>Om du vill hitta en anslutningswebbplats som erbjuder dessa funktioner och f\u00f6rdelar, f\u00f6rs\u00f6k anv\u00e4nda den h\u00e4r listan \u00f6ver de b\u00e4sta anslutningssidorna. Anslutningswebbplatser \u00e4r online-samh\u00e4llen d\u00e4r medlemmar tr\u00e4ffas f\u00f6r avslappnade sexuella m\u00f6ten. De \u00e4r vanligtvis gratis att g\u00e5 med och erbjuder m\u00e5nga f\u00f6rdelar, inklusive m\u00f6jligheten att hitta en partner snabbt och enkelt.<\/p>\n","protected":false},"excerpt":{"rendered":"<p>Att hitta din sj\u00e4lsfr\u00e4nde \u00e4r aldrig l\u00e4tt, och det finns m\u00e5nga faktorer som g\u00e5r in f\u00f6r att hitta n\u00e5gon speciell. Vi har sammanst\u00e4llt en lista \u00f6ver de b\u00e4sta dejtingsajterna och apparna som hj\u00e4lper dig att komma ig\u00e5ng! Oavsett om du letar efter k\u00e4rlek, v\u00e4nskap, kamratskap eller n\u00e5got helt annat, kommer v\u00e5r lista att ge dig &#8230; <a title=\"Hitta dejtingappar som fungerar f\u00f6r dig\" class=\"read-more\" href=\"http:\/\/therodnikband.com\/sv\/\" aria-label=\"Mer p\u00e5 Hitta dejtingappar som fungerar f\u00f6r dig\">L\u00e4s mer<\/a><\/p>\n","protected":false},"author":1,"featured_media":0,"parent":0,"menu_order":0,"comment_status":"closed","ping_status":"closed","template":"","meta":[],"yoast_head":"<!-- This site is optimized with the Yoast SEO plugin v17.7.1 - https:\/\/yoast.com\/wordpress\/plugins\/seo\/ -->\n<title>Hitta dejtingappar som fungerar f\u00f6r dig - Fling Finder<\/title>\n<meta name=\"robots\" content=\"index, follow, max-snippet:-1, max-image-preview:large, max-video-preview:-1\" \/>\n<link rel=\"canonical\" href=\"http:\/\/therodnikband.com\/sv\/\" \/>\n<meta property=\"og:locale\" content=\"sv_SE\" \/>\n<meta property=\"og:type\" content=\"article\" \/>\n<meta property=\"og:title\" content=\"Hitta dejtingappar som fungerar f\u00f6r dig - Fling Finder\" \/>\n<meta property=\"og:description\" content=\"Att hitta din sj\u00e4lsfr\u00e4nde \u00e4r aldrig l\u00e4tt, och det finns m\u00e5nga faktorer som g\u00e5r in f\u00f6r att hitta n\u00e5gon speciell. Vi har sammanst\u00e4llt en lista \u00f6ver de b\u00e4sta dejtingsajterna och apparna som hj\u00e4lper dig att komma ig\u00e5ng! Oavsett om du letar efter k\u00e4rlek, v\u00e4nskap, kamratskap eller n\u00e5got helt annat, kommer v\u00e5r lista att ge dig ... L\u00e4s mer\" \/>\n<meta property=\"og:url\" content=\"http:\/\/therodnikband.com\/sv\/\" \/>\n<meta property=\"og:site_name\" content=\"Fling Finder\" \/>\n<meta property=\"og:image\" content=\"http:\/\/therodnikband.com\/wp-content\/uploads\/2022\/07\/sex-guided-1024x679.jpeg\" \/>\n<meta name=\"twitter:card\" content=\"summary_large_image\" \/>\n<meta name=\"twitter:label1\" content=\"Ber\u00e4knad l\u00e4stid\" \/>\n\t<meta name=\"twitter:data1\" content=\"5 minuter\" \/>\n<script type=\"application\/ld+json\" class=\"yoast-schema-graph\">{\"@context\":\"https:\/\/schema.org\",\"@graph\":[{\"@type\":\"WebSite\",\"@id\":\"https:\/\/therodnikband.com\/#website\",\"url\":\"https:\/\/therodnikband.com\/\",\"name\":\"Fling Finder\",\"description\":\"Flirta, dejta och koppla upp!\",\"potentialAction\":[{\"@type\":\"SearchAction\",\"target\":{\"@type\":\"EntryPoint\",\"urlTemplate\":\"https:\/\/therodnikband.com\/?s={search_term_string}\"},\"query-input\":\"required name=search_term_string\"}],\"inLanguage\":\"sv-SE\"},{\"@type\":\"ImageObject\",\"@id\":\"http:\/\/therodnikband.com\/sv\/#primaryimage\",\"inLanguage\":\"sv-SE\",\"url\":\"http:\/\/therodnikband.com\/wp-content\/uploads\/2022\/07\/sex-guided.jpeg\",\"contentUrl\":\"http:\/\/therodnikband.com\/wp-content\/uploads\/2022\/07\/sex-guided.jpeg\",\"width\":2262,\"height\":1500},{\"@type\":\"WebPage\",\"@id\":\"http:\/\/therodnikband.com\/sv\/#webpage\",\"url\":\"http:\/\/therodnikband.com\/sv\/\",\"name\":\"Hitta dejtingappar som fungerar f\\u00f6r dig - Fling Finder\",\"isPartOf\":{\"@id\":\"https:\/\/therodnikband.com\/#website\"},\"primaryImageOfPage\":{\"@id\":\"http:\/\/therodnikband.com\/sv\/#primaryimage\"},\"datePublished\":\"2022-07-06T10:57:32+00:00\",\"dateModified\":\"2022-07-06T10:57:32+00:00\",\"breadcrumb\":{\"@id\":\"http:\/\/therodnikband.com\/sv\/#breadcrumb\"},\"inLanguage\":\"sv-SE\",\"potentialAction\":[{\"@type\":\"ReadAction\",\"target\":[\"http:\/\/therodnikband.com\/sv\/\"]}]},{\"@type\":\"BreadcrumbList\",\"@id\":\"http:\/\/therodnikband.com\/sv\/#breadcrumb\",\"itemListElement\":[{\"@type\":\"ListItem\",\"position\":1,\"name\":\"Hem\",\"item\":\"http:\/\/therodnikband.com\/sv\/\"},{\"@type\":\"ListItem\",\"position\":2,\"name\":\"Hitta dejtingappar som fungerar f\\u00f6r dig\"}]}]}<\/script>\n<!-- \/ Yoast SEO plugin. -->","yoast_head_json":{"title":"Hitta dejtingappar som fungerar f\u00f6r dig - Fling Finder","robots":{"index":"index","follow":"follow","max-snippet":"max-snippet:-1","max-image-preview":"max-image-preview:large","max-video-preview":"max-video-preview:-1"},"canonical":"http:\/\/therodnikband.com\/sv\/","og_locale":"sv_SE","og_type":"article","og_title":"Hitta dejtingappar som fungerar f\u00f6r dig - Fling Finder","og_description":"Att hitta din sj\u00e4lsfr\u00e4nde \u00e4r aldrig l\u00e4tt, och det finns m\u00e5nga faktorer som g\u00e5r in f\u00f6r att hitta n\u00e5gon speciell. Vi har sammanst\u00e4llt en lista \u00f6ver de b\u00e4sta dejtingsajterna och apparna som hj\u00e4lper dig att komma ig\u00e5ng! Oavsett om du letar efter k\u00e4rlek, v\u00e4nskap, kamratskap eller n\u00e5got helt annat, kommer v\u00e5r lista att ge dig ... L\u00e4s mer","og_url":"http:\/\/therodnikband.com\/sv\/","og_site_name":"Fling Finder","og_image":[{"url":"http:\/\/therodnikband.com\/wp-content\/uploads\/2022\/07\/sex-guided-1024x679.jpeg"}],"twitter_card":"summary_large_image","twitter_misc":{"Ber\u00e4knad l\u00e4stid":"5 minuter"},"schema":{"@context":"https:\/\/schema.org","@graph":[{"@type":"WebSite","@id":"https:\/\/therodnikband.com\/#website","url":"https:\/\/therodnikband.com\/","name":"Fling Finder","description":"Flirta, dejta och koppla upp!","potentialAction":[{"@type":"SearchAction","target":{"@type":"EntryPoint","urlTemplate":"https:\/\/therodnikband.com\/?s={search_term_string}"},"query-input":"required name=search_term_string"}],"inLanguage":"sv-SE"},{"@type":"ImageObject","@id":"http:\/\/therodnikband.com\/sv\/#primaryimage","inLanguage":"sv-SE","url":"http:\/\/therodnikband.com\/wp-content\/uploads\/2022\/07\/sex-guided.jpeg","contentUrl":"http:\/\/therodnikband.com\/wp-content\/uploads\/2022\/07\/sex-guided.jpeg","width":2262,"height":1500},{"@type":"WebPage","@id":"http:\/\/therodnikband.com\/sv\/#webpage","url":"http:\/\/therodnikband.com\/sv\/","name":"Hitta dejtingappar som fungerar f\u00f6r dig - Fling Finder","isPartOf":{"@id":"https:\/\/therodnikband.com\/#website"},"primaryImageOfPage":{"@id":"http:\/\/therodnikband.com\/sv\/#primaryimage"},"datePublished":"2022-07-06T10:57:32+00:00","dateModified":"2022-07-06T10:57:32+00:00","breadcrumb":{"@id":"http:\/\/therodnikband.com\/sv\/#breadcrumb"},"inLanguage":"sv-SE","potentialAction":[{"@type":"ReadAction","target":["http:\/\/therodnikband.com\/sv\/"]}]},{"@type":"BreadcrumbList","@id":"http:\/\/therodnikband.com\/sv\/#breadcrumb","itemListElement":[{"@type":"ListItem","position":1,"name":"Hem","item":"http:\/\/therodnikband.com\/sv\/"},{"@type":"ListItem","position":2,"name":"Hitta dejtingappar som fungerar f\u00f6r dig"}]}]}},"_links":{"self":[{"href":"http:\/\/therodnikband.com\/sv\/wp-json\/wp\/v2\/pages\/227"}],"collection":[{"href":"http:\/\/therodnikband.com\/sv\/wp-json\/wp\/v2\/pages"}],"about":[{"href":"http:\/\/therodnikband.com\/sv\/wp-json\/wp\/v2\/types\/page"}],"author":[{"embeddable":true,"href":"http:\/\/therodnikband.com\/sv\/wp-json\/wp\/v2\/users\/1"}],"replies":[{"embeddable":true,"href":"http:\/\/therodnikband.com\/sv\/wp-json\/wp\/v2\/comments?post=227"}],"version-history":[{"count":0,"href":"http:\/\/therodnikband.com\/sv\/wp-json\/wp\/v2\/pages\/227\/revisions"}],"wp:attachment":[{"href":"http:\/\/therodnikband.com\/sv\/wp-json\/wp\/v2\/media?parent=227"}],"curies":[{"name":"wp","href":"https:\/\/api.w.org\/{rel}","templated":true}]}}