{"id":231,"date":"2022-07-06T12:17:13","date_gmt":"2022-07-06T11:17:13","guid":{"rendered":"http:\/\/therodnikband.com\/svep-dejtingappar\/"},"modified":"2022-07-06T12:17:13","modified_gmt":"2022-07-06T11:17:13","slug":"svep-dejtingappar","status":"publish","type":"page","link":"http:\/\/therodnikband.com\/sv\/svep-dejtingappar\/","title":{"rendered":"Svep dejtingappar"},"content":{"rendered":"<p>Dejtingappar har kommit l\u00e5ngt sedan deras tidiga inkarnationer. Medan matchning via svepning fortfarande \u00e4r normen, har m\u00e5nga ytterligare funktioner som fr\u00e5geformul\u00e4r, chattrum eller videosamtal. Vissa g\u00f6r till och med helt bort med att svepa, erbjuda alternativ som att gilla n\u00e5gons foto eller skicka dem ett meddelande. Oavsett, dejting \u00e4r i huvudsak i handflatan.<\/p>\n<p>Oavsett om du vill tr\u00e4ffa n\u00e5gon tillf\u00e4lligt eller ett <a href=\"http:\/\/therodnikband.com\/sv\/ebony-dejtingsajter\/\">seri\u00f6st f\u00f6rh\u00e5llande<\/a> &#8211; det finns en app f\u00f6r det. Det \u00e4r dock viktigt att prova n\u00e5gra innan du hittar r\u00e4tt passform. Vi har sparat dig lite s\u00f6kning genom att samla de b\u00e4sta dejtingsapparna f\u00f6r Android, s\u00e5 att du f\u00e5r den b\u00e4sta matchningen f\u00f6r dina behov.<\/p>\n<p><img loading=\"lazy\" class=\"aligncenter wp-image-43\" src=\"http:\/\/therodnikband.com\/wp-content\/uploads\/2022\/07\/best-dating-websites-1024x683.jpeg\" alt=\"\" width=\"630\" height=\"420\" srcset=\"http:\/\/therodnikband.com\/wp-content\/uploads\/2022\/07\/best-dating-websites-1024x683.jpeg 1024w, http:\/\/therodnikband.com\/wp-content\/uploads\/2022\/07\/best-dating-websites-300x200.jpeg 300w, http:\/\/therodnikband.com\/wp-content\/uploads\/2022\/07\/best-dating-websites-768x512.jpeg 768w, http:\/\/therodnikband.com\/wp-content\/uploads\/2022\/07\/best-dating-websites-1536x1024.jpeg 1536w, http:\/\/therodnikband.com\/wp-content\/uploads\/2022\/07\/best-dating-websites-2048x1365.jpeg 2048w\" sizes=\"(max-width: 630px) 100vw, 630px\" \/><\/p>\n<h2>Kaffe m\u00f6ter Bagel<\/h2>\n<p>Coffee Meets Bagel \u00e4r en mobilapp som till\u00e5ter anv\u00e4ndare att tr\u00e4ffa andra singlar i n\u00e4rheten. Anv\u00e4ndare kan bl\u00e4ddra igenom <a href=\"http:\/\/therodnikband.com\/sv\/bdsm-dejting\/\">olika kategorier<\/a>, inklusive \u00e5lder, plats, religion, utbildning, yrke, relationsstatus och mer. N\u00e4r du v\u00e4l har hittat n\u00e5gon du gillar kan du b\u00f6rja chatta och skicka meddelanden. Du kan ocks\u00e5 st\u00e4lla in dina inst\u00e4llningar, till exempel vilken typ av datum du letar efter. Om ni b\u00e5da k\u00e4nner er tillr\u00e4ckligt bekv\u00e4ma kan ni sedan ordna en kaffedejt.<\/p>\n<h2>Stappla<\/h2>\n<p>Bumble p\u00e5st\u00e5r sig skilja sig fr\u00e5n andra dejtingsappar eftersom det inte kr\u00e4ver att anv\u00e4ndare sveper \u00e5t h\u00f6ger f\u00f6r att gilla n\u00e5gon. Ist\u00e4llet skickar du helt enkelt ett meddelande till dem. Om de inte \u00e4r intresserade ignorerar de dina meddelanden. Och om de \u00e4r intresserade kommer de att svara. Du kan ocks\u00e5 l\u00e4gga till n\u00e5gra extra detaljer f\u00f6r att \u00f6ka dina chanser att f\u00e5 svar. F\u00f6r att uppmuntra \u00f6msesidigt intresse kan du v\u00e4lja att dela ett foto av dig sj\u00e4lv, tagga din plats eller n\u00e4mna n\u00e5got om din personlighet.<\/p>\n<h2>HENNES<\/h2>\n<p>HER \u00e4r en dejtingsapp som f\u00f6rbinder anv\u00e4ndare via ett enkelt gr\u00e4nssnitt. Du kan antingen s\u00f6ka efter n\u00e5gon i n\u00e4rheten eller bl\u00e4ddra bland andra anv\u00e4ndares profiler. N\u00e4r du har hittat din matchning kan du chatta eller utbyta meddelanden. Om ni b\u00e5da k\u00e4nner f\u00f6r att l\u00e4ra k\u00e4nna varandra b\u00e4ttre kan ni b\u00f6rja chatta.<\/p>\n<p>N\u00e4r du har pratat lite kan du best\u00e4mma om du vill forts\u00e4tta prata. Om du gillar det du ser kan du skicka dem ett &#8221;hj\u00e4rta&#8221; &#8211; ett positivt tecken p\u00e5 att du tycker att de \u00e4r s\u00f6ta nog att g\u00e5 ut med. Om du inte g\u00f6r det kan du l\u00e4mna det tomt.<\/p>\n<p>N\u00e4r du f\u00e5r ett hj\u00e4rta kan du v\u00e4lja att svara med en smiley, tummen upp, tummen ner, en kyss, en fistbump eller ingenting alls.<\/p>\n<h2>V\u00e5rt R\u00e5d<\/h2>\n<p>Om du letar efter en dejtingapp som inte kr\u00e4ver en medlemsavgift finns det mycket d\u00e4r ute. Happn, Bumble och Tinder \u00e4r bara n\u00e5gra av dem. Men om du gillar tanken p\u00e5 att betala f\u00f6r att chatta med n\u00e5gon du tycker om, kan Match vara r\u00e4tt f\u00f6r dig.<\/p>\n","protected":false},"excerpt":{"rendered":"<p>Dejtingappar har kommit l\u00e5ngt sedan deras tidiga inkarnationer. Medan matchning via svepning fortfarande \u00e4r normen, har m\u00e5nga ytterligare funktioner som fr\u00e5geformul\u00e4r, chattrum eller videosamtal. Vissa g\u00f6r till och med helt bort med att svepa, erbjuda alternativ som att gilla n\u00e5gons foto eller skicka dem ett meddelande. Oavsett, dejting \u00e4r i huvudsak i handflatan. Oavsett om &#8230; <a title=\"Svep dejtingappar\" class=\"read-more\" href=\"http:\/\/therodnikband.com\/sv\/svep-dejtingappar\/\" aria-label=\"Mer p\u00e5 Svep dejtingappar\">L\u00e4s mer<\/a><\/p>\n","protected":false},"author":1,"featured_media":0,"parent":0,"menu_order":0,"comment_status":"closed","ping_status":"closed","template":"","meta":[],"yoast_head":"<!-- This site is optimized with the Yoast SEO plugin v17.7.1 - https:\/\/yoast.com\/wordpress\/plugins\/seo\/ -->\n<title>Svep dejtingappar - Fling Finder<\/title>\n<meta name=\"robots\" content=\"index, follow, max-snippet:-1, max-image-preview:large, max-video-preview:-1\" \/>\n<link rel=\"canonical\" href=\"http:\/\/therodnikband.com\/sv\/svep-dejtingappar\/\" \/>\n<meta property=\"og:locale\" content=\"sv_SE\" \/>\n<meta property=\"og:type\" content=\"article\" \/>\n<meta property=\"og:title\" content=\"Svep dejtingappar - Fling Finder\" \/>\n<meta property=\"og:description\" content=\"Dejtingappar har kommit l\u00e5ngt sedan deras tidiga inkarnationer. Medan matchning via svepning fortfarande \u00e4r normen, har m\u00e5nga ytterligare funktioner som fr\u00e5geformul\u00e4r, chattrum eller videosamtal. Vissa g\u00f6r till och med helt bort med att svepa, erbjuda alternativ som att gilla n\u00e5gons foto eller skicka dem ett meddelande. Oavsett, dejting \u00e4r i huvudsak i handflatan. Oavsett om ... L\u00e4s mer\" \/>\n<meta property=\"og:url\" content=\"http:\/\/therodnikband.com\/sv\/svep-dejtingappar\/\" \/>\n<meta property=\"og:site_name\" content=\"Fling Finder\" \/>\n<meta property=\"og:image\" content=\"http:\/\/therodnikband.com\/wp-content\/uploads\/2022\/07\/best-dating-websites-1024x683.jpeg\" \/>\n<meta name=\"twitter:card\" content=\"summary_large_image\" \/>\n<meta name=\"twitter:label1\" content=\"Ber\u00e4knad l\u00e4stid\" \/>\n\t<meta name=\"twitter:data1\" content=\"3 minuter\" \/>\n<script type=\"application\/ld+json\" class=\"yoast-schema-graph\">{\"@context\":\"https:\/\/schema.org\",\"@graph\":[{\"@type\":\"WebSite\",\"@id\":\"https:\/\/therodnikband.com\/#website\",\"url\":\"https:\/\/therodnikband.com\/\",\"name\":\"Fling Finder\",\"description\":\"Flirta, dejta och koppla upp!\",\"potentialAction\":[{\"@type\":\"SearchAction\",\"target\":{\"@type\":\"EntryPoint\",\"urlTemplate\":\"https:\/\/therodnikband.com\/?s={search_term_string}\"},\"query-input\":\"required name=search_term_string\"}],\"inLanguage\":\"sv-SE\"},{\"@type\":\"ImageObject\",\"@id\":\"http:\/\/therodnikband.com\/sv\/svep-dejtingappar\/#primaryimage\",\"inLanguage\":\"sv-SE\",\"url\":\"http:\/\/therodnikband.com\/wp-content\/uploads\/2022\/07\/best-dating-websites.jpeg\",\"contentUrl\":\"http:\/\/therodnikband.com\/wp-content\/uploads\/2022\/07\/best-dating-websites.jpeg\",\"width\":2250,\"height\":1500},{\"@type\":\"WebPage\",\"@id\":\"http:\/\/therodnikband.com\/sv\/svep-dejtingappar\/#webpage\",\"url\":\"http:\/\/therodnikband.com\/sv\/svep-dejtingappar\/\",\"name\":\"Svep dejtingappar - Fling Finder\",\"isPartOf\":{\"@id\":\"https:\/\/therodnikband.com\/#website\"},\"primaryImageOfPage\":{\"@id\":\"http:\/\/therodnikband.com\/sv\/svep-dejtingappar\/#primaryimage\"},\"datePublished\":\"2022-07-06T11:17:13+00:00\",\"dateModified\":\"2022-07-06T11:17:13+00:00\",\"breadcrumb\":{\"@id\":\"http:\/\/therodnikband.com\/sv\/svep-dejtingappar\/#breadcrumb\"},\"inLanguage\":\"sv-SE\",\"potentialAction\":[{\"@type\":\"ReadAction\",\"target\":[\"http:\/\/therodnikband.com\/sv\/svep-dejtingappar\/\"]}]},{\"@type\":\"BreadcrumbList\",\"@id\":\"http:\/\/therodnikband.com\/sv\/svep-dejtingappar\/#breadcrumb\",\"itemListElement\":[{\"@type\":\"ListItem\",\"position\":1,\"name\":\"Hem\",\"item\":\"http:\/\/therodnikband.com\/sv\/\"},{\"@type\":\"ListItem\",\"position\":2,\"name\":\"Svep dejtingappar\"}]}]}<\/script>\n<!-- \/ Yoast SEO plugin. -->","yoast_head_json":{"title":"Svep dejtingappar - Fling Finder","robots":{"index":"index","follow":"follow","max-snippet":"max-snippet:-1","max-image-preview":"max-image-preview:large","max-video-preview":"max-video-preview:-1"},"canonical":"http:\/\/therodnikband.com\/sv\/svep-dejtingappar\/","og_locale":"sv_SE","og_type":"article","og_title":"Svep dejtingappar - Fling Finder","og_description":"Dejtingappar har kommit l\u00e5ngt sedan deras tidiga inkarnationer. Medan matchning via svepning fortfarande \u00e4r normen, har m\u00e5nga ytterligare funktioner som fr\u00e5geformul\u00e4r, chattrum eller videosamtal. Vissa g\u00f6r till och med helt bort med att svepa, erbjuda alternativ som att gilla n\u00e5gons foto eller skicka dem ett meddelande. Oavsett, dejting \u00e4r i huvudsak i handflatan. Oavsett om ... L\u00e4s mer","og_url":"http:\/\/therodnikband.com\/sv\/svep-dejtingappar\/","og_site_name":"Fling Finder","og_image":[{"url":"http:\/\/therodnikband.com\/wp-content\/uploads\/2022\/07\/best-dating-websites-1024x683.jpeg"}],"twitter_card":"summary_large_image","twitter_misc":{"Ber\u00e4knad l\u00e4stid":"3 minuter"},"schema":{"@context":"https:\/\/schema.org","@graph":[{"@type":"WebSite","@id":"https:\/\/therodnikband.com\/#website","url":"https:\/\/therodnikband.com\/","name":"Fling Finder","description":"Flirta, dejta och koppla upp!","potentialAction":[{"@type":"SearchAction","target":{"@type":"EntryPoint","urlTemplate":"https:\/\/therodnikband.com\/?s={search_term_string}"},"query-input":"required name=search_term_string"}],"inLanguage":"sv-SE"},{"@type":"ImageObject","@id":"http:\/\/therodnikband.com\/sv\/svep-dejtingappar\/#primaryimage","inLanguage":"sv-SE","url":"http:\/\/therodnikband.com\/wp-content\/uploads\/2022\/07\/best-dating-websites.jpeg","contentUrl":"http:\/\/therodnikband.com\/wp-content\/uploads\/2022\/07\/best-dating-websites.jpeg","width":2250,"height":1500},{"@type":"WebPage","@id":"http:\/\/therodnikband.com\/sv\/svep-dejtingappar\/#webpage","url":"http:\/\/therodnikband.com\/sv\/svep-dejtingappar\/","name":"Svep dejtingappar - Fling Finder","isPartOf":{"@id":"https:\/\/therodnikband.com\/#website"},"primaryImageOfPage":{"@id":"http:\/\/therodnikband.com\/sv\/svep-dejtingappar\/#primaryimage"},"datePublished":"2022-07-06T11:17:13+00:00","dateModified":"2022-07-06T11:17:13+00:00","breadcrumb":{"@id":"http:\/\/therodnikband.com\/sv\/svep-dejtingappar\/#breadcrumb"},"inLanguage":"sv-SE","potentialAction":[{"@type":"ReadAction","target":["http:\/\/therodnikband.com\/sv\/svep-dejtingappar\/"]}]},{"@type":"BreadcrumbList","@id":"http:\/\/therodnikband.com\/sv\/svep-dejtingappar\/#breadcrumb","itemListElement":[{"@type":"ListItem","position":1,"name":"Hem","item":"http:\/\/therodnikband.com\/sv\/"},{"@type":"ListItem","position":2,"name":"Svep dejtingappar"}]}]}},"_links":{"self":[{"href":"http:\/\/therodnikband.com\/sv\/wp-json\/wp\/v2\/pages\/231"}],"collection":[{"href":"http:\/\/therodnikband.com\/sv\/wp-json\/wp\/v2\/pages"}],"about":[{"href":"http:\/\/therodnikband.com\/sv\/wp-json\/wp\/v2\/types\/page"}],"author":[{"embeddable":true,"href":"http:\/\/therodnikband.com\/sv\/wp-json\/wp\/v2\/users\/1"}],"replies":[{"embeddable":true,"href":"http:\/\/therodnikband.com\/sv\/wp-json\/wp\/v2\/comments?post=231"}],"version-history":[{"count":0,"href":"http:\/\/therodnikband.com\/sv\/wp-json\/wp\/v2\/pages\/231\/revisions"}],"wp:attachment":[{"href":"http:\/\/therodnikband.com\/sv\/wp-json\/wp\/v2\/media?parent=231"}],"curies":[{"name":"wp","href":"https:\/\/api.w.org\/{rel}","templated":true}]}}