{"id":191,"date":"2022-07-06T12:22:01","date_gmt":"2022-07-06T11:22:01","guid":{"rendered":"http:\/\/therodnikband.com\/sitios-de-citas-de-ebano\/"},"modified":"2022-07-06T12:22:01","modified_gmt":"2022-07-06T11:22:01","slug":"sitios-de-citas-de-ebano","status":"publish","type":"page","link":"https:\/\/therodnikband.com\/es\/sitios-de-citas-de-ebano\/","title":{"rendered":"Sitios de citas de \u00e9bano"},"content":{"rendered":"<p>El mejor sitio de citas para encontrar a tu alma gemela. Los sitios de citas generalmente est\u00e1n llenos de perfiles falsos y estafadores. Hemos estado trabajando duro para crear un sitio web de citas honesto. Nuestro objetivo es ayudarle a encontrar la pareja adecuada. Encontrar\u00e1s miles de miembros activos en busca de amor.<\/p>\n<p>A los hombres de todas las <a href=\"http:\/\/therodnikband.com\/es\/desliza-las-aplicaciones-de-citas\/\">etnias les encantan las citas de conexi\u00f3n<\/a> negra. No es de extra\u00f1ar, en realidad: \u00a1las mujeres negras son hermosas, curvas y tienen la actitud perfecta! Si est\u00e1s cansado de las mismas conexiones sexuales de siempre, querr\u00e1s conectarte con una chica negra sexy, pero encontrar a esta pareja constantemente puede ser dif\u00edcil.<\/p>\n<h2>BlackSingles<\/h2>\n<p>BlackSingles.com es un servicio gratuito de citas en l\u00ednea dise\u00f1ado espec\u00edficamente para afroamericanos solteros que buscan amor. Black Singles se compromete a ayudar a nuestros miembros a encontrar el amor verdadero a trav\u00e9s de nuestro sistema de emparejamiento \u00fanico. Ya sea que est\u00e9 buscando amistad, romance o matrimonio, lo ayudaremos a conectarse con coincidencias compatibles. Tambi\u00e9n proporcionamos un ambiente social divertido donde puede compartir fotos, discutir temas y hacer amigos con otros en su \u00e1rea. \u00a1\u00danase a nosotros hoy!<\/p>\n<h2>XXXBlackbook<\/h2>\n<p>XXXBlackbook es un sitio de citas gratuito que le permite conectarse con otros <a href=\"http:\/\/therodnikband.com\/es\/citas-bdsm\/\">solteros locales<\/a> que buscan encuentros discretos. El sitio ofrece una experiencia de usuario simple y un proceso de registro r\u00e1pido. Los usuarios pueden navegar por los perfiles de los miembros y enviar mensajes coquetos de forma gratuita. Los miembros tambi\u00e9n pueden ver programas de c\u00e1maras en vivo y participar en salas de chat privadas. Para encontrar miembros en su \u00e1rea, ingrese su ubicaci\u00f3n y elija el tipo de relaci\u00f3n que le interesa. Si quieres quedarte tendido esta noche, \u00a1XXXblackbook es un gran lugar para comenzar!<\/p>\n<h2>Los negros se re\u00fanen<\/h2>\n<p>Black People Meet es una red social en l\u00ednea gratuita destinada a conectar solteros negros. Lanzado en 2013, ha atra\u00eddo a m\u00e1s de 1 mill\u00f3n de miembros desde entonces. Miles de usuarios visitan el sitio todos los d\u00edas para conocer gente nueva. Tiene numerosas caracter\u00edsticas para ayudarte a encontrar el amor. Puede crear su propio perfil, cargar fotos, enviar mensajes, ver otros perfiles y unirse a grupos. Si est\u00e1 buscando una cita, tambi\u00e9n puede navegar a trav\u00e9s de los perfiles de otros. La inscripci\u00f3n es totalmente gratuita. Sin embargo, si desea chatear con alguien, deber\u00e1 pagar $ 5 por mes. Hay muchas maneras de comunicarse con otros miembros. Puede enviarles mensajes de texto, llamarlos o incluso chatear por video. La aplicaci\u00f3n est\u00e1 disponible para dispositivos iOS y Android.<\/p>\n","protected":false},"excerpt":{"rendered":"<p>El mejor sitio de citas para encontrar a tu alma gemela. Los sitios de citas generalmente est\u00e1n llenos de perfiles falsos y estafadores. Hemos estado trabajando duro para crear un sitio web de citas honesto. Nuestro objetivo es ayudarle a encontrar la pareja adecuada. Encontrar\u00e1s miles de miembros activos en busca de amor. A los &#8230; <a title=\"Sitios de citas de \u00e9bano\" class=\"read-more\" href=\"https:\/\/therodnikband.com\/es\/sitios-de-citas-de-ebano\/\" aria-label=\"M\u00e1s en Sitios de citas de \u00e9bano\">Leer m\u00e1s<\/a><\/p>\n","protected":false},"author":1,"featured_media":0,"parent":0,"menu_order":0,"comment_status":"closed","ping_status":"closed","template":"","meta":[],"yoast_head":"<!-- This site is optimized with the Yoast SEO plugin v17.7.1 - https:\/\/yoast.com\/wordpress\/plugins\/seo\/ -->\n<title>Sitios de citas de \u00e9bano - Buscador de fling<\/title>\n<meta name=\"robots\" content=\"index, follow, max-snippet:-1, max-image-preview:large, max-video-preview:-1\" \/>\n<link rel=\"canonical\" href=\"https:\/\/therodnikband.com\/es\/sitios-de-citas-de-ebano\/\" \/>\n<meta property=\"og:locale\" content=\"es_ES\" \/>\n<meta property=\"og:type\" content=\"article\" \/>\n<meta property=\"og:title\" content=\"Sitios de citas de \u00e9bano - Buscador de fling\" \/>\n<meta property=\"og:description\" content=\"El mejor sitio de citas para encontrar a tu alma gemela. Los sitios de citas generalmente est\u00e1n llenos de perfiles falsos y estafadores. Hemos estado trabajando duro para crear un sitio web de citas honesto. Nuestro objetivo es ayudarle a encontrar la pareja adecuada. Encontrar\u00e1s miles de miembros activos en busca de amor. A los ... Leer m\u00e1s\" \/>\n<meta property=\"og:url\" content=\"https:\/\/therodnikband.com\/es\/sitios-de-citas-de-ebano\/\" \/>\n<meta property=\"og:site_name\" content=\"Buscador de fling\" \/>\n<meta name=\"twitter:card\" content=\"summary_large_image\" \/>\n<meta name=\"twitter:label1\" content=\"Tiempo de lectura\" \/>\n\t<meta name=\"twitter:data1\" content=\"2 minutos\" \/>\n<script type=\"application\/ld+json\" class=\"yoast-schema-graph\">{\"@context\":\"https:\/\/schema.org\",\"@graph\":[{\"@type\":\"WebSite\",\"@id\":\"https:\/\/therodnikband.com\/#website\",\"url\":\"https:\/\/therodnikband.com\/\",\"name\":\"Buscador de fling\",\"description\":\"\\u00a1Coqueteo, citas y conexi\\u00f3n!\",\"potentialAction\":[{\"@type\":\"SearchAction\",\"target\":{\"@type\":\"EntryPoint\",\"urlTemplate\":\"https:\/\/therodnikband.com\/?s={search_term_string}\"},\"query-input\":\"required name=search_term_string\"}],\"inLanguage\":\"es\"},{\"@type\":\"WebPage\",\"@id\":\"https:\/\/therodnikband.com\/es\/sitios-de-citas-de-ebano\/#webpage\",\"url\":\"https:\/\/therodnikband.com\/es\/sitios-de-citas-de-ebano\/\",\"name\":\"Sitios de citas de \\u00e9bano - Buscador de fling\",\"isPartOf\":{\"@id\":\"https:\/\/therodnikband.com\/#website\"},\"datePublished\":\"2022-07-06T11:22:01+00:00\",\"dateModified\":\"2022-07-06T11:22:01+00:00\",\"breadcrumb\":{\"@id\":\"https:\/\/therodnikband.com\/es\/sitios-de-citas-de-ebano\/#breadcrumb\"},\"inLanguage\":\"es\",\"potentialAction\":[{\"@type\":\"ReadAction\",\"target\":[\"https:\/\/therodnikband.com\/es\/sitios-de-citas-de-ebano\/\"]}]},{\"@type\":\"BreadcrumbList\",\"@id\":\"https:\/\/therodnikband.com\/es\/sitios-de-citas-de-ebano\/#breadcrumb\",\"itemListElement\":[{\"@type\":\"ListItem\",\"position\":1,\"name\":\"Hogar\",\"item\":\"https:\/\/therodnikband.com\/es\/\"},{\"@type\":\"ListItem\",\"position\":2,\"name\":\"Sitios de citas de \\u00e9bano\"}]}]}<\/script>\n<!-- \/ Yoast SEO plugin. -->","yoast_head_json":{"title":"Sitios de citas de \u00e9bano - Buscador de fling","robots":{"index":"index","follow":"follow","max-snippet":"max-snippet:-1","max-image-preview":"max-image-preview:large","max-video-preview":"max-video-preview:-1"},"canonical":"https:\/\/therodnikband.com\/es\/sitios-de-citas-de-ebano\/","og_locale":"es_ES","og_type":"article","og_title":"Sitios de citas de \u00e9bano - Buscador de fling","og_description":"El mejor sitio de citas para encontrar a tu alma gemela. Los sitios de citas generalmente est\u00e1n llenos de perfiles falsos y estafadores. Hemos estado trabajando duro para crear un sitio web de citas honesto. Nuestro objetivo es ayudarle a encontrar la pareja adecuada. Encontrar\u00e1s miles de miembros activos en busca de amor. A los ... Leer m\u00e1s","og_url":"https:\/\/therodnikband.com\/es\/sitios-de-citas-de-ebano\/","og_site_name":"Buscador de fling","twitter_card":"summary_large_image","twitter_misc":{"Tiempo de lectura":"2 minutos"},"schema":{"@context":"https:\/\/schema.org","@graph":[{"@type":"WebSite","@id":"https:\/\/therodnikband.com\/#website","url":"https:\/\/therodnikband.com\/","name":"Buscador de fling","description":"\u00a1Coqueteo, citas y conexi\u00f3n!","potentialAction":[{"@type":"SearchAction","target":{"@type":"EntryPoint","urlTemplate":"https:\/\/therodnikband.com\/?s={search_term_string}"},"query-input":"required name=search_term_string"}],"inLanguage":"es"},{"@type":"WebPage","@id":"https:\/\/therodnikband.com\/es\/sitios-de-citas-de-ebano\/#webpage","url":"https:\/\/therodnikband.com\/es\/sitios-de-citas-de-ebano\/","name":"Sitios de citas de \u00e9bano - Buscador de fling","isPartOf":{"@id":"https:\/\/therodnikband.com\/#website"},"datePublished":"2022-07-06T11:22:01+00:00","dateModified":"2022-07-06T11:22:01+00:00","breadcrumb":{"@id":"https:\/\/therodnikband.com\/es\/sitios-de-citas-de-ebano\/#breadcrumb"},"inLanguage":"es","potentialAction":[{"@type":"ReadAction","target":["https:\/\/therodnikband.com\/es\/sitios-de-citas-de-ebano\/"]}]},{"@type":"BreadcrumbList","@id":"https:\/\/therodnikband.com\/es\/sitios-de-citas-de-ebano\/#breadcrumb","itemListElement":[{"@type":"ListItem","position":1,"name":"Hogar","item":"https:\/\/therodnikband.com\/es\/"},{"@type":"ListItem","position":2,"name":"Sitios de citas de \u00e9bano"}]}]}},"_links":{"self":[{"href":"https:\/\/therodnikband.com\/es\/wp-json\/wp\/v2\/pages\/191"}],"collection":[{"href":"https:\/\/therodnikband.com\/es\/wp-json\/wp\/v2\/pages"}],"about":[{"href":"https:\/\/therodnikband.com\/es\/wp-json\/wp\/v2\/types\/page"}],"author":[{"embeddable":true,"href":"https:\/\/therodnikband.com\/es\/wp-json\/wp\/v2\/users\/1"}],"replies":[{"embeddable":true,"href":"https:\/\/therodnikband.com\/es\/wp-json\/wp\/v2\/comments?post=191"}],"version-history":[{"count":0,"href":"https:\/\/therodnikband.com\/es\/wp-json\/wp\/v2\/pages\/191\/revisions"}],"wp:attachment":[{"href":"https:\/\/therodnikband.com\/es\/wp-json\/wp\/v2\/media?parent=191"}],"curies":[{"name":"wp","href":"https:\/\/api.w.org\/{rel}","templated":true}]}}